{"id":960,"date":"2024-01-07T10:21:30","date_gmt":"2024-01-07T10:21:30","guid":{"rendered":"https:\/\/www.spokojnyzajac.sk\/?post_type=product&#038;p=960"},"modified":"2025-01-17T13:54:38","modified_gmt":"2025-01-17T13:54:38","slug":"rozmarin-lekarsky-prostratus","status":"publish","type":"product","link":"https:\/\/www.spokojnyzajac.sk\/index.php\/produkt\/rozmarin-lekarsky-prostratus\/","title":{"rendered":"Rozmar\u00edn lek\u00e1rsky &#8222;Prostratus&#8220; (\u0165ahav\u00fd)"},"content":{"rendered":"<p>Tradi\u010dn\u00e1, aromatick\u00e1, siln\u00e1 bylinka v poliehavej, plazivej forme.<\/p>\n<p><em>V podtatranskej oblasti neprezimuje vonku.<\/em><\/p>\n<p><strong>Farba kvetu <\/strong>fialov\u00e1<br \/>\n<strong>Doba kvetu <\/strong>V- VI<br \/>\n<strong>V\u00fd\u0161ka rastliny <\/strong>45 cm<br \/>\n<strong>N\u00e1roky na slnko <\/strong>S<br \/>\n<strong>N\u00e1roky na vodu <\/strong>n\u00edzke<br \/>\n<strong>Hustota v\u00fdsadby <\/strong>3 ks<br \/>\n<strong>Mrazuvzdornos\u0165 <\/strong>-12 \u00b0C<br \/>\n<strong>Habitus rastliny <\/strong>p\u00f4dopokryvn\u00fd<\/p>\n","protected":false},"excerpt":{"rendered":"<p>Rastlina v kvetin\u00e1\u010di: 1,5 L<br \/>\nTax\u00f3n: Rosmarinus officinalis &#8222;Prostratus&#8220;<br \/>\nSlovensk\u00fd n\u00e1zov: Rozmar\u00edn lek\u00e1rsky (\u0165ahav\u00fd)<\/p>\n","protected":false},"featured_media":963,"comment_status":"open","ping_status":"closed","template":"","meta":{"_monsterinsights_skip_tracking":false,"_monsterinsights_sitenote_active":false,"_monsterinsights_sitenote_note":"","_monsterinsights_sitenote_category":0},"product_brand":[],"product_cat":[35,90,39,16],"product_tag":[69,78,75],"class_list":{"0":"post-960","1":"product","2":"type-product","3":"status-publish","4":"has-post-thumbnail","6":"product_cat-bylinky-aromaticke-trvalky","7":"product_cat-kvitnuce","8":"product_cat-trvalky","9":"product_cat-zive-rastliny","10":"product_tag-do-skalky","11":"product_tag-jedle-rastliny","12":"product_tag-podopokryvne","13":"product_shipping_class-nasa-doprava","15":"first","16":"outofstock","17":"taxable","18":"shipping-taxable","19":"purchasable","20":"product-type-simple"},"yoast_head":"<!-- This site is optimized with the Yoast SEO plugin v27.5 - https:\/\/yoast.com\/product\/yoast-seo-wordpress\/ -->\n<title>Rozmar\u00edn lek\u00e1rsky &quot;Prostratus&quot; (\u0165ahav\u00fd) - Z\u00c1HRADN\u00cdCTVO Spokojn\u00fd zajac<\/title>\n<meta name=\"description\" content=\"Rozmar\u00edn lek\u00e1rsky, rosmarinus officinalis &quot;Prostratus&quot;, tradi\u010dn\u00e9, silne aromatick\u00e9 korenie. \u0164ahav\u00fd kultivar. Lie\u010div\u00e1 bylinka.\" \/>\n<meta name=\"robots\" content=\"index, follow, max-snippet:-1, max-image-preview:large, max-video-preview:-1\" \/>\n<link rel=\"canonical\" href=\"https:\/\/www.spokojnyzajac.sk\/index.php\/produkt\/rozmarin-lekarsky-prostratus\/\" \/>\n<meta property=\"og:locale\" content=\"sk_SK\" \/>\n<meta property=\"og:type\" content=\"article\" \/>\n<meta property=\"og:title\" content=\"Rozmar\u00edn lek\u00e1rsky &quot;Prostratus&quot; (\u0165ahav\u00fd) - Z\u00c1HRADN\u00cdCTVO Spokojn\u00fd zajac\" \/>\n<meta property=\"og:description\" content=\"Rozmar\u00edn lek\u00e1rsky, rosmarinus officinalis &quot;Prostratus&quot;, tradi\u010dn\u00e9, silne aromatick\u00e9 korenie. \u0164ahav\u00fd kultivar. Lie\u010div\u00e1 bylinka.\" \/>\n<meta property=\"og:url\" content=\"https:\/\/www.spokojnyzajac.sk\/index.php\/produkt\/rozmarin-lekarsky-prostratus\/\" \/>\n<meta property=\"og:site_name\" content=\"Z\u00c1HRADN\u00cdCTVO\" \/>\n<meta property=\"article:publisher\" content=\"https:\/\/www.facebook.com\/spokojnyzajac\/\" \/>\n<meta property=\"article:modified_time\" content=\"2025-01-17T13:54:38+00:00\" \/>\n<meta property=\"og:image\" content=\"https:\/\/www.spokojnyzajac.sk\/wp-content\/uploads\/2024\/01\/rozmarin-prostratus03.webp\" \/>\n\t<meta property=\"og:image:width\" content=\"500\" \/>\n\t<meta property=\"og:image:height\" content=\"500\" \/>\n\t<meta property=\"og:image:type\" content=\"image\/webp\" \/>\n<meta name=\"twitter:card\" content=\"summary_large_image\" \/>\n<meta name=\"twitter:label1\" content=\"Predpokladan\u00fd \u010das \u010d\u00edtania\" \/>\n\t<meta name=\"twitter:data1\" content=\"1 min\u00fata\" \/>\n<script type=\"application\/ld+json\" class=\"yoast-schema-graph\">{\"@context\":\"https:\\\/\\\/schema.org\",\"@graph\":[{\"@type\":\"WebPage\",\"@id\":\"https:\\\/\\\/www.spokojnyzajac.sk\\\/index.php\\\/produkt\\\/rozmarin-lekarsky-prostratus\\\/\",\"url\":\"https:\\\/\\\/www.spokojnyzajac.sk\\\/index.php\\\/produkt\\\/rozmarin-lekarsky-prostratus\\\/\",\"name\":\"Rozmar\u00edn lek\u00e1rsky \\\"Prostratus\\\" (\u0165ahav\u00fd) - Z\u00c1HRADN\u00cdCTVO Spokojn\u00fd zajac\",\"isPartOf\":{\"@id\":\"https:\\\/\\\/www.spokojnyzajac.sk\\\/#website\"},\"primaryImageOfPage\":{\"@id\":\"https:\\\/\\\/www.spokojnyzajac.sk\\\/index.php\\\/produkt\\\/rozmarin-lekarsky-prostratus\\\/#primaryimage\"},\"image\":{\"@id\":\"https:\\\/\\\/www.spokojnyzajac.sk\\\/index.php\\\/produkt\\\/rozmarin-lekarsky-prostratus\\\/#primaryimage\"},\"thumbnailUrl\":\"https:\\\/\\\/i0.wp.com\\\/www.spokojnyzajac.sk\\\/wp-content\\\/uploads\\\/2024\\\/01\\\/rozmarin-prostratus03.webp?fit=500%2C500&ssl=1\",\"datePublished\":\"2024-01-07T10:21:30+00:00\",\"dateModified\":\"2025-01-17T13:54:38+00:00\",\"description\":\"Rozmar\u00edn lek\u00e1rsky, rosmarinus officinalis \\\"Prostratus\\\", tradi\u010dn\u00e9, silne aromatick\u00e9 korenie. \u0164ahav\u00fd kultivar. Lie\u010div\u00e1 bylinka.\",\"breadcrumb\":{\"@id\":\"https:\\\/\\\/www.spokojnyzajac.sk\\\/index.php\\\/produkt\\\/rozmarin-lekarsky-prostratus\\\/#breadcrumb\"},\"inLanguage\":\"sk-SK\",\"potentialAction\":[{\"@type\":\"ReadAction\",\"target\":[\"https:\\\/\\\/www.spokojnyzajac.sk\\\/index.php\\\/produkt\\\/rozmarin-lekarsky-prostratus\\\/\"]}]},{\"@type\":\"ImageObject\",\"inLanguage\":\"sk-SK\",\"@id\":\"https:\\\/\\\/www.spokojnyzajac.sk\\\/index.php\\\/produkt\\\/rozmarin-lekarsky-prostratus\\\/#primaryimage\",\"url\":\"https:\\\/\\\/i0.wp.com\\\/www.spokojnyzajac.sk\\\/wp-content\\\/uploads\\\/2024\\\/01\\\/rozmarin-prostratus03.webp?fit=500%2C500&ssl=1\",\"contentUrl\":\"https:\\\/\\\/i0.wp.com\\\/www.spokojnyzajac.sk\\\/wp-content\\\/uploads\\\/2024\\\/01\\\/rozmarin-prostratus03.webp?fit=500%2C500&ssl=1\",\"width\":500,\"height\":500},{\"@type\":\"BreadcrumbList\",\"@id\":\"https:\\\/\\\/www.spokojnyzajac.sk\\\/index.php\\\/produkt\\\/rozmarin-lekarsky-prostratus\\\/#breadcrumb\",\"itemListElement\":[{\"@type\":\"ListItem\",\"position\":1,\"name\":\"Domovsk\u00e1 str\u00e1nka\",\"item\":\"https:\\\/\\\/www.spokojnyzajac.sk\\\/\"},{\"@type\":\"ListItem\",\"position\":2,\"name\":\"Produkty\",\"item\":\"https:\\\/\\\/www.spokojnyzajac.sk\\\/index.php\\\/obchod\\\/\"},{\"@type\":\"ListItem\",\"position\":3,\"name\":\"Rozmar\u00edn lek\u00e1rsky &#8222;Prostratus&#8220; (\u0165ahav\u00fd)\"}]},{\"@type\":\"WebSite\",\"@id\":\"https:\\\/\\\/www.spokojnyzajac.sk\\\/#website\",\"url\":\"https:\\\/\\\/www.spokojnyzajac.sk\\\/\",\"name\":\"Z\u00e1hradn\u00edctvo\",\"description\":\"Spokojn\u00fd zajac\",\"potentialAction\":[{\"@type\":\"SearchAction\",\"target\":{\"@type\":\"EntryPoint\",\"urlTemplate\":\"https:\\\/\\\/www.spokojnyzajac.sk\\\/?s={search_term_string}\"},\"query-input\":{\"@type\":\"PropertyValueSpecification\",\"valueRequired\":true,\"valueName\":\"search_term_string\"}}],\"inLanguage\":\"sk-SK\"}]}<\/script>\n<!-- \/ Yoast SEO plugin. -->","yoast_head_json":{"title":"Rozmar\u00edn lek\u00e1rsky \"Prostratus\" (\u0165ahav\u00fd) - Z\u00c1HRADN\u00cdCTVO Spokojn\u00fd zajac","description":"Rozmar\u00edn lek\u00e1rsky, rosmarinus officinalis \"Prostratus\", tradi\u010dn\u00e9, silne aromatick\u00e9 korenie. \u0164ahav\u00fd kultivar. Lie\u010div\u00e1 bylinka.","robots":{"index":"index","follow":"follow","max-snippet":"max-snippet:-1","max-image-preview":"max-image-preview:large","max-video-preview":"max-video-preview:-1"},"canonical":"https:\/\/www.spokojnyzajac.sk\/index.php\/produkt\/rozmarin-lekarsky-prostratus\/","og_locale":"sk_SK","og_type":"article","og_title":"Rozmar\u00edn lek\u00e1rsky \"Prostratus\" (\u0165ahav\u00fd) - Z\u00c1HRADN\u00cdCTVO Spokojn\u00fd zajac","og_description":"Rozmar\u00edn lek\u00e1rsky, rosmarinus officinalis \"Prostratus\", tradi\u010dn\u00e9, silne aromatick\u00e9 korenie. \u0164ahav\u00fd kultivar. Lie\u010div\u00e1 bylinka.","og_url":"https:\/\/www.spokojnyzajac.sk\/index.php\/produkt\/rozmarin-lekarsky-prostratus\/","og_site_name":"Z\u00c1HRADN\u00cdCTVO","article_publisher":"https:\/\/www.facebook.com\/spokojnyzajac\/","article_modified_time":"2025-01-17T13:54:38+00:00","og_image":[{"width":500,"height":500,"url":"https:\/\/www.spokojnyzajac.sk\/wp-content\/uploads\/2024\/01\/rozmarin-prostratus03.webp","type":"image\/webp"}],"twitter_card":"summary_large_image","twitter_misc":{"Predpokladan\u00fd \u010das \u010d\u00edtania":"1 min\u00fata"},"schema":{"@context":"https:\/\/schema.org","@graph":[{"@type":"WebPage","@id":"https:\/\/www.spokojnyzajac.sk\/index.php\/produkt\/rozmarin-lekarsky-prostratus\/","url":"https:\/\/www.spokojnyzajac.sk\/index.php\/produkt\/rozmarin-lekarsky-prostratus\/","name":"Rozmar\u00edn lek\u00e1rsky \"Prostratus\" (\u0165ahav\u00fd) - Z\u00c1HRADN\u00cdCTVO Spokojn\u00fd zajac","isPartOf":{"@id":"https:\/\/www.spokojnyzajac.sk\/#website"},"primaryImageOfPage":{"@id":"https:\/\/www.spokojnyzajac.sk\/index.php\/produkt\/rozmarin-lekarsky-prostratus\/#primaryimage"},"image":{"@id":"https:\/\/www.spokojnyzajac.sk\/index.php\/produkt\/rozmarin-lekarsky-prostratus\/#primaryimage"},"thumbnailUrl":"https:\/\/i0.wp.com\/www.spokojnyzajac.sk\/wp-content\/uploads\/2024\/01\/rozmarin-prostratus03.webp?fit=500%2C500&ssl=1","datePublished":"2024-01-07T10:21:30+00:00","dateModified":"2025-01-17T13:54:38+00:00","description":"Rozmar\u00edn lek\u00e1rsky, rosmarinus officinalis \"Prostratus\", tradi\u010dn\u00e9, silne aromatick\u00e9 korenie. \u0164ahav\u00fd kultivar. Lie\u010div\u00e1 bylinka.","breadcrumb":{"@id":"https:\/\/www.spokojnyzajac.sk\/index.php\/produkt\/rozmarin-lekarsky-prostratus\/#breadcrumb"},"inLanguage":"sk-SK","potentialAction":[{"@type":"ReadAction","target":["https:\/\/www.spokojnyzajac.sk\/index.php\/produkt\/rozmarin-lekarsky-prostratus\/"]}]},{"@type":"ImageObject","inLanguage":"sk-SK","@id":"https:\/\/www.spokojnyzajac.sk\/index.php\/produkt\/rozmarin-lekarsky-prostratus\/#primaryimage","url":"https:\/\/i0.wp.com\/www.spokojnyzajac.sk\/wp-content\/uploads\/2024\/01\/rozmarin-prostratus03.webp?fit=500%2C500&ssl=1","contentUrl":"https:\/\/i0.wp.com\/www.spokojnyzajac.sk\/wp-content\/uploads\/2024\/01\/rozmarin-prostratus03.webp?fit=500%2C500&ssl=1","width":500,"height":500},{"@type":"BreadcrumbList","@id":"https:\/\/www.spokojnyzajac.sk\/index.php\/produkt\/rozmarin-lekarsky-prostratus\/#breadcrumb","itemListElement":[{"@type":"ListItem","position":1,"name":"Domovsk\u00e1 str\u00e1nka","item":"https:\/\/www.spokojnyzajac.sk\/"},{"@type":"ListItem","position":2,"name":"Produkty","item":"https:\/\/www.spokojnyzajac.sk\/index.php\/obchod\/"},{"@type":"ListItem","position":3,"name":"Rozmar\u00edn lek\u00e1rsky &#8222;Prostratus&#8220; (\u0165ahav\u00fd)"}]},{"@type":"WebSite","@id":"https:\/\/www.spokojnyzajac.sk\/#website","url":"https:\/\/www.spokojnyzajac.sk\/","name":"Z\u00e1hradn\u00edctvo","description":"Spokojn\u00fd zajac","potentialAction":[{"@type":"SearchAction","target":{"@type":"EntryPoint","urlTemplate":"https:\/\/www.spokojnyzajac.sk\/?s={search_term_string}"},"query-input":{"@type":"PropertyValueSpecification","valueRequired":true,"valueName":"search_term_string"}}],"inLanguage":"sk-SK"}]}},"jetpack_sharing_enabled":true,"_links":{"self":[{"href":"https:\/\/www.spokojnyzajac.sk\/index.php\/wp-json\/wp\/v2\/product\/960","targetHints":{"allow":["GET"]}}],"collection":[{"href":"https:\/\/www.spokojnyzajac.sk\/index.php\/wp-json\/wp\/v2\/product"}],"about":[{"href":"https:\/\/www.spokojnyzajac.sk\/index.php\/wp-json\/wp\/v2\/types\/product"}],"replies":[{"embeddable":true,"href":"https:\/\/www.spokojnyzajac.sk\/index.php\/wp-json\/wp\/v2\/comments?post=960"}],"wp:featuredmedia":[{"embeddable":true,"href":"https:\/\/www.spokojnyzajac.sk\/index.php\/wp-json\/wp\/v2\/media\/963"}],"wp:attachment":[{"href":"https:\/\/www.spokojnyzajac.sk\/index.php\/wp-json\/wp\/v2\/media?parent=960"}],"wp:term":[{"taxonomy":"product_brand","embeddable":true,"href":"https:\/\/www.spokojnyzajac.sk\/index.php\/wp-json\/wp\/v2\/product_brand?post=960"},{"taxonomy":"product_cat","embeddable":true,"href":"https:\/\/www.spokojnyzajac.sk\/index.php\/wp-json\/wp\/v2\/product_cat?post=960"},{"taxonomy":"product_tag","embeddable":true,"href":"https:\/\/www.spokojnyzajac.sk\/index.php\/wp-json\/wp\/v2\/product_tag?post=960"}],"curies":[{"name":"wp","href":"https:\/\/api.w.org\/{rel}","templated":true}]}}