{"id":735,"date":"2023-09-26T14:16:44","date_gmt":"2023-09-26T14:16:44","guid":{"rendered":"https:\/\/www.spokojnyzajac.sk\/index.php\/produkt\/vydymovadlo-15cm\/"},"modified":"2024-08-26T08:20:13","modified_gmt":"2024-08-26T08:20:13","slug":"vydymovadlo-15cm","status":"publish","type":"product","link":"https:\/\/www.spokojnyzajac.sk\/index.php\/produkt\/vydymovadlo-15cm\/","title":{"rendered":"Vydymovadlo 15cm"},"content":{"rendered":"<p>Vydymovadlo sa pou\u017e\u00edva sa na emocion\u00e1lnu, fyzick\u00fa a duchovn\u00fa o\u010distu. Ver\u00ed sa, \u017ee tento vo\u0148av\u00fd ritu\u00e1l pom\u00e1ha odstra\u0148ova\u0165 a \u010disti\u0165 negat\u00edvne energie.<\/p>\n<h5>N\u00e1vod:<\/h5>\n<p>Pred prv\u00fdm pou\u017eit\u00edm odstr\u00e1\u0148te cel\u00fd plastov\u00fd aj papierov\u00fd obal. Pripravte si svie\u010dku alebo zapa\u013eova\u010d. Na odlo\u017eenie rozbalen\u00e9ho vydymovadla pou\u017e\u00edvajte keramick\u00fa alebo kovov\u00fa misku, najlep\u0161ie naplnen\u00fa so\u013eou, \u010di pieskom. Vydymovadlo nehaste vodou! Chy\u0165te zv\u00e4zok na jednom konci a druh\u00fd prilo\u017ete k plame\u0148u svie\u010dky. Bylinky nech\u00e1me horie\u0165 3-10 sek\u00fand, potom sf\u00fakneme. S dymiacim zv\u00e4zkom prech\u00e1dzame priestor, ktor\u00fd chceme o\u010disti\u0165. Najlep\u0161ie je prech\u00e1dza\u0165 od k\u00fatov miestnost\u00ed popri stene. V exteri\u00e9ri je dobr\u00e9 vytvori\u0165 okolo vydymovan\u00e9ho priestoru kruh. Ke\u010f prestane zv\u00e4zok dymi\u0165, op\u00e4\u0165 ho zap\u00e1lime pomocou svie\u010dky. Opakujeme, k\u00fdm nie sme s v\u00fdsledkom spokojn\u00fd. Vydymovadlo uhas\u00edme zatla\u010den\u00edm do miskys pieskom. Po skon\u010den\u00ed ritu\u00e1lu <strong>VN\u00daTORN\u00c9 PRIESTORY V\u017dDY DOSTATO\u010cNE VYVETR\u00c1ME. Uchov\u00e1vame mimo dosahu det\u00ed.<\/strong><\/p>\n<p>Produkt nie je vhodn\u00fd pre deti do 15 rokov bez dospel\u00e9ho dozoru.<\/p>\n<h3>Ako pou\u017e\u00edva\u0165 vydymovadlo.<\/h3>\n<p><em>Pozrite si kr\u00e1tke video klikom na obr\u00e1zok:<\/em><\/p>\n<p><a href=\"https:\/\/www.youtube.com\/shorts\/AA_V1I7EThE\"><img data-recalc-dims=\"1\" loading=\"lazy\" decoding=\"async\" class=\"alignnone wp-image-1221 size-medium\" src=\"https:\/\/i0.wp.com\/www.spokojnyzajac.sk\/wp-content\/uploads\/2023\/09\/icona-video.webp?resize=300%2C300&#038;ssl=1\" alt=\"\" width=\"300\" height=\"300\" srcset=\"https:\/\/i0.wp.com\/www.spokojnyzajac.sk\/wp-content\/uploads\/2023\/09\/icona-video.webp?resize=300%2C300&amp;ssl=1 300w, https:\/\/i0.wp.com\/www.spokojnyzajac.sk\/wp-content\/uploads\/2023\/09\/icona-video.webp?resize=150%2C150&amp;ssl=1 150w, https:\/\/i0.wp.com\/www.spokojnyzajac.sk\/wp-content\/uploads\/2023\/09\/icona-video.webp?resize=100%2C100&amp;ssl=1 100w, https:\/\/i0.wp.com\/www.spokojnyzajac.sk\/wp-content\/uploads\/2023\/09\/icona-video.webp?w=500&amp;ssl=1 500w\" sizes=\"auto, (max-width: 300px) 100vw, 300px\" \/><\/a><\/p>\n","protected":false},"excerpt":{"rendered":"<p>Nov\u00e9 (\u010derstv\u00e9) vydymovadl\u00e1 budeme vyr\u00e1ba\u0165 v lete 2024.<\/p>\n","protected":false},"featured_media":1014,"comment_status":"open","ping_status":"closed","template":"","meta":{"_monsterinsights_skip_tracking":false,"_monsterinsights_sitenote_active":false,"_monsterinsights_sitenote_note":"","_monsterinsights_sitenote_category":0},"product_brand":[],"product_cat":[16],"product_tag":[],"class_list":{"0":"post-735","1":"product","2":"type-product","3":"status-publish","4":"has-post-thumbnail","6":"product_cat-zive-rastliny","8":"first","9":"instock","10":"taxable","11":"shipping-taxable","12":"purchasable","13":"product-type-simple"},"yoast_head":"<!-- This site is optimized with the Yoast SEO plugin v27.5 - https:\/\/yoast.com\/product\/yoast-seo-wordpress\/ -->\n<title>Vydymovadlo 15cm - Z\u00c1HRADN\u00cdCTVO<\/title>\n<meta name=\"description\" content=\"Vydymovadlo sa pou\u017e\u00edva sa na emocion\u00e1lnu, fyzick\u00fa a duchovn\u00fa o\u010distu. Ver\u00ed sa, \u017ee tento vo\u0148av\u00fd ritu\u00e1l pom\u00e1ha odstra\u0148ova\u0165 a \u010disti\u0165 negat\u00edvne energie.\" \/>\n<meta name=\"robots\" content=\"index, follow, max-snippet:-1, max-image-preview:large, max-video-preview:-1\" \/>\n<link rel=\"canonical\" href=\"https:\/\/www.spokojnyzajac.sk\/index.php\/produkt\/vydymovadlo-15cm\/\" \/>\n<meta property=\"og:locale\" content=\"sk_SK\" \/>\n<meta property=\"og:type\" content=\"article\" \/>\n<meta property=\"og:title\" content=\"Vydymovadlo 15cm - Z\u00c1HRADN\u00cdCTVO\" \/>\n<meta property=\"og:description\" content=\"Vydymovadlo sa pou\u017e\u00edva sa na emocion\u00e1lnu, fyzick\u00fa a duchovn\u00fa o\u010distu. Ver\u00ed sa, \u017ee tento vo\u0148av\u00fd ritu\u00e1l pom\u00e1ha odstra\u0148ova\u0165 a \u010disti\u0165 negat\u00edvne energie.\" \/>\n<meta property=\"og:url\" content=\"https:\/\/www.spokojnyzajac.sk\/index.php\/produkt\/vydymovadlo-15cm\/\" \/>\n<meta property=\"og:site_name\" content=\"Z\u00c1HRADN\u00cdCTVO\" \/>\n<meta property=\"article:publisher\" content=\"https:\/\/www.facebook.com\/spokojnyzajac\/\" \/>\n<meta property=\"article:modified_time\" content=\"2024-08-26T08:20:13+00:00\" \/>\n<meta property=\"og:image\" content=\"https:\/\/www.spokojnyzajac.sk\/wp-content\/uploads\/2023\/09\/20230901_154529.webp\" \/>\n\t<meta property=\"og:image:width\" content=\"500\" \/>\n\t<meta property=\"og:image:height\" content=\"500\" \/>\n\t<meta property=\"og:image:type\" content=\"image\/webp\" \/>\n<meta name=\"twitter:card\" content=\"summary_large_image\" \/>\n<meta name=\"twitter:label1\" content=\"Predpokladan\u00fd \u010das \u010d\u00edtania\" \/>\n\t<meta name=\"twitter:data1\" content=\"2 min\u00faty\" \/>\n<script type=\"application\/ld+json\" class=\"yoast-schema-graph\">{\"@context\":\"https:\\\/\\\/schema.org\",\"@graph\":[{\"@type\":\"WebPage\",\"@id\":\"https:\\\/\\\/www.spokojnyzajac.sk\\\/index.php\\\/produkt\\\/vydymovadlo-15cm\\\/\",\"url\":\"https:\\\/\\\/www.spokojnyzajac.sk\\\/index.php\\\/produkt\\\/vydymovadlo-15cm\\\/\",\"name\":\"Vydymovadlo 15cm - Z\u00c1HRADN\u00cdCTVO\",\"isPartOf\":{\"@id\":\"https:\\\/\\\/www.spokojnyzajac.sk\\\/#website\"},\"primaryImageOfPage\":{\"@id\":\"https:\\\/\\\/www.spokojnyzajac.sk\\\/index.php\\\/produkt\\\/vydymovadlo-15cm\\\/#primaryimage\"},\"image\":{\"@id\":\"https:\\\/\\\/www.spokojnyzajac.sk\\\/index.php\\\/produkt\\\/vydymovadlo-15cm\\\/#primaryimage\"},\"thumbnailUrl\":\"https:\\\/\\\/i0.wp.com\\\/www.spokojnyzajac.sk\\\/wp-content\\\/uploads\\\/2023\\\/09\\\/20230901_154529.webp?fit=500%2C500&ssl=1\",\"datePublished\":\"2023-09-26T14:16:44+00:00\",\"dateModified\":\"2024-08-26T08:20:13+00:00\",\"description\":\"Vydymovadlo sa pou\u017e\u00edva sa na emocion\u00e1lnu, fyzick\u00fa a duchovn\u00fa o\u010distu. Ver\u00ed sa, \u017ee tento vo\u0148av\u00fd ritu\u00e1l pom\u00e1ha odstra\u0148ova\u0165 a \u010disti\u0165 negat\u00edvne energie.\",\"breadcrumb\":{\"@id\":\"https:\\\/\\\/www.spokojnyzajac.sk\\\/index.php\\\/produkt\\\/vydymovadlo-15cm\\\/#breadcrumb\"},\"inLanguage\":\"sk-SK\",\"potentialAction\":[{\"@type\":\"ReadAction\",\"target\":[\"https:\\\/\\\/www.spokojnyzajac.sk\\\/index.php\\\/produkt\\\/vydymovadlo-15cm\\\/\"]}]},{\"@type\":\"ImageObject\",\"inLanguage\":\"sk-SK\",\"@id\":\"https:\\\/\\\/www.spokojnyzajac.sk\\\/index.php\\\/produkt\\\/vydymovadlo-15cm\\\/#primaryimage\",\"url\":\"https:\\\/\\\/i0.wp.com\\\/www.spokojnyzajac.sk\\\/wp-content\\\/uploads\\\/2023\\\/09\\\/20230901_154529.webp?fit=500%2C500&ssl=1\",\"contentUrl\":\"https:\\\/\\\/i0.wp.com\\\/www.spokojnyzajac.sk\\\/wp-content\\\/uploads\\\/2023\\\/09\\\/20230901_154529.webp?fit=500%2C500&ssl=1\",\"width\":500,\"height\":500},{\"@type\":\"BreadcrumbList\",\"@id\":\"https:\\\/\\\/www.spokojnyzajac.sk\\\/index.php\\\/produkt\\\/vydymovadlo-15cm\\\/#breadcrumb\",\"itemListElement\":[{\"@type\":\"ListItem\",\"position\":1,\"name\":\"Domovsk\u00e1 str\u00e1nka\",\"item\":\"https:\\\/\\\/www.spokojnyzajac.sk\\\/\"},{\"@type\":\"ListItem\",\"position\":2,\"name\":\"Produkty\",\"item\":\"https:\\\/\\\/www.spokojnyzajac.sk\\\/index.php\\\/obchod\\\/\"},{\"@type\":\"ListItem\",\"position\":3,\"name\":\"Vydymovadlo 15cm\"}]},{\"@type\":\"WebSite\",\"@id\":\"https:\\\/\\\/www.spokojnyzajac.sk\\\/#website\",\"url\":\"https:\\\/\\\/www.spokojnyzajac.sk\\\/\",\"name\":\"Z\u00e1hradn\u00edctvo\",\"description\":\"Spokojn\u00fd zajac\",\"potentialAction\":[{\"@type\":\"SearchAction\",\"target\":{\"@type\":\"EntryPoint\",\"urlTemplate\":\"https:\\\/\\\/www.spokojnyzajac.sk\\\/?s={search_term_string}\"},\"query-input\":{\"@type\":\"PropertyValueSpecification\",\"valueRequired\":true,\"valueName\":\"search_term_string\"}}],\"inLanguage\":\"sk-SK\"}]}<\/script>\n<!-- \/ Yoast SEO plugin. -->","yoast_head_json":{"title":"Vydymovadlo 15cm - Z\u00c1HRADN\u00cdCTVO","description":"Vydymovadlo sa pou\u017e\u00edva sa na emocion\u00e1lnu, fyzick\u00fa a duchovn\u00fa o\u010distu. Ver\u00ed sa, \u017ee tento vo\u0148av\u00fd ritu\u00e1l pom\u00e1ha odstra\u0148ova\u0165 a \u010disti\u0165 negat\u00edvne energie.","robots":{"index":"index","follow":"follow","max-snippet":"max-snippet:-1","max-image-preview":"max-image-preview:large","max-video-preview":"max-video-preview:-1"},"canonical":"https:\/\/www.spokojnyzajac.sk\/index.php\/produkt\/vydymovadlo-15cm\/","og_locale":"sk_SK","og_type":"article","og_title":"Vydymovadlo 15cm - Z\u00c1HRADN\u00cdCTVO","og_description":"Vydymovadlo sa pou\u017e\u00edva sa na emocion\u00e1lnu, fyzick\u00fa a duchovn\u00fa o\u010distu. Ver\u00ed sa, \u017ee tento vo\u0148av\u00fd ritu\u00e1l pom\u00e1ha odstra\u0148ova\u0165 a \u010disti\u0165 negat\u00edvne energie.","og_url":"https:\/\/www.spokojnyzajac.sk\/index.php\/produkt\/vydymovadlo-15cm\/","og_site_name":"Z\u00c1HRADN\u00cdCTVO","article_publisher":"https:\/\/www.facebook.com\/spokojnyzajac\/","article_modified_time":"2024-08-26T08:20:13+00:00","og_image":[{"width":500,"height":500,"url":"https:\/\/www.spokojnyzajac.sk\/wp-content\/uploads\/2023\/09\/20230901_154529.webp","type":"image\/webp"}],"twitter_card":"summary_large_image","twitter_misc":{"Predpokladan\u00fd \u010das \u010d\u00edtania":"2 min\u00faty"},"schema":{"@context":"https:\/\/schema.org","@graph":[{"@type":"WebPage","@id":"https:\/\/www.spokojnyzajac.sk\/index.php\/produkt\/vydymovadlo-15cm\/","url":"https:\/\/www.spokojnyzajac.sk\/index.php\/produkt\/vydymovadlo-15cm\/","name":"Vydymovadlo 15cm - Z\u00c1HRADN\u00cdCTVO","isPartOf":{"@id":"https:\/\/www.spokojnyzajac.sk\/#website"},"primaryImageOfPage":{"@id":"https:\/\/www.spokojnyzajac.sk\/index.php\/produkt\/vydymovadlo-15cm\/#primaryimage"},"image":{"@id":"https:\/\/www.spokojnyzajac.sk\/index.php\/produkt\/vydymovadlo-15cm\/#primaryimage"},"thumbnailUrl":"https:\/\/i0.wp.com\/www.spokojnyzajac.sk\/wp-content\/uploads\/2023\/09\/20230901_154529.webp?fit=500%2C500&ssl=1","datePublished":"2023-09-26T14:16:44+00:00","dateModified":"2024-08-26T08:20:13+00:00","description":"Vydymovadlo sa pou\u017e\u00edva sa na emocion\u00e1lnu, fyzick\u00fa a duchovn\u00fa o\u010distu. Ver\u00ed sa, \u017ee tento vo\u0148av\u00fd ritu\u00e1l pom\u00e1ha odstra\u0148ova\u0165 a \u010disti\u0165 negat\u00edvne energie.","breadcrumb":{"@id":"https:\/\/www.spokojnyzajac.sk\/index.php\/produkt\/vydymovadlo-15cm\/#breadcrumb"},"inLanguage":"sk-SK","potentialAction":[{"@type":"ReadAction","target":["https:\/\/www.spokojnyzajac.sk\/index.php\/produkt\/vydymovadlo-15cm\/"]}]},{"@type":"ImageObject","inLanguage":"sk-SK","@id":"https:\/\/www.spokojnyzajac.sk\/index.php\/produkt\/vydymovadlo-15cm\/#primaryimage","url":"https:\/\/i0.wp.com\/www.spokojnyzajac.sk\/wp-content\/uploads\/2023\/09\/20230901_154529.webp?fit=500%2C500&ssl=1","contentUrl":"https:\/\/i0.wp.com\/www.spokojnyzajac.sk\/wp-content\/uploads\/2023\/09\/20230901_154529.webp?fit=500%2C500&ssl=1","width":500,"height":500},{"@type":"BreadcrumbList","@id":"https:\/\/www.spokojnyzajac.sk\/index.php\/produkt\/vydymovadlo-15cm\/#breadcrumb","itemListElement":[{"@type":"ListItem","position":1,"name":"Domovsk\u00e1 str\u00e1nka","item":"https:\/\/www.spokojnyzajac.sk\/"},{"@type":"ListItem","position":2,"name":"Produkty","item":"https:\/\/www.spokojnyzajac.sk\/index.php\/obchod\/"},{"@type":"ListItem","position":3,"name":"Vydymovadlo 15cm"}]},{"@type":"WebSite","@id":"https:\/\/www.spokojnyzajac.sk\/#website","url":"https:\/\/www.spokojnyzajac.sk\/","name":"Z\u00e1hradn\u00edctvo","description":"Spokojn\u00fd zajac","potentialAction":[{"@type":"SearchAction","target":{"@type":"EntryPoint","urlTemplate":"https:\/\/www.spokojnyzajac.sk\/?s={search_term_string}"},"query-input":{"@type":"PropertyValueSpecification","valueRequired":true,"valueName":"search_term_string"}}],"inLanguage":"sk-SK"}]}},"jetpack_sharing_enabled":true,"_links":{"self":[{"href":"https:\/\/www.spokojnyzajac.sk\/index.php\/wp-json\/wp\/v2\/product\/735","targetHints":{"allow":["GET"]}}],"collection":[{"href":"https:\/\/www.spokojnyzajac.sk\/index.php\/wp-json\/wp\/v2\/product"}],"about":[{"href":"https:\/\/www.spokojnyzajac.sk\/index.php\/wp-json\/wp\/v2\/types\/product"}],"replies":[{"embeddable":true,"href":"https:\/\/www.spokojnyzajac.sk\/index.php\/wp-json\/wp\/v2\/comments?post=735"}],"wp:featuredmedia":[{"embeddable":true,"href":"https:\/\/www.spokojnyzajac.sk\/index.php\/wp-json\/wp\/v2\/media\/1014"}],"wp:attachment":[{"href":"https:\/\/www.spokojnyzajac.sk\/index.php\/wp-json\/wp\/v2\/media?parent=735"}],"wp:term":[{"taxonomy":"product_brand","embeddable":true,"href":"https:\/\/www.spokojnyzajac.sk\/index.php\/wp-json\/wp\/v2\/product_brand?post=735"},{"taxonomy":"product_cat","embeddable":true,"href":"https:\/\/www.spokojnyzajac.sk\/index.php\/wp-json\/wp\/v2\/product_cat?post=735"},{"taxonomy":"product_tag","embeddable":true,"href":"https:\/\/www.spokojnyzajac.sk\/index.php\/wp-json\/wp\/v2\/product_tag?post=735"}],"curies":[{"name":"wp","href":"https:\/\/api.w.org\/{rel}","templated":true}]}}