{"id":604,"date":"2023-08-17T08:06:59","date_gmt":"2023-08-17T08:06:59","guid":{"rendered":"https:\/\/www.spokojnyzajac.sk\/?post_type=product&#038;p=604"},"modified":"2025-08-22T08:30:17","modified_gmt":"2025-08-22T08:30:17","slug":"hosta-fools-gold","status":"publish","type":"product","link":"https:\/\/www.spokojnyzajac.sk\/index.php\/produkt\/hosta-fools-gold\/","title":{"rendered":"Hosta Fool&#8217;s Gold"},"content":{"rendered":"<p data-start=\"108\" data-end=\"131\"><strong data-start=\"111\" data-end=\"129\">Vzh\u013ead a listy<\/strong><\/p>\n<ul data-start=\"132\" data-end=\"459\">\n<li data-start=\"132\" data-end=\"258\">\n<p data-start=\"134\" data-end=\"258\">Kultivar hosty s v\u00fdrazne <strong data-start=\"159\" data-end=\"195\">zlatist\u00fdmi a\u017e chartreuse listami<\/strong>, ktor\u00e9 na tienistom stanovi\u0161ti p\u00f4sobia ako \u201esveteln\u00fd zdroj\u201c.<\/p>\n<\/li>\n<li data-start=\"259\" data-end=\"336\">\n<p data-start=\"261\" data-end=\"336\">Listy s\u00fa <strong data-start=\"270\" data-end=\"308\">stredne ve\u013ek\u00e9, ov\u00e1lne a\u017e srdcovit\u00e9<\/strong>, hladk\u00e9, s jemn\u00fdm leskom.<\/p>\n<\/li>\n<li data-start=\"337\" data-end=\"459\">\n<p data-start=\"339\" data-end=\"459\">Farba sa men\u00ed pod\u013ea mno\u017estva svetla \u2013 v hlb\u0161om tieni s\u00fa viac \u017eltozelen\u00e9, na svetlej\u0161om tienistom mieste zlatisto-\u017elt\u00e9.<\/p>\n<\/li>\n<\/ul>\n<p data-start=\"461\" data-end=\"475\"><strong data-start=\"464\" data-end=\"473\">Kvety<\/strong><\/p>\n<ul data-start=\"476\" data-end=\"692\">\n<li data-start=\"476\" data-end=\"577\">\n<p data-start=\"478\" data-end=\"577\">V lete (j\u00fal \u2013 august) vyh\u00e1\u0148a <strong data-start=\"507\" data-end=\"532\">stredne vysok\u00e9 stonky<\/strong> (okolo 60\u201370 cm) s klasovit\u00fdmi s\u00fakvetiami.<\/p>\n<\/li>\n<li data-start=\"578\" data-end=\"692\">\n<p data-start=\"580\" data-end=\"692\">Kvety s\u00fa <strong data-start=\"589\" data-end=\"620\">bledofialov\u00e9 a\u017e levandu\u013eov\u00e9<\/strong>, trubkovit\u00e9, dekorat\u00edvne, hoci hlavnou ozdobou rastliny zost\u00e1va list.<\/p>\n<\/li>\n<\/ul>\n<p data-start=\"694\" data-end=\"717\"><strong data-start=\"697\" data-end=\"715\">Rast a ve\u013ekos\u0165<\/strong><\/p>\n<ul data-start=\"718\" data-end=\"856\">\n<li data-start=\"718\" data-end=\"798\">\n<p data-start=\"720\" data-end=\"798\">Trsovit\u00fd rast, dorast\u00e1 pribli\u017ene do <strong data-start=\"756\" data-end=\"774\">40\u201350 cm v\u00fd\u0161ky<\/strong> a \u0161\u00edrky <strong data-start=\"783\" data-end=\"795\">60\u201370 cm<\/strong>.<\/p>\n<\/li>\n<li data-start=\"799\" data-end=\"856\">\n<p data-start=\"801\" data-end=\"856\">Rastie spo\u013eahlivo a pomerne r\u00fdchlo vytv\u00e1ra hust\u00fd trs.<\/p>\n<\/li>\n<\/ul>\n<p data-start=\"858\" data-end=\"890\"><strong data-start=\"861\" data-end=\"888\">Stanovi\u0161te a pestovanie<\/strong><\/p>\n<ul data-start=\"891\" data-end=\"1164\">\n<li data-start=\"891\" data-end=\"967\">\n<p data-start=\"893\" data-end=\"967\">Ide\u00e1lna do <strong data-start=\"904\" data-end=\"926\">polotie\u0148a a\u017e tie\u0148a<\/strong>, priame ostr\u00e9 slnko m\u00f4\u017ee sp\u00e1li\u0165 listy.<\/p>\n<\/li>\n<li data-start=\"968\" data-end=\"1012\">\n<p data-start=\"970\" data-end=\"1012\">P\u00f4da: hum\u00f3zna, mierne vlhk\u00e1, priepustn\u00e1.<\/p>\n<\/li>\n<li data-start=\"1013\" data-end=\"1051\">\n<p data-start=\"1015\" data-end=\"1051\">Plne <strong data-start=\"1020\" data-end=\"1036\">mrazuvzdorn\u00e1<\/strong> a nen\u00e1ro\u010dn\u00e1.<\/p>\n<\/li>\n<li data-start=\"1052\" data-end=\"1164\">\n<p data-start=\"1054\" data-end=\"1164\">Pre kr\u00e1sne sfarbenie listov potrebuje <strong data-start=\"1092\" data-end=\"1129\">mierne svetlej\u0161ie tienist\u00e9 miesto<\/strong> \u2013 v hlbokom tieni b\u00fdva zelen\u0161ia.<\/p>\n<\/li>\n<\/ul>\n","protected":false},"excerpt":{"rendered":"<p>Rastlina v kvetin\u00e1\u010di \u00d8 11cm<br \/>\nObr\u00e1zky rastliny s\u00fa ilustra\u010dn\u00e9.<\/p>\n<p>Hosta &#8222;Fools Gold&#8220; v\u00fdborn\u00e1 na <strong data-start=\"1207\" data-end=\"1236\">okraje tienist\u00fdch z\u00e1honov<\/strong>, k chodn\u00edkom alebo pod stromy. Kr\u00e1sne kontrastuje s hostami tmavozelen\u00fdmi \u010di modrast\u00fdmi (\u2018Halcyon\u2019, \u2018Blue Angel\u2019). Vynikne aj v kombin\u00e1cii s <strong data-start=\"1386\" data-end=\"1437\">papra\u010fami, berg\u00e9niami, heucherami \u010di tiarellami<\/strong>. V\u010faka zlatist\u00fdm listom rozjas\u0148uje tienist\u00e9 k\u00faty z\u00e1hrady.<\/p>\n<p>&nbsp;<\/p>\n","protected":false},"featured_media":1128,"comment_status":"open","ping_status":"closed","template":"","meta":{"_monsterinsights_skip_tracking":false,"_monsterinsights_sitenote_active":false,"_monsterinsights_sitenote_note":"","_monsterinsights_sitenote_category":0},"product_brand":[],"product_cat":[87,39,16],"product_tag":[],"class_list":{"0":"post-604","1":"product","2":"type-product","3":"status-publish","4":"has-post-thumbnail","6":"product_cat-hosty-funkie","7":"product_cat-trvalky","8":"product_cat-zive-rastliny","10":"first","11":"instock","12":"taxable","13":"shipping-taxable","14":"purchasable","15":"product-type-simple"},"yoast_head":"<!-- This site is optimized with the Yoast SEO plugin v27.5 - https:\/\/yoast.com\/product\/yoast-seo-wordpress\/ -->\n<title>Hosta Fool&#039;s Gold - Z\u00c1HRADN\u00cdCTVO<\/title>\n<meta name=\"description\" content=\"Hosta Fool&#039;s Gold atrakt\u00edvna najm\u00e4 na jar. Listy maj\u00fa pr\u00edjemn\u00fa zelen\u00fa farbu s m\u00e4kkou, svetlo\u017eltou zelenou obrubou, kto\u00fa nesk\u00f4r v sez\u00f3ne str\u00e1caj\u00fa.\" \/>\n<meta name=\"robots\" content=\"index, follow, max-snippet:-1, max-image-preview:large, max-video-preview:-1\" \/>\n<link rel=\"canonical\" href=\"https:\/\/www.spokojnyzajac.sk\/index.php\/produkt\/hosta-fools-gold\/\" \/>\n<meta property=\"og:locale\" content=\"sk_SK\" \/>\n<meta property=\"og:type\" content=\"article\" \/>\n<meta property=\"og:title\" content=\"Hosta Fool&#039;s Gold - Z\u00c1HRADN\u00cdCTVO\" \/>\n<meta property=\"og:description\" content=\"Hosta Fool&#039;s Gold atrakt\u00edvna najm\u00e4 na jar. Listy maj\u00fa pr\u00edjemn\u00fa zelen\u00fa farbu s m\u00e4kkou, svetlo\u017eltou zelenou obrubou, kto\u00fa nesk\u00f4r v sez\u00f3ne str\u00e1caj\u00fa.\" \/>\n<meta property=\"og:url\" content=\"https:\/\/www.spokojnyzajac.sk\/index.php\/produkt\/hosta-fools-gold\/\" \/>\n<meta property=\"og:site_name\" content=\"Z\u00c1HRADN\u00cdCTVO\" \/>\n<meta property=\"article:publisher\" content=\"https:\/\/www.facebook.com\/spokojnyzajac\/\" \/>\n<meta property=\"article:modified_time\" content=\"2025-08-22T08:30:17+00:00\" \/>\n<meta property=\"og:image\" content=\"https:\/\/www.spokojnyzajac.sk\/wp-content\/uploads\/2023\/08\/hosta-fools-gold01.jpg\" \/>\n\t<meta property=\"og:image:width\" content=\"600\" \/>\n\t<meta property=\"og:image:height\" content=\"460\" \/>\n\t<meta property=\"og:image:type\" content=\"image\/jpeg\" \/>\n<meta name=\"twitter:card\" content=\"summary_large_image\" \/>\n<meta name=\"twitter:label1\" content=\"Predpokladan\u00fd \u010das \u010d\u00edtania\" \/>\n\t<meta name=\"twitter:data1\" content=\"1 min\u00fata\" \/>\n<script type=\"application\/ld+json\" class=\"yoast-schema-graph\">{\"@context\":\"https:\\\/\\\/schema.org\",\"@graph\":[{\"@type\":\"WebPage\",\"@id\":\"https:\\\/\\\/www.spokojnyzajac.sk\\\/index.php\\\/produkt\\\/hosta-fools-gold\\\/\",\"url\":\"https:\\\/\\\/www.spokojnyzajac.sk\\\/index.php\\\/produkt\\\/hosta-fools-gold\\\/\",\"name\":\"Hosta Fool's Gold - Z\u00c1HRADN\u00cdCTVO\",\"isPartOf\":{\"@id\":\"https:\\\/\\\/www.spokojnyzajac.sk\\\/#website\"},\"primaryImageOfPage\":{\"@id\":\"https:\\\/\\\/www.spokojnyzajac.sk\\\/index.php\\\/produkt\\\/hosta-fools-gold\\\/#primaryimage\"},\"image\":{\"@id\":\"https:\\\/\\\/www.spokojnyzajac.sk\\\/index.php\\\/produkt\\\/hosta-fools-gold\\\/#primaryimage\"},\"thumbnailUrl\":\"https:\\\/\\\/i0.wp.com\\\/www.spokojnyzajac.sk\\\/wp-content\\\/uploads\\\/2023\\\/08\\\/hosta-fools-gold01.jpg?fit=600%2C460&ssl=1\",\"datePublished\":\"2023-08-17T08:06:59+00:00\",\"dateModified\":\"2025-08-22T08:30:17+00:00\",\"description\":\"Hosta Fool's Gold atrakt\u00edvna najm\u00e4 na jar. Listy maj\u00fa pr\u00edjemn\u00fa zelen\u00fa farbu s m\u00e4kkou, svetlo\u017eltou zelenou obrubou, kto\u00fa nesk\u00f4r v sez\u00f3ne str\u00e1caj\u00fa.\",\"breadcrumb\":{\"@id\":\"https:\\\/\\\/www.spokojnyzajac.sk\\\/index.php\\\/produkt\\\/hosta-fools-gold\\\/#breadcrumb\"},\"inLanguage\":\"sk-SK\",\"potentialAction\":[{\"@type\":\"ReadAction\",\"target\":[\"https:\\\/\\\/www.spokojnyzajac.sk\\\/index.php\\\/produkt\\\/hosta-fools-gold\\\/\"]}]},{\"@type\":\"ImageObject\",\"inLanguage\":\"sk-SK\",\"@id\":\"https:\\\/\\\/www.spokojnyzajac.sk\\\/index.php\\\/produkt\\\/hosta-fools-gold\\\/#primaryimage\",\"url\":\"https:\\\/\\\/i0.wp.com\\\/www.spokojnyzajac.sk\\\/wp-content\\\/uploads\\\/2023\\\/08\\\/hosta-fools-gold01.jpg?fit=600%2C460&ssl=1\",\"contentUrl\":\"https:\\\/\\\/i0.wp.com\\\/www.spokojnyzajac.sk\\\/wp-content\\\/uploads\\\/2023\\\/08\\\/hosta-fools-gold01.jpg?fit=600%2C460&ssl=1\",\"width\":600,\"height\":460},{\"@type\":\"BreadcrumbList\",\"@id\":\"https:\\\/\\\/www.spokojnyzajac.sk\\\/index.php\\\/produkt\\\/hosta-fools-gold\\\/#breadcrumb\",\"itemListElement\":[{\"@type\":\"ListItem\",\"position\":1,\"name\":\"Domovsk\u00e1 str\u00e1nka\",\"item\":\"https:\\\/\\\/www.spokojnyzajac.sk\\\/\"},{\"@type\":\"ListItem\",\"position\":2,\"name\":\"Produkty\",\"item\":\"https:\\\/\\\/www.spokojnyzajac.sk\\\/index.php\\\/obchod\\\/\"},{\"@type\":\"ListItem\",\"position\":3,\"name\":\"Hosta Fool&#8217;s Gold\"}]},{\"@type\":\"WebSite\",\"@id\":\"https:\\\/\\\/www.spokojnyzajac.sk\\\/#website\",\"url\":\"https:\\\/\\\/www.spokojnyzajac.sk\\\/\",\"name\":\"Z\u00e1hradn\u00edctvo\",\"description\":\"Spokojn\u00fd zajac\",\"potentialAction\":[{\"@type\":\"SearchAction\",\"target\":{\"@type\":\"EntryPoint\",\"urlTemplate\":\"https:\\\/\\\/www.spokojnyzajac.sk\\\/?s={search_term_string}\"},\"query-input\":{\"@type\":\"PropertyValueSpecification\",\"valueRequired\":true,\"valueName\":\"search_term_string\"}}],\"inLanguage\":\"sk-SK\"}]}<\/script>\n<!-- \/ Yoast SEO plugin. -->","yoast_head_json":{"title":"Hosta Fool's Gold - Z\u00c1HRADN\u00cdCTVO","description":"Hosta Fool's Gold atrakt\u00edvna najm\u00e4 na jar. Listy maj\u00fa pr\u00edjemn\u00fa zelen\u00fa farbu s m\u00e4kkou, svetlo\u017eltou zelenou obrubou, kto\u00fa nesk\u00f4r v sez\u00f3ne str\u00e1caj\u00fa.","robots":{"index":"index","follow":"follow","max-snippet":"max-snippet:-1","max-image-preview":"max-image-preview:large","max-video-preview":"max-video-preview:-1"},"canonical":"https:\/\/www.spokojnyzajac.sk\/index.php\/produkt\/hosta-fools-gold\/","og_locale":"sk_SK","og_type":"article","og_title":"Hosta Fool's Gold - Z\u00c1HRADN\u00cdCTVO","og_description":"Hosta Fool's Gold atrakt\u00edvna najm\u00e4 na jar. Listy maj\u00fa pr\u00edjemn\u00fa zelen\u00fa farbu s m\u00e4kkou, svetlo\u017eltou zelenou obrubou, kto\u00fa nesk\u00f4r v sez\u00f3ne str\u00e1caj\u00fa.","og_url":"https:\/\/www.spokojnyzajac.sk\/index.php\/produkt\/hosta-fools-gold\/","og_site_name":"Z\u00c1HRADN\u00cdCTVO","article_publisher":"https:\/\/www.facebook.com\/spokojnyzajac\/","article_modified_time":"2025-08-22T08:30:17+00:00","og_image":[{"width":600,"height":460,"url":"https:\/\/www.spokojnyzajac.sk\/wp-content\/uploads\/2023\/08\/hosta-fools-gold01.jpg","type":"image\/jpeg"}],"twitter_card":"summary_large_image","twitter_misc":{"Predpokladan\u00fd \u010das \u010d\u00edtania":"1 min\u00fata"},"schema":{"@context":"https:\/\/schema.org","@graph":[{"@type":"WebPage","@id":"https:\/\/www.spokojnyzajac.sk\/index.php\/produkt\/hosta-fools-gold\/","url":"https:\/\/www.spokojnyzajac.sk\/index.php\/produkt\/hosta-fools-gold\/","name":"Hosta Fool's Gold - Z\u00c1HRADN\u00cdCTVO","isPartOf":{"@id":"https:\/\/www.spokojnyzajac.sk\/#website"},"primaryImageOfPage":{"@id":"https:\/\/www.spokojnyzajac.sk\/index.php\/produkt\/hosta-fools-gold\/#primaryimage"},"image":{"@id":"https:\/\/www.spokojnyzajac.sk\/index.php\/produkt\/hosta-fools-gold\/#primaryimage"},"thumbnailUrl":"https:\/\/i0.wp.com\/www.spokojnyzajac.sk\/wp-content\/uploads\/2023\/08\/hosta-fools-gold01.jpg?fit=600%2C460&ssl=1","datePublished":"2023-08-17T08:06:59+00:00","dateModified":"2025-08-22T08:30:17+00:00","description":"Hosta Fool's Gold atrakt\u00edvna najm\u00e4 na jar. Listy maj\u00fa pr\u00edjemn\u00fa zelen\u00fa farbu s m\u00e4kkou, svetlo\u017eltou zelenou obrubou, kto\u00fa nesk\u00f4r v sez\u00f3ne str\u00e1caj\u00fa.","breadcrumb":{"@id":"https:\/\/www.spokojnyzajac.sk\/index.php\/produkt\/hosta-fools-gold\/#breadcrumb"},"inLanguage":"sk-SK","potentialAction":[{"@type":"ReadAction","target":["https:\/\/www.spokojnyzajac.sk\/index.php\/produkt\/hosta-fools-gold\/"]}]},{"@type":"ImageObject","inLanguage":"sk-SK","@id":"https:\/\/www.spokojnyzajac.sk\/index.php\/produkt\/hosta-fools-gold\/#primaryimage","url":"https:\/\/i0.wp.com\/www.spokojnyzajac.sk\/wp-content\/uploads\/2023\/08\/hosta-fools-gold01.jpg?fit=600%2C460&ssl=1","contentUrl":"https:\/\/i0.wp.com\/www.spokojnyzajac.sk\/wp-content\/uploads\/2023\/08\/hosta-fools-gold01.jpg?fit=600%2C460&ssl=1","width":600,"height":460},{"@type":"BreadcrumbList","@id":"https:\/\/www.spokojnyzajac.sk\/index.php\/produkt\/hosta-fools-gold\/#breadcrumb","itemListElement":[{"@type":"ListItem","position":1,"name":"Domovsk\u00e1 str\u00e1nka","item":"https:\/\/www.spokojnyzajac.sk\/"},{"@type":"ListItem","position":2,"name":"Produkty","item":"https:\/\/www.spokojnyzajac.sk\/index.php\/obchod\/"},{"@type":"ListItem","position":3,"name":"Hosta Fool&#8217;s Gold"}]},{"@type":"WebSite","@id":"https:\/\/www.spokojnyzajac.sk\/#website","url":"https:\/\/www.spokojnyzajac.sk\/","name":"Z\u00e1hradn\u00edctvo","description":"Spokojn\u00fd zajac","potentialAction":[{"@type":"SearchAction","target":{"@type":"EntryPoint","urlTemplate":"https:\/\/www.spokojnyzajac.sk\/?s={search_term_string}"},"query-input":{"@type":"PropertyValueSpecification","valueRequired":true,"valueName":"search_term_string"}}],"inLanguage":"sk-SK"}]}},"jetpack_sharing_enabled":true,"_links":{"self":[{"href":"https:\/\/www.spokojnyzajac.sk\/index.php\/wp-json\/wp\/v2\/product\/604","targetHints":{"allow":["GET"]}}],"collection":[{"href":"https:\/\/www.spokojnyzajac.sk\/index.php\/wp-json\/wp\/v2\/product"}],"about":[{"href":"https:\/\/www.spokojnyzajac.sk\/index.php\/wp-json\/wp\/v2\/types\/product"}],"replies":[{"embeddable":true,"href":"https:\/\/www.spokojnyzajac.sk\/index.php\/wp-json\/wp\/v2\/comments?post=604"}],"wp:featuredmedia":[{"embeddable":true,"href":"https:\/\/www.spokojnyzajac.sk\/index.php\/wp-json\/wp\/v2\/media\/1128"}],"wp:attachment":[{"href":"https:\/\/www.spokojnyzajac.sk\/index.php\/wp-json\/wp\/v2\/media?parent=604"}],"wp:term":[{"taxonomy":"product_brand","embeddable":true,"href":"https:\/\/www.spokojnyzajac.sk\/index.php\/wp-json\/wp\/v2\/product_brand?post=604"},{"taxonomy":"product_cat","embeddable":true,"href":"https:\/\/www.spokojnyzajac.sk\/index.php\/wp-json\/wp\/v2\/product_cat?post=604"},{"taxonomy":"product_tag","embeddable":true,"href":"https:\/\/www.spokojnyzajac.sk\/index.php\/wp-json\/wp\/v2\/product_tag?post=604"}],"curies":[{"name":"wp","href":"https:\/\/api.w.org\/{rel}","templated":true}]}}