{"id":429,"date":"2023-07-20T06:44:52","date_gmt":"2023-07-20T06:44:52","guid":{"rendered":"https:\/\/www.spokojnyzajac.sk\/?post_type=product&#038;p=429"},"modified":"2025-08-22T08:22:07","modified_gmt":"2025-08-22T08:22:07","slug":"laliovka-longfields-angel","status":"publish","type":"product","link":"https:\/\/www.spokojnyzajac.sk\/index.php\/produkt\/laliovka-longfields-angel\/","title":{"rendered":"\u013daliovka Longfields Angel"},"content":{"rendered":"<p data-start=\"85\" data-end=\"108\"><strong data-start=\"88\" data-end=\"106\">Vzh\u013ead a kvety<\/strong><\/p>\n<ul data-start=\"109\" data-end=\"479\">\n<li data-start=\"109\" data-end=\"185\">\n<p data-start=\"111\" data-end=\"185\">Modern\u00fd, ve\u013ekokvet\u00fd kultivar s v\u00fdrazne <strong data-start=\"150\" data-end=\"182\">svetlou farebnou kombin\u00e1ciou<\/strong>.<\/p>\n<\/li>\n<li data-start=\"186\" data-end=\"285\">\n<p data-start=\"188\" data-end=\"285\">Kvety s\u00fa ve\u013ek\u00e9 (12\u201314 cm), <strong data-start=\"215\" data-end=\"246\">svetlo\u017elt\u00e9 a\u017e kr\u00e9movo-biele<\/strong> so \u017eiariv\u00fdm <strong data-start=\"259\" data-end=\"282\">\u017elto-zelen\u00fdm hrdlom<\/strong>.<\/p>\n<\/li>\n<li data-start=\"286\" data-end=\"357\">\n<p data-start=\"288\" data-end=\"357\">Okvetn\u00e9 l\u00edstky s\u00fa \u0161irok\u00e9, jemne zvlnen\u00e9, p\u00f4sobia elegantne a jemne.<\/p>\n<\/li>\n<li data-start=\"358\" data-end=\"479\">\n<p data-start=\"360\" data-end=\"479\">V\u010faka bled\u00e9mu t\u00f3nu sa kvety kr\u00e1sne uplatnia aj vo ve\u010dernom svetle alebo v polotieni, kde vytv\u00e1raj\u00fa \u201esvietiaci\u201c efekt.<\/p>\n<\/li>\n<\/ul>\n<p data-start=\"481\" data-end=\"502\"><strong data-start=\"484\" data-end=\"500\">Rast a listy<\/strong><\/p>\n<ul data-start=\"503\" data-end=\"679\">\n<li data-start=\"503\" data-end=\"594\">\n<p data-start=\"505\" data-end=\"594\">Dorast\u00e1 do v\u00fd\u0161ky <strong data-start=\"522\" data-end=\"534\">65\u201375 cm<\/strong>, tak\u017ee patr\u00ed medzi <strong data-start=\"554\" data-end=\"591\">stredne vysok\u00e9 a\u017e vy\u0161\u0161ie \u013ealiovky<\/strong>.<\/p>\n<\/li>\n<li data-start=\"595\" data-end=\"679\">\n<p data-start=\"597\" data-end=\"679\">Listy s\u00fa svie\u017eo zelen\u00e9, tr\u00e1vovit\u00e9, trs je hust\u00fd a dekorat\u00edvny aj mimo kvitnutia.<\/p>\n<\/li>\n<\/ul>\n<p data-start=\"681\" data-end=\"703\"><strong data-start=\"683\" data-end=\"701\">Doba kvitnutia<\/strong><\/p>\n<ul data-start=\"704\" data-end=\"793\">\n<li data-start=\"704\" data-end=\"793\">\n<p data-start=\"706\" data-end=\"793\">Kvitne po\u010das <strong data-start=\"719\" data-end=\"742\">leta (j\u00fal \u2013 august)<\/strong>, pri priaznivom po\u010das\u00ed aj do za\u010diatku septembra.<\/p>\n<\/li>\n<\/ul>\n<p data-start=\"795\" data-end=\"827\"><strong data-start=\"798\" data-end=\"825\">Stanovi\u0161te a pestovanie<\/strong><\/p>\n<ul data-start=\"828\" data-end=\"1172\">\n<li data-start=\"828\" data-end=\"892\">\n<p data-start=\"830\" data-end=\"892\">Vy\u017eaduje <strong data-start=\"839\" data-end=\"857\">slne\u010dn\u00e9 miesto<\/strong>, ale zvl\u00e1dne aj mierny polotie\u0148.<\/p>\n<\/li>\n<li data-start=\"893\" data-end=\"935\">\n<p data-start=\"895\" data-end=\"935\">P\u00f4da: priepustn\u00e1, \u017eivn\u00e1, mierne vlhk\u00e1.<\/p>\n<\/li>\n<li data-start=\"936\" data-end=\"1082\">\n<p data-start=\"938\" data-end=\"1082\"><strong data-start=\"938\" data-end=\"959\">Plne mrazuvzdorn\u00e1<\/strong> \u2013 vhodn\u00e1 aj do vy\u0161\u0161\u00edch pol\u00f4h (okolo 600\u2013700 m n. m.), kde s\u00edce za\u010dne kvitn\u00fa\u0165 trochu nesk\u00f4r, ale spo\u013eahlivo pre\u017eije zimu.<\/p>\n<\/li>\n<li data-start=\"1083\" data-end=\"1172\">\n<p data-start=\"1085\" data-end=\"1172\">V chladnej\u0161\u00edch oblastiach je vhodn\u00e9 jej dopria\u0165 viac slnka, aby dobre vyzreli p\u00fa\u010diky.<\/p>\n<\/li>\n<\/ul>\n","protected":false},"excerpt":{"rendered":"<p>Rastlina v kvetin\u00e1\u010di \u00d8 13cm<br \/>\nObr\u00e1zky rastliny s\u00fa ilustra\u010dn\u00e9.<\/p>\n<p>Hemerocallis Longfields Angel vysaden\u00e1 vo v\u00e4\u010d\u0161ej skupine p\u00f4sob\u00ed ve\u013emi \u010disto a elegantne, d\u00e1 sa pou\u017ei\u0165 aj ako \u201esveteln\u00fd akcent\u201c v tmav\u0161\u00edch \u010dastiach z\u00e1hrady. V\u010faka jemne svetlej farbe sa kr\u00e1sne kombinuje s tmav\u0161\u00edmi alebo kontrastn\u00fdmi kultivarmi (napr. v\u00ednov\u00e1 \u2018Pardon Me\u2019, purpurov\u00e1 \u2018Magic Dancer\u2019). V\u00fdborne lad\u00ed s <strong data-start=\"1377\" data-end=\"1438\">ru\u017eov\u00fdmi floxmi, fialov\u00fdmi \u0161alviami, nepetou a levandu\u013eou<\/strong>. Pre romantickej\u0161ie ladenie z\u00e1hona sa d\u00e1 sp\u00e1ja\u0165 s <strong data-start=\"1493\" data-end=\"1551\">ru\u017eov\u00fdmi a bielymi echinaceami alebo bielymi kosatcami<\/strong>.<\/p>\n","protected":false},"featured_media":1151,"comment_status":"open","ping_status":"closed","template":"","meta":{"_monsterinsights_skip_tracking":false,"_monsterinsights_sitenote_active":false,"_monsterinsights_sitenote_note":"","_monsterinsights_sitenote_category":0},"product_brand":[],"product_cat":[90,39,16],"product_tag":[78],"class_list":{"0":"post-429","1":"product","2":"type-product","3":"status-publish","4":"has-post-thumbnail","6":"product_cat-kvitnuce","7":"product_cat-trvalky","8":"product_cat-zive-rastliny","9":"product_tag-jedle-rastliny","10":"pa_stanoviste-polotien","11":"pa_stanoviste-tien","13":"first","14":"instock","15":"sale","16":"taxable","17":"shipping-taxable","18":"purchasable","19":"product-type-simple"},"yoast_head":"<!-- This site is optimized with the Yoast SEO plugin v27.5 - https:\/\/yoast.com\/product\/yoast-seo-wordpress\/ -->\n<title>\u013daliovka Longfields Angel - Z\u00c1HRADN\u00cdCTVO<\/title>\n<meta name=\"description\" content=\"\u013daliovka &quot;Longfields Angel&quot; je ni\u017e\u0161ieho vzrastu s v\u00fdrazn\u00fdmi kvetmi, ktor\u00e9 s\u00fa jedl\u00e9. Vhodn\u00e1 aj do mal\u00fdch z\u00e1hrad, do kvetin\u00e1\u010dov alebo do skaliek.\" \/>\n<meta name=\"robots\" content=\"index, follow, max-snippet:-1, max-image-preview:large, max-video-preview:-1\" \/>\n<link rel=\"canonical\" href=\"https:\/\/www.spokojnyzajac.sk\/index.php\/produkt\/laliovka-longfields-angel\/\" \/>\n<meta property=\"og:locale\" content=\"sk_SK\" \/>\n<meta property=\"og:type\" content=\"article\" \/>\n<meta property=\"og:title\" content=\"\u013daliovka Longfields Angel - Z\u00c1HRADN\u00cdCTVO\" \/>\n<meta property=\"og:description\" content=\"\u013daliovka &quot;Longfields Angel&quot; je ni\u017e\u0161ieho vzrastu s v\u00fdrazn\u00fdmi kvetmi, ktor\u00e9 s\u00fa jedl\u00e9. Vhodn\u00e1 aj do mal\u00fdch z\u00e1hrad, do kvetin\u00e1\u010dov alebo do skaliek.\" \/>\n<meta property=\"og:url\" content=\"https:\/\/www.spokojnyzajac.sk\/index.php\/produkt\/laliovka-longfields-angel\/\" \/>\n<meta property=\"og:site_name\" content=\"Z\u00c1HRADN\u00cdCTVO\" \/>\n<meta property=\"article:publisher\" content=\"https:\/\/www.facebook.com\/spokojnyzajac\/\" \/>\n<meta property=\"article:modified_time\" content=\"2025-08-22T08:22:07+00:00\" \/>\n<meta property=\"og:image\" content=\"https:\/\/www.spokojnyzajac.sk\/wp-content\/uploads\/2023\/07\/hemerocallis-longfields-angel-02.webp\" \/>\n\t<meta property=\"og:image:width\" content=\"500\" \/>\n\t<meta property=\"og:image:height\" content=\"500\" \/>\n\t<meta property=\"og:image:type\" content=\"image\/webp\" \/>\n<meta name=\"twitter:card\" content=\"summary_large_image\" \/>\n<meta name=\"twitter:label1\" content=\"Predpokladan\u00fd \u010das \u010d\u00edtania\" \/>\n\t<meta name=\"twitter:data1\" content=\"1 min\u00fata\" \/>\n<script type=\"application\/ld+json\" class=\"yoast-schema-graph\">{\"@context\":\"https:\\\/\\\/schema.org\",\"@graph\":[{\"@type\":\"WebPage\",\"@id\":\"https:\\\/\\\/www.spokojnyzajac.sk\\\/index.php\\\/produkt\\\/laliovka-longfields-angel\\\/\",\"url\":\"https:\\\/\\\/www.spokojnyzajac.sk\\\/index.php\\\/produkt\\\/laliovka-longfields-angel\\\/\",\"name\":\"\u013daliovka Longfields Angel - Z\u00c1HRADN\u00cdCTVO\",\"isPartOf\":{\"@id\":\"https:\\\/\\\/www.spokojnyzajac.sk\\\/#website\"},\"primaryImageOfPage\":{\"@id\":\"https:\\\/\\\/www.spokojnyzajac.sk\\\/index.php\\\/produkt\\\/laliovka-longfields-angel\\\/#primaryimage\"},\"image\":{\"@id\":\"https:\\\/\\\/www.spokojnyzajac.sk\\\/index.php\\\/produkt\\\/laliovka-longfields-angel\\\/#primaryimage\"},\"thumbnailUrl\":\"https:\\\/\\\/i0.wp.com\\\/www.spokojnyzajac.sk\\\/wp-content\\\/uploads\\\/2023\\\/07\\\/hemerocallis-longfields-angel-02.webp?fit=500%2C500&ssl=1\",\"datePublished\":\"2023-07-20T06:44:52+00:00\",\"dateModified\":\"2025-08-22T08:22:07+00:00\",\"description\":\"\u013daliovka \\\"Longfields Angel\\\" je ni\u017e\u0161ieho vzrastu s v\u00fdrazn\u00fdmi kvetmi, ktor\u00e9 s\u00fa jedl\u00e9. Vhodn\u00e1 aj do mal\u00fdch z\u00e1hrad, do kvetin\u00e1\u010dov alebo do skaliek.\",\"breadcrumb\":{\"@id\":\"https:\\\/\\\/www.spokojnyzajac.sk\\\/index.php\\\/produkt\\\/laliovka-longfields-angel\\\/#breadcrumb\"},\"inLanguage\":\"sk-SK\",\"potentialAction\":[{\"@type\":\"ReadAction\",\"target\":[\"https:\\\/\\\/www.spokojnyzajac.sk\\\/index.php\\\/produkt\\\/laliovka-longfields-angel\\\/\"]}]},{\"@type\":\"ImageObject\",\"inLanguage\":\"sk-SK\",\"@id\":\"https:\\\/\\\/www.spokojnyzajac.sk\\\/index.php\\\/produkt\\\/laliovka-longfields-angel\\\/#primaryimage\",\"url\":\"https:\\\/\\\/i0.wp.com\\\/www.spokojnyzajac.sk\\\/wp-content\\\/uploads\\\/2023\\\/07\\\/hemerocallis-longfields-angel-02.webp?fit=500%2C500&ssl=1\",\"contentUrl\":\"https:\\\/\\\/i0.wp.com\\\/www.spokojnyzajac.sk\\\/wp-content\\\/uploads\\\/2023\\\/07\\\/hemerocallis-longfields-angel-02.webp?fit=500%2C500&ssl=1\",\"width\":500,\"height\":500},{\"@type\":\"BreadcrumbList\",\"@id\":\"https:\\\/\\\/www.spokojnyzajac.sk\\\/index.php\\\/produkt\\\/laliovka-longfields-angel\\\/#breadcrumb\",\"itemListElement\":[{\"@type\":\"ListItem\",\"position\":1,\"name\":\"Domovsk\u00e1 str\u00e1nka\",\"item\":\"https:\\\/\\\/www.spokojnyzajac.sk\\\/\"},{\"@type\":\"ListItem\",\"position\":2,\"name\":\"Produkty\",\"item\":\"https:\\\/\\\/www.spokojnyzajac.sk\\\/index.php\\\/obchod\\\/\"},{\"@type\":\"ListItem\",\"position\":3,\"name\":\"\u013daliovka Longfields Angel\"}]},{\"@type\":\"WebSite\",\"@id\":\"https:\\\/\\\/www.spokojnyzajac.sk\\\/#website\",\"url\":\"https:\\\/\\\/www.spokojnyzajac.sk\\\/\",\"name\":\"Z\u00e1hradn\u00edctvo\",\"description\":\"Spokojn\u00fd zajac\",\"potentialAction\":[{\"@type\":\"SearchAction\",\"target\":{\"@type\":\"EntryPoint\",\"urlTemplate\":\"https:\\\/\\\/www.spokojnyzajac.sk\\\/?s={search_term_string}\"},\"query-input\":{\"@type\":\"PropertyValueSpecification\",\"valueRequired\":true,\"valueName\":\"search_term_string\"}}],\"inLanguage\":\"sk-SK\"}]}<\/script>\n<!-- \/ Yoast SEO plugin. -->","yoast_head_json":{"title":"\u013daliovka Longfields Angel - Z\u00c1HRADN\u00cdCTVO","description":"\u013daliovka \"Longfields Angel\" je ni\u017e\u0161ieho vzrastu s v\u00fdrazn\u00fdmi kvetmi, ktor\u00e9 s\u00fa jedl\u00e9. Vhodn\u00e1 aj do mal\u00fdch z\u00e1hrad, do kvetin\u00e1\u010dov alebo do skaliek.","robots":{"index":"index","follow":"follow","max-snippet":"max-snippet:-1","max-image-preview":"max-image-preview:large","max-video-preview":"max-video-preview:-1"},"canonical":"https:\/\/www.spokojnyzajac.sk\/index.php\/produkt\/laliovka-longfields-angel\/","og_locale":"sk_SK","og_type":"article","og_title":"\u013daliovka Longfields Angel - Z\u00c1HRADN\u00cdCTVO","og_description":"\u013daliovka \"Longfields Angel\" je ni\u017e\u0161ieho vzrastu s v\u00fdrazn\u00fdmi kvetmi, ktor\u00e9 s\u00fa jedl\u00e9. Vhodn\u00e1 aj do mal\u00fdch z\u00e1hrad, do kvetin\u00e1\u010dov alebo do skaliek.","og_url":"https:\/\/www.spokojnyzajac.sk\/index.php\/produkt\/laliovka-longfields-angel\/","og_site_name":"Z\u00c1HRADN\u00cdCTVO","article_publisher":"https:\/\/www.facebook.com\/spokojnyzajac\/","article_modified_time":"2025-08-22T08:22:07+00:00","og_image":[{"width":500,"height":500,"url":"https:\/\/www.spokojnyzajac.sk\/wp-content\/uploads\/2023\/07\/hemerocallis-longfields-angel-02.webp","type":"image\/webp"}],"twitter_card":"summary_large_image","twitter_misc":{"Predpokladan\u00fd \u010das \u010d\u00edtania":"1 min\u00fata"},"schema":{"@context":"https:\/\/schema.org","@graph":[{"@type":"WebPage","@id":"https:\/\/www.spokojnyzajac.sk\/index.php\/produkt\/laliovka-longfields-angel\/","url":"https:\/\/www.spokojnyzajac.sk\/index.php\/produkt\/laliovka-longfields-angel\/","name":"\u013daliovka Longfields Angel - Z\u00c1HRADN\u00cdCTVO","isPartOf":{"@id":"https:\/\/www.spokojnyzajac.sk\/#website"},"primaryImageOfPage":{"@id":"https:\/\/www.spokojnyzajac.sk\/index.php\/produkt\/laliovka-longfields-angel\/#primaryimage"},"image":{"@id":"https:\/\/www.spokojnyzajac.sk\/index.php\/produkt\/laliovka-longfields-angel\/#primaryimage"},"thumbnailUrl":"https:\/\/i0.wp.com\/www.spokojnyzajac.sk\/wp-content\/uploads\/2023\/07\/hemerocallis-longfields-angel-02.webp?fit=500%2C500&ssl=1","datePublished":"2023-07-20T06:44:52+00:00","dateModified":"2025-08-22T08:22:07+00:00","description":"\u013daliovka \"Longfields Angel\" je ni\u017e\u0161ieho vzrastu s v\u00fdrazn\u00fdmi kvetmi, ktor\u00e9 s\u00fa jedl\u00e9. Vhodn\u00e1 aj do mal\u00fdch z\u00e1hrad, do kvetin\u00e1\u010dov alebo do skaliek.","breadcrumb":{"@id":"https:\/\/www.spokojnyzajac.sk\/index.php\/produkt\/laliovka-longfields-angel\/#breadcrumb"},"inLanguage":"sk-SK","potentialAction":[{"@type":"ReadAction","target":["https:\/\/www.spokojnyzajac.sk\/index.php\/produkt\/laliovka-longfields-angel\/"]}]},{"@type":"ImageObject","inLanguage":"sk-SK","@id":"https:\/\/www.spokojnyzajac.sk\/index.php\/produkt\/laliovka-longfields-angel\/#primaryimage","url":"https:\/\/i0.wp.com\/www.spokojnyzajac.sk\/wp-content\/uploads\/2023\/07\/hemerocallis-longfields-angel-02.webp?fit=500%2C500&ssl=1","contentUrl":"https:\/\/i0.wp.com\/www.spokojnyzajac.sk\/wp-content\/uploads\/2023\/07\/hemerocallis-longfields-angel-02.webp?fit=500%2C500&ssl=1","width":500,"height":500},{"@type":"BreadcrumbList","@id":"https:\/\/www.spokojnyzajac.sk\/index.php\/produkt\/laliovka-longfields-angel\/#breadcrumb","itemListElement":[{"@type":"ListItem","position":1,"name":"Domovsk\u00e1 str\u00e1nka","item":"https:\/\/www.spokojnyzajac.sk\/"},{"@type":"ListItem","position":2,"name":"Produkty","item":"https:\/\/www.spokojnyzajac.sk\/index.php\/obchod\/"},{"@type":"ListItem","position":3,"name":"\u013daliovka Longfields Angel"}]},{"@type":"WebSite","@id":"https:\/\/www.spokojnyzajac.sk\/#website","url":"https:\/\/www.spokojnyzajac.sk\/","name":"Z\u00e1hradn\u00edctvo","description":"Spokojn\u00fd zajac","potentialAction":[{"@type":"SearchAction","target":{"@type":"EntryPoint","urlTemplate":"https:\/\/www.spokojnyzajac.sk\/?s={search_term_string}"},"query-input":{"@type":"PropertyValueSpecification","valueRequired":true,"valueName":"search_term_string"}}],"inLanguage":"sk-SK"}]}},"jetpack_sharing_enabled":true,"_links":{"self":[{"href":"https:\/\/www.spokojnyzajac.sk\/index.php\/wp-json\/wp\/v2\/product\/429","targetHints":{"allow":["GET"]}}],"collection":[{"href":"https:\/\/www.spokojnyzajac.sk\/index.php\/wp-json\/wp\/v2\/product"}],"about":[{"href":"https:\/\/www.spokojnyzajac.sk\/index.php\/wp-json\/wp\/v2\/types\/product"}],"replies":[{"embeddable":true,"href":"https:\/\/www.spokojnyzajac.sk\/index.php\/wp-json\/wp\/v2\/comments?post=429"}],"wp:featuredmedia":[{"embeddable":true,"href":"https:\/\/www.spokojnyzajac.sk\/index.php\/wp-json\/wp\/v2\/media\/1151"}],"wp:attachment":[{"href":"https:\/\/www.spokojnyzajac.sk\/index.php\/wp-json\/wp\/v2\/media?parent=429"}],"wp:term":[{"taxonomy":"product_brand","embeddable":true,"href":"https:\/\/www.spokojnyzajac.sk\/index.php\/wp-json\/wp\/v2\/product_brand?post=429"},{"taxonomy":"product_cat","embeddable":true,"href":"https:\/\/www.spokojnyzajac.sk\/index.php\/wp-json\/wp\/v2\/product_cat?post=429"},{"taxonomy":"product_tag","embeddable":true,"href":"https:\/\/www.spokojnyzajac.sk\/index.php\/wp-json\/wp\/v2\/product_tag?post=429"}],"curies":[{"name":"wp","href":"https:\/\/api.w.org\/{rel}","templated":true}]}}