{"id":3106,"date":"2026-01-26T11:16:03","date_gmt":"2026-01-26T11:16:03","guid":{"rendered":"https:\/\/www.spokojnyzajac.sk\/?post_type=product&#038;p=3106"},"modified":"2026-03-11T09:43:14","modified_gmt":"2026-03-11T09:43:14","slug":"cucoriedka-kanadska-polaris","status":"publish","type":"product","link":"https:\/\/www.spokojnyzajac.sk\/index.php\/produkt\/cucoriedka-kanadska-polaris\/","title":{"rendered":"\u010cu\u010doriedka kanadsk\u00e1 &#8218;Polaris&#8216;"},"content":{"rendered":"<p data-path-to-node=\"6\"><b data-path-to-node=\"6\" data-index-in-node=\"0\">\u010cu\u010doriedka kanadsk\u00e1 &#8218;Polaris&#8216;<\/b> (<i data-path-to-node=\"6\" data-index-in-node=\"31\">Vaccinium corymbosum x V. angustifolium<\/i>) je unik\u00e1tny kr\u00ed\u017eenec \u0161peci\u00e1lne vy\u0161\u013eachten\u00fd na University of Minnesota pre extr\u00e9mne klimatick\u00e9 podmienky. T\u00e1to odroda patr\u00ed do skupiny tzv. &#8222;Half-high&#8220; \u010du\u010doriedok, \u010do znamen\u00e1, \u017ee v sebe sp\u00e1ja robustnos\u0165 a kvalitu plodov kanadskej \u010du\u010doriedky s extr\u00e9mnou mrazuvzdornos\u0165ou divej \u010du\u010doriedky \u00fazkolistej.<\/p>\n<h3 data-path-to-node=\"7\"><b data-path-to-node=\"7\" data-index-in-node=\"0\">Botanick\u00e9 a pestovate\u013esk\u00e9 charakteristiky:<\/b><\/h3>\n<ul data-path-to-node=\"8\">\n<li>\n<p data-path-to-node=\"8,0,0\"><b data-path-to-node=\"8,0,0\" data-index-in-node=\"0\">Plody a ar\u00f3ma:<\/b> Bobule s\u00fa stredne ve\u013ek\u00e9, pevn\u00e9, ve\u013emi svetlomodrej farby. Ich najv\u00e4\u010d\u0161ou prednos\u0165ou je <b data-path-to-node=\"8,0,0\" data-index-in-node=\"101\">vysoko aromatick\u00e1 chu\u0165<\/b>, ktor\u00e1 je v porovnan\u00ed s be\u017en\u00fdmi ve\u013ekoplod\u00fdmi odrodami ove\u013ea intenz\u00edvnej\u0161ia a pripom\u00edna divo rast\u00face lesn\u00e9 \u010du\u010doriedky.<\/p>\n<\/li>\n<li>\n<p data-path-to-node=\"8,1,0\"><b data-path-to-node=\"8,1,0\" data-index-in-node=\"0\">Rast a habitus:<\/b> Ker rastie kompaktne a dosahuje v\u00fd\u0161ku len <span class=\"math-inline\" data-math=\"1\" data-index-in-node=\"58\">1<\/span> a\u017e <span class=\"math-inline\" data-math=\"1,2\" data-index-in-node=\"63\">1,2<\/span>\u00a0metra. V\u010faka svojmu ni\u017e\u0161iemu vzrastu je v zime \u010dasto \u00faplne chr\u00e1nen\u00fd snehovou prikr\u00fdvkou, \u010do e\u0161te viac zvy\u0161uje jeho schopnos\u0165 pre\u017ei\u0165 v extr\u00e9mnych mrazoch.<\/p>\n<\/li>\n<li>\n<p data-path-to-node=\"8,2,0\"><b data-path-to-node=\"8,2,0\" data-index-in-node=\"0\">Mrazuvzdornos\u0165:<\/b> &#8218;Polaris&#8216; bezpe\u010dne odol\u00e1va teplot\u00e1m a\u017e do <b data-path-to-node=\"8,2,0\" data-index-in-node=\"58\">-35 \u00b0C a\u017e -40 \u00b0C<\/b>, \u010do z neho rob\u00ed jednu z najodolnej\u0161\u00edch odr\u00f4d na svetovom trhu.<\/p>\n<\/li>\n<li>\n<p data-path-to-node=\"8,3,0\"><b data-path-to-node=\"8,3,0\" data-index-in-node=\"0\">Doba zberu:<\/b> Ide o skor\u00fa odrodu, plody dozrievaj\u00fa u\u017e v priebehu j\u00fala, \u010d\u00edm zabezpe\u010duje skor\u00fd pr\u00edsun vitam\u00ednov.<\/p>\n<\/li>\n<\/ul>\n<h3 data-path-to-node=\"9\"><b data-path-to-node=\"9\" data-index-in-node=\"0\">Benefity pre rastlinu a pestovate\u013ea:<\/b><\/h3>\n<ul data-path-to-node=\"10\">\n<li>\n<p data-path-to-node=\"10,0,0\"><b data-path-to-node=\"10,0,0\" data-index-in-node=\"0\">Ide\u00e1lna pre mal\u00e9 z\u00e1hrady a kvetin\u00e1\u010de:<\/b> V\u010faka kompaktn\u00e9mu vzrastu je &#8218;Polaris&#8216; perfektnou vo\u013ebou pre pestovanie na teras\u00e1ch, balk\u00f3noch alebo v mal\u00fdch mestsk\u00fdch z\u00e1hradk\u00e1ch.<\/p>\n<\/li>\n<li>\n<p data-path-to-node=\"10,1,0\"><b data-path-to-node=\"10,1,0\" data-index-in-node=\"0\">Vynikaj\u00faci ope\u013eova\u010d:<\/b> Pre zabezpe\u010denie maxim\u00e1lnej \u00farody sa odpor\u00fa\u010da sadi\u0165 spolu s inou odrodou typu &#8222;half-high&#8220; (napr. &#8218;Northblue&#8216;), \u010d\u00edm sa v\u00fdrazne zv\u00fd\u0161i ve\u013ekos\u0165 plodov.<\/p>\n<\/li>\n<li>\n<p data-path-to-node=\"10,2,0\"><b data-path-to-node=\"10,2,0\" data-index-in-node=\"0\">Odolnos\u0165 vo\u010di vetru:<\/b> Ni\u017e\u0161\u00ed a pevnej\u0161\u00ed habitus lep\u0161ie odol\u00e1va n\u00e1razov\u00e9mu vetru, ktor\u00fd je typick\u00fd pre podhorsk\u00e9 oblasti severn\u00e9ho Slovenska.<\/p>\n<\/li>\n<\/ul>\n","protected":false},"excerpt":{"rendered":"<p data-path-to-node=\"13\">\u010cu\u010doriedka &#8218;Polaris&#8216; je \u0161ampi\u00f3nom v mrazuvzdornosti, stvoren\u00e1 pre najchladnej\u0161ie oblasti Slovenska. Pon\u00faka kompaktn\u00fd vzrast vhodn\u00fd aj do kvetin\u00e1\u010dov a plody s neprekonate\u013enou ar\u00f3mou div\u00fdch lesn\u00fdch \u010du\u010doriedok. Je to ide\u00e1lna vo\u013eba pre ka\u017ed\u00e9ho, kto h\u013ead\u00e1 nen\u00e1ro\u010dn\u00fd ker s bohatou \u00farodou aj v n\u00e1ro\u010dn\u00fdch podmienkach.<\/p>\n<p data-path-to-node=\"14\"><b data-path-to-node=\"14\" data-index-in-node=\"0\">Doru\u010dujeme len v okresoch PP, KK, BR, SNV.<\/b><\/p>\n","protected":false},"featured_media":1483,"comment_status":"open","ping_status":"closed","template":"","meta":{"_monsterinsights_skip_tracking":false,"_monsterinsights_sitenote_active":false,"_monsterinsights_sitenote_note":"","_monsterinsights_sitenote_category":0},"product_brand":[],"product_cat":[91,53,132,40,16],"product_tag":[],"class_list":{"0":"post-3106","1":"product","2":"type-product","3":"status-publish","4":"has-post-thumbnail","6":"product_cat-cucoriedky-kanadske","7":"product_cat-drobne-ovocie","8":"product_cat-kriky","9":"product_cat-okrasne-dreviny","10":"product_cat-zive-rastliny","12":"first","13":"outofstock","14":"taxable","15":"shipping-taxable","16":"purchasable","17":"product-type-simple"},"yoast_head":"<!-- This site is optimized with the Yoast SEO plugin v27.5 - https:\/\/yoast.com\/product\/yoast-seo-wordpress\/ -->\n<title>\u010cu\u010doriedka kanadsk\u00e1 &#039;Polaris&#039; - Z\u00c1HRADN\u00cdCTVO - doprava zdarma<\/title>\n<meta name=\"description\" content=\"\u010cu\u010doriedka &#039;Polaris&#039; \u2013 mrazuvzdorn\u00e1 do -40 \u00b0C! Kompaktn\u00fd vzrast, chu\u0165 lesn\u00fdch plodov a skor\u00fd zber. Ide\u00e1lna pre Tatry a Spi\u0161. Objednajte si odoln\u00e9 sadenice!\" \/>\n<meta name=\"robots\" content=\"index, follow, max-snippet:-1, max-image-preview:large, max-video-preview:-1\" \/>\n<link rel=\"canonical\" href=\"https:\/\/www.spokojnyzajac.sk\/index.php\/produkt\/cucoriedka-kanadska-polaris\/\" \/>\n<meta property=\"og:locale\" content=\"sk_SK\" \/>\n<meta property=\"og:type\" content=\"article\" \/>\n<meta property=\"og:title\" content=\"\u010cu\u010doriedka kanadsk\u00e1 &#039;Polaris&#039; - Z\u00c1HRADN\u00cdCTVO - doprava zdarma\" \/>\n<meta property=\"og:description\" content=\"\u010cu\u010doriedka &#039;Polaris&#039; \u2013 mrazuvzdorn\u00e1 do -40 \u00b0C! Kompaktn\u00fd vzrast, chu\u0165 lesn\u00fdch plodov a skor\u00fd zber. Ide\u00e1lna pre Tatry a Spi\u0161. Objednajte si odoln\u00e9 sadenice!\" \/>\n<meta property=\"og:url\" content=\"https:\/\/www.spokojnyzajac.sk\/index.php\/produkt\/cucoriedka-kanadska-polaris\/\" \/>\n<meta property=\"og:site_name\" content=\"Z\u00c1HRADN\u00cdCTVO\" \/>\n<meta property=\"article:publisher\" content=\"https:\/\/www.facebook.com\/spokojnyzajac\/\" \/>\n<meta property=\"article:modified_time\" content=\"2026-03-11T09:43:14+00:00\" \/>\n<meta property=\"og:image\" content=\"https:\/\/www.spokojnyzajac.sk\/wp-content\/uploads\/2024\/04\/chuchoriedka-bluegold_1.webp\" \/>\n\t<meta property=\"og:image:width\" content=\"500\" \/>\n\t<meta property=\"og:image:height\" content=\"500\" \/>\n\t<meta property=\"og:image:type\" content=\"image\/webp\" \/>\n<meta name=\"twitter:card\" content=\"summary_large_image\" \/>\n<meta name=\"twitter:label1\" content=\"Predpokladan\u00fd \u010das \u010d\u00edtania\" \/>\n\t<meta name=\"twitter:data1\" content=\"2 min\u00faty\" \/>\n<script type=\"application\/ld+json\" class=\"yoast-schema-graph\">{\"@context\":\"https:\\\/\\\/schema.org\",\"@graph\":[{\"@type\":\"WebPage\",\"@id\":\"https:\\\/\\\/www.spokojnyzajac.sk\\\/index.php\\\/produkt\\\/cucoriedka-kanadska-polaris\\\/\",\"url\":\"https:\\\/\\\/www.spokojnyzajac.sk\\\/index.php\\\/produkt\\\/cucoriedka-kanadska-polaris\\\/\",\"name\":\"\u010cu\u010doriedka kanadsk\u00e1 'Polaris' - Z\u00c1HRADN\u00cdCTVO - doprava zdarma\",\"isPartOf\":{\"@id\":\"https:\\\/\\\/www.spokojnyzajac.sk\\\/#website\"},\"primaryImageOfPage\":{\"@id\":\"https:\\\/\\\/www.spokojnyzajac.sk\\\/index.php\\\/produkt\\\/cucoriedka-kanadska-polaris\\\/#primaryimage\"},\"image\":{\"@id\":\"https:\\\/\\\/www.spokojnyzajac.sk\\\/index.php\\\/produkt\\\/cucoriedka-kanadska-polaris\\\/#primaryimage\"},\"thumbnailUrl\":\"https:\\\/\\\/i0.wp.com\\\/www.spokojnyzajac.sk\\\/wp-content\\\/uploads\\\/2024\\\/04\\\/chuchoriedka-bluegold_1.webp?fit=500%2C500&ssl=1\",\"datePublished\":\"2026-01-26T11:16:03+00:00\",\"dateModified\":\"2026-03-11T09:43:14+00:00\",\"description\":\"\u010cu\u010doriedka 'Polaris' \u2013 mrazuvzdorn\u00e1 do -40 \u00b0C! Kompaktn\u00fd vzrast, chu\u0165 lesn\u00fdch plodov a skor\u00fd zber. Ide\u00e1lna pre Tatry a Spi\u0161. Objednajte si odoln\u00e9 sadenice!\",\"breadcrumb\":{\"@id\":\"https:\\\/\\\/www.spokojnyzajac.sk\\\/index.php\\\/produkt\\\/cucoriedka-kanadska-polaris\\\/#breadcrumb\"},\"inLanguage\":\"sk-SK\",\"potentialAction\":[{\"@type\":\"ReadAction\",\"target\":[\"https:\\\/\\\/www.spokojnyzajac.sk\\\/index.php\\\/produkt\\\/cucoriedka-kanadska-polaris\\\/\"]}]},{\"@type\":\"ImageObject\",\"inLanguage\":\"sk-SK\",\"@id\":\"https:\\\/\\\/www.spokojnyzajac.sk\\\/index.php\\\/produkt\\\/cucoriedka-kanadska-polaris\\\/#primaryimage\",\"url\":\"https:\\\/\\\/i0.wp.com\\\/www.spokojnyzajac.sk\\\/wp-content\\\/uploads\\\/2024\\\/04\\\/chuchoriedka-bluegold_1.webp?fit=500%2C500&ssl=1\",\"contentUrl\":\"https:\\\/\\\/i0.wp.com\\\/www.spokojnyzajac.sk\\\/wp-content\\\/uploads\\\/2024\\\/04\\\/chuchoriedka-bluegold_1.webp?fit=500%2C500&ssl=1\",\"width\":500,\"height\":500},{\"@type\":\"BreadcrumbList\",\"@id\":\"https:\\\/\\\/www.spokojnyzajac.sk\\\/index.php\\\/produkt\\\/cucoriedka-kanadska-polaris\\\/#breadcrumb\",\"itemListElement\":[{\"@type\":\"ListItem\",\"position\":1,\"name\":\"Domovsk\u00e1 str\u00e1nka\",\"item\":\"https:\\\/\\\/www.spokojnyzajac.sk\\\/\"},{\"@type\":\"ListItem\",\"position\":2,\"name\":\"Produkty\",\"item\":\"https:\\\/\\\/www.spokojnyzajac.sk\\\/index.php\\\/obchod\\\/\"},{\"@type\":\"ListItem\",\"position\":3,\"name\":\"\u010cu\u010doriedka kanadsk\u00e1 &#8218;Polaris&#8216;\"}]},{\"@type\":\"WebSite\",\"@id\":\"https:\\\/\\\/www.spokojnyzajac.sk\\\/#website\",\"url\":\"https:\\\/\\\/www.spokojnyzajac.sk\\\/\",\"name\":\"Z\u00e1hradn\u00edctvo\",\"description\":\"Spokojn\u00fd zajac\",\"potentialAction\":[{\"@type\":\"SearchAction\",\"target\":{\"@type\":\"EntryPoint\",\"urlTemplate\":\"https:\\\/\\\/www.spokojnyzajac.sk\\\/?s={search_term_string}\"},\"query-input\":{\"@type\":\"PropertyValueSpecification\",\"valueRequired\":true,\"valueName\":\"search_term_string\"}}],\"inLanguage\":\"sk-SK\"}]}<\/script>\n<!-- \/ Yoast SEO plugin. -->","yoast_head_json":{"title":"\u010cu\u010doriedka kanadsk\u00e1 'Polaris' - Z\u00c1HRADN\u00cdCTVO - doprava zdarma","description":"\u010cu\u010doriedka 'Polaris' \u2013 mrazuvzdorn\u00e1 do -40 \u00b0C! Kompaktn\u00fd vzrast, chu\u0165 lesn\u00fdch plodov a skor\u00fd zber. Ide\u00e1lna pre Tatry a Spi\u0161. Objednajte si odoln\u00e9 sadenice!","robots":{"index":"index","follow":"follow","max-snippet":"max-snippet:-1","max-image-preview":"max-image-preview:large","max-video-preview":"max-video-preview:-1"},"canonical":"https:\/\/www.spokojnyzajac.sk\/index.php\/produkt\/cucoriedka-kanadska-polaris\/","og_locale":"sk_SK","og_type":"article","og_title":"\u010cu\u010doriedka kanadsk\u00e1 'Polaris' - Z\u00c1HRADN\u00cdCTVO - doprava zdarma","og_description":"\u010cu\u010doriedka 'Polaris' \u2013 mrazuvzdorn\u00e1 do -40 \u00b0C! Kompaktn\u00fd vzrast, chu\u0165 lesn\u00fdch plodov a skor\u00fd zber. Ide\u00e1lna pre Tatry a Spi\u0161. Objednajte si odoln\u00e9 sadenice!","og_url":"https:\/\/www.spokojnyzajac.sk\/index.php\/produkt\/cucoriedka-kanadska-polaris\/","og_site_name":"Z\u00c1HRADN\u00cdCTVO","article_publisher":"https:\/\/www.facebook.com\/spokojnyzajac\/","article_modified_time":"2026-03-11T09:43:14+00:00","og_image":[{"width":500,"height":500,"url":"https:\/\/www.spokojnyzajac.sk\/wp-content\/uploads\/2024\/04\/chuchoriedka-bluegold_1.webp","type":"image\/webp"}],"twitter_card":"summary_large_image","twitter_misc":{"Predpokladan\u00fd \u010das \u010d\u00edtania":"2 min\u00faty"},"schema":{"@context":"https:\/\/schema.org","@graph":[{"@type":"WebPage","@id":"https:\/\/www.spokojnyzajac.sk\/index.php\/produkt\/cucoriedka-kanadska-polaris\/","url":"https:\/\/www.spokojnyzajac.sk\/index.php\/produkt\/cucoriedka-kanadska-polaris\/","name":"\u010cu\u010doriedka kanadsk\u00e1 'Polaris' - Z\u00c1HRADN\u00cdCTVO - doprava zdarma","isPartOf":{"@id":"https:\/\/www.spokojnyzajac.sk\/#website"},"primaryImageOfPage":{"@id":"https:\/\/www.spokojnyzajac.sk\/index.php\/produkt\/cucoriedka-kanadska-polaris\/#primaryimage"},"image":{"@id":"https:\/\/www.spokojnyzajac.sk\/index.php\/produkt\/cucoriedka-kanadska-polaris\/#primaryimage"},"thumbnailUrl":"https:\/\/i0.wp.com\/www.spokojnyzajac.sk\/wp-content\/uploads\/2024\/04\/chuchoriedka-bluegold_1.webp?fit=500%2C500&ssl=1","datePublished":"2026-01-26T11:16:03+00:00","dateModified":"2026-03-11T09:43:14+00:00","description":"\u010cu\u010doriedka 'Polaris' \u2013 mrazuvzdorn\u00e1 do -40 \u00b0C! Kompaktn\u00fd vzrast, chu\u0165 lesn\u00fdch plodov a skor\u00fd zber. Ide\u00e1lna pre Tatry a Spi\u0161. Objednajte si odoln\u00e9 sadenice!","breadcrumb":{"@id":"https:\/\/www.spokojnyzajac.sk\/index.php\/produkt\/cucoriedka-kanadska-polaris\/#breadcrumb"},"inLanguage":"sk-SK","potentialAction":[{"@type":"ReadAction","target":["https:\/\/www.spokojnyzajac.sk\/index.php\/produkt\/cucoriedka-kanadska-polaris\/"]}]},{"@type":"ImageObject","inLanguage":"sk-SK","@id":"https:\/\/www.spokojnyzajac.sk\/index.php\/produkt\/cucoriedka-kanadska-polaris\/#primaryimage","url":"https:\/\/i0.wp.com\/www.spokojnyzajac.sk\/wp-content\/uploads\/2024\/04\/chuchoriedka-bluegold_1.webp?fit=500%2C500&ssl=1","contentUrl":"https:\/\/i0.wp.com\/www.spokojnyzajac.sk\/wp-content\/uploads\/2024\/04\/chuchoriedka-bluegold_1.webp?fit=500%2C500&ssl=1","width":500,"height":500},{"@type":"BreadcrumbList","@id":"https:\/\/www.spokojnyzajac.sk\/index.php\/produkt\/cucoriedka-kanadska-polaris\/#breadcrumb","itemListElement":[{"@type":"ListItem","position":1,"name":"Domovsk\u00e1 str\u00e1nka","item":"https:\/\/www.spokojnyzajac.sk\/"},{"@type":"ListItem","position":2,"name":"Produkty","item":"https:\/\/www.spokojnyzajac.sk\/index.php\/obchod\/"},{"@type":"ListItem","position":3,"name":"\u010cu\u010doriedka kanadsk\u00e1 &#8218;Polaris&#8216;"}]},{"@type":"WebSite","@id":"https:\/\/www.spokojnyzajac.sk\/#website","url":"https:\/\/www.spokojnyzajac.sk\/","name":"Z\u00e1hradn\u00edctvo","description":"Spokojn\u00fd zajac","potentialAction":[{"@type":"SearchAction","target":{"@type":"EntryPoint","urlTemplate":"https:\/\/www.spokojnyzajac.sk\/?s={search_term_string}"},"query-input":{"@type":"PropertyValueSpecification","valueRequired":true,"valueName":"search_term_string"}}],"inLanguage":"sk-SK"}]}},"jetpack_sharing_enabled":true,"_links":{"self":[{"href":"https:\/\/www.spokojnyzajac.sk\/index.php\/wp-json\/wp\/v2\/product\/3106","targetHints":{"allow":["GET"]}}],"collection":[{"href":"https:\/\/www.spokojnyzajac.sk\/index.php\/wp-json\/wp\/v2\/product"}],"about":[{"href":"https:\/\/www.spokojnyzajac.sk\/index.php\/wp-json\/wp\/v2\/types\/product"}],"replies":[{"embeddable":true,"href":"https:\/\/www.spokojnyzajac.sk\/index.php\/wp-json\/wp\/v2\/comments?post=3106"}],"wp:featuredmedia":[{"embeddable":true,"href":"https:\/\/www.spokojnyzajac.sk\/index.php\/wp-json\/wp\/v2\/media\/1483"}],"wp:attachment":[{"href":"https:\/\/www.spokojnyzajac.sk\/index.php\/wp-json\/wp\/v2\/media?parent=3106"}],"wp:term":[{"taxonomy":"product_brand","embeddable":true,"href":"https:\/\/www.spokojnyzajac.sk\/index.php\/wp-json\/wp\/v2\/product_brand?post=3106"},{"taxonomy":"product_cat","embeddable":true,"href":"https:\/\/www.spokojnyzajac.sk\/index.php\/wp-json\/wp\/v2\/product_cat?post=3106"},{"taxonomy":"product_tag","embeddable":true,"href":"https:\/\/www.spokojnyzajac.sk\/index.php\/wp-json\/wp\/v2\/product_tag?post=3106"}],"curies":[{"name":"wp","href":"https:\/\/api.w.org\/{rel}","templated":true}]}}