{"id":3033,"date":"2026-01-19T10:04:19","date_gmt":"2026-01-19T10:04:19","guid":{"rendered":"https:\/\/www.spokojnyzajac.sk\/?post_type=product&#038;p=3033"},"modified":"2026-01-19T10:07:22","modified_gmt":"2026-01-19T10:07:22","slug":"ruza-barkarola","status":"publish","type":"product","link":"https:\/\/www.spokojnyzajac.sk\/index.php\/produkt\/ruza-barkarola\/","title":{"rendered":"Ru\u017ea Barkarola"},"content":{"rendered":"<p data-path-to-node=\"12\">Ru\u017ea <b data-path-to-node=\"12\" data-index-in-node=\"5\">&#8218;Barkarola&#8216;<\/b> bola uveden\u00e1 na trh v roku 1987 spolo\u010dnos\u0165ou <b data-path-to-node=\"12\" data-index-in-node=\"62\">Rosen Tantau<\/b>. Patr\u00ed k vrcholn\u00fdm \u00faspechom v \u0161\u013eachten\u00ed tmavo\u010derven\u00fdch ru\u017e\u00ed. Jej genetick\u00fd z\u00e1klad zabezpe\u010duje unik\u00e1tny vizu\u00e1lny efekt \u2013 tzv. &#8222;zamatov\u00fd lesk&#8220; okvetn\u00fdch l\u00edstkov, ktor\u00fd pri\u0165ahuje pozornos\u0165 v ka\u017edom z\u00e1hone aj kytici.<\/p>\n<h3 data-path-to-node=\"13\">Morfol\u00f3gia a rast<\/h3>\n<p data-path-to-node=\"14\">Kr\u00edk rastie vzpriamene a harmonicky. Charakteristick\u00fdm znakom tejto odrody s\u00fa mlad\u00e9 v\u00fdhony a listy, ktor\u00e9 maj\u00fa v po\u010diato\u010dnej f\u00e1ze tmavo\u010derven\u00fd a\u017e bronzov\u00fd n\u00e1dych, \u010d\u00edm esteticky dop\u013a\u0148aj\u00fa tmav\u00fa farbu kvetov.<\/p>\n<h3 data-path-to-node=\"15\">Technick\u00e9 parametre<\/h3>\n<table data-path-to-node=\"16\">\n<thead>\n<tr>\n<td><strong>Vlastnos\u0165<\/strong><\/td>\n<td><strong>\u0160pecifik\u00e1cia<\/strong><\/td>\n<\/tr>\n<\/thead>\n<tbody>\n<tr>\n<td><span data-path-to-node=\"16,1,0,0\"><b data-path-to-node=\"16,1,0,0\" data-index-in-node=\"0\">Typ<\/b><\/span><\/td>\n<td><span data-path-to-node=\"16,1,1,0\">\u010cajohybrid (Hybrid Tea)<\/span><\/td>\n<\/tr>\n<tr>\n<td><span data-path-to-node=\"16,2,0,0\"><b data-path-to-node=\"16,2,0,0\" data-index-in-node=\"0\">V\u00fd\u0161ka<\/b><\/span><\/td>\n<td><span data-path-to-node=\"16,2,1,0\">80 \u2013 100 cm (v dobr\u00fdch podmienkach aj viac)<\/span><\/td>\n<\/tr>\n<tr>\n<td><span data-path-to-node=\"16,3,0,0\"><b data-path-to-node=\"16,3,0,0\" data-index-in-node=\"0\">\u0160\u00edrka<\/b><\/span><\/td>\n<td><span data-path-to-node=\"16,3,1,0\">40 \u2013 50 cm<\/span><\/td>\n<\/tr>\n<tr>\n<td><span data-path-to-node=\"16,4,0,0\"><b data-path-to-node=\"16,4,0,0\" data-index-in-node=\"0\">Kvet<\/b><\/span><\/td>\n<td><span data-path-to-node=\"16,4,1,0\">Temne \u010derven\u00fd, zamatov\u00fd, cca 10-12 cm<\/span><\/td>\n<\/tr>\n<tr>\n<td><span data-path-to-node=\"16,5,0,0\"><b data-path-to-node=\"16,5,0,0\" data-index-in-node=\"0\">V\u00f4\u0148a<\/b><\/span><\/td>\n<td><span data-path-to-node=\"16,5,1,0\">Jemn\u00e1, decentn\u00e1 (Light scent)<\/span><\/td>\n<\/tr>\n<tr>\n<td><span data-path-to-node=\"16,6,0,0\"><b data-path-to-node=\"16,6,0,0\" data-index-in-node=\"0\">Mrazuvzdornos\u0165<\/b><\/span><\/td>\n<td><span data-path-to-node=\"16,6,1,0\">USDA z\u00f3na 6b (-20 \u00b0C)<\/span><\/td>\n<\/tr>\n<tr>\n<td><span data-path-to-node=\"16,7,0,0\"><b data-path-to-node=\"16,7,0,0\" data-index-in-node=\"0\">Odolnos\u0165 &#8211; Choroby<\/b><\/span><\/td>\n<td><span data-path-to-node=\"16,7,1,0\">Dobr\u00e1 (vy\u017eaduje \u0161tandardn\u00fa prevenciu)<\/span><\/td>\n<\/tr>\n<\/tbody>\n<\/table>\n<h3 data-path-to-node=\"17\">Pestovate\u013esk\u00e9 odpor\u00fa\u010dania (Retail &amp; Garden)<\/h3>\n<p data-path-to-node=\"18\">Na z\u00e1klade priemyseln\u00fdch sk\u00fasenost\u00ed <i data-path-to-node=\"18\" data-index-in-node=\"36\">Rosen Tantau<\/i> a metodiky <i data-path-to-node=\"18\" data-index-in-node=\"60\">MSU Extension<\/i>:<\/p>\n<ol start=\"1\" data-path-to-node=\"19\">\n<li>\n<p data-path-to-node=\"19,0,0\"><b data-path-to-node=\"19,0,0\" data-index-in-node=\"0\">Stanovisko:<\/b> Vy\u017eaduje pln\u00e9 slnko. Zauj\u00edmavos\u0165ou je, \u017ee jej tmavo\u010derven\u00e9 pigmenty s\u00fa ve\u013emi stabiln\u00e9 a na rozdiel od in\u00fdch \u010derven\u00fdch ru\u017e\u00ed maj\u00fa vysok\u00fa odolnos\u0165 vo\u010di &#8222;sp\u00e1leniu&#8220; okrajov l\u00edstkov od slnka.<\/p>\n<\/li>\n<li>\n<p data-path-to-node=\"19,1,0\"><b data-path-to-node=\"19,1,0\" data-index-in-node=\"0\">Rez:<\/b> Pre z\u00edskanie dlh\u00fdch stoniek na rez je potrebn\u00fd siln\u00fd jarn\u00fd rez. Odstra\u0148ovanie bo\u010dn\u00fdch p\u00fa\u010dikov (disbudding) podpor\u00ed v\u00fdvoj jedn\u00e9ho dominantn\u00e9ho, ve\u013ek\u00e9ho kvetu na stonke.<\/p>\n<\/li>\n<li>\n<p data-path-to-node=\"19,2,0\"><b data-path-to-node=\"19,2,0\" data-index-in-node=\"0\">Prevencia:<\/b> Odpor\u00fa\u010dame dba\u0165 na prevent\u00edvnu ochranu proti \u010diernej \u0161kvrnitosti, najm\u00e4 v da\u017ediv\u00fdch let\u00e1ch, aby si rastlina udr\u017eala svoju vitalitu.<\/p>\n<\/li>\n<\/ol>\n","protected":false},"excerpt":{"rendered":"<p><b data-path-to-node=\"7\" data-index-in-node=\"0\">&#8218;Barkarola&#8216;<\/b> je aristokratka medzi \u010dajohybridmi z dielne nemeck\u00e9ho \u0161\u013eachtite\u013ea <b data-path-to-node=\"7\" data-index-in-node=\"78\">Tantau<\/b>. Je presl\u00e1ven\u00e1 svojimi fascinuj\u00facimi p\u00fa\u010dikmi, ktor\u00e9 s\u00fa v \u0161t\u00e1diu zrodu takmer \u010dierne. Po rozkvete sa menia na ve\u013ek\u00e9, zamatovo tmavo\u010derven\u00e9 kvety s vysok\u00fdm stredom, ktor\u00e9 si zachov\u00e1vaj\u00fa svoju s\u00fdtu farbu aj na priamom slnku. V\u010faka dlh\u00fdm, siln\u00fdm stonk\u00e1m a u\u0161\u013eachtil\u00e9mu tvaru kvetu je pova\u017eovan\u00e1 za jednu z najlep\u0161\u00edch svetov\u00fdch odr\u00f4d na rez. Do z\u00e1hrady prin\u00e1\u0161a n\u00e1dych luxusu a klasickej elegancie.<\/p>\n<p>Doru\u010dujeme len v okresoch PP, KK, BR, SNV.<\/p>\n","protected":false},"featured_media":1251,"comment_status":"open","ping_status":"closed","template":"","meta":{"_monsterinsights_skip_tracking":false,"_monsterinsights_sitenote_active":false,"_monsterinsights_sitenote_note":"","_monsterinsights_sitenote_category":0},"product_brand":[],"product_cat":[138,82,16],"product_tag":[],"class_list":{"0":"post-3033","1":"product","2":"type-product","3":"status-publish","4":"has-post-thumbnail","6":"product_cat-krikove","7":"product_cat-ruze","8":"product_cat-zive-rastliny","10":"first","11":"instock","12":"taxable","13":"shipping-taxable","14":"purchasable","15":"product-type-simple"},"yoast_head":"<!-- This site is optimized with the Yoast SEO plugin v27.5 - https:\/\/yoast.com\/product\/yoast-seo-wordpress\/ -->\n<title>Ru\u017ea Barkarola - Z\u00c1HRADN\u00cdCTVO<\/title>\n<meta name=\"description\" content=\"Ru\u017ea Barkarola: Legend\u00e1rny \u010dajohybrid s takmer \u010diernymi p\u00fa\u010dikmi a zamatovo \u010derven\u00fdmi kvetmi. Elegantn\u00fd vzrast a dlh\u00e9 stonky ide\u00e1lne na rez. Nakupujte online!\" \/>\n<meta name=\"robots\" content=\"index, follow, max-snippet:-1, max-image-preview:large, max-video-preview:-1\" \/>\n<link rel=\"canonical\" href=\"https:\/\/www.spokojnyzajac.sk\/index.php\/produkt\/ruza-barkarola\/\" \/>\n<meta property=\"og:locale\" content=\"sk_SK\" \/>\n<meta property=\"og:type\" content=\"article\" \/>\n<meta property=\"og:title\" content=\"Ru\u017ea Barkarola - Z\u00c1HRADN\u00cdCTVO\" \/>\n<meta property=\"og:description\" content=\"Ru\u017ea Barkarola: Legend\u00e1rny \u010dajohybrid s takmer \u010diernymi p\u00fa\u010dikmi a zamatovo \u010derven\u00fdmi kvetmi. Elegantn\u00fd vzrast a dlh\u00e9 stonky ide\u00e1lne na rez. Nakupujte online!\" \/>\n<meta property=\"og:url\" content=\"https:\/\/www.spokojnyzajac.sk\/index.php\/produkt\/ruza-barkarola\/\" \/>\n<meta property=\"og:site_name\" content=\"Z\u00c1HRADN\u00cdCTVO\" \/>\n<meta property=\"article:publisher\" content=\"https:\/\/www.facebook.com\/spokojnyzajac\/\" \/>\n<meta property=\"article:modified_time\" content=\"2026-01-19T10:07:22+00:00\" \/>\n<meta property=\"og:image\" content=\"https:\/\/www.spokojnyzajac.sk\/wp-content\/uploads\/2024\/02\/Barkarola01.webp\" \/>\n\t<meta property=\"og:image:width\" content=\"500\" \/>\n\t<meta property=\"og:image:height\" content=\"500\" \/>\n\t<meta property=\"og:image:type\" content=\"image\/webp\" \/>\n<meta name=\"twitter:card\" content=\"summary_large_image\" \/>\n<meta name=\"twitter:label1\" content=\"Predpokladan\u00fd \u010das \u010d\u00edtania\" \/>\n\t<meta name=\"twitter:data1\" content=\"2 min\u00faty\" \/>\n<script type=\"application\/ld+json\" class=\"yoast-schema-graph\">{\"@context\":\"https:\\\/\\\/schema.org\",\"@graph\":[{\"@type\":\"WebPage\",\"@id\":\"https:\\\/\\\/www.spokojnyzajac.sk\\\/index.php\\\/produkt\\\/ruza-barkarola\\\/\",\"url\":\"https:\\\/\\\/www.spokojnyzajac.sk\\\/index.php\\\/produkt\\\/ruza-barkarola\\\/\",\"name\":\"Ru\u017ea Barkarola - Z\u00c1HRADN\u00cdCTVO\",\"isPartOf\":{\"@id\":\"https:\\\/\\\/www.spokojnyzajac.sk\\\/#website\"},\"primaryImageOfPage\":{\"@id\":\"https:\\\/\\\/www.spokojnyzajac.sk\\\/index.php\\\/produkt\\\/ruza-barkarola\\\/#primaryimage\"},\"image\":{\"@id\":\"https:\\\/\\\/www.spokojnyzajac.sk\\\/index.php\\\/produkt\\\/ruza-barkarola\\\/#primaryimage\"},\"thumbnailUrl\":\"https:\\\/\\\/i0.wp.com\\\/www.spokojnyzajac.sk\\\/wp-content\\\/uploads\\\/2024\\\/02\\\/Barkarola01.webp?fit=500%2C500&ssl=1\",\"datePublished\":\"2026-01-19T10:04:19+00:00\",\"dateModified\":\"2026-01-19T10:07:22+00:00\",\"description\":\"Ru\u017ea Barkarola: Legend\u00e1rny \u010dajohybrid s takmer \u010diernymi p\u00fa\u010dikmi a zamatovo \u010derven\u00fdmi kvetmi. Elegantn\u00fd vzrast a dlh\u00e9 stonky ide\u00e1lne na rez. Nakupujte online!\",\"breadcrumb\":{\"@id\":\"https:\\\/\\\/www.spokojnyzajac.sk\\\/index.php\\\/produkt\\\/ruza-barkarola\\\/#breadcrumb\"},\"inLanguage\":\"sk-SK\",\"potentialAction\":[{\"@type\":\"ReadAction\",\"target\":[\"https:\\\/\\\/www.spokojnyzajac.sk\\\/index.php\\\/produkt\\\/ruza-barkarola\\\/\"]}]},{\"@type\":\"ImageObject\",\"inLanguage\":\"sk-SK\",\"@id\":\"https:\\\/\\\/www.spokojnyzajac.sk\\\/index.php\\\/produkt\\\/ruza-barkarola\\\/#primaryimage\",\"url\":\"https:\\\/\\\/i0.wp.com\\\/www.spokojnyzajac.sk\\\/wp-content\\\/uploads\\\/2024\\\/02\\\/Barkarola01.webp?fit=500%2C500&ssl=1\",\"contentUrl\":\"https:\\\/\\\/i0.wp.com\\\/www.spokojnyzajac.sk\\\/wp-content\\\/uploads\\\/2024\\\/02\\\/Barkarola01.webp?fit=500%2C500&ssl=1\",\"width\":500,\"height\":500},{\"@type\":\"BreadcrumbList\",\"@id\":\"https:\\\/\\\/www.spokojnyzajac.sk\\\/index.php\\\/produkt\\\/ruza-barkarola\\\/#breadcrumb\",\"itemListElement\":[{\"@type\":\"ListItem\",\"position\":1,\"name\":\"Domovsk\u00e1 str\u00e1nka\",\"item\":\"https:\\\/\\\/www.spokojnyzajac.sk\\\/\"},{\"@type\":\"ListItem\",\"position\":2,\"name\":\"Produkty\",\"item\":\"https:\\\/\\\/www.spokojnyzajac.sk\\\/index.php\\\/obchod\\\/\"},{\"@type\":\"ListItem\",\"position\":3,\"name\":\"Ru\u017ea Barkarola\"}]},{\"@type\":\"WebSite\",\"@id\":\"https:\\\/\\\/www.spokojnyzajac.sk\\\/#website\",\"url\":\"https:\\\/\\\/www.spokojnyzajac.sk\\\/\",\"name\":\"Z\u00e1hradn\u00edctvo\",\"description\":\"Spokojn\u00fd zajac\",\"potentialAction\":[{\"@type\":\"SearchAction\",\"target\":{\"@type\":\"EntryPoint\",\"urlTemplate\":\"https:\\\/\\\/www.spokojnyzajac.sk\\\/?s={search_term_string}\"},\"query-input\":{\"@type\":\"PropertyValueSpecification\",\"valueRequired\":true,\"valueName\":\"search_term_string\"}}],\"inLanguage\":\"sk-SK\"}]}<\/script>\n<!-- \/ Yoast SEO plugin. -->","yoast_head_json":{"title":"Ru\u017ea Barkarola - Z\u00c1HRADN\u00cdCTVO","description":"Ru\u017ea Barkarola: Legend\u00e1rny \u010dajohybrid s takmer \u010diernymi p\u00fa\u010dikmi a zamatovo \u010derven\u00fdmi kvetmi. Elegantn\u00fd vzrast a dlh\u00e9 stonky ide\u00e1lne na rez. Nakupujte online!","robots":{"index":"index","follow":"follow","max-snippet":"max-snippet:-1","max-image-preview":"max-image-preview:large","max-video-preview":"max-video-preview:-1"},"canonical":"https:\/\/www.spokojnyzajac.sk\/index.php\/produkt\/ruza-barkarola\/","og_locale":"sk_SK","og_type":"article","og_title":"Ru\u017ea Barkarola - Z\u00c1HRADN\u00cdCTVO","og_description":"Ru\u017ea Barkarola: Legend\u00e1rny \u010dajohybrid s takmer \u010diernymi p\u00fa\u010dikmi a zamatovo \u010derven\u00fdmi kvetmi. Elegantn\u00fd vzrast a dlh\u00e9 stonky ide\u00e1lne na rez. Nakupujte online!","og_url":"https:\/\/www.spokojnyzajac.sk\/index.php\/produkt\/ruza-barkarola\/","og_site_name":"Z\u00c1HRADN\u00cdCTVO","article_publisher":"https:\/\/www.facebook.com\/spokojnyzajac\/","article_modified_time":"2026-01-19T10:07:22+00:00","og_image":[{"width":500,"height":500,"url":"https:\/\/www.spokojnyzajac.sk\/wp-content\/uploads\/2024\/02\/Barkarola01.webp","type":"image\/webp"}],"twitter_card":"summary_large_image","twitter_misc":{"Predpokladan\u00fd \u010das \u010d\u00edtania":"2 min\u00faty"},"schema":{"@context":"https:\/\/schema.org","@graph":[{"@type":"WebPage","@id":"https:\/\/www.spokojnyzajac.sk\/index.php\/produkt\/ruza-barkarola\/","url":"https:\/\/www.spokojnyzajac.sk\/index.php\/produkt\/ruza-barkarola\/","name":"Ru\u017ea Barkarola - Z\u00c1HRADN\u00cdCTVO","isPartOf":{"@id":"https:\/\/www.spokojnyzajac.sk\/#website"},"primaryImageOfPage":{"@id":"https:\/\/www.spokojnyzajac.sk\/index.php\/produkt\/ruza-barkarola\/#primaryimage"},"image":{"@id":"https:\/\/www.spokojnyzajac.sk\/index.php\/produkt\/ruza-barkarola\/#primaryimage"},"thumbnailUrl":"https:\/\/i0.wp.com\/www.spokojnyzajac.sk\/wp-content\/uploads\/2024\/02\/Barkarola01.webp?fit=500%2C500&ssl=1","datePublished":"2026-01-19T10:04:19+00:00","dateModified":"2026-01-19T10:07:22+00:00","description":"Ru\u017ea Barkarola: Legend\u00e1rny \u010dajohybrid s takmer \u010diernymi p\u00fa\u010dikmi a zamatovo \u010derven\u00fdmi kvetmi. Elegantn\u00fd vzrast a dlh\u00e9 stonky ide\u00e1lne na rez. Nakupujte online!","breadcrumb":{"@id":"https:\/\/www.spokojnyzajac.sk\/index.php\/produkt\/ruza-barkarola\/#breadcrumb"},"inLanguage":"sk-SK","potentialAction":[{"@type":"ReadAction","target":["https:\/\/www.spokojnyzajac.sk\/index.php\/produkt\/ruza-barkarola\/"]}]},{"@type":"ImageObject","inLanguage":"sk-SK","@id":"https:\/\/www.spokojnyzajac.sk\/index.php\/produkt\/ruza-barkarola\/#primaryimage","url":"https:\/\/i0.wp.com\/www.spokojnyzajac.sk\/wp-content\/uploads\/2024\/02\/Barkarola01.webp?fit=500%2C500&ssl=1","contentUrl":"https:\/\/i0.wp.com\/www.spokojnyzajac.sk\/wp-content\/uploads\/2024\/02\/Barkarola01.webp?fit=500%2C500&ssl=1","width":500,"height":500},{"@type":"BreadcrumbList","@id":"https:\/\/www.spokojnyzajac.sk\/index.php\/produkt\/ruza-barkarola\/#breadcrumb","itemListElement":[{"@type":"ListItem","position":1,"name":"Domovsk\u00e1 str\u00e1nka","item":"https:\/\/www.spokojnyzajac.sk\/"},{"@type":"ListItem","position":2,"name":"Produkty","item":"https:\/\/www.spokojnyzajac.sk\/index.php\/obchod\/"},{"@type":"ListItem","position":3,"name":"Ru\u017ea Barkarola"}]},{"@type":"WebSite","@id":"https:\/\/www.spokojnyzajac.sk\/#website","url":"https:\/\/www.spokojnyzajac.sk\/","name":"Z\u00e1hradn\u00edctvo","description":"Spokojn\u00fd zajac","potentialAction":[{"@type":"SearchAction","target":{"@type":"EntryPoint","urlTemplate":"https:\/\/www.spokojnyzajac.sk\/?s={search_term_string}"},"query-input":{"@type":"PropertyValueSpecification","valueRequired":true,"valueName":"search_term_string"}}],"inLanguage":"sk-SK"}]}},"jetpack_sharing_enabled":true,"_links":{"self":[{"href":"https:\/\/www.spokojnyzajac.sk\/index.php\/wp-json\/wp\/v2\/product\/3033","targetHints":{"allow":["GET"]}}],"collection":[{"href":"https:\/\/www.spokojnyzajac.sk\/index.php\/wp-json\/wp\/v2\/product"}],"about":[{"href":"https:\/\/www.spokojnyzajac.sk\/index.php\/wp-json\/wp\/v2\/types\/product"}],"replies":[{"embeddable":true,"href":"https:\/\/www.spokojnyzajac.sk\/index.php\/wp-json\/wp\/v2\/comments?post=3033"}],"wp:featuredmedia":[{"embeddable":true,"href":"https:\/\/www.spokojnyzajac.sk\/index.php\/wp-json\/wp\/v2\/media\/1251"}],"wp:attachment":[{"href":"https:\/\/www.spokojnyzajac.sk\/index.php\/wp-json\/wp\/v2\/media?parent=3033"}],"wp:term":[{"taxonomy":"product_brand","embeddable":true,"href":"https:\/\/www.spokojnyzajac.sk\/index.php\/wp-json\/wp\/v2\/product_brand?post=3033"},{"taxonomy":"product_cat","embeddable":true,"href":"https:\/\/www.spokojnyzajac.sk\/index.php\/wp-json\/wp\/v2\/product_cat?post=3033"},{"taxonomy":"product_tag","embeddable":true,"href":"https:\/\/www.spokojnyzajac.sk\/index.php\/wp-json\/wp\/v2\/product_tag?post=3033"}],"curies":[{"name":"wp","href":"https:\/\/api.w.org\/{rel}","templated":true}]}}