{"id":2995,"date":"2026-01-14T10:46:28","date_gmt":"2026-01-14T10:46:28","guid":{"rendered":"https:\/\/www.spokojnyzajac.sk\/?post_type=product&#038;p=2995"},"modified":"2026-01-14T10:51:50","modified_gmt":"2026-01-14T10:51:50","slug":"ruza-kiss-me-kate","status":"publish","type":"product","link":"https:\/\/www.spokojnyzajac.sk\/index.php\/produkt\/ruza-kiss-me-kate\/","title":{"rendered":"Ru\u017ea Kiss me Kate\u00ae"},"content":{"rendered":"<p data-path-to-node=\"6\">&#8218;Kiss Me Kate&#8216; je modern\u00fd pop\u00ednav\u00fd kultivar, ktor\u00fd patr\u00ed do prest\u00ed\u017enych kolekci\u00ed <i data-path-to-node=\"6\" data-index-in-node=\"94\">Parfuma<\/i> a <i data-path-to-node=\"6\" data-index-in-node=\"104\">Climbing Max<\/i> od \u0161\u013eachtite\u013ea Kordesa. Rastie silno a vzpriamene, pri\u010dom v dospelosti dosahuje v\u00fd\u0161ku 200 \u2013 250 cm.<\/p>\n<ul data-path-to-node=\"7\">\n<li>\n<p data-path-to-node=\"7,0,0\"><b data-path-to-node=\"7,0,0\" data-index-in-node=\"0\">V\u00f4\u0148a:<\/b> Intenz\u00edvna a svie\u017ea. Vrchn\u00e9 t\u00f3ny tvoria citr\u00f3nov\u00e1 k\u00f4ra a zelen\u00e9 jablko, ktor\u00e9 v z\u00e1klade dop\u013a\u0148a korenist\u00e1 myrha a maliny. Najintenz\u00edvnej\u0161ie vonia r\u00e1no a ve\u010der.<\/p>\n<\/li>\n<li>\n<p data-path-to-node=\"7,1,0\"><b data-path-to-node=\"7,1,0\" data-index-in-node=\"0\">Kvety:<\/b> Ve\u013ek\u00e9 (8 \u2013 10 cm), husto pln\u00e9, v tvare nostalgick\u00fdch roziet. Kvitne opakovane v bohat\u00fdch vln\u00e1ch a\u017e do mrazov.<\/p>\n<\/li>\n<li>\n<p data-path-to-node=\"7,2,0\"><b data-path-to-node=\"7,2,0\" data-index-in-node=\"0\">Odolnos\u0165:<\/b> Mimoriadne zdrav\u00e9, leskl\u00e9 l\u00edstie s vysokou rezistenciou vo\u010di \u010diernej \u0161kvrnitosti a m\u00fa\u010dnatke.<\/p>\n<\/li>\n<li>\n<p data-path-to-node=\"7,3,0\"><b data-path-to-node=\"7,3,0\" data-index-in-node=\"0\">Tip:<\/b>\u00a0Pod\u013ea <b data-path-to-node=\"7,3,0\" data-index-in-node=\"23\">Geoffa Stebbingsa<\/b> je tento kultivar v\u010faka svojej \u201esebavedomo vzpriamenej\u201c povahe vhodn\u00fd aj do ve\u013ek\u00fdch kontajnerov (40 \u2013 50 l) na terasy, ak mu poskytnete vertik\u00e1lnu oporu (obelisk alebo st\u013ap).<\/p>\n<\/li>\n<\/ul>\n","protected":false},"excerpt":{"rendered":"<p>O\u010daruj\u00faca pop\u00ednav\u00e1 ru\u017ea, ktor\u00e1 v sebe sp\u00e1ja modern\u00fa odolnos\u0165 a nostalgick\u00fd p\u00f4vab. &#8218;Kiss Me Kate&#8216; v\u00e1s dostane svojou silnou citrusovou v\u00f4\u0148ou a n\u00e1dhern\u00fdmi, pln\u00fdmi kvetmi v jemne ru\u017eovom odtieni. Ide\u00e1lna na pergoly, obl\u00faky a v\u010faka kompaktnosti aj pre v\u00e4\u010d\u0161ie n\u00e1doby.<\/p>\n<p>Doru\u010dujeme len v okresoch PP, KK, BR, SNV.<\/p>\n","protected":false},"featured_media":2076,"comment_status":"open","ping_status":"closed","template":"","meta":{"_monsterinsights_skip_tracking":false,"_monsterinsights_sitenote_active":false,"_monsterinsights_sitenote_note":"","_monsterinsights_sitenote_category":0},"product_brand":[],"product_cat":[137,82,16],"product_tag":[80],"class_list":{"0":"post-2995","1":"product","2":"type-product","3":"status-publish","4":"has-post-thumbnail","6":"product_cat-popinave","7":"product_cat-ruze","8":"product_cat-zive-rastliny","9":"product_tag-vhodne-na-susenie","10":"pa_doba-kvetu-leto","11":"pa_farba-ruzova","12":"pa_stanoviste-priame-slnko","13":"pa_vzhlad-popinave-tahave","15":"first","16":"instock","17":"taxable","18":"shipping-taxable","19":"purchasable","20":"product-type-simple"},"yoast_head":"<!-- This site is optimized with the Yoast SEO plugin v27.5 - https:\/\/yoast.com\/product\/yoast-seo-wordpress\/ -->\n<title>Ru\u017ea Kiss me Kate\u00ae - Z\u00c1HRADN\u00cdCTVO<\/title>\n<meta name=\"description\" content=\"Pop\u00ednav\u00e1 ru\u017ea Kiss Me Kate: Omamn\u00e1 v\u00f4\u0148a citr\u00f3na a jab\u013ak, nostalgick\u00e9 ru\u017eov\u00e9 kvety a \u0161pi\u010dkov\u00e9 zdravie od firmy Kordes. K\u00fapte si skvost do va\u0161ej z\u00e1hrady.\" \/>\n<meta name=\"robots\" content=\"index, follow, max-snippet:-1, max-image-preview:large, max-video-preview:-1\" \/>\n<link rel=\"canonical\" href=\"https:\/\/www.spokojnyzajac.sk\/index.php\/produkt\/ruza-kiss-me-kate\/\" \/>\n<meta property=\"og:locale\" content=\"sk_SK\" \/>\n<meta property=\"og:type\" content=\"article\" \/>\n<meta property=\"og:title\" content=\"Ru\u017ea Kiss me Kate\u00ae - Z\u00c1HRADN\u00cdCTVO\" \/>\n<meta property=\"og:description\" content=\"Pop\u00ednav\u00e1 ru\u017ea Kiss Me Kate: Omamn\u00e1 v\u00f4\u0148a citr\u00f3na a jab\u013ak, nostalgick\u00e9 ru\u017eov\u00e9 kvety a \u0161pi\u010dkov\u00e9 zdravie od firmy Kordes. K\u00fapte si skvost do va\u0161ej z\u00e1hrady.\" \/>\n<meta property=\"og:url\" content=\"https:\/\/www.spokojnyzajac.sk\/index.php\/produkt\/ruza-kiss-me-kate\/\" \/>\n<meta property=\"og:site_name\" content=\"Z\u00c1HRADN\u00cdCTVO\" \/>\n<meta property=\"article:publisher\" content=\"https:\/\/www.facebook.com\/spokojnyzajac\/\" \/>\n<meta property=\"article:modified_time\" content=\"2026-01-14T10:51:50+00:00\" \/>\n<meta property=\"og:image\" content=\"https:\/\/www.spokojnyzajac.sk\/wp-content\/uploads\/2025\/01\/kiss-me-kate.webp\" \/>\n\t<meta property=\"og:image:width\" content=\"500\" \/>\n\t<meta property=\"og:image:height\" content=\"500\" \/>\n\t<meta property=\"og:image:type\" content=\"image\/webp\" \/>\n<meta name=\"twitter:card\" content=\"summary_large_image\" \/>\n<meta name=\"twitter:label1\" content=\"Predpokladan\u00fd \u010das \u010d\u00edtania\" \/>\n\t<meta name=\"twitter:data1\" content=\"1 min\u00fata\" \/>\n<script type=\"application\/ld+json\" class=\"yoast-schema-graph\">{\"@context\":\"https:\\\/\\\/schema.org\",\"@graph\":[{\"@type\":\"WebPage\",\"@id\":\"https:\\\/\\\/www.spokojnyzajac.sk\\\/index.php\\\/produkt\\\/ruza-kiss-me-kate\\\/\",\"url\":\"https:\\\/\\\/www.spokojnyzajac.sk\\\/index.php\\\/produkt\\\/ruza-kiss-me-kate\\\/\",\"name\":\"Ru\u017ea Kiss me Kate\u00ae - Z\u00c1HRADN\u00cdCTVO\",\"isPartOf\":{\"@id\":\"https:\\\/\\\/www.spokojnyzajac.sk\\\/#website\"},\"primaryImageOfPage\":{\"@id\":\"https:\\\/\\\/www.spokojnyzajac.sk\\\/index.php\\\/produkt\\\/ruza-kiss-me-kate\\\/#primaryimage\"},\"image\":{\"@id\":\"https:\\\/\\\/www.spokojnyzajac.sk\\\/index.php\\\/produkt\\\/ruza-kiss-me-kate\\\/#primaryimage\"},\"thumbnailUrl\":\"https:\\\/\\\/i0.wp.com\\\/www.spokojnyzajac.sk\\\/wp-content\\\/uploads\\\/2025\\\/01\\\/kiss-me-kate.webp?fit=500%2C500&ssl=1\",\"datePublished\":\"2026-01-14T10:46:28+00:00\",\"dateModified\":\"2026-01-14T10:51:50+00:00\",\"description\":\"Pop\u00ednav\u00e1 ru\u017ea Kiss Me Kate: Omamn\u00e1 v\u00f4\u0148a citr\u00f3na a jab\u013ak, nostalgick\u00e9 ru\u017eov\u00e9 kvety a \u0161pi\u010dkov\u00e9 zdravie od firmy Kordes. K\u00fapte si skvost do va\u0161ej z\u00e1hrady.\",\"breadcrumb\":{\"@id\":\"https:\\\/\\\/www.spokojnyzajac.sk\\\/index.php\\\/produkt\\\/ruza-kiss-me-kate\\\/#breadcrumb\"},\"inLanguage\":\"sk-SK\",\"potentialAction\":[{\"@type\":\"ReadAction\",\"target\":[\"https:\\\/\\\/www.spokojnyzajac.sk\\\/index.php\\\/produkt\\\/ruza-kiss-me-kate\\\/\"]}]},{\"@type\":\"ImageObject\",\"inLanguage\":\"sk-SK\",\"@id\":\"https:\\\/\\\/www.spokojnyzajac.sk\\\/index.php\\\/produkt\\\/ruza-kiss-me-kate\\\/#primaryimage\",\"url\":\"https:\\\/\\\/i0.wp.com\\\/www.spokojnyzajac.sk\\\/wp-content\\\/uploads\\\/2025\\\/01\\\/kiss-me-kate.webp?fit=500%2C500&ssl=1\",\"contentUrl\":\"https:\\\/\\\/i0.wp.com\\\/www.spokojnyzajac.sk\\\/wp-content\\\/uploads\\\/2025\\\/01\\\/kiss-me-kate.webp?fit=500%2C500&ssl=1\",\"width\":500,\"height\":500},{\"@type\":\"BreadcrumbList\",\"@id\":\"https:\\\/\\\/www.spokojnyzajac.sk\\\/index.php\\\/produkt\\\/ruza-kiss-me-kate\\\/#breadcrumb\",\"itemListElement\":[{\"@type\":\"ListItem\",\"position\":1,\"name\":\"Domovsk\u00e1 str\u00e1nka\",\"item\":\"https:\\\/\\\/www.spokojnyzajac.sk\\\/\"},{\"@type\":\"ListItem\",\"position\":2,\"name\":\"Produkty\",\"item\":\"https:\\\/\\\/www.spokojnyzajac.sk\\\/index.php\\\/obchod\\\/\"},{\"@type\":\"ListItem\",\"position\":3,\"name\":\"Ru\u017ea Kiss me Kate\u00ae\"}]},{\"@type\":\"WebSite\",\"@id\":\"https:\\\/\\\/www.spokojnyzajac.sk\\\/#website\",\"url\":\"https:\\\/\\\/www.spokojnyzajac.sk\\\/\",\"name\":\"Z\u00e1hradn\u00edctvo\",\"description\":\"Spokojn\u00fd zajac\",\"potentialAction\":[{\"@type\":\"SearchAction\",\"target\":{\"@type\":\"EntryPoint\",\"urlTemplate\":\"https:\\\/\\\/www.spokojnyzajac.sk\\\/?s={search_term_string}\"},\"query-input\":{\"@type\":\"PropertyValueSpecification\",\"valueRequired\":true,\"valueName\":\"search_term_string\"}}],\"inLanguage\":\"sk-SK\"}]}<\/script>\n<!-- \/ Yoast SEO plugin. -->","yoast_head_json":{"title":"Ru\u017ea Kiss me Kate\u00ae - Z\u00c1HRADN\u00cdCTVO","description":"Pop\u00ednav\u00e1 ru\u017ea Kiss Me Kate: Omamn\u00e1 v\u00f4\u0148a citr\u00f3na a jab\u013ak, nostalgick\u00e9 ru\u017eov\u00e9 kvety a \u0161pi\u010dkov\u00e9 zdravie od firmy Kordes. K\u00fapte si skvost do va\u0161ej z\u00e1hrady.","robots":{"index":"index","follow":"follow","max-snippet":"max-snippet:-1","max-image-preview":"max-image-preview:large","max-video-preview":"max-video-preview:-1"},"canonical":"https:\/\/www.spokojnyzajac.sk\/index.php\/produkt\/ruza-kiss-me-kate\/","og_locale":"sk_SK","og_type":"article","og_title":"Ru\u017ea Kiss me Kate\u00ae - Z\u00c1HRADN\u00cdCTVO","og_description":"Pop\u00ednav\u00e1 ru\u017ea Kiss Me Kate: Omamn\u00e1 v\u00f4\u0148a citr\u00f3na a jab\u013ak, nostalgick\u00e9 ru\u017eov\u00e9 kvety a \u0161pi\u010dkov\u00e9 zdravie od firmy Kordes. K\u00fapte si skvost do va\u0161ej z\u00e1hrady.","og_url":"https:\/\/www.spokojnyzajac.sk\/index.php\/produkt\/ruza-kiss-me-kate\/","og_site_name":"Z\u00c1HRADN\u00cdCTVO","article_publisher":"https:\/\/www.facebook.com\/spokojnyzajac\/","article_modified_time":"2026-01-14T10:51:50+00:00","og_image":[{"width":500,"height":500,"url":"https:\/\/www.spokojnyzajac.sk\/wp-content\/uploads\/2025\/01\/kiss-me-kate.webp","type":"image\/webp"}],"twitter_card":"summary_large_image","twitter_misc":{"Predpokladan\u00fd \u010das \u010d\u00edtania":"1 min\u00fata"},"schema":{"@context":"https:\/\/schema.org","@graph":[{"@type":"WebPage","@id":"https:\/\/www.spokojnyzajac.sk\/index.php\/produkt\/ruza-kiss-me-kate\/","url":"https:\/\/www.spokojnyzajac.sk\/index.php\/produkt\/ruza-kiss-me-kate\/","name":"Ru\u017ea Kiss me Kate\u00ae - Z\u00c1HRADN\u00cdCTVO","isPartOf":{"@id":"https:\/\/www.spokojnyzajac.sk\/#website"},"primaryImageOfPage":{"@id":"https:\/\/www.spokojnyzajac.sk\/index.php\/produkt\/ruza-kiss-me-kate\/#primaryimage"},"image":{"@id":"https:\/\/www.spokojnyzajac.sk\/index.php\/produkt\/ruza-kiss-me-kate\/#primaryimage"},"thumbnailUrl":"https:\/\/i0.wp.com\/www.spokojnyzajac.sk\/wp-content\/uploads\/2025\/01\/kiss-me-kate.webp?fit=500%2C500&ssl=1","datePublished":"2026-01-14T10:46:28+00:00","dateModified":"2026-01-14T10:51:50+00:00","description":"Pop\u00ednav\u00e1 ru\u017ea Kiss Me Kate: Omamn\u00e1 v\u00f4\u0148a citr\u00f3na a jab\u013ak, nostalgick\u00e9 ru\u017eov\u00e9 kvety a \u0161pi\u010dkov\u00e9 zdravie od firmy Kordes. K\u00fapte si skvost do va\u0161ej z\u00e1hrady.","breadcrumb":{"@id":"https:\/\/www.spokojnyzajac.sk\/index.php\/produkt\/ruza-kiss-me-kate\/#breadcrumb"},"inLanguage":"sk-SK","potentialAction":[{"@type":"ReadAction","target":["https:\/\/www.spokojnyzajac.sk\/index.php\/produkt\/ruza-kiss-me-kate\/"]}]},{"@type":"ImageObject","inLanguage":"sk-SK","@id":"https:\/\/www.spokojnyzajac.sk\/index.php\/produkt\/ruza-kiss-me-kate\/#primaryimage","url":"https:\/\/i0.wp.com\/www.spokojnyzajac.sk\/wp-content\/uploads\/2025\/01\/kiss-me-kate.webp?fit=500%2C500&ssl=1","contentUrl":"https:\/\/i0.wp.com\/www.spokojnyzajac.sk\/wp-content\/uploads\/2025\/01\/kiss-me-kate.webp?fit=500%2C500&ssl=1","width":500,"height":500},{"@type":"BreadcrumbList","@id":"https:\/\/www.spokojnyzajac.sk\/index.php\/produkt\/ruza-kiss-me-kate\/#breadcrumb","itemListElement":[{"@type":"ListItem","position":1,"name":"Domovsk\u00e1 str\u00e1nka","item":"https:\/\/www.spokojnyzajac.sk\/"},{"@type":"ListItem","position":2,"name":"Produkty","item":"https:\/\/www.spokojnyzajac.sk\/index.php\/obchod\/"},{"@type":"ListItem","position":3,"name":"Ru\u017ea Kiss me Kate\u00ae"}]},{"@type":"WebSite","@id":"https:\/\/www.spokojnyzajac.sk\/#website","url":"https:\/\/www.spokojnyzajac.sk\/","name":"Z\u00e1hradn\u00edctvo","description":"Spokojn\u00fd zajac","potentialAction":[{"@type":"SearchAction","target":{"@type":"EntryPoint","urlTemplate":"https:\/\/www.spokojnyzajac.sk\/?s={search_term_string}"},"query-input":{"@type":"PropertyValueSpecification","valueRequired":true,"valueName":"search_term_string"}}],"inLanguage":"sk-SK"}]}},"jetpack_sharing_enabled":true,"_links":{"self":[{"href":"https:\/\/www.spokojnyzajac.sk\/index.php\/wp-json\/wp\/v2\/product\/2995","targetHints":{"allow":["GET"]}}],"collection":[{"href":"https:\/\/www.spokojnyzajac.sk\/index.php\/wp-json\/wp\/v2\/product"}],"about":[{"href":"https:\/\/www.spokojnyzajac.sk\/index.php\/wp-json\/wp\/v2\/types\/product"}],"replies":[{"embeddable":true,"href":"https:\/\/www.spokojnyzajac.sk\/index.php\/wp-json\/wp\/v2\/comments?post=2995"}],"wp:featuredmedia":[{"embeddable":true,"href":"https:\/\/www.spokojnyzajac.sk\/index.php\/wp-json\/wp\/v2\/media\/2076"}],"wp:attachment":[{"href":"https:\/\/www.spokojnyzajac.sk\/index.php\/wp-json\/wp\/v2\/media?parent=2995"}],"wp:term":[{"taxonomy":"product_brand","embeddable":true,"href":"https:\/\/www.spokojnyzajac.sk\/index.php\/wp-json\/wp\/v2\/product_brand?post=2995"},{"taxonomy":"product_cat","embeddable":true,"href":"https:\/\/www.spokojnyzajac.sk\/index.php\/wp-json\/wp\/v2\/product_cat?post=2995"},{"taxonomy":"product_tag","embeddable":true,"href":"https:\/\/www.spokojnyzajac.sk\/index.php\/wp-json\/wp\/v2\/product_tag?post=2995"}],"curies":[{"name":"wp","href":"https:\/\/api.w.org\/{rel}","templated":true}]}}