{"id":2993,"date":"2026-01-14T10:43:20","date_gmt":"2026-01-14T10:43:20","guid":{"rendered":"https:\/\/www.spokojnyzajac.sk\/?post_type=product&#038;p=2993"},"modified":"2026-01-14T10:45:01","modified_gmt":"2026-01-14T10:45:01","slug":"ruza-mme-isaac-pereire-kopia","status":"publish","type":"product","link":"https:\/\/www.spokojnyzajac.sk\/index.php\/produkt\/ruza-mme-isaac-pereire-kopia\/","title":{"rendered":"Ru\u017ea Mme. Isaac Pereire"},"content":{"rendered":"<p data-path-to-node=\"6\">Mme. Isaac Pereire&#8216; je klasick\u00fdm z\u00e1stupcom bourbonsk\u00fdch ru\u017e\u00ed, zn\u00e1ma svoj\u00edm bujn\u00fdm rastom a neprekonate\u013enou intenzitou v\u00f4ne. Ide o siln\u00fd ker, ktor\u00fd m\u00f4\u017ee by\u0165 veden\u00fd aj ako kr\u00e1tky pop\u00ednav\u00fd druh (climbing rose) dosahuj\u00faci v\u00fd\u0161ku a\u017e 2 \u2013 2,5 metra.<\/p>\n<ul data-path-to-node=\"7\">\n<li>\n<p data-path-to-node=\"7,0,0\"><b data-path-to-node=\"7,0,0\" data-index-in-node=\"0\">Kvety:<\/b> Obrovsk\u00e9, husto pln\u00e9 (\u010dasto a\u017e 55 okvetn\u00fdch l\u00edstkov), maj\u00fa sklon k \u0161tvrtinovaniu. Farba je hlbok\u00e1 malinovo-ru\u017eov\u00e1.<\/p>\n<\/li>\n<li>\n<p data-path-to-node=\"7,1,0\"><b data-path-to-node=\"7,1,0\" data-index-in-node=\"0\">V\u00f4\u0148a:<\/b> Siln\u00e1, opojn\u00e1, s v\u00fdrazn\u00fdmi t\u00f3nmi star\u00fdch ru\u017e\u00ed.<\/p>\n<\/li>\n<li>\n<p data-path-to-node=\"7,2,0\"><b data-path-to-node=\"7,2,0\" data-index-in-node=\"0\">\u00dadr\u017eba a pestovanie:<\/b> Na rozdiel od modern\u00fdch ADR ru\u017e\u00ed vy\u017eaduje tento historick\u00fd kultivar zv\u00fd\u0161en\u00fa pozornos\u0165. Pod\u013ea autorov ako <b data-path-to-node=\"7,2,0\" data-index-in-node=\"126\">Geoff Stebbings<\/b> vy\u017eaduje t\u00e1to ru\u017ea v n\u00e1dob\u00e1ch (ak sa pre ne rozhodnete) extr\u00e9mne ve\u013ek\u00fd priestor a prec\u00edznu ochranu proti hubov\u00fdm chorob\u00e1m, na ktor\u00e9 s\u00fa historick\u00e9 ru\u017ee n\u00e1chylnej\u0161ie. Potrebuje stanovi\u0161te s dobr\u00fdm pr\u00faden\u00edm vzduchu.<\/p>\n<\/li>\n<\/ul>\n","protected":false},"excerpt":{"rendered":"<p>Legend\u00e1rna historick\u00e1 ru\u017ea, ktor\u00e1 je mnoh\u00fdmi odborn\u00edkmi pova\u017eovan\u00e1 za najvo\u0148avej\u0161iu ru\u017eu na svete. Jej ve\u013ek\u00e9, s\u00fdto ru\u017eov\u00e9 a\u017e purpurov\u00e9 kvety vnes\u00fa do va\u0161ej z\u00e1hrady atmosf\u00e9ru viktori\u00e1nskej elegancie a omamn\u00fa, korenist\u00fa v\u00f4\u0148u.<\/p>\n<p>Doru\u010dujeme len v okresoch PP, KK, BR, SNV.<\/p>\n","protected":false},"featured_media":2083,"comment_status":"open","ping_status":"closed","template":"","meta":{"_monsterinsights_skip_tracking":false,"_monsterinsights_sitenote_active":false,"_monsterinsights_sitenote_note":"","_monsterinsights_sitenote_category":0},"product_brand":[],"product_cat":[138,82,16],"product_tag":[],"class_list":{"0":"post-2993","1":"product","2":"type-product","3":"status-publish","4":"has-post-thumbnail","6":"product_cat-krikove","7":"product_cat-ruze","8":"product_cat-zive-rastliny","9":"pa_doba-kvetu-leto","10":"pa_farba-ruzova","11":"pa_stanoviste-polotien","12":"pa_stanoviste-priame-slnko","14":"first","15":"instock","16":"taxable","17":"shipping-taxable","18":"purchasable","19":"product-type-simple"},"yoast_head":"<!-- This site is optimized with the Yoast SEO plugin v27.5 - https:\/\/yoast.com\/product\/yoast-seo-wordpress\/ -->\n<title>Ru\u017ea Mme. Isaac Pereire - Z\u00c1HRADN\u00cdCTVO<\/title>\n<meta name=\"description\" content=\"Pestujte najvo\u0148avej\u0161iu ru\u017eu sveta \u2013 Mme. Isaac Pereire. Historick\u00fd skvost s bohat\u00fdmi malinov\u00fdmi kvetmi a omamnou v\u00f4\u0148ou. Ide\u00e1lna pre milovn\u00edkov trad\u00edcie.\" \/>\n<meta name=\"robots\" content=\"index, follow, max-snippet:-1, max-image-preview:large, max-video-preview:-1\" \/>\n<link rel=\"canonical\" href=\"https:\/\/www.spokojnyzajac.sk\/index.php\/produkt\/ruza-mme-isaac-pereire-kopia\/\" \/>\n<meta property=\"og:locale\" content=\"sk_SK\" \/>\n<meta property=\"og:type\" content=\"article\" \/>\n<meta property=\"og:title\" content=\"Ru\u017ea Mme. Isaac Pereire - Z\u00c1HRADN\u00cdCTVO\" \/>\n<meta property=\"og:description\" content=\"Pestujte najvo\u0148avej\u0161iu ru\u017eu sveta \u2013 Mme. Isaac Pereire. Historick\u00fd skvost s bohat\u00fdmi malinov\u00fdmi kvetmi a omamnou v\u00f4\u0148ou. Ide\u00e1lna pre milovn\u00edkov trad\u00edcie.\" \/>\n<meta property=\"og:url\" content=\"https:\/\/www.spokojnyzajac.sk\/index.php\/produkt\/ruza-mme-isaac-pereire-kopia\/\" \/>\n<meta property=\"og:site_name\" content=\"Z\u00c1HRADN\u00cdCTVO\" \/>\n<meta property=\"article:publisher\" content=\"https:\/\/www.facebook.com\/spokojnyzajac\/\" \/>\n<meta property=\"article:modified_time\" content=\"2026-01-14T10:45:01+00:00\" \/>\n<meta property=\"og:image\" content=\"https:\/\/www.spokojnyzajac.sk\/wp-content\/uploads\/2025\/01\/Mme.-Isaac-Pereire.webp\" \/>\n\t<meta property=\"og:image:width\" content=\"500\" \/>\n\t<meta property=\"og:image:height\" content=\"500\" \/>\n\t<meta property=\"og:image:type\" content=\"image\/webp\" \/>\n<meta name=\"twitter:card\" content=\"summary_large_image\" \/>\n<meta name=\"twitter:label1\" content=\"Predpokladan\u00fd \u010das \u010d\u00edtania\" \/>\n\t<meta name=\"twitter:data1\" content=\"1 min\u00fata\" \/>\n<script type=\"application\/ld+json\" class=\"yoast-schema-graph\">{\"@context\":\"https:\\\/\\\/schema.org\",\"@graph\":[{\"@type\":\"WebPage\",\"@id\":\"https:\\\/\\\/www.spokojnyzajac.sk\\\/index.php\\\/produkt\\\/ruza-mme-isaac-pereire-kopia\\\/\",\"url\":\"https:\\\/\\\/www.spokojnyzajac.sk\\\/index.php\\\/produkt\\\/ruza-mme-isaac-pereire-kopia\\\/\",\"name\":\"Ru\u017ea Mme. Isaac Pereire - Z\u00c1HRADN\u00cdCTVO\",\"isPartOf\":{\"@id\":\"https:\\\/\\\/www.spokojnyzajac.sk\\\/#website\"},\"primaryImageOfPage\":{\"@id\":\"https:\\\/\\\/www.spokojnyzajac.sk\\\/index.php\\\/produkt\\\/ruza-mme-isaac-pereire-kopia\\\/#primaryimage\"},\"image\":{\"@id\":\"https:\\\/\\\/www.spokojnyzajac.sk\\\/index.php\\\/produkt\\\/ruza-mme-isaac-pereire-kopia\\\/#primaryimage\"},\"thumbnailUrl\":\"https:\\\/\\\/i0.wp.com\\\/www.spokojnyzajac.sk\\\/wp-content\\\/uploads\\\/2025\\\/01\\\/Mme.-Isaac-Pereire.webp?fit=500%2C500&ssl=1\",\"datePublished\":\"2026-01-14T10:43:20+00:00\",\"dateModified\":\"2026-01-14T10:45:01+00:00\",\"description\":\"Pestujte najvo\u0148avej\u0161iu ru\u017eu sveta \u2013 Mme. Isaac Pereire. Historick\u00fd skvost s bohat\u00fdmi malinov\u00fdmi kvetmi a omamnou v\u00f4\u0148ou. Ide\u00e1lna pre milovn\u00edkov trad\u00edcie.\",\"breadcrumb\":{\"@id\":\"https:\\\/\\\/www.spokojnyzajac.sk\\\/index.php\\\/produkt\\\/ruza-mme-isaac-pereire-kopia\\\/#breadcrumb\"},\"inLanguage\":\"sk-SK\",\"potentialAction\":[{\"@type\":\"ReadAction\",\"target\":[\"https:\\\/\\\/www.spokojnyzajac.sk\\\/index.php\\\/produkt\\\/ruza-mme-isaac-pereire-kopia\\\/\"]}]},{\"@type\":\"ImageObject\",\"inLanguage\":\"sk-SK\",\"@id\":\"https:\\\/\\\/www.spokojnyzajac.sk\\\/index.php\\\/produkt\\\/ruza-mme-isaac-pereire-kopia\\\/#primaryimage\",\"url\":\"https:\\\/\\\/i0.wp.com\\\/www.spokojnyzajac.sk\\\/wp-content\\\/uploads\\\/2025\\\/01\\\/Mme.-Isaac-Pereire.webp?fit=500%2C500&ssl=1\",\"contentUrl\":\"https:\\\/\\\/i0.wp.com\\\/www.spokojnyzajac.sk\\\/wp-content\\\/uploads\\\/2025\\\/01\\\/Mme.-Isaac-Pereire.webp?fit=500%2C500&ssl=1\",\"width\":500,\"height\":500},{\"@type\":\"BreadcrumbList\",\"@id\":\"https:\\\/\\\/www.spokojnyzajac.sk\\\/index.php\\\/produkt\\\/ruza-mme-isaac-pereire-kopia\\\/#breadcrumb\",\"itemListElement\":[{\"@type\":\"ListItem\",\"position\":1,\"name\":\"Domovsk\u00e1 str\u00e1nka\",\"item\":\"https:\\\/\\\/www.spokojnyzajac.sk\\\/\"},{\"@type\":\"ListItem\",\"position\":2,\"name\":\"Produkty\",\"item\":\"https:\\\/\\\/www.spokojnyzajac.sk\\\/index.php\\\/obchod\\\/\"},{\"@type\":\"ListItem\",\"position\":3,\"name\":\"Ru\u017ea Mme. Isaac Pereire\"}]},{\"@type\":\"WebSite\",\"@id\":\"https:\\\/\\\/www.spokojnyzajac.sk\\\/#website\",\"url\":\"https:\\\/\\\/www.spokojnyzajac.sk\\\/\",\"name\":\"Z\u00e1hradn\u00edctvo\",\"description\":\"Spokojn\u00fd zajac\",\"potentialAction\":[{\"@type\":\"SearchAction\",\"target\":{\"@type\":\"EntryPoint\",\"urlTemplate\":\"https:\\\/\\\/www.spokojnyzajac.sk\\\/?s={search_term_string}\"},\"query-input\":{\"@type\":\"PropertyValueSpecification\",\"valueRequired\":true,\"valueName\":\"search_term_string\"}}],\"inLanguage\":\"sk-SK\"}]}<\/script>\n<!-- \/ Yoast SEO plugin. -->","yoast_head_json":{"title":"Ru\u017ea Mme. Isaac Pereire - Z\u00c1HRADN\u00cdCTVO","description":"Pestujte najvo\u0148avej\u0161iu ru\u017eu sveta \u2013 Mme. Isaac Pereire. Historick\u00fd skvost s bohat\u00fdmi malinov\u00fdmi kvetmi a omamnou v\u00f4\u0148ou. Ide\u00e1lna pre milovn\u00edkov trad\u00edcie.","robots":{"index":"index","follow":"follow","max-snippet":"max-snippet:-1","max-image-preview":"max-image-preview:large","max-video-preview":"max-video-preview:-1"},"canonical":"https:\/\/www.spokojnyzajac.sk\/index.php\/produkt\/ruza-mme-isaac-pereire-kopia\/","og_locale":"sk_SK","og_type":"article","og_title":"Ru\u017ea Mme. Isaac Pereire - Z\u00c1HRADN\u00cdCTVO","og_description":"Pestujte najvo\u0148avej\u0161iu ru\u017eu sveta \u2013 Mme. Isaac Pereire. Historick\u00fd skvost s bohat\u00fdmi malinov\u00fdmi kvetmi a omamnou v\u00f4\u0148ou. Ide\u00e1lna pre milovn\u00edkov trad\u00edcie.","og_url":"https:\/\/www.spokojnyzajac.sk\/index.php\/produkt\/ruza-mme-isaac-pereire-kopia\/","og_site_name":"Z\u00c1HRADN\u00cdCTVO","article_publisher":"https:\/\/www.facebook.com\/spokojnyzajac\/","article_modified_time":"2026-01-14T10:45:01+00:00","og_image":[{"width":500,"height":500,"url":"https:\/\/www.spokojnyzajac.sk\/wp-content\/uploads\/2025\/01\/Mme.-Isaac-Pereire.webp","type":"image\/webp"}],"twitter_card":"summary_large_image","twitter_misc":{"Predpokladan\u00fd \u010das \u010d\u00edtania":"1 min\u00fata"},"schema":{"@context":"https:\/\/schema.org","@graph":[{"@type":"WebPage","@id":"https:\/\/www.spokojnyzajac.sk\/index.php\/produkt\/ruza-mme-isaac-pereire-kopia\/","url":"https:\/\/www.spokojnyzajac.sk\/index.php\/produkt\/ruza-mme-isaac-pereire-kopia\/","name":"Ru\u017ea Mme. Isaac Pereire - Z\u00c1HRADN\u00cdCTVO","isPartOf":{"@id":"https:\/\/www.spokojnyzajac.sk\/#website"},"primaryImageOfPage":{"@id":"https:\/\/www.spokojnyzajac.sk\/index.php\/produkt\/ruza-mme-isaac-pereire-kopia\/#primaryimage"},"image":{"@id":"https:\/\/www.spokojnyzajac.sk\/index.php\/produkt\/ruza-mme-isaac-pereire-kopia\/#primaryimage"},"thumbnailUrl":"https:\/\/i0.wp.com\/www.spokojnyzajac.sk\/wp-content\/uploads\/2025\/01\/Mme.-Isaac-Pereire.webp?fit=500%2C500&ssl=1","datePublished":"2026-01-14T10:43:20+00:00","dateModified":"2026-01-14T10:45:01+00:00","description":"Pestujte najvo\u0148avej\u0161iu ru\u017eu sveta \u2013 Mme. Isaac Pereire. Historick\u00fd skvost s bohat\u00fdmi malinov\u00fdmi kvetmi a omamnou v\u00f4\u0148ou. Ide\u00e1lna pre milovn\u00edkov trad\u00edcie.","breadcrumb":{"@id":"https:\/\/www.spokojnyzajac.sk\/index.php\/produkt\/ruza-mme-isaac-pereire-kopia\/#breadcrumb"},"inLanguage":"sk-SK","potentialAction":[{"@type":"ReadAction","target":["https:\/\/www.spokojnyzajac.sk\/index.php\/produkt\/ruza-mme-isaac-pereire-kopia\/"]}]},{"@type":"ImageObject","inLanguage":"sk-SK","@id":"https:\/\/www.spokojnyzajac.sk\/index.php\/produkt\/ruza-mme-isaac-pereire-kopia\/#primaryimage","url":"https:\/\/i0.wp.com\/www.spokojnyzajac.sk\/wp-content\/uploads\/2025\/01\/Mme.-Isaac-Pereire.webp?fit=500%2C500&ssl=1","contentUrl":"https:\/\/i0.wp.com\/www.spokojnyzajac.sk\/wp-content\/uploads\/2025\/01\/Mme.-Isaac-Pereire.webp?fit=500%2C500&ssl=1","width":500,"height":500},{"@type":"BreadcrumbList","@id":"https:\/\/www.spokojnyzajac.sk\/index.php\/produkt\/ruza-mme-isaac-pereire-kopia\/#breadcrumb","itemListElement":[{"@type":"ListItem","position":1,"name":"Domovsk\u00e1 str\u00e1nka","item":"https:\/\/www.spokojnyzajac.sk\/"},{"@type":"ListItem","position":2,"name":"Produkty","item":"https:\/\/www.spokojnyzajac.sk\/index.php\/obchod\/"},{"@type":"ListItem","position":3,"name":"Ru\u017ea Mme. Isaac Pereire"}]},{"@type":"WebSite","@id":"https:\/\/www.spokojnyzajac.sk\/#website","url":"https:\/\/www.spokojnyzajac.sk\/","name":"Z\u00e1hradn\u00edctvo","description":"Spokojn\u00fd zajac","potentialAction":[{"@type":"SearchAction","target":{"@type":"EntryPoint","urlTemplate":"https:\/\/www.spokojnyzajac.sk\/?s={search_term_string}"},"query-input":{"@type":"PropertyValueSpecification","valueRequired":true,"valueName":"search_term_string"}}],"inLanguage":"sk-SK"}]}},"jetpack_sharing_enabled":true,"_links":{"self":[{"href":"https:\/\/www.spokojnyzajac.sk\/index.php\/wp-json\/wp\/v2\/product\/2993","targetHints":{"allow":["GET"]}}],"collection":[{"href":"https:\/\/www.spokojnyzajac.sk\/index.php\/wp-json\/wp\/v2\/product"}],"about":[{"href":"https:\/\/www.spokojnyzajac.sk\/index.php\/wp-json\/wp\/v2\/types\/product"}],"replies":[{"embeddable":true,"href":"https:\/\/www.spokojnyzajac.sk\/index.php\/wp-json\/wp\/v2\/comments?post=2993"}],"wp:featuredmedia":[{"embeddable":true,"href":"https:\/\/www.spokojnyzajac.sk\/index.php\/wp-json\/wp\/v2\/media\/2083"}],"wp:attachment":[{"href":"https:\/\/www.spokojnyzajac.sk\/index.php\/wp-json\/wp\/v2\/media?parent=2993"}],"wp:term":[{"taxonomy":"product_brand","embeddable":true,"href":"https:\/\/www.spokojnyzajac.sk\/index.php\/wp-json\/wp\/v2\/product_brand?post=2993"},{"taxonomy":"product_cat","embeddable":true,"href":"https:\/\/www.spokojnyzajac.sk\/index.php\/wp-json\/wp\/v2\/product_cat?post=2993"},{"taxonomy":"product_tag","embeddable":true,"href":"https:\/\/www.spokojnyzajac.sk\/index.php\/wp-json\/wp\/v2\/product_tag?post=2993"}],"curies":[{"name":"wp","href":"https:\/\/api.w.org\/{rel}","templated":true}]}}