{"id":2750,"date":"2025-09-24T10:48:26","date_gmt":"2025-09-24T10:48:26","guid":{"rendered":"https:\/\/www.spokojnyzajac.sk\/?post_type=product&#038;p=2750"},"modified":"2025-09-24T10:48:26","modified_gmt":"2025-09-24T10:48:26","slug":"hosta-big-daddy-2","status":"publish","type":"product","link":"https:\/\/www.spokojnyzajac.sk\/index.php\/produkt\/hosta-big-daddy-2\/","title":{"rendered":"Hosta Big Daddy"},"content":{"rendered":"<h3 data-start=\"119\" data-end=\"140\">Charakteristika<\/h3>\n<ul data-start=\"141\" data-end=\"691\">\n<li data-start=\"141\" data-end=\"235\">\n<p data-start=\"143\" data-end=\"235\"><strong data-start=\"143\" data-end=\"154\">Ve\u013ekos\u0165<\/strong>: patr\u00ed k mohutnej\u0161\u00edm host\u00e1m \u2013 trs dorast\u00e1 do v\u00fd\u0161ky 60\u201370 cm a \u0161\u00edrky 90\u2013120 cm.<\/p>\n<\/li>\n<li data-start=\"236\" data-end=\"479\">\n<p data-start=\"238\" data-end=\"479\"><strong data-start=\"238\" data-end=\"247\">Listy<\/strong>: ve\u013ek\u00e9, srdcovit\u00e9, hrub\u00e9 a v\u00fdrazne text\u00farovan\u00e9 (s pokr\u010den\u00fdm, vr\u00e1skav\u00fdm povrchom). Farba je sivo-modr\u00e1 a\u017e oce\u013eovomodr\u00e1, na jar intenz\u00edvnej\u0161ia, v lete m\u00f4\u017ee mierne zelenie\u0165. V\u010faka hrub\u0161ej \u0161trukt\u00fare s\u00fa listy odolnej\u0161ie vo\u010di slim\u00e1kom.<\/p>\n<\/li>\n<li data-start=\"480\" data-end=\"587\">\n<p data-start=\"482\" data-end=\"587\"><strong data-start=\"482\" data-end=\"490\">Kvet<\/strong>: kvitne od j\u00fana do j\u00fala bledofialov\u00fdmi a\u017e takmer bielymi kvetmi na stvoloch vysok\u00fdch 80\u201390 cm.<\/p>\n<\/li>\n<li data-start=\"588\" data-end=\"691\">\n<p data-start=\"590\" data-end=\"691\"><strong data-start=\"590\" data-end=\"598\">Rast<\/strong>: pomal\u0161\u00ed v porovnan\u00ed s niektor\u00fdmi in\u00fdmi ve\u013ek\u00fdmi hostami, ale \u010dasom vytvor\u00ed majest\u00e1tny trs.<\/p>\n<\/li>\n<\/ul>\n<h3 data-start=\"693\" data-end=\"722\">Stanovi\u0161te a pestovanie<\/h3>\n<ul data-start=\"723\" data-end=\"1066\">\n<li data-start=\"723\" data-end=\"800\">\n<p data-start=\"725\" data-end=\"800\"><strong data-start=\"725\" data-end=\"735\">Svetlo<\/strong>: polotie\u0148 a\u017e tie\u0148. Pri nadmernom slnku modr\u00e9 sfarbenie slabne.<\/p>\n<\/li>\n<li data-start=\"801\" data-end=\"863\">\n<p data-start=\"803\" data-end=\"863\"><strong data-start=\"803\" data-end=\"811\">P\u00f4da<\/strong>: hum\u00f3zna, \u00farodn\u00e1, st\u00e1le mierne vlhk\u00e1, priepustn\u00e1.<\/p>\n<\/li>\n<li data-start=\"864\" data-end=\"934\">\n<p data-start=\"866\" data-end=\"934\"><strong data-start=\"866\" data-end=\"878\">Z\u00e1lievka<\/strong>: vy\u017eaduje pravideln\u00fa vlhkos\u0165, no nesmie st\u00e1\u0165 vo vode.<\/p>\n<\/li>\n<li data-start=\"935\" data-end=\"1066\">\n<p data-start=\"937\" data-end=\"1066\"><strong data-start=\"937\" data-end=\"954\">Starostlivos\u0165<\/strong>: nen\u00e1ro\u010dn\u00e1, na zimu cel\u00e1 nadzemn\u00e1 \u010das\u0165 odumrie. Vhodn\u00e9 je mul\u010dovanie pre udr\u017eanie vlhkosti a ochranu kore\u0148ov.<\/p>\n<\/li>\n<\/ul>\n<h3 data-start=\"1068\" data-end=\"1122\">Vhodnos\u0165 do podhorskej oblasti (cca 600 m n. m.)<\/h3>\n<ul data-start=\"1123\" data-end=\"1397\">\n<li data-start=\"1123\" data-end=\"1182\">\n<p data-start=\"1125\" data-end=\"1182\">Plne mrazuvzdorn\u00e1 (do \u201334 \u00b0C), bez probl\u00e9mov prezimuje.<\/p>\n<\/li>\n<li data-start=\"1183\" data-end=\"1276\">\n<p data-start=\"1185\" data-end=\"1276\">V chladnej\u0161\u00edch oblastiach si lep\u0161ie zachov\u00e1va modr\u00e9 sfarbenie listov, \u010do je ve\u013ek\u00e1 v\u00fdhoda.<\/p>\n<\/li>\n<li data-start=\"1277\" data-end=\"1397\">\n<p data-start=\"1279\" data-end=\"1397\">Hod\u00ed sa ako solit\u00e9r do tie\u0148ov\u00fdch z\u00e1honov, kombinovan\u00e1 s pana\u0161ovan\u00fdmi hostami alebo papra\u010fami p\u00f4sob\u00ed ve\u013emi elegantne.<\/p>\n<\/li>\n<\/ul>\n","protected":false},"excerpt":{"rendered":"<p>Rastlina v kvetin\u00e1\u010di \u00d8 22cm<br \/>\nObr\u00e1zky rastliny s\u00fa ilustra\u010dn\u00e9.<\/p>\n<p>Hosta <strong data-start=\"6\" data-end=\"21\">\u2018Big Daddy\u2019<\/strong> patr\u00ed medzi klasick\u00e9 ve\u013ekolist\u00e9 modrolist\u00e9 hosty, ktor\u00e9 p\u00f4sobia robustne a ve\u013emi dekorat\u00edvne.<\/p>\n","protected":false},"featured_media":2751,"comment_status":"open","ping_status":"closed","template":"","meta":{"_monsterinsights_skip_tracking":false,"_monsterinsights_sitenote_active":false,"_monsterinsights_sitenote_note":"","_monsterinsights_sitenote_category":0},"product_brand":[],"product_cat":[87,39,16],"product_tag":[],"class_list":{"0":"post-2750","1":"product","2":"type-product","3":"status-publish","4":"has-post-thumbnail","6":"product_cat-hosty-funkie","7":"product_cat-trvalky","8":"product_cat-zive-rastliny","10":"first","11":"instock","12":"taxable","13":"shipping-taxable","14":"purchasable","15":"product-type-simple"},"yoast_head":"<!-- This site is optimized with the Yoast SEO plugin v27.5 - https:\/\/yoast.com\/product\/yoast-seo-wordpress\/ -->\n<title>Hosta Big Daddy - Z\u00c1HRADN\u00cdCTVO<\/title>\n<meta name=\"robots\" content=\"index, follow, max-snippet:-1, max-image-preview:large, max-video-preview:-1\" \/>\n<link rel=\"canonical\" href=\"https:\/\/www.spokojnyzajac.sk\/index.php\/produkt\/hosta-big-daddy-2\/\" \/>\n<meta property=\"og:locale\" content=\"sk_SK\" \/>\n<meta property=\"og:type\" content=\"article\" \/>\n<meta property=\"og:title\" content=\"Hosta Big Daddy - Z\u00c1HRADN\u00cdCTVO\" \/>\n<meta property=\"og:description\" content=\"Rastlina v kvetin\u00e1\u010di \u00d8 22cm Obr\u00e1zky rastliny s\u00fa ilustra\u010dn\u00e9.  Hosta \u2018Big Daddy\u2019 patr\u00ed medzi klasick\u00e9 ve\u013ekolist\u00e9 modrolist\u00e9 hosty, ktor\u00e9 p\u00f4sobia robustne a ve\u013emi dekorat\u00edvne.\" \/>\n<meta property=\"og:url\" content=\"https:\/\/www.spokojnyzajac.sk\/index.php\/produkt\/hosta-big-daddy-2\/\" \/>\n<meta property=\"og:site_name\" content=\"Z\u00c1HRADN\u00cdCTVO\" \/>\n<meta property=\"article:publisher\" content=\"https:\/\/www.facebook.com\/spokojnyzajac\/\" \/>\n<meta property=\"og:image\" content=\"https:\/\/www.spokojnyzajac.sk\/wp-content\/uploads\/2025\/09\/big-daddy.webp\" \/>\n\t<meta property=\"og:image:width\" content=\"500\" \/>\n\t<meta property=\"og:image:height\" content=\"500\" \/>\n\t<meta property=\"og:image:type\" content=\"image\/webp\" \/>\n<meta name=\"twitter:card\" content=\"summary_large_image\" \/>\n<meta name=\"twitter:label1\" content=\"Predpokladan\u00fd \u010das \u010d\u00edtania\" \/>\n\t<meta name=\"twitter:data1\" content=\"2 min\u00faty\" \/>\n<script type=\"application\/ld+json\" class=\"yoast-schema-graph\">{\"@context\":\"https:\\\/\\\/schema.org\",\"@graph\":[{\"@type\":\"WebPage\",\"@id\":\"https:\\\/\\\/www.spokojnyzajac.sk\\\/index.php\\\/produkt\\\/hosta-big-daddy-2\\\/\",\"url\":\"https:\\\/\\\/www.spokojnyzajac.sk\\\/index.php\\\/produkt\\\/hosta-big-daddy-2\\\/\",\"name\":\"Hosta Big Daddy - Z\u00c1HRADN\u00cdCTVO\",\"isPartOf\":{\"@id\":\"https:\\\/\\\/www.spokojnyzajac.sk\\\/#website\"},\"primaryImageOfPage\":{\"@id\":\"https:\\\/\\\/www.spokojnyzajac.sk\\\/index.php\\\/produkt\\\/hosta-big-daddy-2\\\/#primaryimage\"},\"image\":{\"@id\":\"https:\\\/\\\/www.spokojnyzajac.sk\\\/index.php\\\/produkt\\\/hosta-big-daddy-2\\\/#primaryimage\"},\"thumbnailUrl\":\"https:\\\/\\\/i0.wp.com\\\/www.spokojnyzajac.sk\\\/wp-content\\\/uploads\\\/2025\\\/09\\\/big-daddy.webp?fit=500%2C500&ssl=1\",\"datePublished\":\"2025-09-24T10:48:26+00:00\",\"breadcrumb\":{\"@id\":\"https:\\\/\\\/www.spokojnyzajac.sk\\\/index.php\\\/produkt\\\/hosta-big-daddy-2\\\/#breadcrumb\"},\"inLanguage\":\"sk-SK\",\"potentialAction\":[{\"@type\":\"ReadAction\",\"target\":[\"https:\\\/\\\/www.spokojnyzajac.sk\\\/index.php\\\/produkt\\\/hosta-big-daddy-2\\\/\"]}]},{\"@type\":\"ImageObject\",\"inLanguage\":\"sk-SK\",\"@id\":\"https:\\\/\\\/www.spokojnyzajac.sk\\\/index.php\\\/produkt\\\/hosta-big-daddy-2\\\/#primaryimage\",\"url\":\"https:\\\/\\\/i0.wp.com\\\/www.spokojnyzajac.sk\\\/wp-content\\\/uploads\\\/2025\\\/09\\\/big-daddy.webp?fit=500%2C500&ssl=1\",\"contentUrl\":\"https:\\\/\\\/i0.wp.com\\\/www.spokojnyzajac.sk\\\/wp-content\\\/uploads\\\/2025\\\/09\\\/big-daddy.webp?fit=500%2C500&ssl=1\",\"width\":500,\"height\":500},{\"@type\":\"BreadcrumbList\",\"@id\":\"https:\\\/\\\/www.spokojnyzajac.sk\\\/index.php\\\/produkt\\\/hosta-big-daddy-2\\\/#breadcrumb\",\"itemListElement\":[{\"@type\":\"ListItem\",\"position\":1,\"name\":\"Domovsk\u00e1 str\u00e1nka\",\"item\":\"https:\\\/\\\/www.spokojnyzajac.sk\\\/\"},{\"@type\":\"ListItem\",\"position\":2,\"name\":\"Produkty\",\"item\":\"https:\\\/\\\/www.spokojnyzajac.sk\\\/index.php\\\/obchod\\\/\"},{\"@type\":\"ListItem\",\"position\":3,\"name\":\"Hosta Big Daddy\"}]},{\"@type\":\"WebSite\",\"@id\":\"https:\\\/\\\/www.spokojnyzajac.sk\\\/#website\",\"url\":\"https:\\\/\\\/www.spokojnyzajac.sk\\\/\",\"name\":\"Z\u00e1hradn\u00edctvo\",\"description\":\"Spokojn\u00fd zajac\",\"potentialAction\":[{\"@type\":\"SearchAction\",\"target\":{\"@type\":\"EntryPoint\",\"urlTemplate\":\"https:\\\/\\\/www.spokojnyzajac.sk\\\/?s={search_term_string}\"},\"query-input\":{\"@type\":\"PropertyValueSpecification\",\"valueRequired\":true,\"valueName\":\"search_term_string\"}}],\"inLanguage\":\"sk-SK\"}]}<\/script>\n<!-- \/ Yoast SEO plugin. -->","yoast_head_json":{"title":"Hosta Big Daddy - Z\u00c1HRADN\u00cdCTVO","robots":{"index":"index","follow":"follow","max-snippet":"max-snippet:-1","max-image-preview":"max-image-preview:large","max-video-preview":"max-video-preview:-1"},"canonical":"https:\/\/www.spokojnyzajac.sk\/index.php\/produkt\/hosta-big-daddy-2\/","og_locale":"sk_SK","og_type":"article","og_title":"Hosta Big Daddy - Z\u00c1HRADN\u00cdCTVO","og_description":"Rastlina v kvetin\u00e1\u010di \u00d8 22cm Obr\u00e1zky rastliny s\u00fa ilustra\u010dn\u00e9.  Hosta \u2018Big Daddy\u2019 patr\u00ed medzi klasick\u00e9 ve\u013ekolist\u00e9 modrolist\u00e9 hosty, ktor\u00e9 p\u00f4sobia robustne a ve\u013emi dekorat\u00edvne.","og_url":"https:\/\/www.spokojnyzajac.sk\/index.php\/produkt\/hosta-big-daddy-2\/","og_site_name":"Z\u00c1HRADN\u00cdCTVO","article_publisher":"https:\/\/www.facebook.com\/spokojnyzajac\/","og_image":[{"width":500,"height":500,"url":"https:\/\/www.spokojnyzajac.sk\/wp-content\/uploads\/2025\/09\/big-daddy.webp","type":"image\/webp"}],"twitter_card":"summary_large_image","twitter_misc":{"Predpokladan\u00fd \u010das \u010d\u00edtania":"2 min\u00faty"},"schema":{"@context":"https:\/\/schema.org","@graph":[{"@type":"WebPage","@id":"https:\/\/www.spokojnyzajac.sk\/index.php\/produkt\/hosta-big-daddy-2\/","url":"https:\/\/www.spokojnyzajac.sk\/index.php\/produkt\/hosta-big-daddy-2\/","name":"Hosta Big Daddy - Z\u00c1HRADN\u00cdCTVO","isPartOf":{"@id":"https:\/\/www.spokojnyzajac.sk\/#website"},"primaryImageOfPage":{"@id":"https:\/\/www.spokojnyzajac.sk\/index.php\/produkt\/hosta-big-daddy-2\/#primaryimage"},"image":{"@id":"https:\/\/www.spokojnyzajac.sk\/index.php\/produkt\/hosta-big-daddy-2\/#primaryimage"},"thumbnailUrl":"https:\/\/i0.wp.com\/www.spokojnyzajac.sk\/wp-content\/uploads\/2025\/09\/big-daddy.webp?fit=500%2C500&ssl=1","datePublished":"2025-09-24T10:48:26+00:00","breadcrumb":{"@id":"https:\/\/www.spokojnyzajac.sk\/index.php\/produkt\/hosta-big-daddy-2\/#breadcrumb"},"inLanguage":"sk-SK","potentialAction":[{"@type":"ReadAction","target":["https:\/\/www.spokojnyzajac.sk\/index.php\/produkt\/hosta-big-daddy-2\/"]}]},{"@type":"ImageObject","inLanguage":"sk-SK","@id":"https:\/\/www.spokojnyzajac.sk\/index.php\/produkt\/hosta-big-daddy-2\/#primaryimage","url":"https:\/\/i0.wp.com\/www.spokojnyzajac.sk\/wp-content\/uploads\/2025\/09\/big-daddy.webp?fit=500%2C500&ssl=1","contentUrl":"https:\/\/i0.wp.com\/www.spokojnyzajac.sk\/wp-content\/uploads\/2025\/09\/big-daddy.webp?fit=500%2C500&ssl=1","width":500,"height":500},{"@type":"BreadcrumbList","@id":"https:\/\/www.spokojnyzajac.sk\/index.php\/produkt\/hosta-big-daddy-2\/#breadcrumb","itemListElement":[{"@type":"ListItem","position":1,"name":"Domovsk\u00e1 str\u00e1nka","item":"https:\/\/www.spokojnyzajac.sk\/"},{"@type":"ListItem","position":2,"name":"Produkty","item":"https:\/\/www.spokojnyzajac.sk\/index.php\/obchod\/"},{"@type":"ListItem","position":3,"name":"Hosta Big Daddy"}]},{"@type":"WebSite","@id":"https:\/\/www.spokojnyzajac.sk\/#website","url":"https:\/\/www.spokojnyzajac.sk\/","name":"Z\u00e1hradn\u00edctvo","description":"Spokojn\u00fd zajac","potentialAction":[{"@type":"SearchAction","target":{"@type":"EntryPoint","urlTemplate":"https:\/\/www.spokojnyzajac.sk\/?s={search_term_string}"},"query-input":{"@type":"PropertyValueSpecification","valueRequired":true,"valueName":"search_term_string"}}],"inLanguage":"sk-SK"}]}},"jetpack_sharing_enabled":true,"_links":{"self":[{"href":"https:\/\/www.spokojnyzajac.sk\/index.php\/wp-json\/wp\/v2\/product\/2750","targetHints":{"allow":["GET"]}}],"collection":[{"href":"https:\/\/www.spokojnyzajac.sk\/index.php\/wp-json\/wp\/v2\/product"}],"about":[{"href":"https:\/\/www.spokojnyzajac.sk\/index.php\/wp-json\/wp\/v2\/types\/product"}],"replies":[{"embeddable":true,"href":"https:\/\/www.spokojnyzajac.sk\/index.php\/wp-json\/wp\/v2\/comments?post=2750"}],"wp:featuredmedia":[{"embeddable":true,"href":"https:\/\/www.spokojnyzajac.sk\/index.php\/wp-json\/wp\/v2\/media\/2751"}],"wp:attachment":[{"href":"https:\/\/www.spokojnyzajac.sk\/index.php\/wp-json\/wp\/v2\/media?parent=2750"}],"wp:term":[{"taxonomy":"product_brand","embeddable":true,"href":"https:\/\/www.spokojnyzajac.sk\/index.php\/wp-json\/wp\/v2\/product_brand?post=2750"},{"taxonomy":"product_cat","embeddable":true,"href":"https:\/\/www.spokojnyzajac.sk\/index.php\/wp-json\/wp\/v2\/product_cat?post=2750"},{"taxonomy":"product_tag","embeddable":true,"href":"https:\/\/www.spokojnyzajac.sk\/index.php\/wp-json\/wp\/v2\/product_tag?post=2750"}],"curies":[{"name":"wp","href":"https:\/\/api.w.org\/{rel}","templated":true}]}}