{"id":2725,"date":"2025-08-21T15:57:45","date_gmt":"2025-08-21T15:57:45","guid":{"rendered":"https:\/\/www.spokojnyzajac.sk\/?post_type=product&#038;p=2725"},"modified":"2026-04-28T05:47:13","modified_gmt":"2026-04-28T05:47:13","slug":"laliovka-stella-de-oro","status":"publish","type":"product","link":"https:\/\/www.spokojnyzajac.sk\/index.php\/produkt\/laliovka-stella-de-oro\/","title":{"rendered":"\u013daliovka Stella de Oro"},"content":{"rendered":"<ul data-start=\"146\" data-end=\"614\">\n<li data-start=\"146\" data-end=\"236\">\n<p data-start=\"148\" data-end=\"236\"><strong data-start=\"148\" data-end=\"156\">Rast<\/strong>: n\u00edzka kompaktn\u00e1 \u013ealiovka, dorast\u00e1 do v\u00fd\u0161ky len 30\u201340 cm, \u0161\u00edrka asi 40\u201350 cm.<\/p>\n<\/li>\n<li data-start=\"237\" data-end=\"328\">\n<p data-start=\"239\" data-end=\"328\"><strong data-start=\"239\" data-end=\"248\">Kvety<\/strong>: \u017elt\u00e9 a\u017e zlato\u017elt\u00e9, lievikovit\u00e9, cca 5\u20136 cm ve\u013ek\u00e9. Kvitn\u00fa vo ve\u013ekom mno\u017estve.<\/p>\n<\/li>\n<li data-start=\"329\" data-end=\"543\">\n<p data-start=\"331\" data-end=\"543\"><strong data-start=\"331\" data-end=\"349\">Doba kvitnutia<\/strong>: patr\u00ed medzi prv\u00e9 kvitn\u00face \u013ealiovky (m\u00e1j \u2013 j\u00fan), ale hlavn\u00e1 prednos\u0165 je <strong data-start=\"422\" data-end=\"445\">opakovan\u00e9 kvitnutie<\/strong> \u2013 remontuje a\u017e do jesene (august \u2013 september). Preto b\u00fdva najob\u013e\u00fabenej\u0161ou \u201etrpasli\u010dou\u201c odrodou.<\/p>\n<\/li>\n<li data-start=\"544\" data-end=\"614\">\n<p data-start=\"546\" data-end=\"614\"><strong data-start=\"546\" data-end=\"555\">Listy<\/strong>: \u00fazke, tr\u00e1vovit\u00e9, dekorat\u00edvne aj mimo obdobia kvitnutia.<\/p>\n<\/li>\n<\/ul>\n<h3 data-start=\"621\" data-end=\"635\">Pestovanie<\/h3>\n<ul data-start=\"636\" data-end=\"1016\">\n<li data-start=\"636\" data-end=\"710\">\n<p data-start=\"638\" data-end=\"710\"><strong data-start=\"638\" data-end=\"652\">Stanovi\u0161te<\/strong>: slnko a\u017e polotie\u0148 (na plnom slnku kvitne najbohat\u0161ie).<\/p>\n<\/li>\n<li data-start=\"711\" data-end=\"786\">\n<p data-start=\"713\" data-end=\"786\"><strong data-start=\"713\" data-end=\"721\">P\u00f4da<\/strong>: nen\u00e1ro\u010dn\u00e1, ale ide\u00e1lna je priepustn\u00e1, hum\u00f3zna a mierne vlhk\u00e1.<\/p>\n<\/li>\n<li data-start=\"787\" data-end=\"1016\">\n<p data-start=\"789\" data-end=\"809\"><strong data-start=\"789\" data-end=\"806\">Starostlivos\u0165<\/strong>:<\/p>\n<ul data-start=\"812\" data-end=\"1016\">\n<li data-start=\"812\" data-end=\"891\">\n<p data-start=\"814\" data-end=\"891\">Po odkvitnut\u00ed odstr\u00e1ni\u0165 odkvitnut\u00e9 stonky \u2192 podpor\u00ed sa opakovan\u00e9 kvitnutie.<\/p>\n<\/li>\n<li data-start=\"894\" data-end=\"949\">\n<p data-start=\"896\" data-end=\"949\">Ka\u017ed\u00fdch 4\u20135 rokov je vhodn\u00e9 trs rozdeli\u0165 a zmladi\u0165.<\/p>\n<\/li>\n<li data-start=\"952\" data-end=\"1016\">\n<p data-start=\"954\" data-end=\"1016\">Ve\u013emi odoln\u00e1, zn\u00e1\u0161a aj sucho, hor\u0161ie p\u00f4dy a mrazy do \u201330 \u00b0C.<\/p>\n<\/li>\n<\/ul>\n<\/li>\n<\/ul>\n<h3 data-start=\"1023\" data-end=\"1045\">Vyu\u017eitie v z\u00e1hrade<\/h3>\n<ul data-start=\"1046\" data-end=\"1614\">\n<li data-start=\"1046\" data-end=\"1141\">\n<p data-start=\"1048\" data-end=\"1141\"><strong data-start=\"1048\" data-end=\"1066\">Okraje z\u00e1honov<\/strong> \u2013 n\u00edzky vzrast ju predur\u010duje ako lem k chodn\u00edkom \u010di pred vy\u0161\u0161ie trvalky.<\/p>\n<\/li>\n<li data-start=\"1142\" data-end=\"1229\">\n<p data-start=\"1144\" data-end=\"1229\"><strong data-start=\"1144\" data-end=\"1165\">Skupinov\u00e1 v\u00fdsadba<\/strong> \u2013 vysaden\u00e1 vo v\u00e4\u010d\u0161om mno\u017estve vytv\u00e1ra kompaktn\u00e9 \u017elt\u00e9 koberce.<\/p>\n<\/li>\n<li data-start=\"1230\" data-end=\"1281\">\n<p data-start=\"1232\" data-end=\"1281\"><strong data-start=\"1232\" data-end=\"1242\">N\u00e1doby<\/strong> \u2013 dobre sa pestuje aj v kvetin\u00e1\u010doch.<\/p>\n<\/li>\n<li data-start=\"1282\" data-end=\"1614\">\n<p data-start=\"1284\" data-end=\"1301\"><strong data-start=\"1284\" data-end=\"1298\">Kombin\u00e1cie<\/strong>:<\/p>\n<ul data-start=\"1304\" data-end=\"1614\">\n<li data-start=\"1304\" data-end=\"1395\">\n<p data-start=\"1306\" data-end=\"1395\">S trvalkami s modr\u00fdmi a fialov\u00fdmi kvetmi (Nepeta, Salvia, Veronica) \u2013 farebn\u00fd kontrast.<\/p>\n<\/li>\n<li data-start=\"1398\" data-end=\"1468\">\n<p data-start=\"1400\" data-end=\"1468\">S in\u00fdmi \u013ealiovkami r\u00f4znych farieb a v\u00fd\u0161ok \u2013 dlh\u00e1 sez\u00f3na kvitnutia.<\/p>\n<\/li>\n<li data-start=\"1471\" data-end=\"1553\">\n<p data-start=\"1473\" data-end=\"1553\">S okrasn\u00fdmi tr\u00e1vami (Festuca glauca, Carex) \u2013 jemn\u00e1 text\u00fara k v\u00fdrazn\u00fdm kvetom.<\/p>\n<\/li>\n<li data-start=\"1556\" data-end=\"1614\">\n<p data-start=\"1558\" data-end=\"1614\">Ako predplanta k vy\u0161\u0161\u00edm kram (hortenzie, ru\u017ee, floxy).<\/p>\n<\/li>\n<\/ul>\n<\/li>\n<\/ul>\n","protected":false},"excerpt":{"rendered":"<p>Rastlina v kvetin\u00e1\u010di \u00d8 13cm<br \/>\nObr\u00e1zky rastliny s\u00fa ilustra\u010dn\u00e9.<\/p>\n<p>Hemerocallis \u2018Stella de Oro\u2019 je jedna z <strong data-start=\"1651\" data-end=\"1706\">najspo\u013eahlivej\u0161\u00edch a najdlh\u0161ie kvitn\u00facich \u013ealioviek<\/strong>, ide\u00e1lna aj do vy\u0161\u0161\u00edch pol\u00f4h, lebo st\u00edha kvitn\u00fa\u0165 cel\u00e9 leto a zvl\u00e1da aj drsnej\u0161ie podmienky.<\/p>\n","protected":false},"featured_media":2727,"comment_status":"open","ping_status":"closed","template":"","meta":{"_monsterinsights_skip_tracking":false,"_monsterinsights_sitenote_active":false,"_monsterinsights_sitenote_note":"","_monsterinsights_sitenote_category":0},"product_brand":[],"product_cat":[90,39,16],"product_tag":[],"class_list":{"0":"post-2725","1":"product","2":"type-product","3":"status-publish","4":"has-post-thumbnail","6":"product_cat-kvitnuce","7":"product_cat-trvalky","8":"product_cat-zive-rastliny","10":"first","11":"outofstock","12":"taxable","13":"shipping-taxable","14":"purchasable","15":"product-type-simple"},"yoast_head":"<!-- This site is optimized with the Yoast SEO plugin v27.5 - https:\/\/yoast.com\/product\/yoast-seo-wordpress\/ -->\n<title>\u013daliovka Stella de Oro - Z\u00c1HRADN\u00cdCTVO<\/title>\n<meta name=\"robots\" content=\"index, follow, max-snippet:-1, max-image-preview:large, max-video-preview:-1\" \/>\n<link rel=\"canonical\" href=\"https:\/\/www.spokojnyzajac.sk\/index.php\/produkt\/laliovka-stella-de-oro\/\" \/>\n<meta property=\"og:locale\" content=\"sk_SK\" \/>\n<meta property=\"og:type\" content=\"article\" \/>\n<meta property=\"og:title\" content=\"\u013daliovka Stella de Oro - Z\u00c1HRADN\u00cdCTVO\" \/>\n<meta property=\"og:description\" content=\"Rastlina v kvetin\u00e1\u010di \u00d8 13cm Obr\u00e1zky rastliny s\u00fa ilustra\u010dn\u00e9.  Hemerocallis \u2018Stella de Oro\u2019 je jedna z najspo\u013eahlivej\u0161\u00edch a najdlh\u0161ie kvitn\u00facich \u013ealioviek, ide\u00e1lna aj do vy\u0161\u0161\u00edch pol\u00f4h, lebo st\u00edha kvitn\u00fa\u0165 cel\u00e9 leto a zvl\u00e1da aj drsnej\u0161ie podmienky.\" \/>\n<meta property=\"og:url\" content=\"https:\/\/www.spokojnyzajac.sk\/index.php\/produkt\/laliovka-stella-de-oro\/\" \/>\n<meta property=\"og:site_name\" content=\"Z\u00c1HRADN\u00cdCTVO\" \/>\n<meta property=\"article:publisher\" content=\"https:\/\/www.facebook.com\/spokojnyzajac\/\" \/>\n<meta property=\"article:modified_time\" content=\"2026-04-28T05:47:13+00:00\" \/>\n<meta property=\"og:image\" content=\"https:\/\/www.spokojnyzajac.sk\/wp-content\/uploads\/2025\/08\/stella-de-oro.webp\" \/>\n\t<meta property=\"og:image:width\" content=\"500\" \/>\n\t<meta property=\"og:image:height\" content=\"500\" \/>\n\t<meta property=\"og:image:type\" content=\"image\/webp\" \/>\n<meta name=\"twitter:card\" content=\"summary_large_image\" \/>\n<meta name=\"twitter:label1\" content=\"Predpokladan\u00fd \u010das \u010d\u00edtania\" \/>\n\t<meta name=\"twitter:data1\" content=\"2 min\u00faty\" \/>\n<script type=\"application\/ld+json\" class=\"yoast-schema-graph\">{\"@context\":\"https:\\\/\\\/schema.org\",\"@graph\":[{\"@type\":\"WebPage\",\"@id\":\"https:\\\/\\\/www.spokojnyzajac.sk\\\/index.php\\\/produkt\\\/laliovka-stella-de-oro\\\/\",\"url\":\"https:\\\/\\\/www.spokojnyzajac.sk\\\/index.php\\\/produkt\\\/laliovka-stella-de-oro\\\/\",\"name\":\"\u013daliovka Stella de Oro - Z\u00c1HRADN\u00cdCTVO\",\"isPartOf\":{\"@id\":\"https:\\\/\\\/www.spokojnyzajac.sk\\\/#website\"},\"primaryImageOfPage\":{\"@id\":\"https:\\\/\\\/www.spokojnyzajac.sk\\\/index.php\\\/produkt\\\/laliovka-stella-de-oro\\\/#primaryimage\"},\"image\":{\"@id\":\"https:\\\/\\\/www.spokojnyzajac.sk\\\/index.php\\\/produkt\\\/laliovka-stella-de-oro\\\/#primaryimage\"},\"thumbnailUrl\":\"https:\\\/\\\/i0.wp.com\\\/www.spokojnyzajac.sk\\\/wp-content\\\/uploads\\\/2025\\\/08\\\/stella-de-oro.webp?fit=500%2C500&ssl=1\",\"datePublished\":\"2025-08-21T15:57:45+00:00\",\"dateModified\":\"2026-04-28T05:47:13+00:00\",\"breadcrumb\":{\"@id\":\"https:\\\/\\\/www.spokojnyzajac.sk\\\/index.php\\\/produkt\\\/laliovka-stella-de-oro\\\/#breadcrumb\"},\"inLanguage\":\"sk-SK\",\"potentialAction\":[{\"@type\":\"ReadAction\",\"target\":[\"https:\\\/\\\/www.spokojnyzajac.sk\\\/index.php\\\/produkt\\\/laliovka-stella-de-oro\\\/\"]}]},{\"@type\":\"ImageObject\",\"inLanguage\":\"sk-SK\",\"@id\":\"https:\\\/\\\/www.spokojnyzajac.sk\\\/index.php\\\/produkt\\\/laliovka-stella-de-oro\\\/#primaryimage\",\"url\":\"https:\\\/\\\/i0.wp.com\\\/www.spokojnyzajac.sk\\\/wp-content\\\/uploads\\\/2025\\\/08\\\/stella-de-oro.webp?fit=500%2C500&ssl=1\",\"contentUrl\":\"https:\\\/\\\/i0.wp.com\\\/www.spokojnyzajac.sk\\\/wp-content\\\/uploads\\\/2025\\\/08\\\/stella-de-oro.webp?fit=500%2C500&ssl=1\",\"width\":500,\"height\":500},{\"@type\":\"BreadcrumbList\",\"@id\":\"https:\\\/\\\/www.spokojnyzajac.sk\\\/index.php\\\/produkt\\\/laliovka-stella-de-oro\\\/#breadcrumb\",\"itemListElement\":[{\"@type\":\"ListItem\",\"position\":1,\"name\":\"Domovsk\u00e1 str\u00e1nka\",\"item\":\"https:\\\/\\\/www.spokojnyzajac.sk\\\/\"},{\"@type\":\"ListItem\",\"position\":2,\"name\":\"Produkty\",\"item\":\"https:\\\/\\\/www.spokojnyzajac.sk\\\/index.php\\\/obchod\\\/\"},{\"@type\":\"ListItem\",\"position\":3,\"name\":\"\u013daliovka Stella de Oro\"}]},{\"@type\":\"WebSite\",\"@id\":\"https:\\\/\\\/www.spokojnyzajac.sk\\\/#website\",\"url\":\"https:\\\/\\\/www.spokojnyzajac.sk\\\/\",\"name\":\"Z\u00e1hradn\u00edctvo\",\"description\":\"Spokojn\u00fd zajac\",\"potentialAction\":[{\"@type\":\"SearchAction\",\"target\":{\"@type\":\"EntryPoint\",\"urlTemplate\":\"https:\\\/\\\/www.spokojnyzajac.sk\\\/?s={search_term_string}\"},\"query-input\":{\"@type\":\"PropertyValueSpecification\",\"valueRequired\":true,\"valueName\":\"search_term_string\"}}],\"inLanguage\":\"sk-SK\"}]}<\/script>\n<!-- \/ Yoast SEO plugin. -->","yoast_head_json":{"title":"\u013daliovka Stella de Oro - Z\u00c1HRADN\u00cdCTVO","robots":{"index":"index","follow":"follow","max-snippet":"max-snippet:-1","max-image-preview":"max-image-preview:large","max-video-preview":"max-video-preview:-1"},"canonical":"https:\/\/www.spokojnyzajac.sk\/index.php\/produkt\/laliovka-stella-de-oro\/","og_locale":"sk_SK","og_type":"article","og_title":"\u013daliovka Stella de Oro - Z\u00c1HRADN\u00cdCTVO","og_description":"Rastlina v kvetin\u00e1\u010di \u00d8 13cm Obr\u00e1zky rastliny s\u00fa ilustra\u010dn\u00e9.  Hemerocallis \u2018Stella de Oro\u2019 je jedna z najspo\u013eahlivej\u0161\u00edch a najdlh\u0161ie kvitn\u00facich \u013ealioviek, ide\u00e1lna aj do vy\u0161\u0161\u00edch pol\u00f4h, lebo st\u00edha kvitn\u00fa\u0165 cel\u00e9 leto a zvl\u00e1da aj drsnej\u0161ie podmienky.","og_url":"https:\/\/www.spokojnyzajac.sk\/index.php\/produkt\/laliovka-stella-de-oro\/","og_site_name":"Z\u00c1HRADN\u00cdCTVO","article_publisher":"https:\/\/www.facebook.com\/spokojnyzajac\/","article_modified_time":"2026-04-28T05:47:13+00:00","og_image":[{"width":500,"height":500,"url":"https:\/\/www.spokojnyzajac.sk\/wp-content\/uploads\/2025\/08\/stella-de-oro.webp","type":"image\/webp"}],"twitter_card":"summary_large_image","twitter_misc":{"Predpokladan\u00fd \u010das \u010d\u00edtania":"2 min\u00faty"},"schema":{"@context":"https:\/\/schema.org","@graph":[{"@type":"WebPage","@id":"https:\/\/www.spokojnyzajac.sk\/index.php\/produkt\/laliovka-stella-de-oro\/","url":"https:\/\/www.spokojnyzajac.sk\/index.php\/produkt\/laliovka-stella-de-oro\/","name":"\u013daliovka Stella de Oro - Z\u00c1HRADN\u00cdCTVO","isPartOf":{"@id":"https:\/\/www.spokojnyzajac.sk\/#website"},"primaryImageOfPage":{"@id":"https:\/\/www.spokojnyzajac.sk\/index.php\/produkt\/laliovka-stella-de-oro\/#primaryimage"},"image":{"@id":"https:\/\/www.spokojnyzajac.sk\/index.php\/produkt\/laliovka-stella-de-oro\/#primaryimage"},"thumbnailUrl":"https:\/\/i0.wp.com\/www.spokojnyzajac.sk\/wp-content\/uploads\/2025\/08\/stella-de-oro.webp?fit=500%2C500&ssl=1","datePublished":"2025-08-21T15:57:45+00:00","dateModified":"2026-04-28T05:47:13+00:00","breadcrumb":{"@id":"https:\/\/www.spokojnyzajac.sk\/index.php\/produkt\/laliovka-stella-de-oro\/#breadcrumb"},"inLanguage":"sk-SK","potentialAction":[{"@type":"ReadAction","target":["https:\/\/www.spokojnyzajac.sk\/index.php\/produkt\/laliovka-stella-de-oro\/"]}]},{"@type":"ImageObject","inLanguage":"sk-SK","@id":"https:\/\/www.spokojnyzajac.sk\/index.php\/produkt\/laliovka-stella-de-oro\/#primaryimage","url":"https:\/\/i0.wp.com\/www.spokojnyzajac.sk\/wp-content\/uploads\/2025\/08\/stella-de-oro.webp?fit=500%2C500&ssl=1","contentUrl":"https:\/\/i0.wp.com\/www.spokojnyzajac.sk\/wp-content\/uploads\/2025\/08\/stella-de-oro.webp?fit=500%2C500&ssl=1","width":500,"height":500},{"@type":"BreadcrumbList","@id":"https:\/\/www.spokojnyzajac.sk\/index.php\/produkt\/laliovka-stella-de-oro\/#breadcrumb","itemListElement":[{"@type":"ListItem","position":1,"name":"Domovsk\u00e1 str\u00e1nka","item":"https:\/\/www.spokojnyzajac.sk\/"},{"@type":"ListItem","position":2,"name":"Produkty","item":"https:\/\/www.spokojnyzajac.sk\/index.php\/obchod\/"},{"@type":"ListItem","position":3,"name":"\u013daliovka Stella de Oro"}]},{"@type":"WebSite","@id":"https:\/\/www.spokojnyzajac.sk\/#website","url":"https:\/\/www.spokojnyzajac.sk\/","name":"Z\u00e1hradn\u00edctvo","description":"Spokojn\u00fd zajac","potentialAction":[{"@type":"SearchAction","target":{"@type":"EntryPoint","urlTemplate":"https:\/\/www.spokojnyzajac.sk\/?s={search_term_string}"},"query-input":{"@type":"PropertyValueSpecification","valueRequired":true,"valueName":"search_term_string"}}],"inLanguage":"sk-SK"}]}},"jetpack_sharing_enabled":true,"_links":{"self":[{"href":"https:\/\/www.spokojnyzajac.sk\/index.php\/wp-json\/wp\/v2\/product\/2725","targetHints":{"allow":["GET"]}}],"collection":[{"href":"https:\/\/www.spokojnyzajac.sk\/index.php\/wp-json\/wp\/v2\/product"}],"about":[{"href":"https:\/\/www.spokojnyzajac.sk\/index.php\/wp-json\/wp\/v2\/types\/product"}],"replies":[{"embeddable":true,"href":"https:\/\/www.spokojnyzajac.sk\/index.php\/wp-json\/wp\/v2\/comments?post=2725"}],"wp:featuredmedia":[{"embeddable":true,"href":"https:\/\/www.spokojnyzajac.sk\/index.php\/wp-json\/wp\/v2\/media\/2727"}],"wp:attachment":[{"href":"https:\/\/www.spokojnyzajac.sk\/index.php\/wp-json\/wp\/v2\/media?parent=2725"}],"wp:term":[{"taxonomy":"product_brand","embeddable":true,"href":"https:\/\/www.spokojnyzajac.sk\/index.php\/wp-json\/wp\/v2\/product_brand?post=2725"},{"taxonomy":"product_cat","embeddable":true,"href":"https:\/\/www.spokojnyzajac.sk\/index.php\/wp-json\/wp\/v2\/product_cat?post=2725"},{"taxonomy":"product_tag","embeddable":true,"href":"https:\/\/www.spokojnyzajac.sk\/index.php\/wp-json\/wp\/v2\/product_tag?post=2725"}],"curies":[{"name":"wp","href":"https:\/\/api.w.org\/{rel}","templated":true}]}}