{"id":2647,"date":"2025-06-30T11:28:21","date_gmt":"2025-06-30T11:28:21","guid":{"rendered":"https:\/\/www.spokojnyzajac.sk\/?post_type=product&#038;p=2647"},"modified":"2025-06-30T18:01:07","modified_gmt":"2025-06-30T18:01:07","slug":"rozchodnik-blue-spruce","status":"publish","type":"product","link":"https:\/\/www.spokojnyzajac.sk\/index.php\/produkt\/rozchodnik-blue-spruce\/","title":{"rendered":"Rozchodn\u00edk Blue Spruce"},"content":{"rendered":"<p>Rozchodn\u00edk Blue Spruce je n\u00edzko rast\u00faca, st\u00e1lozelen\u00e1 skalni\u010dka, ktor\u00e1 sa \u010dasto pou\u017e\u00edva na pokrytie p\u00f4dy, do skaliek, kvetin\u00e1\u010dov alebo aj ako s\u00fa\u010das\u0165 zelen\u00fdch striech. Je ob\u013e\u00faben\u00fd pre svoj vzh\u013ead pripom\u00ednaj\u00faci mal\u00e9 ihli\u010dnat\u00e9 strom\u010deky a nen\u00e1ro\u010dnos\u0165 na pestovanie.<\/p>\n<h3 data-start=\"377\" data-end=\"406\">Z\u00e1kladn\u00e1 charakteristika:<\/h3>\n<ul data-start=\"408\" data-end=\"988\">\n<li data-start=\"408\" data-end=\"608\">\n<p data-start=\"410\" data-end=\"608\"><strong data-start=\"410\" data-end=\"421\">Vzh\u013ead:<\/strong> Tvor\u00ed hust\u00e9, kobercov\u00e9 porasty. M\u00e1 modrozelen\u00e9, du\u017einat\u00e9, ihli\u010dkovit\u00e9 listy usporiadan\u00e9 do \u0161pir\u00e1l na stonk\u00e1ch, \u010do pripom\u00edna vetvi\u010dky smrekovca \u2013 odtia\u013e n\u00e1zov <em data-start=\"580\" data-end=\"593\">Blue Spruce<\/em> (modr\u00fd smrek).<\/p>\n<\/li>\n<li data-start=\"609\" data-end=\"658\">\n<p data-start=\"611\" data-end=\"658\"><strong data-start=\"611\" data-end=\"621\">V\u00fd\u0161ka:<\/strong> Dorast\u00e1 do v\u00fd\u0161ky pribli\u017ene 10\u201315 cm.<\/p>\n<\/li>\n<li data-start=\"659\" data-end=\"715\">\n<p data-start=\"661\" data-end=\"715\"><strong data-start=\"661\" data-end=\"671\">\u0160\u00edrka:<\/strong> M\u00f4\u017ee sa rozrasta\u0165 do \u0161\u00edrky 30\u201345 cm a viac.<\/p>\n<\/li>\n<li data-start=\"716\" data-end=\"829\">\n<p data-start=\"718\" data-end=\"829\"><strong data-start=\"718\" data-end=\"728\">Kvety:<\/strong> Kvety s\u00fa mal\u00e9, \u017elt\u00e9, hviezdicovit\u00e9, kvitne po\u010das leta (j\u00fan\u2013j\u00fal). Kvety l\u00e1kaj\u00fa v\u010dely a in\u00e9 ope\u013eova\u010de.<\/p>\n<\/li>\n<li data-start=\"830\" data-end=\"905\">\n<p data-start=\"832\" data-end=\"905\"><strong data-start=\"832\" data-end=\"841\">Rast:<\/strong> R\u00fdchlo sa rozrast\u00e1 pomocou plaziv\u00fdch stoniek, ktor\u00e9 zakore\u0148uj\u00fa.<\/p>\n<\/li>\n<li data-start=\"906\" data-end=\"988\">\n<p data-start=\"908\" data-end=\"988\"><strong data-start=\"908\" data-end=\"918\">Listy:<\/strong> Celoro\u010dne dekorat\u00edvne, v zime m\u00f4\u017eu trochu meni\u0165 farbu do sivofialova.<\/p>\n<\/li>\n<\/ul>\n<h3 data-start=\"990\" data-end=\"1005\">Pestovanie:<\/h3>\n<ul data-start=\"1007\" data-end=\"1399\">\n<li data-start=\"1007\" data-end=\"1094\">\n<p data-start=\"1009\" data-end=\"1094\"><strong data-start=\"1009\" data-end=\"1020\">Svetlo:<\/strong> Vy\u017eaduje <strong data-start=\"1030\" data-end=\"1052\">slne\u010dn\u00e9 stanovi\u0161te<\/strong> pre najlep\u0161ie vyfarbenie a hustotu rastu.<\/p>\n<\/li>\n<li data-start=\"1095\" data-end=\"1159\">\n<p data-start=\"1097\" data-end=\"1159\"><strong data-start=\"1097\" data-end=\"1106\">P\u00f4da:<\/strong> Dobre priepustn\u00e1, such\u0161ia p\u00f4da. Nezn\u00e1\u0161a premokrenie.<\/p>\n<\/li>\n<li data-start=\"1160\" data-end=\"1237\">\n<p data-start=\"1162\" data-end=\"1237\"><strong data-start=\"1162\" data-end=\"1175\">Z\u00e1lievka:<\/strong> Ve\u013emi n\u00edzke n\u00e1roky na vodu. Zalieva\u0165 len pri dlhodobom suchu.<\/p>\n<\/li>\n<li data-start=\"1238\" data-end=\"1331\">\n<p data-start=\"1240\" data-end=\"1331\"><strong data-start=\"1240\" data-end=\"1259\">Mrazuvzdornos\u0165:<\/strong> Plne mrazuvzdorn\u00fd, vhodn\u00fd aj do n\u00e1ro\u010dnej\u0161\u00edch podmienok (cca do -30 \u00b0C).<\/p>\n<\/li>\n<li data-start=\"1332\" data-end=\"1399\">\n<p data-start=\"1334\" data-end=\"1399\"><strong data-start=\"1334\" data-end=\"1345\">\u00dadr\u017eba:<\/strong> Takmer bez\u00fadr\u017ebov\u00fd. M\u00f4\u017ee sa zastrihn\u00fa\u0165, ak prerastie.<\/p>\n<\/li>\n<\/ul>\n<h3 data-start=\"1401\" data-end=\"1414\">Vyu\u017eitie:<\/h3>\n<ul data-start=\"1416\" data-end=\"1585\">\n<li data-start=\"1416\" data-end=\"1455\">\n<p data-start=\"1418\" data-end=\"1455\">Skalky, such\u00e9 m\u00fariky, stre\u0161n\u00e9 z\u00e1hrady<\/p>\n<\/li>\n<li data-start=\"1456\" data-end=\"1494\">\n<p data-start=\"1458\" data-end=\"1494\">Pokrytie p\u00f4dy v slne\u010dn\u00fdch oblastiach<\/p>\n<\/li>\n<li data-start=\"1495\" data-end=\"1520\">\n<p data-start=\"1497\" data-end=\"1520\">V \u010drepn\u00edkoch a n\u00e1dob\u00e1ch<\/p>\n<\/li>\n<li data-start=\"1521\" data-end=\"1585\">\n<p data-start=\"1523\" data-end=\"1585\">Ako dekorat\u00edvny prvok v minimalistick\u00fdch a modern\u00fdch z\u00e1hrad\u00e1ch<\/p>\n<\/li>\n<\/ul>\n<h3>Vhodn\u00e1 kombin\u00e1cia s:<\/h3>\n<p data-start=\"311\" data-end=\"350\"><strong data-start=\"317\" data-end=\"350\">1. Skalni\u010dky a n\u00edzke trvalky:<\/strong><\/p>\n<p data-start=\"352\" data-end=\"383\">Sempervivum (skalnica)<\/p>\n<p data-start=\"509\" data-end=\"551\">Thymus serpyllum (materina d\u00fa\u0161ka)<\/p>\n<p data-start=\"654\" data-end=\"692\">Delosperma cooperi (kosmatka)<\/p>\n<p data-start=\"795\" data-end=\"842\">Armeria maritima (tr\u00e1vni\u010dka pr\u00edmorsk\u00e1)<\/p>\n<p data-start=\"939\" data-end=\"988\">Iberis sempervirens (nev\u00e4dza v\u017edyzelen\u00e1)<\/p>\n<p>&nbsp;<\/p>\n<p data-start=\"1084\" data-end=\"1111\"><strong data-start=\"1090\" data-end=\"1111\">2. Okrasn\u00e9 tr\u00e1vy:<\/strong><\/p>\n<p data-start=\"1113\" data-end=\"1152\">Festuca glauca (kostrava siv\u00e1)<\/p>\n<p data-start=\"1255\" data-end=\"1293\">Carex (ostrica) \u2013 n\u00edzke druhy<\/p>\n<p data-start=\"1390\" data-end=\"1436\">Stipa tenuissima (perovec tenkolist\u00fd)<\/p>\n<p data-start=\"1390\" data-end=\"1436\">\u00a0Aromatick\u00e9 a stredne vysok\u00e9 rastliny:<\/p>\n<p data-start=\"1618\" data-end=\"1661\">Lavandula angustifolia (levandu\u013ea)<\/p>\n<p data-start=\"1769\" data-end=\"1821\">Santolina chamaecyparissus (santolina siv\u00e1)<\/p>\n<p data-start=\"1926\" data-end=\"1972\">Teucrium chamaedrys (o\u017eanka oby\u010dajn\u00e1)<\/p>\n<p data-start=\"2262\" data-end=\"2319\">\n","protected":false},"excerpt":{"rendered":"<p>Rastlina v kvetin\u00e1\u010di: 11 cm<br \/>\nSedum rupestre Blue Spruce<br \/>\nSlovensk\u00fd n\u00e1zov: rozchodn\u00edk<\/p>\n","protected":false},"featured_media":2648,"comment_status":"open","ping_status":"closed","template":"","meta":{"_monsterinsights_skip_tracking":false,"_monsterinsights_sitenote_active":false,"_monsterinsights_sitenote_note":"","_monsterinsights_sitenote_category":0},"product_brand":[],"product_cat":[86,39,16],"product_tag":[69,77,75],"class_list":{"0":"post-2647","1":"product","2":"type-product","3":"status-publish","4":"has-post-thumbnail","6":"product_cat-skalnicky","7":"product_cat-trvalky","8":"product_cat-zive-rastliny","9":"product_tag-do-skalky","10":"product_tag-nizke-do-50-cm","11":"product_tag-podopokryvne","12":"pa_stanoviste-priame-slnko","14":"first","15":"instock","16":"taxable","17":"shipping-taxable","18":"purchasable","19":"product-type-simple"},"yoast_head":"<!-- This site is optimized with the Yoast SEO plugin v27.5 - https:\/\/yoast.com\/product\/yoast-seo-wordpress\/ -->\n<title>Rozchodn\u00edk Blue Spruce - Z\u00c1HRADN\u00cdCTVO<\/title>\n<meta name=\"robots\" content=\"index, follow, max-snippet:-1, max-image-preview:large, max-video-preview:-1\" \/>\n<link rel=\"canonical\" href=\"https:\/\/www.spokojnyzajac.sk\/index.php\/produkt\/rozchodnik-blue-spruce\/\" \/>\n<meta property=\"og:locale\" content=\"sk_SK\" \/>\n<meta property=\"og:type\" content=\"article\" \/>\n<meta property=\"og:title\" content=\"Rozchodn\u00edk Blue Spruce - Z\u00c1HRADN\u00cdCTVO\" \/>\n<meta property=\"og:description\" content=\"Rastlina v kvetin\u00e1\u010di: 11 cm Sedum rupestre Blue Spruce Slovensk\u00fd n\u00e1zov: rozchodn\u00edk\" \/>\n<meta property=\"og:url\" content=\"https:\/\/www.spokojnyzajac.sk\/index.php\/produkt\/rozchodnik-blue-spruce\/\" \/>\n<meta property=\"og:site_name\" content=\"Z\u00c1HRADN\u00cdCTVO\" \/>\n<meta property=\"article:publisher\" content=\"https:\/\/www.facebook.com\/spokojnyzajac\/\" \/>\n<meta property=\"article:modified_time\" content=\"2025-06-30T18:01:07+00:00\" \/>\n<meta property=\"og:image\" content=\"https:\/\/www.spokojnyzajac.sk\/wp-content\/uploads\/2025\/06\/b2066ff2web-horsford-sedum-reflexum-blue-spruce__29867.webp\" \/>\n\t<meta property=\"og:image:width\" content=\"500\" \/>\n\t<meta property=\"og:image:height\" content=\"500\" \/>\n\t<meta property=\"og:image:type\" content=\"image\/webp\" \/>\n<meta name=\"twitter:card\" content=\"summary_large_image\" \/>\n<meta name=\"twitter:label1\" content=\"Predpokladan\u00fd \u010das \u010d\u00edtania\" \/>\n\t<meta name=\"twitter:data1\" content=\"2 min\u00faty\" \/>\n<script type=\"application\/ld+json\" class=\"yoast-schema-graph\">{\"@context\":\"https:\\\/\\\/schema.org\",\"@graph\":[{\"@type\":\"WebPage\",\"@id\":\"https:\\\/\\\/www.spokojnyzajac.sk\\\/index.php\\\/produkt\\\/rozchodnik-blue-spruce\\\/\",\"url\":\"https:\\\/\\\/www.spokojnyzajac.sk\\\/index.php\\\/produkt\\\/rozchodnik-blue-spruce\\\/\",\"name\":\"Rozchodn\u00edk Blue Spruce - Z\u00c1HRADN\u00cdCTVO\",\"isPartOf\":{\"@id\":\"https:\\\/\\\/www.spokojnyzajac.sk\\\/#website\"},\"primaryImageOfPage\":{\"@id\":\"https:\\\/\\\/www.spokojnyzajac.sk\\\/index.php\\\/produkt\\\/rozchodnik-blue-spruce\\\/#primaryimage\"},\"image\":{\"@id\":\"https:\\\/\\\/www.spokojnyzajac.sk\\\/index.php\\\/produkt\\\/rozchodnik-blue-spruce\\\/#primaryimage\"},\"thumbnailUrl\":\"https:\\\/\\\/i0.wp.com\\\/www.spokojnyzajac.sk\\\/wp-content\\\/uploads\\\/2025\\\/06\\\/b2066ff2web-horsford-sedum-reflexum-blue-spruce__29867.webp?fit=500%2C500&ssl=1\",\"datePublished\":\"2025-06-30T11:28:21+00:00\",\"dateModified\":\"2025-06-30T18:01:07+00:00\",\"breadcrumb\":{\"@id\":\"https:\\\/\\\/www.spokojnyzajac.sk\\\/index.php\\\/produkt\\\/rozchodnik-blue-spruce\\\/#breadcrumb\"},\"inLanguage\":\"sk-SK\",\"potentialAction\":[{\"@type\":\"ReadAction\",\"target\":[\"https:\\\/\\\/www.spokojnyzajac.sk\\\/index.php\\\/produkt\\\/rozchodnik-blue-spruce\\\/\"]}]},{\"@type\":\"ImageObject\",\"inLanguage\":\"sk-SK\",\"@id\":\"https:\\\/\\\/www.spokojnyzajac.sk\\\/index.php\\\/produkt\\\/rozchodnik-blue-spruce\\\/#primaryimage\",\"url\":\"https:\\\/\\\/i0.wp.com\\\/www.spokojnyzajac.sk\\\/wp-content\\\/uploads\\\/2025\\\/06\\\/b2066ff2web-horsford-sedum-reflexum-blue-spruce__29867.webp?fit=500%2C500&ssl=1\",\"contentUrl\":\"https:\\\/\\\/i0.wp.com\\\/www.spokojnyzajac.sk\\\/wp-content\\\/uploads\\\/2025\\\/06\\\/b2066ff2web-horsford-sedum-reflexum-blue-spruce__29867.webp?fit=500%2C500&ssl=1\",\"width\":500,\"height\":500},{\"@type\":\"BreadcrumbList\",\"@id\":\"https:\\\/\\\/www.spokojnyzajac.sk\\\/index.php\\\/produkt\\\/rozchodnik-blue-spruce\\\/#breadcrumb\",\"itemListElement\":[{\"@type\":\"ListItem\",\"position\":1,\"name\":\"Domovsk\u00e1 str\u00e1nka\",\"item\":\"https:\\\/\\\/www.spokojnyzajac.sk\\\/\"},{\"@type\":\"ListItem\",\"position\":2,\"name\":\"Produkty\",\"item\":\"https:\\\/\\\/www.spokojnyzajac.sk\\\/index.php\\\/obchod\\\/\"},{\"@type\":\"ListItem\",\"position\":3,\"name\":\"Rozchodn\u00edk Blue Spruce\"}]},{\"@type\":\"WebSite\",\"@id\":\"https:\\\/\\\/www.spokojnyzajac.sk\\\/#website\",\"url\":\"https:\\\/\\\/www.spokojnyzajac.sk\\\/\",\"name\":\"Z\u00e1hradn\u00edctvo\",\"description\":\"Spokojn\u00fd zajac\",\"potentialAction\":[{\"@type\":\"SearchAction\",\"target\":{\"@type\":\"EntryPoint\",\"urlTemplate\":\"https:\\\/\\\/www.spokojnyzajac.sk\\\/?s={search_term_string}\"},\"query-input\":{\"@type\":\"PropertyValueSpecification\",\"valueRequired\":true,\"valueName\":\"search_term_string\"}}],\"inLanguage\":\"sk-SK\"}]}<\/script>\n<!-- \/ Yoast SEO plugin. -->","yoast_head_json":{"title":"Rozchodn\u00edk Blue Spruce - Z\u00c1HRADN\u00cdCTVO","robots":{"index":"index","follow":"follow","max-snippet":"max-snippet:-1","max-image-preview":"max-image-preview:large","max-video-preview":"max-video-preview:-1"},"canonical":"https:\/\/www.spokojnyzajac.sk\/index.php\/produkt\/rozchodnik-blue-spruce\/","og_locale":"sk_SK","og_type":"article","og_title":"Rozchodn\u00edk Blue Spruce - Z\u00c1HRADN\u00cdCTVO","og_description":"Rastlina v kvetin\u00e1\u010di: 11 cm Sedum rupestre Blue Spruce Slovensk\u00fd n\u00e1zov: rozchodn\u00edk","og_url":"https:\/\/www.spokojnyzajac.sk\/index.php\/produkt\/rozchodnik-blue-spruce\/","og_site_name":"Z\u00c1HRADN\u00cdCTVO","article_publisher":"https:\/\/www.facebook.com\/spokojnyzajac\/","article_modified_time":"2025-06-30T18:01:07+00:00","og_image":[{"width":500,"height":500,"url":"https:\/\/www.spokojnyzajac.sk\/wp-content\/uploads\/2025\/06\/b2066ff2web-horsford-sedum-reflexum-blue-spruce__29867.webp","type":"image\/webp"}],"twitter_card":"summary_large_image","twitter_misc":{"Predpokladan\u00fd \u010das \u010d\u00edtania":"2 min\u00faty"},"schema":{"@context":"https:\/\/schema.org","@graph":[{"@type":"WebPage","@id":"https:\/\/www.spokojnyzajac.sk\/index.php\/produkt\/rozchodnik-blue-spruce\/","url":"https:\/\/www.spokojnyzajac.sk\/index.php\/produkt\/rozchodnik-blue-spruce\/","name":"Rozchodn\u00edk Blue Spruce - Z\u00c1HRADN\u00cdCTVO","isPartOf":{"@id":"https:\/\/www.spokojnyzajac.sk\/#website"},"primaryImageOfPage":{"@id":"https:\/\/www.spokojnyzajac.sk\/index.php\/produkt\/rozchodnik-blue-spruce\/#primaryimage"},"image":{"@id":"https:\/\/www.spokojnyzajac.sk\/index.php\/produkt\/rozchodnik-blue-spruce\/#primaryimage"},"thumbnailUrl":"https:\/\/i0.wp.com\/www.spokojnyzajac.sk\/wp-content\/uploads\/2025\/06\/b2066ff2web-horsford-sedum-reflexum-blue-spruce__29867.webp?fit=500%2C500&ssl=1","datePublished":"2025-06-30T11:28:21+00:00","dateModified":"2025-06-30T18:01:07+00:00","breadcrumb":{"@id":"https:\/\/www.spokojnyzajac.sk\/index.php\/produkt\/rozchodnik-blue-spruce\/#breadcrumb"},"inLanguage":"sk-SK","potentialAction":[{"@type":"ReadAction","target":["https:\/\/www.spokojnyzajac.sk\/index.php\/produkt\/rozchodnik-blue-spruce\/"]}]},{"@type":"ImageObject","inLanguage":"sk-SK","@id":"https:\/\/www.spokojnyzajac.sk\/index.php\/produkt\/rozchodnik-blue-spruce\/#primaryimage","url":"https:\/\/i0.wp.com\/www.spokojnyzajac.sk\/wp-content\/uploads\/2025\/06\/b2066ff2web-horsford-sedum-reflexum-blue-spruce__29867.webp?fit=500%2C500&ssl=1","contentUrl":"https:\/\/i0.wp.com\/www.spokojnyzajac.sk\/wp-content\/uploads\/2025\/06\/b2066ff2web-horsford-sedum-reflexum-blue-spruce__29867.webp?fit=500%2C500&ssl=1","width":500,"height":500},{"@type":"BreadcrumbList","@id":"https:\/\/www.spokojnyzajac.sk\/index.php\/produkt\/rozchodnik-blue-spruce\/#breadcrumb","itemListElement":[{"@type":"ListItem","position":1,"name":"Domovsk\u00e1 str\u00e1nka","item":"https:\/\/www.spokojnyzajac.sk\/"},{"@type":"ListItem","position":2,"name":"Produkty","item":"https:\/\/www.spokojnyzajac.sk\/index.php\/obchod\/"},{"@type":"ListItem","position":3,"name":"Rozchodn\u00edk Blue Spruce"}]},{"@type":"WebSite","@id":"https:\/\/www.spokojnyzajac.sk\/#website","url":"https:\/\/www.spokojnyzajac.sk\/","name":"Z\u00e1hradn\u00edctvo","description":"Spokojn\u00fd zajac","potentialAction":[{"@type":"SearchAction","target":{"@type":"EntryPoint","urlTemplate":"https:\/\/www.spokojnyzajac.sk\/?s={search_term_string}"},"query-input":{"@type":"PropertyValueSpecification","valueRequired":true,"valueName":"search_term_string"}}],"inLanguage":"sk-SK"}]}},"jetpack_sharing_enabled":true,"_links":{"self":[{"href":"https:\/\/www.spokojnyzajac.sk\/index.php\/wp-json\/wp\/v2\/product\/2647","targetHints":{"allow":["GET"]}}],"collection":[{"href":"https:\/\/www.spokojnyzajac.sk\/index.php\/wp-json\/wp\/v2\/product"}],"about":[{"href":"https:\/\/www.spokojnyzajac.sk\/index.php\/wp-json\/wp\/v2\/types\/product"}],"replies":[{"embeddable":true,"href":"https:\/\/www.spokojnyzajac.sk\/index.php\/wp-json\/wp\/v2\/comments?post=2647"}],"wp:featuredmedia":[{"embeddable":true,"href":"https:\/\/www.spokojnyzajac.sk\/index.php\/wp-json\/wp\/v2\/media\/2648"}],"wp:attachment":[{"href":"https:\/\/www.spokojnyzajac.sk\/index.php\/wp-json\/wp\/v2\/media?parent=2647"}],"wp:term":[{"taxonomy":"product_brand","embeddable":true,"href":"https:\/\/www.spokojnyzajac.sk\/index.php\/wp-json\/wp\/v2\/product_brand?post=2647"},{"taxonomy":"product_cat","embeddable":true,"href":"https:\/\/www.spokojnyzajac.sk\/index.php\/wp-json\/wp\/v2\/product_cat?post=2647"},{"taxonomy":"product_tag","embeddable":true,"href":"https:\/\/www.spokojnyzajac.sk\/index.php\/wp-json\/wp\/v2\/product_tag?post=2647"}],"curies":[{"name":"wp","href":"https:\/\/api.w.org\/{rel}","templated":true}]}}