{"id":2622,"date":"2025-06-03T11:22:46","date_gmt":"2025-06-03T11:22:46","guid":{"rendered":"https:\/\/www.spokojnyzajac.sk\/?post_type=product&#038;p=2622"},"modified":"2025-06-03T12:15:46","modified_gmt":"2025-06-03T12:15:46","slug":"rozec-plstnaty","status":"publish","type":"product","link":"https:\/\/www.spokojnyzajac.sk\/index.php\/produkt\/rozec-plstnaty\/","title":{"rendered":"Ro\u017eec plstnat\u00fd"},"content":{"rendered":"<p>Ratlina tvor\u00ed n\u00edzke, hust\u00e9 koberce (v\u00fd\u0161ka cca 15\u201325 cm), \u010dasto sa pou\u017e\u00edva ako p\u00f4dopokryvn\u00e1 rastlina.<\/p>\n<p><strong>Farba kvetu <\/strong>biela<br \/>\n<strong>Doba kvetu <\/strong>V-VI<br \/>\n<strong>V\u00fd\u0161ka rastliny <\/strong>25\u00a0cm<br \/>\n<strong>N\u00e1roky na slnko <\/strong>S,<br \/>\n<strong>N\u00e1roky na vodu <\/strong>n\u00edzke<br \/>\n<strong>Hustota v\u00fdsadby <\/strong>5 &#8211; 7\u00a0ks<br \/>\n<strong>Mrazuvzdornos\u0165 <\/strong>\u00e1no<br \/>\n<strong>Habitus rastliny <\/strong>vank\u00fa\u0161ovit\u00fd<\/p>\n<p>Dobr\u00e1 kombin\u00e1cia s:<br \/>\n\u0160alvia, kamejka, levandu\u013ea, rozchodn\u00edk, kostrava<\/p>\n","protected":false},"excerpt":{"rendered":"<p>Rastlina v kvetin\u00e1\u010di: K11<br \/>\nCerastium tomentosum<br \/>\nSlovensk\u00fd n\u00e1zov: Ro\u017eec plstnat\u00fd<\/p>\n","protected":false},"featured_media":2624,"comment_status":"open","ping_status":"closed","template":"","meta":{"_monsterinsights_skip_tracking":false,"_monsterinsights_sitenote_active":false,"_monsterinsights_sitenote_note":"","_monsterinsights_sitenote_category":0},"product_brand":[],"product_cat":[90,86,39,16],"product_tag":[77],"class_list":{"0":"post-2622","1":"product","2":"type-product","3":"status-publish","4":"has-post-thumbnail","6":"product_cat-kvitnuce","7":"product_cat-skalnicky","8":"product_cat-trvalky","9":"product_cat-zive-rastliny","10":"product_tag-nizke-do-50-cm","11":"pa_doba-kvetu-jar","12":"pa_doba-kvetu-leto","13":"pa_farba-biela","14":"pa_stanoviste-polotien","15":"pa_stanoviste-priame-slnko","16":"pa_stanoviste-tien","18":"first","19":"instock","20":"taxable","21":"shipping-taxable","22":"purchasable","23":"product-type-simple"},"yoast_head":"<!-- This site is optimized with the Yoast SEO plugin v27.5 - https:\/\/yoast.com\/product\/yoast-seo-wordpress\/ -->\n<title>Ro\u017eec plstnat\u00fd - Z\u00c1HRADN\u00cdCTVO<\/title>\n<meta name=\"description\" content=\"Ro\u017eec plstnat\u00fd je n\u00edzka, p\u00f4dopokryvn\u00e1 trvalka so striebrist\u00fdmi listami a bielymi kvetmi. Ide\u00e1lna na slne\u010dn\u00e9, such\u00e9 miesta, skalky a okraje z\u00e1honov.\" \/>\n<meta name=\"robots\" content=\"index, follow, max-snippet:-1, max-image-preview:large, max-video-preview:-1\" \/>\n<link rel=\"canonical\" href=\"https:\/\/www.spokojnyzajac.sk\/index.php\/produkt\/rozec-plstnaty\/\" \/>\n<meta property=\"og:locale\" content=\"sk_SK\" \/>\n<meta property=\"og:type\" content=\"article\" \/>\n<meta property=\"og:title\" content=\"Ro\u017eec plstnat\u00fd - Z\u00c1HRADN\u00cdCTVO\" \/>\n<meta property=\"og:description\" content=\"Ro\u017eec plstnat\u00fd je n\u00edzka, p\u00f4dopokryvn\u00e1 trvalka so striebrist\u00fdmi listami a bielymi kvetmi. Ide\u00e1lna na slne\u010dn\u00e9, such\u00e9 miesta, skalky a okraje z\u00e1honov.\" \/>\n<meta property=\"og:url\" content=\"https:\/\/www.spokojnyzajac.sk\/index.php\/produkt\/rozec-plstnaty\/\" \/>\n<meta property=\"og:site_name\" content=\"Z\u00c1HRADN\u00cdCTVO\" \/>\n<meta property=\"article:publisher\" content=\"https:\/\/www.facebook.com\/spokojnyzajac\/\" \/>\n<meta property=\"article:modified_time\" content=\"2025-06-03T12:15:46+00:00\" \/>\n<meta property=\"og:image\" content=\"https:\/\/www.spokojnyzajac.sk\/wp-content\/uploads\/2025\/06\/Cerastium_tomentosum_B.webp\" \/>\n\t<meta property=\"og:image:width\" content=\"500\" \/>\n\t<meta property=\"og:image:height\" content=\"500\" \/>\n\t<meta property=\"og:image:type\" content=\"image\/webp\" \/>\n<meta name=\"twitter:card\" content=\"summary_large_image\" \/>\n<meta name=\"twitter:label1\" content=\"Predpokladan\u00fd \u010das \u010d\u00edtania\" \/>\n\t<meta name=\"twitter:data1\" content=\"1 min\u00fata\" \/>\n<script type=\"application\/ld+json\" class=\"yoast-schema-graph\">{\"@context\":\"https:\\\/\\\/schema.org\",\"@graph\":[{\"@type\":\"WebPage\",\"@id\":\"https:\\\/\\\/www.spokojnyzajac.sk\\\/index.php\\\/produkt\\\/rozec-plstnaty\\\/\",\"url\":\"https:\\\/\\\/www.spokojnyzajac.sk\\\/index.php\\\/produkt\\\/rozec-plstnaty\\\/\",\"name\":\"Ro\u017eec plstnat\u00fd - Z\u00c1HRADN\u00cdCTVO\",\"isPartOf\":{\"@id\":\"https:\\\/\\\/www.spokojnyzajac.sk\\\/#website\"},\"primaryImageOfPage\":{\"@id\":\"https:\\\/\\\/www.spokojnyzajac.sk\\\/index.php\\\/produkt\\\/rozec-plstnaty\\\/#primaryimage\"},\"image\":{\"@id\":\"https:\\\/\\\/www.spokojnyzajac.sk\\\/index.php\\\/produkt\\\/rozec-plstnaty\\\/#primaryimage\"},\"thumbnailUrl\":\"https:\\\/\\\/i0.wp.com\\\/www.spokojnyzajac.sk\\\/wp-content\\\/uploads\\\/2025\\\/06\\\/Cerastium_tomentosum_B.webp?fit=500%2C500&ssl=1\",\"datePublished\":\"2025-06-03T11:22:46+00:00\",\"dateModified\":\"2025-06-03T12:15:46+00:00\",\"description\":\"Ro\u017eec plstnat\u00fd je n\u00edzka, p\u00f4dopokryvn\u00e1 trvalka so striebrist\u00fdmi listami a bielymi kvetmi. Ide\u00e1lna na slne\u010dn\u00e9, such\u00e9 miesta, skalky a okraje z\u00e1honov.\",\"breadcrumb\":{\"@id\":\"https:\\\/\\\/www.spokojnyzajac.sk\\\/index.php\\\/produkt\\\/rozec-plstnaty\\\/#breadcrumb\"},\"inLanguage\":\"sk-SK\",\"potentialAction\":[{\"@type\":\"ReadAction\",\"target\":[\"https:\\\/\\\/www.spokojnyzajac.sk\\\/index.php\\\/produkt\\\/rozec-plstnaty\\\/\"]}]},{\"@type\":\"ImageObject\",\"inLanguage\":\"sk-SK\",\"@id\":\"https:\\\/\\\/www.spokojnyzajac.sk\\\/index.php\\\/produkt\\\/rozec-plstnaty\\\/#primaryimage\",\"url\":\"https:\\\/\\\/i0.wp.com\\\/www.spokojnyzajac.sk\\\/wp-content\\\/uploads\\\/2025\\\/06\\\/Cerastium_tomentosum_B.webp?fit=500%2C500&ssl=1\",\"contentUrl\":\"https:\\\/\\\/i0.wp.com\\\/www.spokojnyzajac.sk\\\/wp-content\\\/uploads\\\/2025\\\/06\\\/Cerastium_tomentosum_B.webp?fit=500%2C500&ssl=1\",\"width\":500,\"height\":500},{\"@type\":\"BreadcrumbList\",\"@id\":\"https:\\\/\\\/www.spokojnyzajac.sk\\\/index.php\\\/produkt\\\/rozec-plstnaty\\\/#breadcrumb\",\"itemListElement\":[{\"@type\":\"ListItem\",\"position\":1,\"name\":\"Domovsk\u00e1 str\u00e1nka\",\"item\":\"https:\\\/\\\/www.spokojnyzajac.sk\\\/\"},{\"@type\":\"ListItem\",\"position\":2,\"name\":\"Produkty\",\"item\":\"https:\\\/\\\/www.spokojnyzajac.sk\\\/index.php\\\/obchod\\\/\"},{\"@type\":\"ListItem\",\"position\":3,\"name\":\"Ro\u017eec plstnat\u00fd\"}]},{\"@type\":\"WebSite\",\"@id\":\"https:\\\/\\\/www.spokojnyzajac.sk\\\/#website\",\"url\":\"https:\\\/\\\/www.spokojnyzajac.sk\\\/\",\"name\":\"Z\u00e1hradn\u00edctvo\",\"description\":\"Spokojn\u00fd zajac\",\"potentialAction\":[{\"@type\":\"SearchAction\",\"target\":{\"@type\":\"EntryPoint\",\"urlTemplate\":\"https:\\\/\\\/www.spokojnyzajac.sk\\\/?s={search_term_string}\"},\"query-input\":{\"@type\":\"PropertyValueSpecification\",\"valueRequired\":true,\"valueName\":\"search_term_string\"}}],\"inLanguage\":\"sk-SK\"}]}<\/script>\n<!-- \/ Yoast SEO plugin. -->","yoast_head_json":{"title":"Ro\u017eec plstnat\u00fd - Z\u00c1HRADN\u00cdCTVO","description":"Ro\u017eec plstnat\u00fd je n\u00edzka, p\u00f4dopokryvn\u00e1 trvalka so striebrist\u00fdmi listami a bielymi kvetmi. Ide\u00e1lna na slne\u010dn\u00e9, such\u00e9 miesta, skalky a okraje z\u00e1honov.","robots":{"index":"index","follow":"follow","max-snippet":"max-snippet:-1","max-image-preview":"max-image-preview:large","max-video-preview":"max-video-preview:-1"},"canonical":"https:\/\/www.spokojnyzajac.sk\/index.php\/produkt\/rozec-plstnaty\/","og_locale":"sk_SK","og_type":"article","og_title":"Ro\u017eec plstnat\u00fd - Z\u00c1HRADN\u00cdCTVO","og_description":"Ro\u017eec plstnat\u00fd je n\u00edzka, p\u00f4dopokryvn\u00e1 trvalka so striebrist\u00fdmi listami a bielymi kvetmi. Ide\u00e1lna na slne\u010dn\u00e9, such\u00e9 miesta, skalky a okraje z\u00e1honov.","og_url":"https:\/\/www.spokojnyzajac.sk\/index.php\/produkt\/rozec-plstnaty\/","og_site_name":"Z\u00c1HRADN\u00cdCTVO","article_publisher":"https:\/\/www.facebook.com\/spokojnyzajac\/","article_modified_time":"2025-06-03T12:15:46+00:00","og_image":[{"width":500,"height":500,"url":"https:\/\/www.spokojnyzajac.sk\/wp-content\/uploads\/2025\/06\/Cerastium_tomentosum_B.webp","type":"image\/webp"}],"twitter_card":"summary_large_image","twitter_misc":{"Predpokladan\u00fd \u010das \u010d\u00edtania":"1 min\u00fata"},"schema":{"@context":"https:\/\/schema.org","@graph":[{"@type":"WebPage","@id":"https:\/\/www.spokojnyzajac.sk\/index.php\/produkt\/rozec-plstnaty\/","url":"https:\/\/www.spokojnyzajac.sk\/index.php\/produkt\/rozec-plstnaty\/","name":"Ro\u017eec plstnat\u00fd - Z\u00c1HRADN\u00cdCTVO","isPartOf":{"@id":"https:\/\/www.spokojnyzajac.sk\/#website"},"primaryImageOfPage":{"@id":"https:\/\/www.spokojnyzajac.sk\/index.php\/produkt\/rozec-plstnaty\/#primaryimage"},"image":{"@id":"https:\/\/www.spokojnyzajac.sk\/index.php\/produkt\/rozec-plstnaty\/#primaryimage"},"thumbnailUrl":"https:\/\/i0.wp.com\/www.spokojnyzajac.sk\/wp-content\/uploads\/2025\/06\/Cerastium_tomentosum_B.webp?fit=500%2C500&ssl=1","datePublished":"2025-06-03T11:22:46+00:00","dateModified":"2025-06-03T12:15:46+00:00","description":"Ro\u017eec plstnat\u00fd je n\u00edzka, p\u00f4dopokryvn\u00e1 trvalka so striebrist\u00fdmi listami a bielymi kvetmi. Ide\u00e1lna na slne\u010dn\u00e9, such\u00e9 miesta, skalky a okraje z\u00e1honov.","breadcrumb":{"@id":"https:\/\/www.spokojnyzajac.sk\/index.php\/produkt\/rozec-plstnaty\/#breadcrumb"},"inLanguage":"sk-SK","potentialAction":[{"@type":"ReadAction","target":["https:\/\/www.spokojnyzajac.sk\/index.php\/produkt\/rozec-plstnaty\/"]}]},{"@type":"ImageObject","inLanguage":"sk-SK","@id":"https:\/\/www.spokojnyzajac.sk\/index.php\/produkt\/rozec-plstnaty\/#primaryimage","url":"https:\/\/i0.wp.com\/www.spokojnyzajac.sk\/wp-content\/uploads\/2025\/06\/Cerastium_tomentosum_B.webp?fit=500%2C500&ssl=1","contentUrl":"https:\/\/i0.wp.com\/www.spokojnyzajac.sk\/wp-content\/uploads\/2025\/06\/Cerastium_tomentosum_B.webp?fit=500%2C500&ssl=1","width":500,"height":500},{"@type":"BreadcrumbList","@id":"https:\/\/www.spokojnyzajac.sk\/index.php\/produkt\/rozec-plstnaty\/#breadcrumb","itemListElement":[{"@type":"ListItem","position":1,"name":"Domovsk\u00e1 str\u00e1nka","item":"https:\/\/www.spokojnyzajac.sk\/"},{"@type":"ListItem","position":2,"name":"Produkty","item":"https:\/\/www.spokojnyzajac.sk\/index.php\/obchod\/"},{"@type":"ListItem","position":3,"name":"Ro\u017eec plstnat\u00fd"}]},{"@type":"WebSite","@id":"https:\/\/www.spokojnyzajac.sk\/#website","url":"https:\/\/www.spokojnyzajac.sk\/","name":"Z\u00e1hradn\u00edctvo","description":"Spokojn\u00fd zajac","potentialAction":[{"@type":"SearchAction","target":{"@type":"EntryPoint","urlTemplate":"https:\/\/www.spokojnyzajac.sk\/?s={search_term_string}"},"query-input":{"@type":"PropertyValueSpecification","valueRequired":true,"valueName":"search_term_string"}}],"inLanguage":"sk-SK"}]}},"jetpack_sharing_enabled":true,"_links":{"self":[{"href":"https:\/\/www.spokojnyzajac.sk\/index.php\/wp-json\/wp\/v2\/product\/2622","targetHints":{"allow":["GET"]}}],"collection":[{"href":"https:\/\/www.spokojnyzajac.sk\/index.php\/wp-json\/wp\/v2\/product"}],"about":[{"href":"https:\/\/www.spokojnyzajac.sk\/index.php\/wp-json\/wp\/v2\/types\/product"}],"replies":[{"embeddable":true,"href":"https:\/\/www.spokojnyzajac.sk\/index.php\/wp-json\/wp\/v2\/comments?post=2622"}],"wp:featuredmedia":[{"embeddable":true,"href":"https:\/\/www.spokojnyzajac.sk\/index.php\/wp-json\/wp\/v2\/media\/2624"}],"wp:attachment":[{"href":"https:\/\/www.spokojnyzajac.sk\/index.php\/wp-json\/wp\/v2\/media?parent=2622"}],"wp:term":[{"taxonomy":"product_brand","embeddable":true,"href":"https:\/\/www.spokojnyzajac.sk\/index.php\/wp-json\/wp\/v2\/product_brand?post=2622"},{"taxonomy":"product_cat","embeddable":true,"href":"https:\/\/www.spokojnyzajac.sk\/index.php\/wp-json\/wp\/v2\/product_cat?post=2622"},{"taxonomy":"product_tag","embeddable":true,"href":"https:\/\/www.spokojnyzajac.sk\/index.php\/wp-json\/wp\/v2\/product_tag?post=2622"}],"curies":[{"name":"wp","href":"https:\/\/api.w.org\/{rel}","templated":true}]}}