{"id":2527,"date":"2025-03-14T13:30:49","date_gmt":"2025-03-14T13:30:49","guid":{"rendered":"https:\/\/www.spokojnyzajac.sk\/?post_type=product&#038;p=2527"},"modified":"2026-03-20T12:22:55","modified_gmt":"2026-03-20T12:22:55","slug":"jablon-stlpova-red-cat","status":"publish","type":"product","link":"https:\/\/www.spokojnyzajac.sk\/index.php\/produkt\/jablon-stlpova-red-cat\/","title":{"rendered":"Jablo\u0148 st\u013apov\u00e1 r\u00f4zne kultivary"},"content":{"rendered":"<p>Je to st\u013apovit\u00e1 stredne neskor\u00e1 odroda jablone, dozrieva v polovici septembra, d\u00e1 sa skladova\u0165 a\u017e do konca zimy. Plody s\u00fa stredne ve\u013ek\u00e9 s tmavo\u010dervenou \u0161upkou, s\u00fa chrumkav\u00e9, \u0161\u0165avnat\u00e9 a pevn\u00e9. Chu\u0165 je vyv\u00e1\u017een\u00e1, osvie\u017euj\u00faca, s optim\u00e1lnym pomerom cukrov a kysel\u00edn. Plody sa chu\u0165ou, vzh\u013eadom aj kvalitou ve\u013emi podobaj\u00fa na odrodu Gala. Ve\u013emi dobre dr\u017eia na strome. \u00a0Je cudzoopeliv\u00e1, najlep\u0161\u00edmi ope\u013eova\u010dmi s\u00fa in\u00e9 st\u013apovit\u00e9 odrody, najm\u00e4 Suncats a Greencats. Nie je citliv\u00e1 na chrastavitos\u0165, m\u00fa\u010dnatku ani in\u00e9 choroby, preto je vhodn\u00e1 aj na ekologick\u00e9 pestovanie bez pou\u017eitia ch\u00e9mie. Nie je n\u00e1ro\u010dn\u00e1 ani na klimatick\u00e9 podmienky, je vhodn\u00e1 na pestovanie vo v\u0161etk\u00fdch ovocin\u00e1rskych oblastiach. Strom\u010dek dosahuje v dospelosti \u0161\u00edrku max. 0,5 m, na pestovanie teda nepotrebuje ve\u013ek\u00fd priestor a je vhodn\u00fd aj do mal\u00fdch z\u00e1hradiek. Je mo\u017en\u00e9 ho pestova\u0165 aj v n\u00e1dobe na balk\u00f3ne \u010di terase. Potrebuje oporu.<\/p>\n<p><strong>V\u00fd\u0161ka rastliny\u00a0<\/strong>2-3 m<br \/>\n<strong>N\u00e1roky na slnko\u00a0<\/strong>S<br \/>\n<strong>N\u00e1roky na vodu\u00a0<\/strong>stredn\u00e9<br \/>\n<strong>Hustota v\u00fdsadby\u00a0<\/strong>1 ks<br \/>\n<strong>Mrazuvzdornos\u0165\u00a0<\/strong>\u00e1no<br \/>\n<strong>Habitus rastliny\u00a0<\/strong>ku\u017ee\u013eovit\u00fd<\/p>\n<p>Podpn\u00edk \u2013 M26<\/p>\n","protected":false},"excerpt":{"rendered":"<p>Rastlina v kvetin\u00e1\u010di: 2 L (150 cm)<br \/>\nMaluc domestica Red Cats<br \/>\nSlovensk\u00fd n\u00e1zov: Jablo\u0148<\/p>\n","protected":false},"featured_media":2529,"comment_status":"open","ping_status":"closed","template":"","meta":{"_monsterinsights_skip_tracking":false,"_monsterinsights_sitenote_active":false,"_monsterinsights_sitenote_note":"","_monsterinsights_sitenote_category":0},"product_brand":[],"product_cat":[40,16],"product_tag":[78],"class_list":{"0":"post-2527","1":"product","2":"type-product","3":"status-publish","4":"has-post-thumbnail","6":"product_cat-okrasne-dreviny","7":"product_cat-zive-rastliny","8":"product_tag-jedle-rastliny","9":"pa_stanoviste-priame-slnko","11":"first","12":"outofstock","13":"taxable","14":"shipping-taxable","15":"purchasable","16":"product-type-simple"},"yoast_head":"<!-- This site is optimized with the Yoast SEO plugin v27.5 - https:\/\/yoast.com\/product\/yoast-seo-wordpress\/ -->\n<title>Jablo\u0148 st\u013apov\u00e1 r\u00f4zne kultivary - Z\u00c1HRADN\u00cdCTVO<\/title>\n<meta name=\"robots\" content=\"index, follow, max-snippet:-1, max-image-preview:large, max-video-preview:-1\" \/>\n<link rel=\"canonical\" href=\"https:\/\/www.spokojnyzajac.sk\/index.php\/produkt\/jablon-stlpova-red-cat\/\" \/>\n<meta property=\"og:locale\" content=\"sk_SK\" \/>\n<meta property=\"og:type\" content=\"article\" \/>\n<meta property=\"og:title\" content=\"Jablo\u0148 st\u013apov\u00e1 r\u00f4zne kultivary - Z\u00c1HRADN\u00cdCTVO\" \/>\n<meta property=\"og:description\" content=\"Rastlina v kvetin\u00e1\u010di: 2 L (150 cm) Maluc domestica Red Cats Slovensk\u00fd n\u00e1zov: Jablo\u0148\" \/>\n<meta property=\"og:url\" content=\"https:\/\/www.spokojnyzajac.sk\/index.php\/produkt\/jablon-stlpova-red-cat\/\" \/>\n<meta property=\"og:site_name\" content=\"Z\u00c1HRADN\u00cdCTVO\" \/>\n<meta property=\"article:publisher\" content=\"https:\/\/www.facebook.com\/spokojnyzajac\/\" \/>\n<meta property=\"article:modified_time\" content=\"2026-03-20T12:22:55+00:00\" \/>\n<meta property=\"og:image\" content=\"https:\/\/www.spokojnyzajac.sk\/wp-content\/uploads\/2025\/03\/malus-domestica-jablon-red-cats-m26-1.webp\" \/>\n\t<meta property=\"og:image:width\" content=\"500\" \/>\n\t<meta property=\"og:image:height\" content=\"500\" \/>\n\t<meta property=\"og:image:type\" content=\"image\/webp\" \/>\n<meta name=\"twitter:card\" content=\"summary_large_image\" \/>\n<meta name=\"twitter:label1\" content=\"Predpokladan\u00fd \u010das \u010d\u00edtania\" \/>\n\t<meta name=\"twitter:data1\" content=\"2 min\u00faty\" \/>\n<script type=\"application\/ld+json\" class=\"yoast-schema-graph\">{\"@context\":\"https:\\\/\\\/schema.org\",\"@graph\":[{\"@type\":\"WebPage\",\"@id\":\"https:\\\/\\\/www.spokojnyzajac.sk\\\/index.php\\\/produkt\\\/jablon-stlpova-red-cat\\\/\",\"url\":\"https:\\\/\\\/www.spokojnyzajac.sk\\\/index.php\\\/produkt\\\/jablon-stlpova-red-cat\\\/\",\"name\":\"Jablo\u0148 st\u013apov\u00e1 r\u00f4zne kultivary - Z\u00c1HRADN\u00cdCTVO\",\"isPartOf\":{\"@id\":\"https:\\\/\\\/www.spokojnyzajac.sk\\\/#website\"},\"primaryImageOfPage\":{\"@id\":\"https:\\\/\\\/www.spokojnyzajac.sk\\\/index.php\\\/produkt\\\/jablon-stlpova-red-cat\\\/#primaryimage\"},\"image\":{\"@id\":\"https:\\\/\\\/www.spokojnyzajac.sk\\\/index.php\\\/produkt\\\/jablon-stlpova-red-cat\\\/#primaryimage\"},\"thumbnailUrl\":\"https:\\\/\\\/i0.wp.com\\\/www.spokojnyzajac.sk\\\/wp-content\\\/uploads\\\/2025\\\/03\\\/malus-domestica-jablon-red-cats-m26-1.webp?fit=500%2C500&ssl=1\",\"datePublished\":\"2025-03-14T13:30:49+00:00\",\"dateModified\":\"2026-03-20T12:22:55+00:00\",\"breadcrumb\":{\"@id\":\"https:\\\/\\\/www.spokojnyzajac.sk\\\/index.php\\\/produkt\\\/jablon-stlpova-red-cat\\\/#breadcrumb\"},\"inLanguage\":\"sk-SK\",\"potentialAction\":[{\"@type\":\"ReadAction\",\"target\":[\"https:\\\/\\\/www.spokojnyzajac.sk\\\/index.php\\\/produkt\\\/jablon-stlpova-red-cat\\\/\"]}]},{\"@type\":\"ImageObject\",\"inLanguage\":\"sk-SK\",\"@id\":\"https:\\\/\\\/www.spokojnyzajac.sk\\\/index.php\\\/produkt\\\/jablon-stlpova-red-cat\\\/#primaryimage\",\"url\":\"https:\\\/\\\/i0.wp.com\\\/www.spokojnyzajac.sk\\\/wp-content\\\/uploads\\\/2025\\\/03\\\/malus-domestica-jablon-red-cats-m26-1.webp?fit=500%2C500&ssl=1\",\"contentUrl\":\"https:\\\/\\\/i0.wp.com\\\/www.spokojnyzajac.sk\\\/wp-content\\\/uploads\\\/2025\\\/03\\\/malus-domestica-jablon-red-cats-m26-1.webp?fit=500%2C500&ssl=1\",\"width\":500,\"height\":500},{\"@type\":\"BreadcrumbList\",\"@id\":\"https:\\\/\\\/www.spokojnyzajac.sk\\\/index.php\\\/produkt\\\/jablon-stlpova-red-cat\\\/#breadcrumb\",\"itemListElement\":[{\"@type\":\"ListItem\",\"position\":1,\"name\":\"Domovsk\u00e1 str\u00e1nka\",\"item\":\"https:\\\/\\\/www.spokojnyzajac.sk\\\/\"},{\"@type\":\"ListItem\",\"position\":2,\"name\":\"Produkty\",\"item\":\"https:\\\/\\\/www.spokojnyzajac.sk\\\/index.php\\\/obchod\\\/\"},{\"@type\":\"ListItem\",\"position\":3,\"name\":\"Jablo\u0148 st\u013apov\u00e1 r\u00f4zne kultivary\"}]},{\"@type\":\"WebSite\",\"@id\":\"https:\\\/\\\/www.spokojnyzajac.sk\\\/#website\",\"url\":\"https:\\\/\\\/www.spokojnyzajac.sk\\\/\",\"name\":\"Z\u00e1hradn\u00edctvo\",\"description\":\"Spokojn\u00fd zajac\",\"potentialAction\":[{\"@type\":\"SearchAction\",\"target\":{\"@type\":\"EntryPoint\",\"urlTemplate\":\"https:\\\/\\\/www.spokojnyzajac.sk\\\/?s={search_term_string}\"},\"query-input\":{\"@type\":\"PropertyValueSpecification\",\"valueRequired\":true,\"valueName\":\"search_term_string\"}}],\"inLanguage\":\"sk-SK\"}]}<\/script>\n<!-- \/ Yoast SEO plugin. -->","yoast_head_json":{"title":"Jablo\u0148 st\u013apov\u00e1 r\u00f4zne kultivary - Z\u00c1HRADN\u00cdCTVO","robots":{"index":"index","follow":"follow","max-snippet":"max-snippet:-1","max-image-preview":"max-image-preview:large","max-video-preview":"max-video-preview:-1"},"canonical":"https:\/\/www.spokojnyzajac.sk\/index.php\/produkt\/jablon-stlpova-red-cat\/","og_locale":"sk_SK","og_type":"article","og_title":"Jablo\u0148 st\u013apov\u00e1 r\u00f4zne kultivary - Z\u00c1HRADN\u00cdCTVO","og_description":"Rastlina v kvetin\u00e1\u010di: 2 L (150 cm) Maluc domestica Red Cats Slovensk\u00fd n\u00e1zov: Jablo\u0148","og_url":"https:\/\/www.spokojnyzajac.sk\/index.php\/produkt\/jablon-stlpova-red-cat\/","og_site_name":"Z\u00c1HRADN\u00cdCTVO","article_publisher":"https:\/\/www.facebook.com\/spokojnyzajac\/","article_modified_time":"2026-03-20T12:22:55+00:00","og_image":[{"width":500,"height":500,"url":"https:\/\/www.spokojnyzajac.sk\/wp-content\/uploads\/2025\/03\/malus-domestica-jablon-red-cats-m26-1.webp","type":"image\/webp"}],"twitter_card":"summary_large_image","twitter_misc":{"Predpokladan\u00fd \u010das \u010d\u00edtania":"2 min\u00faty"},"schema":{"@context":"https:\/\/schema.org","@graph":[{"@type":"WebPage","@id":"https:\/\/www.spokojnyzajac.sk\/index.php\/produkt\/jablon-stlpova-red-cat\/","url":"https:\/\/www.spokojnyzajac.sk\/index.php\/produkt\/jablon-stlpova-red-cat\/","name":"Jablo\u0148 st\u013apov\u00e1 r\u00f4zne kultivary - Z\u00c1HRADN\u00cdCTVO","isPartOf":{"@id":"https:\/\/www.spokojnyzajac.sk\/#website"},"primaryImageOfPage":{"@id":"https:\/\/www.spokojnyzajac.sk\/index.php\/produkt\/jablon-stlpova-red-cat\/#primaryimage"},"image":{"@id":"https:\/\/www.spokojnyzajac.sk\/index.php\/produkt\/jablon-stlpova-red-cat\/#primaryimage"},"thumbnailUrl":"https:\/\/i0.wp.com\/www.spokojnyzajac.sk\/wp-content\/uploads\/2025\/03\/malus-domestica-jablon-red-cats-m26-1.webp?fit=500%2C500&ssl=1","datePublished":"2025-03-14T13:30:49+00:00","dateModified":"2026-03-20T12:22:55+00:00","breadcrumb":{"@id":"https:\/\/www.spokojnyzajac.sk\/index.php\/produkt\/jablon-stlpova-red-cat\/#breadcrumb"},"inLanguage":"sk-SK","potentialAction":[{"@type":"ReadAction","target":["https:\/\/www.spokojnyzajac.sk\/index.php\/produkt\/jablon-stlpova-red-cat\/"]}]},{"@type":"ImageObject","inLanguage":"sk-SK","@id":"https:\/\/www.spokojnyzajac.sk\/index.php\/produkt\/jablon-stlpova-red-cat\/#primaryimage","url":"https:\/\/i0.wp.com\/www.spokojnyzajac.sk\/wp-content\/uploads\/2025\/03\/malus-domestica-jablon-red-cats-m26-1.webp?fit=500%2C500&ssl=1","contentUrl":"https:\/\/i0.wp.com\/www.spokojnyzajac.sk\/wp-content\/uploads\/2025\/03\/malus-domestica-jablon-red-cats-m26-1.webp?fit=500%2C500&ssl=1","width":500,"height":500},{"@type":"BreadcrumbList","@id":"https:\/\/www.spokojnyzajac.sk\/index.php\/produkt\/jablon-stlpova-red-cat\/#breadcrumb","itemListElement":[{"@type":"ListItem","position":1,"name":"Domovsk\u00e1 str\u00e1nka","item":"https:\/\/www.spokojnyzajac.sk\/"},{"@type":"ListItem","position":2,"name":"Produkty","item":"https:\/\/www.spokojnyzajac.sk\/index.php\/obchod\/"},{"@type":"ListItem","position":3,"name":"Jablo\u0148 st\u013apov\u00e1 r\u00f4zne kultivary"}]},{"@type":"WebSite","@id":"https:\/\/www.spokojnyzajac.sk\/#website","url":"https:\/\/www.spokojnyzajac.sk\/","name":"Z\u00e1hradn\u00edctvo","description":"Spokojn\u00fd zajac","potentialAction":[{"@type":"SearchAction","target":{"@type":"EntryPoint","urlTemplate":"https:\/\/www.spokojnyzajac.sk\/?s={search_term_string}"},"query-input":{"@type":"PropertyValueSpecification","valueRequired":true,"valueName":"search_term_string"}}],"inLanguage":"sk-SK"}]}},"jetpack_sharing_enabled":true,"_links":{"self":[{"href":"https:\/\/www.spokojnyzajac.sk\/index.php\/wp-json\/wp\/v2\/product\/2527","targetHints":{"allow":["GET"]}}],"collection":[{"href":"https:\/\/www.spokojnyzajac.sk\/index.php\/wp-json\/wp\/v2\/product"}],"about":[{"href":"https:\/\/www.spokojnyzajac.sk\/index.php\/wp-json\/wp\/v2\/types\/product"}],"replies":[{"embeddable":true,"href":"https:\/\/www.spokojnyzajac.sk\/index.php\/wp-json\/wp\/v2\/comments?post=2527"}],"wp:featuredmedia":[{"embeddable":true,"href":"https:\/\/www.spokojnyzajac.sk\/index.php\/wp-json\/wp\/v2\/media\/2529"}],"wp:attachment":[{"href":"https:\/\/www.spokojnyzajac.sk\/index.php\/wp-json\/wp\/v2\/media?parent=2527"}],"wp:term":[{"taxonomy":"product_brand","embeddable":true,"href":"https:\/\/www.spokojnyzajac.sk\/index.php\/wp-json\/wp\/v2\/product_brand?post=2527"},{"taxonomy":"product_cat","embeddable":true,"href":"https:\/\/www.spokojnyzajac.sk\/index.php\/wp-json\/wp\/v2\/product_cat?post=2527"},{"taxonomy":"product_tag","embeddable":true,"href":"https:\/\/www.spokojnyzajac.sk\/index.php\/wp-json\/wp\/v2\/product_tag?post=2527"}],"curies":[{"name":"wp","href":"https:\/\/api.w.org\/{rel}","templated":true}]}}