{"id":2398,"date":"2025-02-01T08:54:34","date_gmt":"2025-02-01T08:54:34","guid":{"rendered":"https:\/\/www.spokojnyzajac.sk\/?post_type=product&#038;p=2398"},"modified":"2025-06-11T16:08:06","modified_gmt":"2025-06-11T16:08:06","slug":"syringa-mayeri-palibin","status":"publish","type":"product","link":"https:\/\/www.spokojnyzajac.sk\/index.php\/produkt\/syringa-mayeri-palibin\/","title":{"rendered":"Orgov\u00e1n Palibin"},"content":{"rendered":"<p>N\u00edzky husto rast\u00faci kr\u00edk gu\u013eovit\u00e9ho tvaru. Silno vo\u0148aj\u00face kvety l\u00e1kaj\u00fa hmyz.<\/p>\n<p><strong>Farba kvetu\u00a0<\/strong>ru\u017eov\u00e1<br \/>\n<strong>Doba kvetu\u00a0<\/strong>V-VI<br \/>\n<strong>V\u00fd\u0161ka rastliny\u00a0<\/strong>80 cm<br \/>\n<strong>N\u00e1roky na slnko\u00a0<\/strong>S<br \/>\n<strong>N\u00e1roky na vodu\u00a0<\/strong>stredn\u00e9<br \/>\n<strong>Hustota v\u00fdsadby\u00a0<\/strong>4 ks<br \/>\n<strong>Mrazuvzdornos\u0165\u00a0<\/strong>\u00e1no<br \/>\n<strong>Habitus rastliny\u00a0<\/strong>kompaktn\u00fd<\/p>\n","protected":false},"excerpt":{"rendered":"<p>Rastlina v kvetin\u00e1\u010di: 5L<br \/>\nSyringa Mayeri &#8222;Palibin&#8220;<br \/>\nSlovensk\u00fd n\u00e1zov: orgov\u00e1n Mayerov<\/p>\n","protected":false},"featured_media":2409,"comment_status":"open","ping_status":"closed","template":"","meta":{"_monsterinsights_skip_tracking":false,"_monsterinsights_sitenote_active":false,"_monsterinsights_sitenote_note":"","_monsterinsights_sitenote_category":0},"product_brand":[],"product_cat":[132,40,16],"product_tag":[76],"class_list":{"0":"post-2398","1":"product","2":"type-product","3":"status-publish","4":"has-post-thumbnail","6":"product_cat-kriky","7":"product_cat-okrasne-dreviny","8":"product_cat-zive-rastliny","9":"product_tag-kvety-na-rez","10":"pa_doba-kvetu-leto","11":"pa_farba-ruzova","12":"pa_stanoviste-priame-slnko","14":"first","15":"outofstock","16":"taxable","17":"shipping-taxable","18":"purchasable","19":"product-type-simple"},"yoast_head":"<!-- This site is optimized with the Yoast SEO plugin v27.5 - https:\/\/yoast.com\/product\/yoast-seo-wordpress\/ -->\n<title>Orgov\u00e1n Palibin - Z\u00c1HRADN\u00cdCTVO<\/title>\n<meta name=\"robots\" content=\"index, follow, max-snippet:-1, max-image-preview:large, max-video-preview:-1\" \/>\n<link rel=\"canonical\" href=\"https:\/\/www.spokojnyzajac.sk\/index.php\/produkt\/syringa-mayeri-palibin\/\" \/>\n<meta property=\"og:locale\" content=\"sk_SK\" \/>\n<meta property=\"og:type\" content=\"article\" \/>\n<meta property=\"og:title\" content=\"Orgov\u00e1n Palibin - Z\u00c1HRADN\u00cdCTVO\" \/>\n<meta property=\"og:description\" content=\"Rastlina v kvetin\u00e1\u010di: 5L Syringa Mayeri &quot;Palibin&quot; Slovensk\u00fd n\u00e1zov: orgov\u00e1n Mayerov\" \/>\n<meta property=\"og:url\" content=\"https:\/\/www.spokojnyzajac.sk\/index.php\/produkt\/syringa-mayeri-palibin\/\" \/>\n<meta property=\"og:site_name\" content=\"Z\u00c1HRADN\u00cdCTVO\" \/>\n<meta property=\"article:publisher\" content=\"https:\/\/www.facebook.com\/spokojnyzajac\/\" \/>\n<meta property=\"article:modified_time\" content=\"2025-06-11T16:08:06+00:00\" \/>\n<meta property=\"og:image\" content=\"https:\/\/www.spokojnyzajac.sk\/wp-content\/uploads\/2025\/02\/syringa-palibin.webp\" \/>\n\t<meta property=\"og:image:width\" content=\"500\" \/>\n\t<meta property=\"og:image:height\" content=\"500\" \/>\n\t<meta property=\"og:image:type\" content=\"image\/webp\" \/>\n<meta name=\"twitter:card\" content=\"summary_large_image\" \/>\n<meta name=\"twitter:label1\" content=\"Predpokladan\u00fd \u010das \u010d\u00edtania\" \/>\n\t<meta name=\"twitter:data1\" content=\"1 min\u00fata\" \/>\n<script type=\"application\/ld+json\" class=\"yoast-schema-graph\">{\"@context\":\"https:\\\/\\\/schema.org\",\"@graph\":[{\"@type\":\"WebPage\",\"@id\":\"https:\\\/\\\/www.spokojnyzajac.sk\\\/index.php\\\/produkt\\\/syringa-mayeri-palibin\\\/\",\"url\":\"https:\\\/\\\/www.spokojnyzajac.sk\\\/index.php\\\/produkt\\\/syringa-mayeri-palibin\\\/\",\"name\":\"Orgov\u00e1n Palibin - Z\u00c1HRADN\u00cdCTVO\",\"isPartOf\":{\"@id\":\"https:\\\/\\\/www.spokojnyzajac.sk\\\/#website\"},\"primaryImageOfPage\":{\"@id\":\"https:\\\/\\\/www.spokojnyzajac.sk\\\/index.php\\\/produkt\\\/syringa-mayeri-palibin\\\/#primaryimage\"},\"image\":{\"@id\":\"https:\\\/\\\/www.spokojnyzajac.sk\\\/index.php\\\/produkt\\\/syringa-mayeri-palibin\\\/#primaryimage\"},\"thumbnailUrl\":\"https:\\\/\\\/i0.wp.com\\\/www.spokojnyzajac.sk\\\/wp-content\\\/uploads\\\/2025\\\/02\\\/syringa-palibin.webp?fit=500%2C500&ssl=1\",\"datePublished\":\"2025-02-01T08:54:34+00:00\",\"dateModified\":\"2025-06-11T16:08:06+00:00\",\"breadcrumb\":{\"@id\":\"https:\\\/\\\/www.spokojnyzajac.sk\\\/index.php\\\/produkt\\\/syringa-mayeri-palibin\\\/#breadcrumb\"},\"inLanguage\":\"sk-SK\",\"potentialAction\":[{\"@type\":\"ReadAction\",\"target\":[\"https:\\\/\\\/www.spokojnyzajac.sk\\\/index.php\\\/produkt\\\/syringa-mayeri-palibin\\\/\"]}]},{\"@type\":\"ImageObject\",\"inLanguage\":\"sk-SK\",\"@id\":\"https:\\\/\\\/www.spokojnyzajac.sk\\\/index.php\\\/produkt\\\/syringa-mayeri-palibin\\\/#primaryimage\",\"url\":\"https:\\\/\\\/i0.wp.com\\\/www.spokojnyzajac.sk\\\/wp-content\\\/uploads\\\/2025\\\/02\\\/syringa-palibin.webp?fit=500%2C500&ssl=1\",\"contentUrl\":\"https:\\\/\\\/i0.wp.com\\\/www.spokojnyzajac.sk\\\/wp-content\\\/uploads\\\/2025\\\/02\\\/syringa-palibin.webp?fit=500%2C500&ssl=1\",\"width\":500,\"height\":500},{\"@type\":\"BreadcrumbList\",\"@id\":\"https:\\\/\\\/www.spokojnyzajac.sk\\\/index.php\\\/produkt\\\/syringa-mayeri-palibin\\\/#breadcrumb\",\"itemListElement\":[{\"@type\":\"ListItem\",\"position\":1,\"name\":\"Domovsk\u00e1 str\u00e1nka\",\"item\":\"https:\\\/\\\/www.spokojnyzajac.sk\\\/\"},{\"@type\":\"ListItem\",\"position\":2,\"name\":\"Produkty\",\"item\":\"https:\\\/\\\/www.spokojnyzajac.sk\\\/index.php\\\/obchod\\\/\"},{\"@type\":\"ListItem\",\"position\":3,\"name\":\"Orgov\u00e1n Palibin\"}]},{\"@type\":\"WebSite\",\"@id\":\"https:\\\/\\\/www.spokojnyzajac.sk\\\/#website\",\"url\":\"https:\\\/\\\/www.spokojnyzajac.sk\\\/\",\"name\":\"Z\u00e1hradn\u00edctvo\",\"description\":\"Spokojn\u00fd zajac\",\"potentialAction\":[{\"@type\":\"SearchAction\",\"target\":{\"@type\":\"EntryPoint\",\"urlTemplate\":\"https:\\\/\\\/www.spokojnyzajac.sk\\\/?s={search_term_string}\"},\"query-input\":{\"@type\":\"PropertyValueSpecification\",\"valueRequired\":true,\"valueName\":\"search_term_string\"}}],\"inLanguage\":\"sk-SK\"}]}<\/script>\n<!-- \/ Yoast SEO plugin. -->","yoast_head_json":{"title":"Orgov\u00e1n Palibin - Z\u00c1HRADN\u00cdCTVO","robots":{"index":"index","follow":"follow","max-snippet":"max-snippet:-1","max-image-preview":"max-image-preview:large","max-video-preview":"max-video-preview:-1"},"canonical":"https:\/\/www.spokojnyzajac.sk\/index.php\/produkt\/syringa-mayeri-palibin\/","og_locale":"sk_SK","og_type":"article","og_title":"Orgov\u00e1n Palibin - Z\u00c1HRADN\u00cdCTVO","og_description":"Rastlina v kvetin\u00e1\u010di: 5L Syringa Mayeri \"Palibin\" Slovensk\u00fd n\u00e1zov: orgov\u00e1n Mayerov","og_url":"https:\/\/www.spokojnyzajac.sk\/index.php\/produkt\/syringa-mayeri-palibin\/","og_site_name":"Z\u00c1HRADN\u00cdCTVO","article_publisher":"https:\/\/www.facebook.com\/spokojnyzajac\/","article_modified_time":"2025-06-11T16:08:06+00:00","og_image":[{"width":500,"height":500,"url":"https:\/\/www.spokojnyzajac.sk\/wp-content\/uploads\/2025\/02\/syringa-palibin.webp","type":"image\/webp"}],"twitter_card":"summary_large_image","twitter_misc":{"Predpokladan\u00fd \u010das \u010d\u00edtania":"1 min\u00fata"},"schema":{"@context":"https:\/\/schema.org","@graph":[{"@type":"WebPage","@id":"https:\/\/www.spokojnyzajac.sk\/index.php\/produkt\/syringa-mayeri-palibin\/","url":"https:\/\/www.spokojnyzajac.sk\/index.php\/produkt\/syringa-mayeri-palibin\/","name":"Orgov\u00e1n Palibin - Z\u00c1HRADN\u00cdCTVO","isPartOf":{"@id":"https:\/\/www.spokojnyzajac.sk\/#website"},"primaryImageOfPage":{"@id":"https:\/\/www.spokojnyzajac.sk\/index.php\/produkt\/syringa-mayeri-palibin\/#primaryimage"},"image":{"@id":"https:\/\/www.spokojnyzajac.sk\/index.php\/produkt\/syringa-mayeri-palibin\/#primaryimage"},"thumbnailUrl":"https:\/\/i0.wp.com\/www.spokojnyzajac.sk\/wp-content\/uploads\/2025\/02\/syringa-palibin.webp?fit=500%2C500&ssl=1","datePublished":"2025-02-01T08:54:34+00:00","dateModified":"2025-06-11T16:08:06+00:00","breadcrumb":{"@id":"https:\/\/www.spokojnyzajac.sk\/index.php\/produkt\/syringa-mayeri-palibin\/#breadcrumb"},"inLanguage":"sk-SK","potentialAction":[{"@type":"ReadAction","target":["https:\/\/www.spokojnyzajac.sk\/index.php\/produkt\/syringa-mayeri-palibin\/"]}]},{"@type":"ImageObject","inLanguage":"sk-SK","@id":"https:\/\/www.spokojnyzajac.sk\/index.php\/produkt\/syringa-mayeri-palibin\/#primaryimage","url":"https:\/\/i0.wp.com\/www.spokojnyzajac.sk\/wp-content\/uploads\/2025\/02\/syringa-palibin.webp?fit=500%2C500&ssl=1","contentUrl":"https:\/\/i0.wp.com\/www.spokojnyzajac.sk\/wp-content\/uploads\/2025\/02\/syringa-palibin.webp?fit=500%2C500&ssl=1","width":500,"height":500},{"@type":"BreadcrumbList","@id":"https:\/\/www.spokojnyzajac.sk\/index.php\/produkt\/syringa-mayeri-palibin\/#breadcrumb","itemListElement":[{"@type":"ListItem","position":1,"name":"Domovsk\u00e1 str\u00e1nka","item":"https:\/\/www.spokojnyzajac.sk\/"},{"@type":"ListItem","position":2,"name":"Produkty","item":"https:\/\/www.spokojnyzajac.sk\/index.php\/obchod\/"},{"@type":"ListItem","position":3,"name":"Orgov\u00e1n Palibin"}]},{"@type":"WebSite","@id":"https:\/\/www.spokojnyzajac.sk\/#website","url":"https:\/\/www.spokojnyzajac.sk\/","name":"Z\u00e1hradn\u00edctvo","description":"Spokojn\u00fd zajac","potentialAction":[{"@type":"SearchAction","target":{"@type":"EntryPoint","urlTemplate":"https:\/\/www.spokojnyzajac.sk\/?s={search_term_string}"},"query-input":{"@type":"PropertyValueSpecification","valueRequired":true,"valueName":"search_term_string"}}],"inLanguage":"sk-SK"}]}},"jetpack_sharing_enabled":true,"_links":{"self":[{"href":"https:\/\/www.spokojnyzajac.sk\/index.php\/wp-json\/wp\/v2\/product\/2398","targetHints":{"allow":["GET"]}}],"collection":[{"href":"https:\/\/www.spokojnyzajac.sk\/index.php\/wp-json\/wp\/v2\/product"}],"about":[{"href":"https:\/\/www.spokojnyzajac.sk\/index.php\/wp-json\/wp\/v2\/types\/product"}],"replies":[{"embeddable":true,"href":"https:\/\/www.spokojnyzajac.sk\/index.php\/wp-json\/wp\/v2\/comments?post=2398"}],"wp:featuredmedia":[{"embeddable":true,"href":"https:\/\/www.spokojnyzajac.sk\/index.php\/wp-json\/wp\/v2\/media\/2409"}],"wp:attachment":[{"href":"https:\/\/www.spokojnyzajac.sk\/index.php\/wp-json\/wp\/v2\/media?parent=2398"}],"wp:term":[{"taxonomy":"product_brand","embeddable":true,"href":"https:\/\/www.spokojnyzajac.sk\/index.php\/wp-json\/wp\/v2\/product_brand?post=2398"},{"taxonomy":"product_cat","embeddable":true,"href":"https:\/\/www.spokojnyzajac.sk\/index.php\/wp-json\/wp\/v2\/product_cat?post=2398"},{"taxonomy":"product_tag","embeddable":true,"href":"https:\/\/www.spokojnyzajac.sk\/index.php\/wp-json\/wp\/v2\/product_tag?post=2398"}],"curies":[{"name":"wp","href":"https:\/\/api.w.org\/{rel}","templated":true}]}}