{"id":2384,"date":"2025-02-01T08:17:07","date_gmt":"2025-02-01T08:17:07","guid":{"rendered":"https:\/\/www.spokojnyzajac.sk\/?post_type=product&#038;p=2384"},"modified":"2026-03-17T18:00:07","modified_gmt":"2026-03-17T18:00:07","slug":"jahoda-sonata","status":"publish","type":"product","link":"https:\/\/www.spokojnyzajac.sk\/index.php\/produkt\/jahoda-sonata\/","title":{"rendered":"Jahoda Sonata"},"content":{"rendered":"<p>Stredne skor\u00e1 odroda dozrievaj\u00faca za\u010diatkom j\u00fana. Ve\u013emi odoln\u00e1 vhodn\u00e1 aj do vy\u0161\u0161\u00edch oblast\u00ed.<\/p>\n","protected":false},"excerpt":{"rendered":"<p>Odoln\u00e1 stredne skor\u00e1 jahoda.<\/p>\n","protected":false},"featured_media":2426,"comment_status":"open","ping_status":"closed","template":"","meta":{"_monsterinsights_skip_tracking":false,"_monsterinsights_sitenote_active":false,"_monsterinsights_sitenote_note":"","_monsterinsights_sitenote_category":0},"product_brand":[],"product_cat":[53,146,16],"product_tag":[78],"class_list":{"0":"post-2384","1":"product","2":"type-product","3":"status-publish","4":"has-post-thumbnail","6":"product_cat-drobne-ovocie","7":"product_cat-jahody","8":"product_cat-zive-rastliny","9":"product_tag-jedle-rastliny","10":"pa_velkost-k6","11":"pa_velkost-multipack-10ks","13":"first","14":"outofstock","15":"taxable","16":"shipping-taxable","17":"product-type-variable"},"yoast_head":"<!-- This site is optimized with the Yoast SEO plugin v27.5 - https:\/\/yoast.com\/product\/yoast-seo-wordpress\/ -->\n<title>Jahoda Sonata - Z\u00c1HRADN\u00cdCTVO<\/title>\n<meta name=\"robots\" content=\"index, follow, max-snippet:-1, max-image-preview:large, max-video-preview:-1\" \/>\n<link rel=\"canonical\" href=\"https:\/\/www.spokojnyzajac.sk\/index.php\/produkt\/jahoda-sonata\/\" \/>\n<meta property=\"og:locale\" content=\"sk_SK\" \/>\n<meta property=\"og:type\" content=\"article\" \/>\n<meta property=\"og:title\" content=\"Jahoda Sonata - Z\u00c1HRADN\u00cdCTVO\" \/>\n<meta property=\"og:description\" content=\"Odoln\u00e1 stredne skor\u00e1 jahoda.\" \/>\n<meta property=\"og:url\" content=\"https:\/\/www.spokojnyzajac.sk\/index.php\/produkt\/jahoda-sonata\/\" \/>\n<meta property=\"og:site_name\" content=\"Z\u00c1HRADN\u00cdCTVO\" \/>\n<meta property=\"article:publisher\" content=\"https:\/\/www.facebook.com\/spokojnyzajac\/\" \/>\n<meta property=\"article:modified_time\" content=\"2026-03-17T18:00:07+00:00\" \/>\n<meta property=\"og:image\" content=\"https:\/\/www.spokojnyzajac.sk\/wp-content\/uploads\/2025\/02\/jahoda-sonata.webp\" \/>\n\t<meta property=\"og:image:width\" content=\"500\" \/>\n\t<meta property=\"og:image:height\" content=\"500\" \/>\n\t<meta property=\"og:image:type\" content=\"image\/webp\" \/>\n<meta name=\"twitter:card\" content=\"summary_large_image\" \/>\n<meta name=\"twitter:label1\" content=\"Predpokladan\u00fd \u010das \u010d\u00edtania\" \/>\n\t<meta name=\"twitter:data1\" content=\"1 min\u00fata\" \/>\n<script type=\"application\/ld+json\" class=\"yoast-schema-graph\">{\"@context\":\"https:\\\/\\\/schema.org\",\"@graph\":[{\"@type\":\"WebPage\",\"@id\":\"https:\\\/\\\/www.spokojnyzajac.sk\\\/index.php\\\/produkt\\\/jahoda-sonata\\\/\",\"url\":\"https:\\\/\\\/www.spokojnyzajac.sk\\\/index.php\\\/produkt\\\/jahoda-sonata\\\/\",\"name\":\"Jahoda Sonata - Z\u00c1HRADN\u00cdCTVO\",\"isPartOf\":{\"@id\":\"https:\\\/\\\/www.spokojnyzajac.sk\\\/#website\"},\"primaryImageOfPage\":{\"@id\":\"https:\\\/\\\/www.spokojnyzajac.sk\\\/index.php\\\/produkt\\\/jahoda-sonata\\\/#primaryimage\"},\"image\":{\"@id\":\"https:\\\/\\\/www.spokojnyzajac.sk\\\/index.php\\\/produkt\\\/jahoda-sonata\\\/#primaryimage\"},\"thumbnailUrl\":\"https:\\\/\\\/i0.wp.com\\\/www.spokojnyzajac.sk\\\/wp-content\\\/uploads\\\/2025\\\/02\\\/jahoda-sonata.webp?fit=500%2C500&ssl=1\",\"datePublished\":\"2025-02-01T08:17:07+00:00\",\"dateModified\":\"2026-03-17T18:00:07+00:00\",\"breadcrumb\":{\"@id\":\"https:\\\/\\\/www.spokojnyzajac.sk\\\/index.php\\\/produkt\\\/jahoda-sonata\\\/#breadcrumb\"},\"inLanguage\":\"sk-SK\",\"potentialAction\":[{\"@type\":\"ReadAction\",\"target\":[\"https:\\\/\\\/www.spokojnyzajac.sk\\\/index.php\\\/produkt\\\/jahoda-sonata\\\/\"]}]},{\"@type\":\"ImageObject\",\"inLanguage\":\"sk-SK\",\"@id\":\"https:\\\/\\\/www.spokojnyzajac.sk\\\/index.php\\\/produkt\\\/jahoda-sonata\\\/#primaryimage\",\"url\":\"https:\\\/\\\/i0.wp.com\\\/www.spokojnyzajac.sk\\\/wp-content\\\/uploads\\\/2025\\\/02\\\/jahoda-sonata.webp?fit=500%2C500&ssl=1\",\"contentUrl\":\"https:\\\/\\\/i0.wp.com\\\/www.spokojnyzajac.sk\\\/wp-content\\\/uploads\\\/2025\\\/02\\\/jahoda-sonata.webp?fit=500%2C500&ssl=1\",\"width\":500,\"height\":500},{\"@type\":\"BreadcrumbList\",\"@id\":\"https:\\\/\\\/www.spokojnyzajac.sk\\\/index.php\\\/produkt\\\/jahoda-sonata\\\/#breadcrumb\",\"itemListElement\":[{\"@type\":\"ListItem\",\"position\":1,\"name\":\"Domovsk\u00e1 str\u00e1nka\",\"item\":\"https:\\\/\\\/www.spokojnyzajac.sk\\\/\"},{\"@type\":\"ListItem\",\"position\":2,\"name\":\"Produkty\",\"item\":\"https:\\\/\\\/www.spokojnyzajac.sk\\\/index.php\\\/obchod\\\/\"},{\"@type\":\"ListItem\",\"position\":3,\"name\":\"Jahoda Sonata\"}]},{\"@type\":\"WebSite\",\"@id\":\"https:\\\/\\\/www.spokojnyzajac.sk\\\/#website\",\"url\":\"https:\\\/\\\/www.spokojnyzajac.sk\\\/\",\"name\":\"Z\u00e1hradn\u00edctvo\",\"description\":\"Spokojn\u00fd zajac\",\"potentialAction\":[{\"@type\":\"SearchAction\",\"target\":{\"@type\":\"EntryPoint\",\"urlTemplate\":\"https:\\\/\\\/www.spokojnyzajac.sk\\\/?s={search_term_string}\"},\"query-input\":{\"@type\":\"PropertyValueSpecification\",\"valueRequired\":true,\"valueName\":\"search_term_string\"}}],\"inLanguage\":\"sk-SK\"}]}<\/script>\n<!-- \/ Yoast SEO plugin. -->","yoast_head_json":{"title":"Jahoda Sonata - Z\u00c1HRADN\u00cdCTVO","robots":{"index":"index","follow":"follow","max-snippet":"max-snippet:-1","max-image-preview":"max-image-preview:large","max-video-preview":"max-video-preview:-1"},"canonical":"https:\/\/www.spokojnyzajac.sk\/index.php\/produkt\/jahoda-sonata\/","og_locale":"sk_SK","og_type":"article","og_title":"Jahoda Sonata - Z\u00c1HRADN\u00cdCTVO","og_description":"Odoln\u00e1 stredne skor\u00e1 jahoda.","og_url":"https:\/\/www.spokojnyzajac.sk\/index.php\/produkt\/jahoda-sonata\/","og_site_name":"Z\u00c1HRADN\u00cdCTVO","article_publisher":"https:\/\/www.facebook.com\/spokojnyzajac\/","article_modified_time":"2026-03-17T18:00:07+00:00","og_image":[{"width":500,"height":500,"url":"https:\/\/www.spokojnyzajac.sk\/wp-content\/uploads\/2025\/02\/jahoda-sonata.webp","type":"image\/webp"}],"twitter_card":"summary_large_image","twitter_misc":{"Predpokladan\u00fd \u010das \u010d\u00edtania":"1 min\u00fata"},"schema":{"@context":"https:\/\/schema.org","@graph":[{"@type":"WebPage","@id":"https:\/\/www.spokojnyzajac.sk\/index.php\/produkt\/jahoda-sonata\/","url":"https:\/\/www.spokojnyzajac.sk\/index.php\/produkt\/jahoda-sonata\/","name":"Jahoda Sonata - Z\u00c1HRADN\u00cdCTVO","isPartOf":{"@id":"https:\/\/www.spokojnyzajac.sk\/#website"},"primaryImageOfPage":{"@id":"https:\/\/www.spokojnyzajac.sk\/index.php\/produkt\/jahoda-sonata\/#primaryimage"},"image":{"@id":"https:\/\/www.spokojnyzajac.sk\/index.php\/produkt\/jahoda-sonata\/#primaryimage"},"thumbnailUrl":"https:\/\/i0.wp.com\/www.spokojnyzajac.sk\/wp-content\/uploads\/2025\/02\/jahoda-sonata.webp?fit=500%2C500&ssl=1","datePublished":"2025-02-01T08:17:07+00:00","dateModified":"2026-03-17T18:00:07+00:00","breadcrumb":{"@id":"https:\/\/www.spokojnyzajac.sk\/index.php\/produkt\/jahoda-sonata\/#breadcrumb"},"inLanguage":"sk-SK","potentialAction":[{"@type":"ReadAction","target":["https:\/\/www.spokojnyzajac.sk\/index.php\/produkt\/jahoda-sonata\/"]}]},{"@type":"ImageObject","inLanguage":"sk-SK","@id":"https:\/\/www.spokojnyzajac.sk\/index.php\/produkt\/jahoda-sonata\/#primaryimage","url":"https:\/\/i0.wp.com\/www.spokojnyzajac.sk\/wp-content\/uploads\/2025\/02\/jahoda-sonata.webp?fit=500%2C500&ssl=1","contentUrl":"https:\/\/i0.wp.com\/www.spokojnyzajac.sk\/wp-content\/uploads\/2025\/02\/jahoda-sonata.webp?fit=500%2C500&ssl=1","width":500,"height":500},{"@type":"BreadcrumbList","@id":"https:\/\/www.spokojnyzajac.sk\/index.php\/produkt\/jahoda-sonata\/#breadcrumb","itemListElement":[{"@type":"ListItem","position":1,"name":"Domovsk\u00e1 str\u00e1nka","item":"https:\/\/www.spokojnyzajac.sk\/"},{"@type":"ListItem","position":2,"name":"Produkty","item":"https:\/\/www.spokojnyzajac.sk\/index.php\/obchod\/"},{"@type":"ListItem","position":3,"name":"Jahoda Sonata"}]},{"@type":"WebSite","@id":"https:\/\/www.spokojnyzajac.sk\/#website","url":"https:\/\/www.spokojnyzajac.sk\/","name":"Z\u00e1hradn\u00edctvo","description":"Spokojn\u00fd zajac","potentialAction":[{"@type":"SearchAction","target":{"@type":"EntryPoint","urlTemplate":"https:\/\/www.spokojnyzajac.sk\/?s={search_term_string}"},"query-input":{"@type":"PropertyValueSpecification","valueRequired":true,"valueName":"search_term_string"}}],"inLanguage":"sk-SK"}]}},"jetpack_sharing_enabled":true,"_links":{"self":[{"href":"https:\/\/www.spokojnyzajac.sk\/index.php\/wp-json\/wp\/v2\/product\/2384","targetHints":{"allow":["GET"]}}],"collection":[{"href":"https:\/\/www.spokojnyzajac.sk\/index.php\/wp-json\/wp\/v2\/product"}],"about":[{"href":"https:\/\/www.spokojnyzajac.sk\/index.php\/wp-json\/wp\/v2\/types\/product"}],"replies":[{"embeddable":true,"href":"https:\/\/www.spokojnyzajac.sk\/index.php\/wp-json\/wp\/v2\/comments?post=2384"}],"wp:featuredmedia":[{"embeddable":true,"href":"https:\/\/www.spokojnyzajac.sk\/index.php\/wp-json\/wp\/v2\/media\/2426"}],"wp:attachment":[{"href":"https:\/\/www.spokojnyzajac.sk\/index.php\/wp-json\/wp\/v2\/media?parent=2384"}],"wp:term":[{"taxonomy":"product_brand","embeddable":true,"href":"https:\/\/www.spokojnyzajac.sk\/index.php\/wp-json\/wp\/v2\/product_brand?post=2384"},{"taxonomy":"product_cat","embeddable":true,"href":"https:\/\/www.spokojnyzajac.sk\/index.php\/wp-json\/wp\/v2\/product_cat?post=2384"},{"taxonomy":"product_tag","embeddable":true,"href":"https:\/\/www.spokojnyzajac.sk\/index.php\/wp-json\/wp\/v2\/product_tag?post=2384"}],"curies":[{"name":"wp","href":"https:\/\/api.w.org\/{rel}","templated":true}]}}