{"id":2356,"date":"2025-01-30T13:28:27","date_gmt":"2025-01-30T13:28:27","guid":{"rendered":"https:\/\/www.spokojnyzajac.sk\/?post_type=product&#038;p=2356"},"modified":"2025-07-27T14:06:13","modified_gmt":"2025-07-27T14:06:13","slug":"rhododendron-hybridum-marcel-menard-modry","status":"publish","type":"product","link":"https:\/\/www.spokojnyzajac.sk\/index.php\/produkt\/rhododendron-hybridum-marcel-menard-modry\/","title":{"rendered":"Rhododendron Marcel Menard"},"content":{"rendered":"<h3 data-start=\"254\" data-end=\"296\"><strong data-start=\"261\" data-end=\"296\">Opis kultivaru &#8218;Marcel Menard&#8216;:<\/strong><\/h3>\n<ul data-start=\"298\" data-end=\"744\">\n<li data-start=\"298\" data-end=\"374\">\n<p data-start=\"300\" data-end=\"374\"><strong data-start=\"300\" data-end=\"310\">V\u00fd\u0161ka:<\/strong> 1,5 a\u017e 2 m (po cca 10 rokoch), nesk\u00f4r m\u00f4\u017ee dosiahnu\u0165 aj 2,5 m<\/p>\n<\/li>\n<li data-start=\"375\" data-end=\"436\">\n<p data-start=\"377\" data-end=\"436\"><strong data-start=\"377\" data-end=\"387\">\u0160\u00edrka:<\/strong> podobn\u00e1 ako v\u00fd\u0161ka, vytv\u00e1ra hust\u00fd, gu\u013eovit\u00fd ker<\/p>\n<\/li>\n<li data-start=\"437\" data-end=\"510\">\n<p data-start=\"439\" data-end=\"510\"><strong data-start=\"439\" data-end=\"449\">Listy:<\/strong> tmavozelen\u00e9, ko\u017eovit\u00e9, leskl\u00e9, neopadav\u00e9 (st\u00e1lozelen\u00fd ker)<\/p>\n<\/li>\n<li data-start=\"511\" data-end=\"601\">\n<p data-start=\"513\" data-end=\"601\"><strong data-start=\"513\" data-end=\"523\">Kvety:<\/strong> ve\u013ek\u00e9, zvonovit\u00e9, <strong data-start=\"542\" data-end=\"574\">tmavofialov\u00e9 a\u017e modrofialov\u00e9<\/strong>, v strede tmav\u0161ia \u0161kvrna<\/p>\n<\/li>\n<li data-start=\"602\" data-end=\"635\">\n<p data-start=\"604\" data-end=\"635\"><strong data-start=\"604\" data-end=\"622\">Priemer kvetu:<\/strong> cca 6\u20138 cm<\/p>\n<\/li>\n<li data-start=\"636\" data-end=\"704\">\n<p data-start=\"638\" data-end=\"704\"><strong data-start=\"638\" data-end=\"649\">Kvapky:<\/strong> s\u00fa zoskupen\u00e9 do gu\u013eovit\u00fdch s\u00fakvet\u00ed (a\u017e 15\u201320 kvetov)<\/p>\n<\/li>\n<li data-start=\"705\" data-end=\"744\">\n<p data-start=\"707\" data-end=\"744\"><strong data-start=\"707\" data-end=\"721\">Kvitnutie:<\/strong> m\u00e1j a\u017e za\u010diatok j\u00fana<\/p>\n<\/li>\n<\/ul>\n<h3 data-start=\"751\" data-end=\"786\"><strong data-start=\"758\" data-end=\"786\">Stanovi\u0161te a pestovanie:<\/strong><\/h3>\n<ul data-start=\"788\" data-end=\"1295\">\n<li data-start=\"788\" data-end=\"872\">\n<p data-start=\"790\" data-end=\"872\"><strong data-start=\"790\" data-end=\"801\">Svetlo:<\/strong> polotie\u0148 (najlep\u0161ie rozpt\u00fdlen\u00e9 svetlo, nie pln\u00e9 popolud\u0148aj\u0161ie slnko)<\/p>\n<\/li>\n<li data-start=\"873\" data-end=\"946\">\n<p data-start=\"875\" data-end=\"946\"><strong data-start=\"875\" data-end=\"884\">P\u00f4da:<\/strong> kysl\u00e1 (pH 4,5\u20135,5), hum\u00f3zna, priepustn\u00e1, st\u00e1le mierne vlhk\u00e1<\/p>\n<\/li>\n<li data-start=\"947\" data-end=\"1006\">\n<p data-start=\"949\" data-end=\"1006\"><strong data-start=\"949\" data-end=\"962\">Z\u00e1lievka:<\/strong> pravideln\u00e1, najm\u00e4 po\u010das sucha a kvitnutia<\/p>\n<\/li>\n<li data-start=\"1007\" data-end=\"1088\">\n<p data-start=\"1009\" data-end=\"1088\"><strong data-start=\"1009\" data-end=\"1022\">Hnojenie:<\/strong> \u0161peci\u00e1lne hnojivo pre kyslomiln\u00e9 rastliny (jar \u2013 za\u010diatok leta)<\/p>\n<\/li>\n<li data-start=\"1089\" data-end=\"1151\">\n<p data-start=\"1091\" data-end=\"1151\"><strong data-start=\"1091\" data-end=\"1099\">Rez:<\/strong> len mierne tvarovanie po odkvitnut\u00ed, inak netreba<\/p>\n<\/li>\n<li data-start=\"1152\" data-end=\"1209\">\n<p data-start=\"1154\" data-end=\"1209\"><strong data-start=\"1154\" data-end=\"1167\">Odolnos\u0165:<\/strong> mrazuvzdorn\u00fd do cca -26 \u00b0C (z\u00f3na 5b\/6a)<\/p>\n<\/li>\n<li data-start=\"1210\" data-end=\"1295\">\n<p data-start=\"1212\" data-end=\"1295\"><strong data-start=\"1212\" data-end=\"1223\">Poloha:<\/strong> chr\u00e1nen\u00e9 miesto pred vetrom, ide\u00e1lne severov\u00fdchodn\u00fd alebo v\u00fdchodn\u00fd svah<\/p>\n<\/li>\n<\/ul>\n<h3 data-start=\"1302\" data-end=\"1332\"><strong data-start=\"1309\" data-end=\"1332\">Vyu\u017eitie v z\u00e1hrade:<\/strong><\/h3>\n<ul data-start=\"1334\" data-end=\"1675\">\n<li data-start=\"1334\" data-end=\"1390\">\n<p data-start=\"1336\" data-end=\"1390\">ako <strong data-start=\"1340\" data-end=\"1351\">solit\u00e9r<\/strong> v predz\u00e1hradke \u010di polotienistom k\u00fate<\/p>\n<\/li>\n<li data-start=\"1391\" data-end=\"1459\">\n<p data-start=\"1393\" data-end=\"1459\">v <strong data-start=\"1395\" data-end=\"1457\">skupinov\u00fdch v\u00fdsadb\u00e1ch s in\u00fdmi rododendronmi alebo azalkami<\/strong><\/p>\n<\/li>\n<li data-start=\"1460\" data-end=\"1535\">\n<p data-start=\"1462\" data-end=\"1535\">v <strong data-start=\"1464\" data-end=\"1489\">kyslomiln\u00fdch z\u00e1honoch<\/strong> s vresmi, papra\u010fami, pierisom, \u010du\u010doriedkami<\/p>\n<\/li>\n<li data-start=\"1536\" data-end=\"1596\">\n<p data-start=\"1538\" data-end=\"1596\">pri <strong data-start=\"1542\" data-end=\"1567\">jazierkach a potokoch<\/strong>, kde je vlhk\u00e1 a kysl\u00e1 p\u00f4da<\/p>\n<\/li>\n<li data-start=\"1597\" data-end=\"1675\">\n<p data-start=\"1599\" data-end=\"1675\">vhodn\u00fd aj do <strong data-start=\"1612\" data-end=\"1638\">tie\u0148ov\u00fdch \u010dast\u00ed z\u00e1hrad<\/strong>, kde m\u00e1lo in\u00fdch rastl\u00edn prosperuje<\/p>\n<\/li>\n<\/ul>\n<h3 data-start=\"1682\" data-end=\"1710\"><strong data-start=\"1689\" data-end=\"1710\">Dobr\u00e1 kombin\u00e1cia:<\/strong><\/h3>\n<h5 data-start=\"1712\" data-end=\"1745\">\u00a0In\u00e9 kyslomiln\u00e9 rastliny:<\/h5>\n<ul data-start=\"1746\" data-end=\"2035\">\n<li data-start=\"1746\" data-end=\"1823\">\n<p data-start=\"1748\" data-end=\"1823\"><strong data-start=\"1748\" data-end=\"1767\">Azalea japonica<\/strong> \u2013 kompaktn\u00e9 kvitn\u00face kry (biele, ru\u017eov\u00e9, \u010derven\u00e9 kvety)<\/p>\n<\/li>\n<li data-start=\"1824\" data-end=\"1881\">\n<p data-start=\"1826\" data-end=\"1881\"><strong data-start=\"1826\" data-end=\"1845\">Pieris japonica<\/strong> \u2013 v\u017edyzelen\u00fd ker s jarn\u00fdm kvitnut\u00edm<\/p>\n<\/li>\n<li data-start=\"1882\" data-end=\"1930\">\n<p data-start=\"1884\" data-end=\"1930\"><strong data-start=\"1884\" data-end=\"1904\">Skimmia japonica<\/strong> \u2013 zauj\u00edmav\u00e9 listy a plody<\/p>\n<\/li>\n<li data-start=\"1931\" data-end=\"1984\">\n<p data-start=\"1933\" data-end=\"1984\"><strong data-start=\"1933\" data-end=\"1953\">Kalmia latifolia<\/strong> \u2013 atrakt\u00edvny kvetmi aj listami<\/p>\n<\/li>\n<li data-start=\"1985\" data-end=\"2035\">\n<p data-start=\"1987\" data-end=\"2035\"><strong data-start=\"1987\" data-end=\"2013\">Vaccinium (\u010du\u010doriedky)<\/strong> \u2013 okrasn\u00e9 aj \u00fa\u017eitkov\u00e9<\/p>\n<\/li>\n<\/ul>\n<h5 data-start=\"2037\" data-end=\"2065\">\u00a0Tie\u0148omiln\u00e9 trvalky:<\/h5>\n<ul data-start=\"2066\" data-end=\"2279\">\n<li data-start=\"2066\" data-end=\"2125\">\n<p data-start=\"2068\" data-end=\"2125\"><strong data-start=\"2068\" data-end=\"2086\">Hosta (funkia)<\/strong> \u2013 ve\u013ek\u00e9 listy, kontrast k rododendronu<\/p>\n<\/li>\n<li data-start=\"2126\" data-end=\"2167\">\n<p data-start=\"2128\" data-end=\"2167\"><strong data-start=\"2128\" data-end=\"2151\">Heuchera (dlu\u017eicha)<\/strong> \u2013 farebn\u00e9 listy<\/p>\n<\/li>\n<li data-start=\"2168\" data-end=\"2217\">\n<p data-start=\"2170\" data-end=\"2217\"><strong data-start=\"2170\" data-end=\"2181\">Paprade<\/strong> \u2013 prirodzen\u00e9 partnerky do polotie\u0148a<\/p>\n<\/li>\n<li data-start=\"2218\" data-end=\"2279\">\n<p data-start=\"2220\" data-end=\"2279\"><strong data-start=\"2220\" data-end=\"2244\">Pulmonaria (plicn\u00edk)<\/strong> \u2013 skor\u00e9 kvitnutie a \u0161kvrnit\u00e9 listy<\/p>\n<\/li>\n<\/ul>\n","protected":false},"excerpt":{"rendered":"<p><strong data-start=\"0\" data-end=\"41\">Rhododendron hybridum &#8218;Marcel Menard&#8216;<\/strong> je st\u00e1lozelen\u00fd hybridn\u00fd rododendron zn\u00e1my pre svoje <strong data-start=\"94\" data-end=\"126\">ve\u013ek\u00e9 s\u00fdtomodrofialov\u00e9 kvety<\/strong> a kompaktn\u00fd, elegantn\u00fd rast. Je to jeden z najpopul\u00e1rnej\u0161\u00edch tmavofialov\u00fdch kultivarov medzi ve\u013ekokvet\u00fdmi rododendronmi.<\/p>\n","protected":false},"featured_media":2677,"comment_status":"open","ping_status":"closed","template":"","meta":{"_monsterinsights_skip_tracking":false,"_monsterinsights_sitenote_active":false,"_monsterinsights_sitenote_note":"","_monsterinsights_sitenote_category":0},"product_brand":[],"product_cat":[132,40,16],"product_tag":[],"class_list":{"0":"post-2356","1":"product","2":"type-product","3":"status-publish","4":"has-post-thumbnail","6":"product_cat-kriky","7":"product_cat-okrasne-dreviny","8":"product_cat-zive-rastliny","10":"first","11":"outofstock","12":"taxable","13":"shipping-taxable","14":"purchasable","15":"product-type-simple"},"yoast_head":"<!-- This site is optimized with the Yoast SEO plugin v27.5 - https:\/\/yoast.com\/product\/yoast-seo-wordpress\/ -->\n<title>Rhododendron Marcel Menard - Z\u00c1HRADN\u00cdCTVO<\/title>\n<meta name=\"robots\" content=\"index, follow, max-snippet:-1, max-image-preview:large, max-video-preview:-1\" \/>\n<link rel=\"canonical\" href=\"https:\/\/www.spokojnyzajac.sk\/index.php\/produkt\/rhododendron-hybridum-marcel-menard-modry\/\" \/>\n<meta property=\"og:locale\" content=\"sk_SK\" \/>\n<meta property=\"og:type\" content=\"article\" \/>\n<meta property=\"og:title\" content=\"Rhododendron Marcel Menard - Z\u00c1HRADN\u00cdCTVO\" \/>\n<meta property=\"og:description\" content=\"Rhododendron hybridum &#039;Marcel Menard&#039; je st\u00e1lozelen\u00fd hybridn\u00fd rododendron zn\u00e1my pre svoje ve\u013ek\u00e9 s\u00fdtomodrofialov\u00e9 kvety a kompaktn\u00fd, elegantn\u00fd rast. Je to jeden z najpopul\u00e1rnej\u0161\u00edch tmavofialov\u00fdch kultivarov medzi ve\u013ekokvet\u00fdmi rododendronmi.\" \/>\n<meta property=\"og:url\" content=\"https:\/\/www.spokojnyzajac.sk\/index.php\/produkt\/rhododendron-hybridum-marcel-menard-modry\/\" \/>\n<meta property=\"og:site_name\" content=\"Z\u00c1HRADN\u00cdCTVO\" \/>\n<meta property=\"article:publisher\" content=\"https:\/\/www.facebook.com\/spokojnyzajac\/\" \/>\n<meta property=\"article:modified_time\" content=\"2025-07-27T14:06:13+00:00\" \/>\n<meta property=\"og:image\" content=\"https:\/\/www.spokojnyzajac.sk\/wp-content\/uploads\/2025\/01\/Rhododendron_Marcel_Menard.webp\" \/>\n\t<meta property=\"og:image:width\" content=\"500\" \/>\n\t<meta property=\"og:image:height\" content=\"500\" \/>\n\t<meta property=\"og:image:type\" content=\"image\/webp\" \/>\n<meta name=\"twitter:card\" content=\"summary_large_image\" \/>\n<meta name=\"twitter:label1\" content=\"Predpokladan\u00fd \u010das \u010d\u00edtania\" \/>\n\t<meta name=\"twitter:data1\" content=\"2 min\u00faty\" \/>\n<script type=\"application\/ld+json\" class=\"yoast-schema-graph\">{\"@context\":\"https:\\\/\\\/schema.org\",\"@graph\":[{\"@type\":\"WebPage\",\"@id\":\"https:\\\/\\\/www.spokojnyzajac.sk\\\/index.php\\\/produkt\\\/rhododendron-hybridum-marcel-menard-modry\\\/\",\"url\":\"https:\\\/\\\/www.spokojnyzajac.sk\\\/index.php\\\/produkt\\\/rhododendron-hybridum-marcel-menard-modry\\\/\",\"name\":\"Rhododendron Marcel Menard - Z\u00c1HRADN\u00cdCTVO\",\"isPartOf\":{\"@id\":\"https:\\\/\\\/www.spokojnyzajac.sk\\\/#website\"},\"primaryImageOfPage\":{\"@id\":\"https:\\\/\\\/www.spokojnyzajac.sk\\\/index.php\\\/produkt\\\/rhododendron-hybridum-marcel-menard-modry\\\/#primaryimage\"},\"image\":{\"@id\":\"https:\\\/\\\/www.spokojnyzajac.sk\\\/index.php\\\/produkt\\\/rhododendron-hybridum-marcel-menard-modry\\\/#primaryimage\"},\"thumbnailUrl\":\"https:\\\/\\\/i0.wp.com\\\/www.spokojnyzajac.sk\\\/wp-content\\\/uploads\\\/2025\\\/01\\\/Rhododendron_Marcel_Menard.webp?fit=500%2C500&ssl=1\",\"datePublished\":\"2025-01-30T13:28:27+00:00\",\"dateModified\":\"2025-07-27T14:06:13+00:00\",\"breadcrumb\":{\"@id\":\"https:\\\/\\\/www.spokojnyzajac.sk\\\/index.php\\\/produkt\\\/rhododendron-hybridum-marcel-menard-modry\\\/#breadcrumb\"},\"inLanguage\":\"sk-SK\",\"potentialAction\":[{\"@type\":\"ReadAction\",\"target\":[\"https:\\\/\\\/www.spokojnyzajac.sk\\\/index.php\\\/produkt\\\/rhododendron-hybridum-marcel-menard-modry\\\/\"]}]},{\"@type\":\"ImageObject\",\"inLanguage\":\"sk-SK\",\"@id\":\"https:\\\/\\\/www.spokojnyzajac.sk\\\/index.php\\\/produkt\\\/rhododendron-hybridum-marcel-menard-modry\\\/#primaryimage\",\"url\":\"https:\\\/\\\/i0.wp.com\\\/www.spokojnyzajac.sk\\\/wp-content\\\/uploads\\\/2025\\\/01\\\/Rhododendron_Marcel_Menard.webp?fit=500%2C500&ssl=1\",\"contentUrl\":\"https:\\\/\\\/i0.wp.com\\\/www.spokojnyzajac.sk\\\/wp-content\\\/uploads\\\/2025\\\/01\\\/Rhododendron_Marcel_Menard.webp?fit=500%2C500&ssl=1\",\"width\":500,\"height\":500},{\"@type\":\"BreadcrumbList\",\"@id\":\"https:\\\/\\\/www.spokojnyzajac.sk\\\/index.php\\\/produkt\\\/rhododendron-hybridum-marcel-menard-modry\\\/#breadcrumb\",\"itemListElement\":[{\"@type\":\"ListItem\",\"position\":1,\"name\":\"Domovsk\u00e1 str\u00e1nka\",\"item\":\"https:\\\/\\\/www.spokojnyzajac.sk\\\/\"},{\"@type\":\"ListItem\",\"position\":2,\"name\":\"Produkty\",\"item\":\"https:\\\/\\\/www.spokojnyzajac.sk\\\/index.php\\\/obchod\\\/\"},{\"@type\":\"ListItem\",\"position\":3,\"name\":\"Rhododendron Marcel Menard\"}]},{\"@type\":\"WebSite\",\"@id\":\"https:\\\/\\\/www.spokojnyzajac.sk\\\/#website\",\"url\":\"https:\\\/\\\/www.spokojnyzajac.sk\\\/\",\"name\":\"Z\u00e1hradn\u00edctvo\",\"description\":\"Spokojn\u00fd zajac\",\"potentialAction\":[{\"@type\":\"SearchAction\",\"target\":{\"@type\":\"EntryPoint\",\"urlTemplate\":\"https:\\\/\\\/www.spokojnyzajac.sk\\\/?s={search_term_string}\"},\"query-input\":{\"@type\":\"PropertyValueSpecification\",\"valueRequired\":true,\"valueName\":\"search_term_string\"}}],\"inLanguage\":\"sk-SK\"}]}<\/script>\n<!-- \/ Yoast SEO plugin. -->","yoast_head_json":{"title":"Rhododendron Marcel Menard - Z\u00c1HRADN\u00cdCTVO","robots":{"index":"index","follow":"follow","max-snippet":"max-snippet:-1","max-image-preview":"max-image-preview:large","max-video-preview":"max-video-preview:-1"},"canonical":"https:\/\/www.spokojnyzajac.sk\/index.php\/produkt\/rhododendron-hybridum-marcel-menard-modry\/","og_locale":"sk_SK","og_type":"article","og_title":"Rhododendron Marcel Menard - Z\u00c1HRADN\u00cdCTVO","og_description":"Rhododendron hybridum 'Marcel Menard' je st\u00e1lozelen\u00fd hybridn\u00fd rododendron zn\u00e1my pre svoje ve\u013ek\u00e9 s\u00fdtomodrofialov\u00e9 kvety a kompaktn\u00fd, elegantn\u00fd rast. Je to jeden z najpopul\u00e1rnej\u0161\u00edch tmavofialov\u00fdch kultivarov medzi ve\u013ekokvet\u00fdmi rododendronmi.","og_url":"https:\/\/www.spokojnyzajac.sk\/index.php\/produkt\/rhododendron-hybridum-marcel-menard-modry\/","og_site_name":"Z\u00c1HRADN\u00cdCTVO","article_publisher":"https:\/\/www.facebook.com\/spokojnyzajac\/","article_modified_time":"2025-07-27T14:06:13+00:00","og_image":[{"width":500,"height":500,"url":"https:\/\/www.spokojnyzajac.sk\/wp-content\/uploads\/2025\/01\/Rhododendron_Marcel_Menard.webp","type":"image\/webp"}],"twitter_card":"summary_large_image","twitter_misc":{"Predpokladan\u00fd \u010das \u010d\u00edtania":"2 min\u00faty"},"schema":{"@context":"https:\/\/schema.org","@graph":[{"@type":"WebPage","@id":"https:\/\/www.spokojnyzajac.sk\/index.php\/produkt\/rhododendron-hybridum-marcel-menard-modry\/","url":"https:\/\/www.spokojnyzajac.sk\/index.php\/produkt\/rhododendron-hybridum-marcel-menard-modry\/","name":"Rhododendron Marcel Menard - Z\u00c1HRADN\u00cdCTVO","isPartOf":{"@id":"https:\/\/www.spokojnyzajac.sk\/#website"},"primaryImageOfPage":{"@id":"https:\/\/www.spokojnyzajac.sk\/index.php\/produkt\/rhododendron-hybridum-marcel-menard-modry\/#primaryimage"},"image":{"@id":"https:\/\/www.spokojnyzajac.sk\/index.php\/produkt\/rhododendron-hybridum-marcel-menard-modry\/#primaryimage"},"thumbnailUrl":"https:\/\/i0.wp.com\/www.spokojnyzajac.sk\/wp-content\/uploads\/2025\/01\/Rhododendron_Marcel_Menard.webp?fit=500%2C500&ssl=1","datePublished":"2025-01-30T13:28:27+00:00","dateModified":"2025-07-27T14:06:13+00:00","breadcrumb":{"@id":"https:\/\/www.spokojnyzajac.sk\/index.php\/produkt\/rhododendron-hybridum-marcel-menard-modry\/#breadcrumb"},"inLanguage":"sk-SK","potentialAction":[{"@type":"ReadAction","target":["https:\/\/www.spokojnyzajac.sk\/index.php\/produkt\/rhododendron-hybridum-marcel-menard-modry\/"]}]},{"@type":"ImageObject","inLanguage":"sk-SK","@id":"https:\/\/www.spokojnyzajac.sk\/index.php\/produkt\/rhododendron-hybridum-marcel-menard-modry\/#primaryimage","url":"https:\/\/i0.wp.com\/www.spokojnyzajac.sk\/wp-content\/uploads\/2025\/01\/Rhododendron_Marcel_Menard.webp?fit=500%2C500&ssl=1","contentUrl":"https:\/\/i0.wp.com\/www.spokojnyzajac.sk\/wp-content\/uploads\/2025\/01\/Rhododendron_Marcel_Menard.webp?fit=500%2C500&ssl=1","width":500,"height":500},{"@type":"BreadcrumbList","@id":"https:\/\/www.spokojnyzajac.sk\/index.php\/produkt\/rhododendron-hybridum-marcel-menard-modry\/#breadcrumb","itemListElement":[{"@type":"ListItem","position":1,"name":"Domovsk\u00e1 str\u00e1nka","item":"https:\/\/www.spokojnyzajac.sk\/"},{"@type":"ListItem","position":2,"name":"Produkty","item":"https:\/\/www.spokojnyzajac.sk\/index.php\/obchod\/"},{"@type":"ListItem","position":3,"name":"Rhododendron Marcel Menard"}]},{"@type":"WebSite","@id":"https:\/\/www.spokojnyzajac.sk\/#website","url":"https:\/\/www.spokojnyzajac.sk\/","name":"Z\u00e1hradn\u00edctvo","description":"Spokojn\u00fd zajac","potentialAction":[{"@type":"SearchAction","target":{"@type":"EntryPoint","urlTemplate":"https:\/\/www.spokojnyzajac.sk\/?s={search_term_string}"},"query-input":{"@type":"PropertyValueSpecification","valueRequired":true,"valueName":"search_term_string"}}],"inLanguage":"sk-SK"}]}},"jetpack_sharing_enabled":true,"_links":{"self":[{"href":"https:\/\/www.spokojnyzajac.sk\/index.php\/wp-json\/wp\/v2\/product\/2356","targetHints":{"allow":["GET"]}}],"collection":[{"href":"https:\/\/www.spokojnyzajac.sk\/index.php\/wp-json\/wp\/v2\/product"}],"about":[{"href":"https:\/\/www.spokojnyzajac.sk\/index.php\/wp-json\/wp\/v2\/types\/product"}],"replies":[{"embeddable":true,"href":"https:\/\/www.spokojnyzajac.sk\/index.php\/wp-json\/wp\/v2\/comments?post=2356"}],"wp:featuredmedia":[{"embeddable":true,"href":"https:\/\/www.spokojnyzajac.sk\/index.php\/wp-json\/wp\/v2\/media\/2677"}],"wp:attachment":[{"href":"https:\/\/www.spokojnyzajac.sk\/index.php\/wp-json\/wp\/v2\/media?parent=2356"}],"wp:term":[{"taxonomy":"product_brand","embeddable":true,"href":"https:\/\/www.spokojnyzajac.sk\/index.php\/wp-json\/wp\/v2\/product_brand?post=2356"},{"taxonomy":"product_cat","embeddable":true,"href":"https:\/\/www.spokojnyzajac.sk\/index.php\/wp-json\/wp\/v2\/product_cat?post=2356"},{"taxonomy":"product_tag","embeddable":true,"href":"https:\/\/www.spokojnyzajac.sk\/index.php\/wp-json\/wp\/v2\/product_tag?post=2356"}],"curies":[{"name":"wp","href":"https:\/\/api.w.org\/{rel}","templated":true}]}}