{"id":2330,"date":"2025-01-28T09:34:01","date_gmt":"2025-01-28T09:34:01","guid":{"rendered":"https:\/\/www.spokojnyzajac.sk\/?post_type=product&#038;p=2330"},"modified":"2025-05-23T08:19:08","modified_gmt":"2025-05-23T08:19:08","slug":"taxus-baccata-55cm","status":"publish","type":"product","link":"https:\/\/www.spokojnyzajac.sk\/index.php\/produkt\/taxus-baccata-55cm\/","title":{"rendered":"Tis oby\u010dajn\u00fd"},"content":{"rendered":"<h2>Popis<\/h2>\n<p>V\u017edyzelen\u00fd kr\u00edk vhodn\u00fd do \u017eiv\u00fdch plotov.<\/p>\n<p><strong>V\u00fd\u0161ka rastliny\u00a0<\/strong>3 m<br \/>\n<strong>N\u00e1roky na slnko\u00a0<\/strong>S, P, T<br \/>\n<strong>N\u00e1roky na vodu\u00a0<\/strong>stredn\u00e9<br \/>\n<strong>Hustota v\u00fdsadby\u00a0<\/strong>1\u00a0ks<br \/>\n<strong>Mrazuvzdornos\u0165\u00a0<\/strong>\u00e1no<br \/>\n<strong>Habitus rastliny<\/strong> ku\u017ee\u013eovit\u00fd<\/p>\n","protected":false},"excerpt":{"rendered":"<p>Rastlina v kvetin\u00e1\u010di 50 cm<br \/>\nTaxus baccata<br \/>\nSlovensk\u00fd n\u00e1zov: Tis<\/p>\n","protected":false},"featured_media":2571,"comment_status":"open","ping_status":"closed","template":"","meta":{"_monsterinsights_skip_tracking":false,"_monsterinsights_sitenote_active":false,"_monsterinsights_sitenote_note":"","_monsterinsights_sitenote_category":0},"product_brand":[],"product_cat":[131,40,16],"product_tag":[],"class_list":{"0":"post-2330","1":"product","2":"type-product","3":"status-publish","4":"has-post-thumbnail","6":"product_cat-ihlicnate","7":"product_cat-okrasne-dreviny","8":"product_cat-zive-rastliny","9":"pa_stanoviste-polotien","10":"pa_stanoviste-priame-slnko","11":"pa_stanoviste-tien","13":"first","14":"outofstock","15":"taxable","16":"shipping-taxable","17":"purchasable","18":"product-type-simple"},"yoast_head":"<!-- This site is optimized with the Yoast SEO plugin v27.5 - https:\/\/yoast.com\/product\/yoast-seo-wordpress\/ -->\n<title>Tis oby\u010dajn\u00fd - Z\u00c1HRADN\u00cdCTVO<\/title>\n<meta name=\"robots\" content=\"index, follow, max-snippet:-1, max-image-preview:large, max-video-preview:-1\" \/>\n<link rel=\"canonical\" href=\"https:\/\/www.spokojnyzajac.sk\/index.php\/produkt\/taxus-baccata-55cm\/\" \/>\n<meta property=\"og:locale\" content=\"sk_SK\" \/>\n<meta property=\"og:type\" content=\"article\" \/>\n<meta property=\"og:title\" content=\"Tis oby\u010dajn\u00fd - Z\u00c1HRADN\u00cdCTVO\" \/>\n<meta property=\"og:description\" content=\"Rastlina v kvetin\u00e1\u010di 50 cm Taxus baccata Slovensk\u00fd n\u00e1zov: Tis\" \/>\n<meta property=\"og:url\" content=\"https:\/\/www.spokojnyzajac.sk\/index.php\/produkt\/taxus-baccata-55cm\/\" \/>\n<meta property=\"og:site_name\" content=\"Z\u00c1HRADN\u00cdCTVO\" \/>\n<meta property=\"article:publisher\" content=\"https:\/\/www.facebook.com\/spokojnyzajac\/\" \/>\n<meta property=\"article:modified_time\" content=\"2025-05-23T08:19:08+00:00\" \/>\n<meta property=\"og:image\" content=\"https:\/\/www.spokojnyzajac.sk\/wp-content\/uploads\/2025\/01\/tis-obyc.webp\" \/>\n\t<meta property=\"og:image:width\" content=\"500\" \/>\n\t<meta property=\"og:image:height\" content=\"500\" \/>\n\t<meta property=\"og:image:type\" content=\"image\/webp\" \/>\n<meta name=\"twitter:card\" content=\"summary_large_image\" \/>\n<meta name=\"twitter:label1\" content=\"Predpokladan\u00fd \u010das \u010d\u00edtania\" \/>\n\t<meta name=\"twitter:data1\" content=\"1 min\u00fata\" \/>\n<script type=\"application\/ld+json\" class=\"yoast-schema-graph\">{\"@context\":\"https:\\\/\\\/schema.org\",\"@graph\":[{\"@type\":\"WebPage\",\"@id\":\"https:\\\/\\\/www.spokojnyzajac.sk\\\/index.php\\\/produkt\\\/taxus-baccata-55cm\\\/\",\"url\":\"https:\\\/\\\/www.spokojnyzajac.sk\\\/index.php\\\/produkt\\\/taxus-baccata-55cm\\\/\",\"name\":\"Tis oby\u010dajn\u00fd - Z\u00c1HRADN\u00cdCTVO\",\"isPartOf\":{\"@id\":\"https:\\\/\\\/www.spokojnyzajac.sk\\\/#website\"},\"primaryImageOfPage\":{\"@id\":\"https:\\\/\\\/www.spokojnyzajac.sk\\\/index.php\\\/produkt\\\/taxus-baccata-55cm\\\/#primaryimage\"},\"image\":{\"@id\":\"https:\\\/\\\/www.spokojnyzajac.sk\\\/index.php\\\/produkt\\\/taxus-baccata-55cm\\\/#primaryimage\"},\"thumbnailUrl\":\"https:\\\/\\\/i0.wp.com\\\/www.spokojnyzajac.sk\\\/wp-content\\\/uploads\\\/2025\\\/01\\\/tis-obyc.webp?fit=500%2C500&ssl=1\",\"datePublished\":\"2025-01-28T09:34:01+00:00\",\"dateModified\":\"2025-05-23T08:19:08+00:00\",\"breadcrumb\":{\"@id\":\"https:\\\/\\\/www.spokojnyzajac.sk\\\/index.php\\\/produkt\\\/taxus-baccata-55cm\\\/#breadcrumb\"},\"inLanguage\":\"sk-SK\",\"potentialAction\":[{\"@type\":\"ReadAction\",\"target\":[\"https:\\\/\\\/www.spokojnyzajac.sk\\\/index.php\\\/produkt\\\/taxus-baccata-55cm\\\/\"]}]},{\"@type\":\"ImageObject\",\"inLanguage\":\"sk-SK\",\"@id\":\"https:\\\/\\\/www.spokojnyzajac.sk\\\/index.php\\\/produkt\\\/taxus-baccata-55cm\\\/#primaryimage\",\"url\":\"https:\\\/\\\/i0.wp.com\\\/www.spokojnyzajac.sk\\\/wp-content\\\/uploads\\\/2025\\\/01\\\/tis-obyc.webp?fit=500%2C500&ssl=1\",\"contentUrl\":\"https:\\\/\\\/i0.wp.com\\\/www.spokojnyzajac.sk\\\/wp-content\\\/uploads\\\/2025\\\/01\\\/tis-obyc.webp?fit=500%2C500&ssl=1\",\"width\":500,\"height\":500},{\"@type\":\"BreadcrumbList\",\"@id\":\"https:\\\/\\\/www.spokojnyzajac.sk\\\/index.php\\\/produkt\\\/taxus-baccata-55cm\\\/#breadcrumb\",\"itemListElement\":[{\"@type\":\"ListItem\",\"position\":1,\"name\":\"Domovsk\u00e1 str\u00e1nka\",\"item\":\"https:\\\/\\\/www.spokojnyzajac.sk\\\/\"},{\"@type\":\"ListItem\",\"position\":2,\"name\":\"Produkty\",\"item\":\"https:\\\/\\\/www.spokojnyzajac.sk\\\/index.php\\\/obchod\\\/\"},{\"@type\":\"ListItem\",\"position\":3,\"name\":\"Tis oby\u010dajn\u00fd\"}]},{\"@type\":\"WebSite\",\"@id\":\"https:\\\/\\\/www.spokojnyzajac.sk\\\/#website\",\"url\":\"https:\\\/\\\/www.spokojnyzajac.sk\\\/\",\"name\":\"Z\u00e1hradn\u00edctvo\",\"description\":\"Spokojn\u00fd zajac\",\"potentialAction\":[{\"@type\":\"SearchAction\",\"target\":{\"@type\":\"EntryPoint\",\"urlTemplate\":\"https:\\\/\\\/www.spokojnyzajac.sk\\\/?s={search_term_string}\"},\"query-input\":{\"@type\":\"PropertyValueSpecification\",\"valueRequired\":true,\"valueName\":\"search_term_string\"}}],\"inLanguage\":\"sk-SK\"}]}<\/script>\n<!-- \/ Yoast SEO plugin. -->","yoast_head_json":{"title":"Tis oby\u010dajn\u00fd - Z\u00c1HRADN\u00cdCTVO","robots":{"index":"index","follow":"follow","max-snippet":"max-snippet:-1","max-image-preview":"max-image-preview:large","max-video-preview":"max-video-preview:-1"},"canonical":"https:\/\/www.spokojnyzajac.sk\/index.php\/produkt\/taxus-baccata-55cm\/","og_locale":"sk_SK","og_type":"article","og_title":"Tis oby\u010dajn\u00fd - Z\u00c1HRADN\u00cdCTVO","og_description":"Rastlina v kvetin\u00e1\u010di 50 cm Taxus baccata Slovensk\u00fd n\u00e1zov: Tis","og_url":"https:\/\/www.spokojnyzajac.sk\/index.php\/produkt\/taxus-baccata-55cm\/","og_site_name":"Z\u00c1HRADN\u00cdCTVO","article_publisher":"https:\/\/www.facebook.com\/spokojnyzajac\/","article_modified_time":"2025-05-23T08:19:08+00:00","og_image":[{"width":500,"height":500,"url":"https:\/\/www.spokojnyzajac.sk\/wp-content\/uploads\/2025\/01\/tis-obyc.webp","type":"image\/webp"}],"twitter_card":"summary_large_image","twitter_misc":{"Predpokladan\u00fd \u010das \u010d\u00edtania":"1 min\u00fata"},"schema":{"@context":"https:\/\/schema.org","@graph":[{"@type":"WebPage","@id":"https:\/\/www.spokojnyzajac.sk\/index.php\/produkt\/taxus-baccata-55cm\/","url":"https:\/\/www.spokojnyzajac.sk\/index.php\/produkt\/taxus-baccata-55cm\/","name":"Tis oby\u010dajn\u00fd - Z\u00c1HRADN\u00cdCTVO","isPartOf":{"@id":"https:\/\/www.spokojnyzajac.sk\/#website"},"primaryImageOfPage":{"@id":"https:\/\/www.spokojnyzajac.sk\/index.php\/produkt\/taxus-baccata-55cm\/#primaryimage"},"image":{"@id":"https:\/\/www.spokojnyzajac.sk\/index.php\/produkt\/taxus-baccata-55cm\/#primaryimage"},"thumbnailUrl":"https:\/\/i0.wp.com\/www.spokojnyzajac.sk\/wp-content\/uploads\/2025\/01\/tis-obyc.webp?fit=500%2C500&ssl=1","datePublished":"2025-01-28T09:34:01+00:00","dateModified":"2025-05-23T08:19:08+00:00","breadcrumb":{"@id":"https:\/\/www.spokojnyzajac.sk\/index.php\/produkt\/taxus-baccata-55cm\/#breadcrumb"},"inLanguage":"sk-SK","potentialAction":[{"@type":"ReadAction","target":["https:\/\/www.spokojnyzajac.sk\/index.php\/produkt\/taxus-baccata-55cm\/"]}]},{"@type":"ImageObject","inLanguage":"sk-SK","@id":"https:\/\/www.spokojnyzajac.sk\/index.php\/produkt\/taxus-baccata-55cm\/#primaryimage","url":"https:\/\/i0.wp.com\/www.spokojnyzajac.sk\/wp-content\/uploads\/2025\/01\/tis-obyc.webp?fit=500%2C500&ssl=1","contentUrl":"https:\/\/i0.wp.com\/www.spokojnyzajac.sk\/wp-content\/uploads\/2025\/01\/tis-obyc.webp?fit=500%2C500&ssl=1","width":500,"height":500},{"@type":"BreadcrumbList","@id":"https:\/\/www.spokojnyzajac.sk\/index.php\/produkt\/taxus-baccata-55cm\/#breadcrumb","itemListElement":[{"@type":"ListItem","position":1,"name":"Domovsk\u00e1 str\u00e1nka","item":"https:\/\/www.spokojnyzajac.sk\/"},{"@type":"ListItem","position":2,"name":"Produkty","item":"https:\/\/www.spokojnyzajac.sk\/index.php\/obchod\/"},{"@type":"ListItem","position":3,"name":"Tis oby\u010dajn\u00fd"}]},{"@type":"WebSite","@id":"https:\/\/www.spokojnyzajac.sk\/#website","url":"https:\/\/www.spokojnyzajac.sk\/","name":"Z\u00e1hradn\u00edctvo","description":"Spokojn\u00fd zajac","potentialAction":[{"@type":"SearchAction","target":{"@type":"EntryPoint","urlTemplate":"https:\/\/www.spokojnyzajac.sk\/?s={search_term_string}"},"query-input":{"@type":"PropertyValueSpecification","valueRequired":true,"valueName":"search_term_string"}}],"inLanguage":"sk-SK"}]}},"jetpack_sharing_enabled":true,"_links":{"self":[{"href":"https:\/\/www.spokojnyzajac.sk\/index.php\/wp-json\/wp\/v2\/product\/2330","targetHints":{"allow":["GET"]}}],"collection":[{"href":"https:\/\/www.spokojnyzajac.sk\/index.php\/wp-json\/wp\/v2\/product"}],"about":[{"href":"https:\/\/www.spokojnyzajac.sk\/index.php\/wp-json\/wp\/v2\/types\/product"}],"replies":[{"embeddable":true,"href":"https:\/\/www.spokojnyzajac.sk\/index.php\/wp-json\/wp\/v2\/comments?post=2330"}],"wp:featuredmedia":[{"embeddable":true,"href":"https:\/\/www.spokojnyzajac.sk\/index.php\/wp-json\/wp\/v2\/media\/2571"}],"wp:attachment":[{"href":"https:\/\/www.spokojnyzajac.sk\/index.php\/wp-json\/wp\/v2\/media?parent=2330"}],"wp:term":[{"taxonomy":"product_brand","embeddable":true,"href":"https:\/\/www.spokojnyzajac.sk\/index.php\/wp-json\/wp\/v2\/product_brand?post=2330"},{"taxonomy":"product_cat","embeddable":true,"href":"https:\/\/www.spokojnyzajac.sk\/index.php\/wp-json\/wp\/v2\/product_cat?post=2330"},{"taxonomy":"product_tag","embeddable":true,"href":"https:\/\/www.spokojnyzajac.sk\/index.php\/wp-json\/wp\/v2\/product_tag?post=2330"}],"curies":[{"name":"wp","href":"https:\/\/api.w.org\/{rel}","templated":true}]}}