{"id":2079,"date":"2025-01-09T10:13:16","date_gmt":"2025-01-09T10:13:16","guid":{"rendered":"https:\/\/www.spokojnyzajac.sk\/?post_type=product&#038;p=2079"},"modified":"2025-07-23T11:21:12","modified_gmt":"2025-07-23T11:21:12","slug":"ruza-lemon-siluetta","status":"publish","type":"product","link":"https:\/\/www.spokojnyzajac.sk\/index.php\/produkt\/ruza-lemon-siluetta\/","title":{"rendered":"Ru\u017ea Lemon Siluetta\u00ae"},"content":{"rendered":"<p>Novinka roku 2023 medzi pop\u00ednav\u00fdmi ru\u017eami. Dop\u013a\u0148a kolekciu Siluetta o svie\u017eu citr\u00f3nov\u00fa farbu kvetov. S\u00fakvetie nakvit\u00e1 postupne, kvety s\u00fa drobn\u00e9, puk pri otvoren\u00ed je ru\u017eov\u00fd a\u017e \u010derven\u00fd, kvitne opakovane od j\u00fana a\u017e do neskorej jesene. T\u00e1to pop\u00ednavka dorast\u00e1 do v\u00fd\u0161ky 180 cm, preto je vhodn\u00e1 do men\u0161\u00edch z\u00e1hrad na popnutie kon\u0161trukci\u00ed alebo na mal\u00e9 pergoly \u010di alt\u00e1nky.<\/p>\n<p><strong>Kolekcia: Siluetta\u00ae<\/strong><br \/>\n<strong>\u0160\u013eachtite\u013e: \u00a0Kordes\u00ae<\/strong><\/p>\n<p><em><strong>Pop\u00ednav\u00e1 ru\u017ea<\/strong><\/em><\/p>\n<p>V\u00fd\u0161ka: 180 cm<\/p>\n<p>\u0160\u00edrka: 70 cm<\/p>\n<p>Stanovisko: priame slnko<\/p>\n<p>Farba kvetu: citr\u00f3novo \u017elt\u00e1<\/p>\n<p>V\u00f4\u0148a kvetu: jemn\u00e1<\/p>\n<p>Typ kvetu: mal\u00fd, 3 &#8211; 4 cm<\/p>\n<p>Opakovane kvitn\u00faca<\/p>\n","protected":false},"excerpt":{"rendered":"<p>Pop\u00ednav\u00e1 kr\u00e1ska vhodn\u00e1 do men\u0161\u00edch z\u00e1hrad od \u0161\u013eachtite\u013ea Kordes.<\/p>\n","protected":false},"featured_media":2081,"comment_status":"open","ping_status":"closed","template":"","meta":{"_monsterinsights_skip_tracking":false,"_monsterinsights_sitenote_active":false,"_monsterinsights_sitenote_note":"","_monsterinsights_sitenote_category":0},"product_brand":[],"product_cat":[40,82,16],"product_tag":[80],"class_list":{"0":"post-2079","1":"product","2":"type-product","3":"status-publish","4":"has-post-thumbnail","6":"product_cat-okrasne-dreviny","7":"product_cat-ruze","8":"product_cat-zive-rastliny","9":"product_tag-vhodne-na-susenie","10":"pa_doba-kvetu-leto","11":"pa_farba-zlta","12":"pa_stanoviste-priame-slnko","13":"pa_vzhlad-popinave-tahave","15":"first","16":"outofstock","17":"taxable","18":"shipping-taxable","19":"purchasable","20":"product-type-simple"},"yoast_head":"<!-- This site is optimized with the Yoast SEO plugin v27.5 - https:\/\/yoast.com\/product\/yoast-seo-wordpress\/ -->\n<title>Ru\u017ea Lemon Siluetta\u00ae - Z\u00c1HRADN\u00cdCTVO<\/title>\n<meta name=\"robots\" content=\"index, follow, max-snippet:-1, max-image-preview:large, max-video-preview:-1\" \/>\n<link rel=\"canonical\" href=\"https:\/\/www.spokojnyzajac.sk\/index.php\/produkt\/ruza-lemon-siluetta\/\" \/>\n<meta property=\"og:locale\" content=\"sk_SK\" \/>\n<meta property=\"og:type\" content=\"article\" \/>\n<meta property=\"og:title\" content=\"Ru\u017ea Lemon Siluetta\u00ae - Z\u00c1HRADN\u00cdCTVO\" \/>\n<meta property=\"og:description\" content=\"Pop\u00ednav\u00e1 kr\u00e1ska vhodn\u00e1 do men\u0161\u00edch z\u00e1hrad od \u0161\u013eachtite\u013ea Kordes.\" \/>\n<meta property=\"og:url\" content=\"https:\/\/www.spokojnyzajac.sk\/index.php\/produkt\/ruza-lemon-siluetta\/\" \/>\n<meta property=\"og:site_name\" content=\"Z\u00c1HRADN\u00cdCTVO\" \/>\n<meta property=\"article:publisher\" content=\"https:\/\/www.facebook.com\/spokojnyzajac\/\" \/>\n<meta property=\"article:modified_time\" content=\"2025-07-23T11:21:12+00:00\" \/>\n<meta property=\"og:image\" content=\"https:\/\/www.spokojnyzajac.sk\/wp-content\/uploads\/2025\/01\/Lemon-siluetta.webp\" \/>\n\t<meta property=\"og:image:width\" content=\"500\" \/>\n\t<meta property=\"og:image:height\" content=\"500\" \/>\n\t<meta property=\"og:image:type\" content=\"image\/webp\" \/>\n<meta name=\"twitter:card\" content=\"summary_large_image\" \/>\n<meta name=\"twitter:label1\" content=\"Predpokladan\u00fd \u010das \u010d\u00edtania\" \/>\n\t<meta name=\"twitter:data1\" content=\"1 min\u00fata\" \/>\n<script type=\"application\/ld+json\" class=\"yoast-schema-graph\">{\"@context\":\"https:\\\/\\\/schema.org\",\"@graph\":[{\"@type\":\"WebPage\",\"@id\":\"https:\\\/\\\/www.spokojnyzajac.sk\\\/index.php\\\/produkt\\\/ruza-lemon-siluetta\\\/\",\"url\":\"https:\\\/\\\/www.spokojnyzajac.sk\\\/index.php\\\/produkt\\\/ruza-lemon-siluetta\\\/\",\"name\":\"Ru\u017ea Lemon Siluetta\u00ae - Z\u00c1HRADN\u00cdCTVO\",\"isPartOf\":{\"@id\":\"https:\\\/\\\/www.spokojnyzajac.sk\\\/#website\"},\"primaryImageOfPage\":{\"@id\":\"https:\\\/\\\/www.spokojnyzajac.sk\\\/index.php\\\/produkt\\\/ruza-lemon-siluetta\\\/#primaryimage\"},\"image\":{\"@id\":\"https:\\\/\\\/www.spokojnyzajac.sk\\\/index.php\\\/produkt\\\/ruza-lemon-siluetta\\\/#primaryimage\"},\"thumbnailUrl\":\"https:\\\/\\\/i0.wp.com\\\/www.spokojnyzajac.sk\\\/wp-content\\\/uploads\\\/2025\\\/01\\\/Lemon-siluetta.webp?fit=500%2C500&ssl=1\",\"datePublished\":\"2025-01-09T10:13:16+00:00\",\"dateModified\":\"2025-07-23T11:21:12+00:00\",\"breadcrumb\":{\"@id\":\"https:\\\/\\\/www.spokojnyzajac.sk\\\/index.php\\\/produkt\\\/ruza-lemon-siluetta\\\/#breadcrumb\"},\"inLanguage\":\"sk-SK\",\"potentialAction\":[{\"@type\":\"ReadAction\",\"target\":[\"https:\\\/\\\/www.spokojnyzajac.sk\\\/index.php\\\/produkt\\\/ruza-lemon-siluetta\\\/\"]}]},{\"@type\":\"ImageObject\",\"inLanguage\":\"sk-SK\",\"@id\":\"https:\\\/\\\/www.spokojnyzajac.sk\\\/index.php\\\/produkt\\\/ruza-lemon-siluetta\\\/#primaryimage\",\"url\":\"https:\\\/\\\/i0.wp.com\\\/www.spokojnyzajac.sk\\\/wp-content\\\/uploads\\\/2025\\\/01\\\/Lemon-siluetta.webp?fit=500%2C500&ssl=1\",\"contentUrl\":\"https:\\\/\\\/i0.wp.com\\\/www.spokojnyzajac.sk\\\/wp-content\\\/uploads\\\/2025\\\/01\\\/Lemon-siluetta.webp?fit=500%2C500&ssl=1\",\"width\":500,\"height\":500},{\"@type\":\"BreadcrumbList\",\"@id\":\"https:\\\/\\\/www.spokojnyzajac.sk\\\/index.php\\\/produkt\\\/ruza-lemon-siluetta\\\/#breadcrumb\",\"itemListElement\":[{\"@type\":\"ListItem\",\"position\":1,\"name\":\"Domovsk\u00e1 str\u00e1nka\",\"item\":\"https:\\\/\\\/www.spokojnyzajac.sk\\\/\"},{\"@type\":\"ListItem\",\"position\":2,\"name\":\"Produkty\",\"item\":\"https:\\\/\\\/www.spokojnyzajac.sk\\\/index.php\\\/obchod\\\/\"},{\"@type\":\"ListItem\",\"position\":3,\"name\":\"Ru\u017ea Lemon Siluetta\u00ae\"}]},{\"@type\":\"WebSite\",\"@id\":\"https:\\\/\\\/www.spokojnyzajac.sk\\\/#website\",\"url\":\"https:\\\/\\\/www.spokojnyzajac.sk\\\/\",\"name\":\"Z\u00e1hradn\u00edctvo\",\"description\":\"Spokojn\u00fd zajac\",\"potentialAction\":[{\"@type\":\"SearchAction\",\"target\":{\"@type\":\"EntryPoint\",\"urlTemplate\":\"https:\\\/\\\/www.spokojnyzajac.sk\\\/?s={search_term_string}\"},\"query-input\":{\"@type\":\"PropertyValueSpecification\",\"valueRequired\":true,\"valueName\":\"search_term_string\"}}],\"inLanguage\":\"sk-SK\"}]}<\/script>\n<!-- \/ Yoast SEO plugin. -->","yoast_head_json":{"title":"Ru\u017ea Lemon Siluetta\u00ae - Z\u00c1HRADN\u00cdCTVO","robots":{"index":"index","follow":"follow","max-snippet":"max-snippet:-1","max-image-preview":"max-image-preview:large","max-video-preview":"max-video-preview:-1"},"canonical":"https:\/\/www.spokojnyzajac.sk\/index.php\/produkt\/ruza-lemon-siluetta\/","og_locale":"sk_SK","og_type":"article","og_title":"Ru\u017ea Lemon Siluetta\u00ae - Z\u00c1HRADN\u00cdCTVO","og_description":"Pop\u00ednav\u00e1 kr\u00e1ska vhodn\u00e1 do men\u0161\u00edch z\u00e1hrad od \u0161\u013eachtite\u013ea Kordes.","og_url":"https:\/\/www.spokojnyzajac.sk\/index.php\/produkt\/ruza-lemon-siluetta\/","og_site_name":"Z\u00c1HRADN\u00cdCTVO","article_publisher":"https:\/\/www.facebook.com\/spokojnyzajac\/","article_modified_time":"2025-07-23T11:21:12+00:00","og_image":[{"width":500,"height":500,"url":"https:\/\/www.spokojnyzajac.sk\/wp-content\/uploads\/2025\/01\/Lemon-siluetta.webp","type":"image\/webp"}],"twitter_card":"summary_large_image","twitter_misc":{"Predpokladan\u00fd \u010das \u010d\u00edtania":"1 min\u00fata"},"schema":{"@context":"https:\/\/schema.org","@graph":[{"@type":"WebPage","@id":"https:\/\/www.spokojnyzajac.sk\/index.php\/produkt\/ruza-lemon-siluetta\/","url":"https:\/\/www.spokojnyzajac.sk\/index.php\/produkt\/ruza-lemon-siluetta\/","name":"Ru\u017ea Lemon Siluetta\u00ae - Z\u00c1HRADN\u00cdCTVO","isPartOf":{"@id":"https:\/\/www.spokojnyzajac.sk\/#website"},"primaryImageOfPage":{"@id":"https:\/\/www.spokojnyzajac.sk\/index.php\/produkt\/ruza-lemon-siluetta\/#primaryimage"},"image":{"@id":"https:\/\/www.spokojnyzajac.sk\/index.php\/produkt\/ruza-lemon-siluetta\/#primaryimage"},"thumbnailUrl":"https:\/\/i0.wp.com\/www.spokojnyzajac.sk\/wp-content\/uploads\/2025\/01\/Lemon-siluetta.webp?fit=500%2C500&ssl=1","datePublished":"2025-01-09T10:13:16+00:00","dateModified":"2025-07-23T11:21:12+00:00","breadcrumb":{"@id":"https:\/\/www.spokojnyzajac.sk\/index.php\/produkt\/ruza-lemon-siluetta\/#breadcrumb"},"inLanguage":"sk-SK","potentialAction":[{"@type":"ReadAction","target":["https:\/\/www.spokojnyzajac.sk\/index.php\/produkt\/ruza-lemon-siluetta\/"]}]},{"@type":"ImageObject","inLanguage":"sk-SK","@id":"https:\/\/www.spokojnyzajac.sk\/index.php\/produkt\/ruza-lemon-siluetta\/#primaryimage","url":"https:\/\/i0.wp.com\/www.spokojnyzajac.sk\/wp-content\/uploads\/2025\/01\/Lemon-siluetta.webp?fit=500%2C500&ssl=1","contentUrl":"https:\/\/i0.wp.com\/www.spokojnyzajac.sk\/wp-content\/uploads\/2025\/01\/Lemon-siluetta.webp?fit=500%2C500&ssl=1","width":500,"height":500},{"@type":"BreadcrumbList","@id":"https:\/\/www.spokojnyzajac.sk\/index.php\/produkt\/ruza-lemon-siluetta\/#breadcrumb","itemListElement":[{"@type":"ListItem","position":1,"name":"Domovsk\u00e1 str\u00e1nka","item":"https:\/\/www.spokojnyzajac.sk\/"},{"@type":"ListItem","position":2,"name":"Produkty","item":"https:\/\/www.spokojnyzajac.sk\/index.php\/obchod\/"},{"@type":"ListItem","position":3,"name":"Ru\u017ea Lemon Siluetta\u00ae"}]},{"@type":"WebSite","@id":"https:\/\/www.spokojnyzajac.sk\/#website","url":"https:\/\/www.spokojnyzajac.sk\/","name":"Z\u00e1hradn\u00edctvo","description":"Spokojn\u00fd zajac","potentialAction":[{"@type":"SearchAction","target":{"@type":"EntryPoint","urlTemplate":"https:\/\/www.spokojnyzajac.sk\/?s={search_term_string}"},"query-input":{"@type":"PropertyValueSpecification","valueRequired":true,"valueName":"search_term_string"}}],"inLanguage":"sk-SK"}]}},"jetpack_sharing_enabled":true,"_links":{"self":[{"href":"https:\/\/www.spokojnyzajac.sk\/index.php\/wp-json\/wp\/v2\/product\/2079","targetHints":{"allow":["GET"]}}],"collection":[{"href":"https:\/\/www.spokojnyzajac.sk\/index.php\/wp-json\/wp\/v2\/product"}],"about":[{"href":"https:\/\/www.spokojnyzajac.sk\/index.php\/wp-json\/wp\/v2\/types\/product"}],"replies":[{"embeddable":true,"href":"https:\/\/www.spokojnyzajac.sk\/index.php\/wp-json\/wp\/v2\/comments?post=2079"}],"wp:featuredmedia":[{"embeddable":true,"href":"https:\/\/www.spokojnyzajac.sk\/index.php\/wp-json\/wp\/v2\/media\/2081"}],"wp:attachment":[{"href":"https:\/\/www.spokojnyzajac.sk\/index.php\/wp-json\/wp\/v2\/media?parent=2079"}],"wp:term":[{"taxonomy":"product_brand","embeddable":true,"href":"https:\/\/www.spokojnyzajac.sk\/index.php\/wp-json\/wp\/v2\/product_brand?post=2079"},{"taxonomy":"product_cat","embeddable":true,"href":"https:\/\/www.spokojnyzajac.sk\/index.php\/wp-json\/wp\/v2\/product_cat?post=2079"},{"taxonomy":"product_tag","embeddable":true,"href":"https:\/\/www.spokojnyzajac.sk\/index.php\/wp-json\/wp\/v2\/product_tag?post=2079"}],"curies":[{"name":"wp","href":"https:\/\/api.w.org\/{rel}","templated":true}]}}