{"id":1756,"date":"2024-05-30T13:25:28","date_gmt":"2024-05-30T13:25:28","guid":{"rendered":"https:\/\/www.spokojnyzajac.sk\/?post_type=product&#038;p=1756"},"modified":"2025-09-24T10:22:12","modified_gmt":"2025-09-24T10:22:12","slug":"hosta-christmas-tree","status":"publish","type":"product","link":"https:\/\/www.spokojnyzajac.sk\/index.php\/produkt\/hosta-christmas-tree\/","title":{"rendered":"Hosta Christmas tree"},"content":{"rendered":"<h3 data-start=\"107\" data-end=\"128\">Charakteristika<\/h3>\n<ul data-start=\"129\" data-end=\"654\">\n<li data-start=\"129\" data-end=\"209\">\n<p data-start=\"131\" data-end=\"209\"><strong data-start=\"131\" data-end=\"142\">Ve\u013ekos\u0165<\/strong>: dorast\u00e1 do v\u00fd\u0161ky cca 50\u201360 cm, priemer trsu m\u00f4\u017ee by\u0165 90\u2013120 cm.<\/p>\n<\/li>\n<li data-start=\"210\" data-end=\"389\">\n<p data-start=\"212\" data-end=\"389\"><strong data-start=\"212\" data-end=\"221\">Listy<\/strong>: ve\u013ek\u00e9, \u0161iroko ov\u00e1lne, tmavozelen\u00e9 so \u0161irok\u00fdm kr\u00e9movo\u017elt\u00fdm a\u017e bielym okrajom. Okraje s\u00fa nepravidelne zvlnen\u00e9, \u010do p\u00f4sob\u00ed \u201esl\u00e1vnostne\u201c \u2013 odtia\u013e n\u00e1zov <em data-start=\"370\" data-end=\"386\">Christmas Tree<\/em>.<\/p>\n<\/li>\n<li data-start=\"390\" data-end=\"522\">\n<p data-start=\"392\" data-end=\"522\"><strong data-start=\"392\" data-end=\"400\">Kvet<\/strong>: kvitne od j\u00fana do j\u00fala. Kvety s\u00fa levandu\u013eovo fialov\u00e9 a\u017e svetlofialov\u00e9, usporiadan\u00e9 na vy\u0161\u0161\u00edch stvoloch (cca 70\u201380 cm).<\/p>\n<\/li>\n<li data-start=\"523\" data-end=\"654\">\n<p data-start=\"525\" data-end=\"654\"><strong data-start=\"525\" data-end=\"533\">Rast<\/strong>: vytv\u00e1ra kompaktn\u00fd, hust\u00fd trs, ktor\u00fd p\u00f4sob\u00ed ve\u013emi elegantne a vynikne ako solit\u00e9r, ale aj v skupin\u00e1ch s in\u00fdmi hostami.<\/p>\n<\/li>\n<\/ul>\n<h3 data-start=\"656\" data-end=\"685\">Stanovi\u0161te a pestovanie<\/h3>\n<ul data-start=\"686\" data-end=\"1107\">\n<li data-start=\"686\" data-end=\"844\">\n<p data-start=\"688\" data-end=\"844\"><strong data-start=\"688\" data-end=\"698\">Svetlo<\/strong>: polotie\u0148 a\u017e tie\u0148. V\u010faka pana\u0161ovaniu zn\u00e1\u0161a o nie\u010do viac svetla ne\u017e modrolist\u00e9 hosty, ale pri priamom letnom slnku sa m\u00f4\u017eu sp\u00e1li\u0165 okraje listov.<\/p>\n<\/li>\n<li data-start=\"845\" data-end=\"893\">\n<p data-start=\"847\" data-end=\"893\"><strong data-start=\"847\" data-end=\"855\">P\u00f4da<\/strong>: hum\u00f3zna, mierne vlhk\u00e1, priepustn\u00e1.<\/p>\n<\/li>\n<li data-start=\"894\" data-end=\"952\">\n<p data-start=\"896\" data-end=\"952\"><strong data-start=\"896\" data-end=\"908\">Z\u00e1lievka<\/strong>: pravideln\u00e1, najm\u00e4 po\u010das such\u0161\u00edch obdob\u00ed.<\/p>\n<\/li>\n<li data-start=\"953\" data-end=\"1107\">\n<p data-start=\"955\" data-end=\"1107\"><strong data-start=\"955\" data-end=\"972\">Starostlivos\u0165<\/strong>: nen\u00e1ro\u010dn\u00e1. V zime nadzemn\u00e1 \u010das\u0165 odumiera, podzemky bezpe\u010dne prezimuj\u00fa. Mul\u010dovanie pom\u00e1ha udr\u017ea\u0165 vlhkos\u0165 a stabiln\u00fa teplotu kore\u0148ov.<\/p>\n<\/li>\n<\/ul>\n<h3 data-start=\"1109\" data-end=\"1163\">Vhodnos\u0165 do podhorskej oblasti (cca 600 m n. m.)<\/h3>\n<ul data-start=\"1164\" data-end=\"1465\">\n<li data-start=\"1164\" data-end=\"1242\">\n<p data-start=\"1166\" data-end=\"1242\">Plne mrazuvzdorn\u00e1 (do \u201334 \u00b0C), preto je vhodn\u00e1 aj do chladnej\u0161\u00edch oblast\u00ed.<\/p>\n<\/li>\n<li data-start=\"1243\" data-end=\"1350\">\n<p data-start=\"1245\" data-end=\"1350\">V podhor\u00ed m\u00e1 priazniv\u00e9 podmienky \u2013 miernej\u0161ie let\u00e1 a dostatok vlhkosti udr\u017eia listy pekn\u00e9 a\u017e do jesene.<\/p>\n<\/li>\n<li data-start=\"1351\" data-end=\"1465\">\n<p data-start=\"1353\" data-end=\"1465\">Kr\u00e1sne vynikne v tie\u0148ov\u00fdch alebo polotienist\u00fdch z\u00e1honoch, pri chodn\u00edkoch alebo ako okraj v\u00fdsadby pod stromami.<\/p>\n<\/li>\n<\/ul>\n","protected":false},"excerpt":{"rendered":"<p>Rastlina v kvetin\u00e1\u010di \u00d8 12cm<br \/>\nObr\u00e1zky rastliny s\u00fa ilustra\u010dn\u00e9.<\/p>\n<p>Hosta <strong data-start=\"6\" data-end=\"26\">\u2018Christmas Tree\u2019<\/strong> je ve\u013ekolist\u00e1, n\u00e1padn\u00e1 odroda hosty s ve\u013emi dekorat\u00edvnym pana\u0161ovan\u00fdm listom.<\/p>\n","protected":false},"featured_media":1797,"comment_status":"open","ping_status":"closed","template":"","meta":{"_monsterinsights_skip_tracking":false,"_monsterinsights_sitenote_active":false,"_monsterinsights_sitenote_note":"","_monsterinsights_sitenote_category":0},"product_brand":[],"product_cat":[87,39,16],"product_tag":[],"class_list":{"0":"post-1756","1":"product","2":"type-product","3":"status-publish","4":"has-post-thumbnail","6":"product_cat-hosty-funkie","7":"product_cat-trvalky","8":"product_cat-zive-rastliny","10":"first","11":"instock","12":"sale","13":"taxable","14":"shipping-taxable","15":"purchasable","16":"product-type-simple"},"yoast_head":"<!-- This site is optimized with the Yoast SEO plugin v27.5 - https:\/\/yoast.com\/product\/yoast-seo-wordpress\/ -->\n<title>Hosta Christmas tree - Z\u00c1HRADN\u00cdCTVO<\/title>\n<meta name=\"description\" content=\"Hosta Fool&#039;s Gold atrakt\u00edvna najm\u00e4 na jar. Listy maj\u00fa pr\u00edjemn\u00fa zelen\u00fa farbu s m\u00e4kkou, svetlo\u017eltou zelenou obrubou, kto\u00fa nesk\u00f4r v sez\u00f3ne str\u00e1caj\u00fa.\" \/>\n<meta name=\"robots\" content=\"index, follow, max-snippet:-1, max-image-preview:large, max-video-preview:-1\" \/>\n<link rel=\"canonical\" href=\"https:\/\/www.spokojnyzajac.sk\/index.php\/produkt\/hosta-christmas-tree\/\" \/>\n<meta property=\"og:locale\" content=\"sk_SK\" \/>\n<meta property=\"og:type\" content=\"article\" \/>\n<meta property=\"og:title\" content=\"Hosta Christmas tree - Z\u00c1HRADN\u00cdCTVO\" \/>\n<meta property=\"og:description\" content=\"Hosta Fool&#039;s Gold atrakt\u00edvna najm\u00e4 na jar. Listy maj\u00fa pr\u00edjemn\u00fa zelen\u00fa farbu s m\u00e4kkou, svetlo\u017eltou zelenou obrubou, kto\u00fa nesk\u00f4r v sez\u00f3ne str\u00e1caj\u00fa.\" \/>\n<meta property=\"og:url\" content=\"https:\/\/www.spokojnyzajac.sk\/index.php\/produkt\/hosta-christmas-tree\/\" \/>\n<meta property=\"og:site_name\" content=\"Z\u00c1HRADN\u00cdCTVO\" \/>\n<meta property=\"article:publisher\" content=\"https:\/\/www.facebook.com\/spokojnyzajac\/\" \/>\n<meta property=\"article:modified_time\" content=\"2025-09-24T10:22:12+00:00\" \/>\n<meta property=\"og:image\" content=\"https:\/\/www.spokojnyzajac.sk\/wp-content\/uploads\/2024\/05\/HostaChristmasTree-1.webp\" \/>\n\t<meta property=\"og:image:width\" content=\"500\" \/>\n\t<meta property=\"og:image:height\" content=\"500\" \/>\n\t<meta property=\"og:image:type\" content=\"image\/webp\" \/>\n<meta name=\"twitter:card\" content=\"summary_large_image\" \/>\n<meta name=\"twitter:label1\" content=\"Predpokladan\u00fd \u010das \u010d\u00edtania\" \/>\n\t<meta name=\"twitter:data1\" content=\"2 min\u00faty\" \/>\n<script type=\"application\/ld+json\" class=\"yoast-schema-graph\">{\"@context\":\"https:\\\/\\\/schema.org\",\"@graph\":[{\"@type\":\"WebPage\",\"@id\":\"https:\\\/\\\/www.spokojnyzajac.sk\\\/index.php\\\/produkt\\\/hosta-christmas-tree\\\/\",\"url\":\"https:\\\/\\\/www.spokojnyzajac.sk\\\/index.php\\\/produkt\\\/hosta-christmas-tree\\\/\",\"name\":\"Hosta Christmas tree - Z\u00c1HRADN\u00cdCTVO\",\"isPartOf\":{\"@id\":\"https:\\\/\\\/www.spokojnyzajac.sk\\\/#website\"},\"primaryImageOfPage\":{\"@id\":\"https:\\\/\\\/www.spokojnyzajac.sk\\\/index.php\\\/produkt\\\/hosta-christmas-tree\\\/#primaryimage\"},\"image\":{\"@id\":\"https:\\\/\\\/www.spokojnyzajac.sk\\\/index.php\\\/produkt\\\/hosta-christmas-tree\\\/#primaryimage\"},\"thumbnailUrl\":\"https:\\\/\\\/i0.wp.com\\\/www.spokojnyzajac.sk\\\/wp-content\\\/uploads\\\/2024\\\/05\\\/HostaChristmasTree-1.webp?fit=500%2C500&ssl=1\",\"datePublished\":\"2024-05-30T13:25:28+00:00\",\"dateModified\":\"2025-09-24T10:22:12+00:00\",\"description\":\"Hosta Fool's Gold atrakt\u00edvna najm\u00e4 na jar. Listy maj\u00fa pr\u00edjemn\u00fa zelen\u00fa farbu s m\u00e4kkou, svetlo\u017eltou zelenou obrubou, kto\u00fa nesk\u00f4r v sez\u00f3ne str\u00e1caj\u00fa.\",\"breadcrumb\":{\"@id\":\"https:\\\/\\\/www.spokojnyzajac.sk\\\/index.php\\\/produkt\\\/hosta-christmas-tree\\\/#breadcrumb\"},\"inLanguage\":\"sk-SK\",\"potentialAction\":[{\"@type\":\"ReadAction\",\"target\":[\"https:\\\/\\\/www.spokojnyzajac.sk\\\/index.php\\\/produkt\\\/hosta-christmas-tree\\\/\"]}]},{\"@type\":\"ImageObject\",\"inLanguage\":\"sk-SK\",\"@id\":\"https:\\\/\\\/www.spokojnyzajac.sk\\\/index.php\\\/produkt\\\/hosta-christmas-tree\\\/#primaryimage\",\"url\":\"https:\\\/\\\/i0.wp.com\\\/www.spokojnyzajac.sk\\\/wp-content\\\/uploads\\\/2024\\\/05\\\/HostaChristmasTree-1.webp?fit=500%2C500&ssl=1\",\"contentUrl\":\"https:\\\/\\\/i0.wp.com\\\/www.spokojnyzajac.sk\\\/wp-content\\\/uploads\\\/2024\\\/05\\\/HostaChristmasTree-1.webp?fit=500%2C500&ssl=1\",\"width\":500,\"height\":500},{\"@type\":\"BreadcrumbList\",\"@id\":\"https:\\\/\\\/www.spokojnyzajac.sk\\\/index.php\\\/produkt\\\/hosta-christmas-tree\\\/#breadcrumb\",\"itemListElement\":[{\"@type\":\"ListItem\",\"position\":1,\"name\":\"Domovsk\u00e1 str\u00e1nka\",\"item\":\"https:\\\/\\\/www.spokojnyzajac.sk\\\/\"},{\"@type\":\"ListItem\",\"position\":2,\"name\":\"Produkty\",\"item\":\"https:\\\/\\\/www.spokojnyzajac.sk\\\/index.php\\\/obchod\\\/\"},{\"@type\":\"ListItem\",\"position\":3,\"name\":\"Hosta Christmas tree\"}]},{\"@type\":\"WebSite\",\"@id\":\"https:\\\/\\\/www.spokojnyzajac.sk\\\/#website\",\"url\":\"https:\\\/\\\/www.spokojnyzajac.sk\\\/\",\"name\":\"Z\u00e1hradn\u00edctvo\",\"description\":\"Spokojn\u00fd zajac\",\"potentialAction\":[{\"@type\":\"SearchAction\",\"target\":{\"@type\":\"EntryPoint\",\"urlTemplate\":\"https:\\\/\\\/www.spokojnyzajac.sk\\\/?s={search_term_string}\"},\"query-input\":{\"@type\":\"PropertyValueSpecification\",\"valueRequired\":true,\"valueName\":\"search_term_string\"}}],\"inLanguage\":\"sk-SK\"}]}<\/script>\n<!-- \/ Yoast SEO plugin. -->","yoast_head_json":{"title":"Hosta Christmas tree - Z\u00c1HRADN\u00cdCTVO","description":"Hosta Fool's Gold atrakt\u00edvna najm\u00e4 na jar. Listy maj\u00fa pr\u00edjemn\u00fa zelen\u00fa farbu s m\u00e4kkou, svetlo\u017eltou zelenou obrubou, kto\u00fa nesk\u00f4r v sez\u00f3ne str\u00e1caj\u00fa.","robots":{"index":"index","follow":"follow","max-snippet":"max-snippet:-1","max-image-preview":"max-image-preview:large","max-video-preview":"max-video-preview:-1"},"canonical":"https:\/\/www.spokojnyzajac.sk\/index.php\/produkt\/hosta-christmas-tree\/","og_locale":"sk_SK","og_type":"article","og_title":"Hosta Christmas tree - Z\u00c1HRADN\u00cdCTVO","og_description":"Hosta Fool's Gold atrakt\u00edvna najm\u00e4 na jar. Listy maj\u00fa pr\u00edjemn\u00fa zelen\u00fa farbu s m\u00e4kkou, svetlo\u017eltou zelenou obrubou, kto\u00fa nesk\u00f4r v sez\u00f3ne str\u00e1caj\u00fa.","og_url":"https:\/\/www.spokojnyzajac.sk\/index.php\/produkt\/hosta-christmas-tree\/","og_site_name":"Z\u00c1HRADN\u00cdCTVO","article_publisher":"https:\/\/www.facebook.com\/spokojnyzajac\/","article_modified_time":"2025-09-24T10:22:12+00:00","og_image":[{"width":500,"height":500,"url":"https:\/\/www.spokojnyzajac.sk\/wp-content\/uploads\/2024\/05\/HostaChristmasTree-1.webp","type":"image\/webp"}],"twitter_card":"summary_large_image","twitter_misc":{"Predpokladan\u00fd \u010das \u010d\u00edtania":"2 min\u00faty"},"schema":{"@context":"https:\/\/schema.org","@graph":[{"@type":"WebPage","@id":"https:\/\/www.spokojnyzajac.sk\/index.php\/produkt\/hosta-christmas-tree\/","url":"https:\/\/www.spokojnyzajac.sk\/index.php\/produkt\/hosta-christmas-tree\/","name":"Hosta Christmas tree - Z\u00c1HRADN\u00cdCTVO","isPartOf":{"@id":"https:\/\/www.spokojnyzajac.sk\/#website"},"primaryImageOfPage":{"@id":"https:\/\/www.spokojnyzajac.sk\/index.php\/produkt\/hosta-christmas-tree\/#primaryimage"},"image":{"@id":"https:\/\/www.spokojnyzajac.sk\/index.php\/produkt\/hosta-christmas-tree\/#primaryimage"},"thumbnailUrl":"https:\/\/i0.wp.com\/www.spokojnyzajac.sk\/wp-content\/uploads\/2024\/05\/HostaChristmasTree-1.webp?fit=500%2C500&ssl=1","datePublished":"2024-05-30T13:25:28+00:00","dateModified":"2025-09-24T10:22:12+00:00","description":"Hosta Fool's Gold atrakt\u00edvna najm\u00e4 na jar. Listy maj\u00fa pr\u00edjemn\u00fa zelen\u00fa farbu s m\u00e4kkou, svetlo\u017eltou zelenou obrubou, kto\u00fa nesk\u00f4r v sez\u00f3ne str\u00e1caj\u00fa.","breadcrumb":{"@id":"https:\/\/www.spokojnyzajac.sk\/index.php\/produkt\/hosta-christmas-tree\/#breadcrumb"},"inLanguage":"sk-SK","potentialAction":[{"@type":"ReadAction","target":["https:\/\/www.spokojnyzajac.sk\/index.php\/produkt\/hosta-christmas-tree\/"]}]},{"@type":"ImageObject","inLanguage":"sk-SK","@id":"https:\/\/www.spokojnyzajac.sk\/index.php\/produkt\/hosta-christmas-tree\/#primaryimage","url":"https:\/\/i0.wp.com\/www.spokojnyzajac.sk\/wp-content\/uploads\/2024\/05\/HostaChristmasTree-1.webp?fit=500%2C500&ssl=1","contentUrl":"https:\/\/i0.wp.com\/www.spokojnyzajac.sk\/wp-content\/uploads\/2024\/05\/HostaChristmasTree-1.webp?fit=500%2C500&ssl=1","width":500,"height":500},{"@type":"BreadcrumbList","@id":"https:\/\/www.spokojnyzajac.sk\/index.php\/produkt\/hosta-christmas-tree\/#breadcrumb","itemListElement":[{"@type":"ListItem","position":1,"name":"Domovsk\u00e1 str\u00e1nka","item":"https:\/\/www.spokojnyzajac.sk\/"},{"@type":"ListItem","position":2,"name":"Produkty","item":"https:\/\/www.spokojnyzajac.sk\/index.php\/obchod\/"},{"@type":"ListItem","position":3,"name":"Hosta Christmas tree"}]},{"@type":"WebSite","@id":"https:\/\/www.spokojnyzajac.sk\/#website","url":"https:\/\/www.spokojnyzajac.sk\/","name":"Z\u00e1hradn\u00edctvo","description":"Spokojn\u00fd zajac","potentialAction":[{"@type":"SearchAction","target":{"@type":"EntryPoint","urlTemplate":"https:\/\/www.spokojnyzajac.sk\/?s={search_term_string}"},"query-input":{"@type":"PropertyValueSpecification","valueRequired":true,"valueName":"search_term_string"}}],"inLanguage":"sk-SK"}]}},"jetpack_sharing_enabled":true,"_links":{"self":[{"href":"https:\/\/www.spokojnyzajac.sk\/index.php\/wp-json\/wp\/v2\/product\/1756","targetHints":{"allow":["GET"]}}],"collection":[{"href":"https:\/\/www.spokojnyzajac.sk\/index.php\/wp-json\/wp\/v2\/product"}],"about":[{"href":"https:\/\/www.spokojnyzajac.sk\/index.php\/wp-json\/wp\/v2\/types\/product"}],"replies":[{"embeddable":true,"href":"https:\/\/www.spokojnyzajac.sk\/index.php\/wp-json\/wp\/v2\/comments?post=1756"}],"wp:featuredmedia":[{"embeddable":true,"href":"https:\/\/www.spokojnyzajac.sk\/index.php\/wp-json\/wp\/v2\/media\/1797"}],"wp:attachment":[{"href":"https:\/\/www.spokojnyzajac.sk\/index.php\/wp-json\/wp\/v2\/media?parent=1756"}],"wp:term":[{"taxonomy":"product_brand","embeddable":true,"href":"https:\/\/www.spokojnyzajac.sk\/index.php\/wp-json\/wp\/v2\/product_brand?post=1756"},{"taxonomy":"product_cat","embeddable":true,"href":"https:\/\/www.spokojnyzajac.sk\/index.php\/wp-json\/wp\/v2\/product_cat?post=1756"},{"taxonomy":"product_tag","embeddable":true,"href":"https:\/\/www.spokojnyzajac.sk\/index.php\/wp-json\/wp\/v2\/product_tag?post=1756"}],"curies":[{"name":"wp","href":"https:\/\/api.w.org\/{rel}","templated":true}]}}