{"id":1387,"date":"2024-03-07T12:19:21","date_gmt":"2024-03-07T12:19:21","guid":{"rendered":"https:\/\/www.spokojnyzajac.sk\/?post_type=product&#038;p=1387"},"modified":"2026-01-21T10:07:31","modified_gmt":"2026-01-21T10:07:31","slug":"vrba-mount-aso-red-cat-150-cm","status":"publish","type":"product","link":"https:\/\/www.spokojnyzajac.sk\/index.php\/produkt\/vrba-mount-aso-red-cat-150-cm\/","title":{"rendered":"V\u0155ba japonsk\u00e1 &#8218;Mount Aso&#8216; (Salix gracilistyla)"},"content":{"rendered":"<p>Unik\u00e1tne ru\u017eov\u00e9 ma\u010di\u010dky do va\u0161ej z\u00e1hrady.<\/p>\n<p data-path-to-node=\"5\">V\u0155ba japonsk\u00e1 &#8218;Mount Aso&#8216; je fascinuj\u00faci okrasn\u00fd ker, ktor\u00fd do va\u0161ej z\u00e1hrady prinesie farbu v \u010dase, ke\u010f v\u00e4\u010d\u0161ina rastl\u00edn e\u0161te sp\u00ed. Tento kultivar, objaven\u00fd na svahoch romennej japonskej sopky Mount Aso, je svetovo presl\u00e1ven\u00fd svojimi netradi\u010dn\u00fdmi kvetn\u00fdmi p\u00fa\u010dikmi. U\u017e koncom zimy a skoro na jar (febru\u00e1r \u2013 marec) sa na v\u0155be objavuj\u00fa hu\u0148at\u00e9 jah\u0148ady (ma\u010di\u010dky) v dychber\u00facej s\u00fdtoru\u017eovej a\u017e \u010dervenkastej farbe so strieborn\u00fdm odleskom.<\/p>\n<p data-path-to-node=\"6\"><b data-path-to-node=\"6\" data-index-in-node=\"0\">Benefity a pestovanie:<\/b><\/p>\n<ul data-path-to-node=\"7\">\n<li>\n<p data-path-to-node=\"7,0,0\"><b data-path-to-node=\"7,0,0\" data-index-in-node=\"0\">Skor\u00fd jarn\u00fd efekt:<\/b> Ru\u017eov\u00e9 ma\u010di\u010dky s\u00fa jednou z prv\u00fdch jarn\u00fdch dekor\u00e1ci\u00ed v z\u00e1hrade a s\u00fa mimoriadne ob\u013e\u00faben\u00e9 aj do aran\u017em\u00e1nov a v\u00e1z.<\/p>\n<\/li>\n<li>\n<p data-path-to-node=\"7,1,0\"><b data-path-to-node=\"7,1,0\" data-index-in-node=\"0\">L\u00e1kadlo pre v\u010dely:<\/b> Ako jedna z prv\u00fdch kvitn\u00facich rastl\u00edn poskytuje \u017eivotne d\u00f4le\u017eit\u00fd nekt\u00e1r pre prv\u00e9 v\u010dely a \u010dmeliaky v regi\u00f3ne Spi\u0161a a Horehronia.<\/p>\n<\/li>\n<li>\n<p data-path-to-node=\"7,2,0\"><b data-path-to-node=\"7,2,0\" data-index-in-node=\"0\">Atrakt\u00edvne l\u00edstie:<\/b> Po odkvitnut\u00ed ker zdobia elegantn\u00e9 modro-zelen\u00e9 listy so striebornou spodnou stranou, ktor\u00e9 p\u00f4sobia ve\u013emi osvie\u017euj\u00faco.<\/p>\n<\/li>\n<li>\n<p data-path-to-node=\"7,3,0\"><b data-path-to-node=\"7,3,0\" data-index-in-node=\"0\">Nen\u00e1ro\u010dnos\u0165:<\/b> Podobne ako in\u00e9 v\u0155by, aj &#8218;Mount Aso&#8216; miluje vlhkej\u0161ie stanovisk\u00e1 a je plne mrazuvzdorn\u00e1 (a\u017e do -30 \u00b0C).<\/p>\n<\/li>\n<\/ul>\n<p data-path-to-node=\"8\"><b data-path-to-node=\"8\" data-index-in-node=\"0\">Pestovate\u013esk\u00fd tip:<\/b> Pre udr\u017eanie kompaktn\u00e9ho tvaru a zabezpe\u010denie bohatej n\u00e1sady ru\u017eov\u00fdch ma\u010di\u010diek na \u010fal\u0161\u00ed rok odpor\u00fa\u010dame ker po odkvitnut\u00ed silno zreza\u0165.<\/p>\n","protected":false},"excerpt":{"rendered":"<p data-path-to-node=\"14\">V\u0155ba &#8218;Mount Aso&#8216; je jedine\u010dn\u00fd okrasn\u00fd ker cenen\u00fd pre svoje hu\u0148at\u00e9 jah\u0148ady v nev\u00eddan\u00fdch ru\u017eovo-\u010derven\u00fdch odtie\u0148och. T\u00e1to japonsk\u00e1 kr\u00e1ska prin\u00e1\u0161a prv\u00fd z\u00e1van jari u\u017e po\u010das topenia snehu a v\u010faka svojej odolnosti sa jej v\u00fdborne dar\u00ed v ka\u017edej slovenskej z\u00e1hrade.<\/p>\n<p data-path-to-node=\"15\">Doru\u010dujeme len v okresoch PP, KK, BR, SNV.<\/p>\n<p id=\"MainTitle_idp94\" class=\"MainTitle entry-title align-left\">\n","protected":false},"featured_media":1388,"comment_status":"open","ping_status":"closed","template":"","meta":{"_monsterinsights_skip_tracking":false,"_monsterinsights_sitenote_active":false,"_monsterinsights_sitenote_note":"","_monsterinsights_sitenote_category":0},"product_brand":[],"product_cat":[130,40,16],"product_tag":[],"class_list":{"0":"post-1387","1":"product","2":"type-product","3":"status-publish","4":"has-post-thumbnail","6":"product_cat-listnate","7":"product_cat-okrasne-dreviny","8":"product_cat-zive-rastliny","9":"pa_stanoviste-polotien","10":"pa_stanoviste-priame-slnko","11":"pa_vzhlad-krik","12":"pa_vzhlad-na-kmienku","14":"first","15":"instock","16":"taxable","17":"shipping-taxable","18":"purchasable","19":"product-type-variable"},"yoast_head":"<!-- This site is optimized with the Yoast SEO plugin v27.5 - https:\/\/yoast.com\/product\/yoast-seo-wordpress\/ -->\n<title>V\u0155ba japonsk\u00e1 &#039;Mount Aso&#039; (Salix gracilistyla) - Z\u00c1HRADN\u00cdCTVO<\/title>\n<meta name=\"description\" content=\"O\u017eivte svoju jarn\u00fa z\u00e1hradu! V\u0155ba Mount Aso v\u00e1s o\u010dar\u00ed unik\u00e1tnymi ru\u017eov\u00fdmi ma\u010di\u010dkami u\u017e vo febru\u00e1ri. Mrazuvzdorn\u00e1 a nen\u00e1ro\u010dn\u00e1 v\u0155ba ide\u00e1lna aj do kyt\u00edc.\" \/>\n<meta name=\"robots\" content=\"index, follow, max-snippet:-1, max-image-preview:large, max-video-preview:-1\" \/>\n<link rel=\"canonical\" href=\"https:\/\/www.spokojnyzajac.sk\/index.php\/produkt\/vrba-mount-aso-red-cat-150-cm\/\" \/>\n<meta property=\"og:locale\" content=\"sk_SK\" \/>\n<meta property=\"og:type\" content=\"article\" \/>\n<meta property=\"og:title\" content=\"V\u0155ba japonsk\u00e1 &#039;Mount Aso&#039; (Salix gracilistyla) - Z\u00c1HRADN\u00cdCTVO\" \/>\n<meta property=\"og:description\" content=\"O\u017eivte svoju jarn\u00fa z\u00e1hradu! V\u0155ba Mount Aso v\u00e1s o\u010dar\u00ed unik\u00e1tnymi ru\u017eov\u00fdmi ma\u010di\u010dkami u\u017e vo febru\u00e1ri. Mrazuvzdorn\u00e1 a nen\u00e1ro\u010dn\u00e1 v\u0155ba ide\u00e1lna aj do kyt\u00edc.\" \/>\n<meta property=\"og:url\" content=\"https:\/\/www.spokojnyzajac.sk\/index.php\/produkt\/vrba-mount-aso-red-cat-150-cm\/\" \/>\n<meta property=\"og:site_name\" content=\"Z\u00c1HRADN\u00cdCTVO\" \/>\n<meta property=\"article:publisher\" content=\"https:\/\/www.facebook.com\/spokojnyzajac\/\" \/>\n<meta property=\"article:modified_time\" content=\"2026-01-21T10:07:31+00:00\" \/>\n<meta property=\"og:image\" content=\"https:\/\/www.spokojnyzajac.sk\/wp-content\/uploads\/2024\/03\/mount_aso_salix.webp\" \/>\n\t<meta property=\"og:image:width\" content=\"500\" \/>\n\t<meta property=\"og:image:height\" content=\"500\" \/>\n\t<meta property=\"og:image:type\" content=\"image\/webp\" \/>\n<meta name=\"twitter:card\" content=\"summary_large_image\" \/>\n<meta name=\"twitter:label1\" content=\"Predpokladan\u00fd \u010das \u010d\u00edtania\" \/>\n\t<meta name=\"twitter:data1\" content=\"2 min\u00faty\" \/>\n<script type=\"application\/ld+json\" class=\"yoast-schema-graph\">{\"@context\":\"https:\\\/\\\/schema.org\",\"@graph\":[{\"@type\":\"WebPage\",\"@id\":\"https:\\\/\\\/www.spokojnyzajac.sk\\\/index.php\\\/produkt\\\/vrba-mount-aso-red-cat-150-cm\\\/\",\"url\":\"https:\\\/\\\/www.spokojnyzajac.sk\\\/index.php\\\/produkt\\\/vrba-mount-aso-red-cat-150-cm\\\/\",\"name\":\"V\u0155ba japonsk\u00e1 'Mount Aso' (Salix gracilistyla) - Z\u00c1HRADN\u00cdCTVO\",\"isPartOf\":{\"@id\":\"https:\\\/\\\/www.spokojnyzajac.sk\\\/#website\"},\"primaryImageOfPage\":{\"@id\":\"https:\\\/\\\/www.spokojnyzajac.sk\\\/index.php\\\/produkt\\\/vrba-mount-aso-red-cat-150-cm\\\/#primaryimage\"},\"image\":{\"@id\":\"https:\\\/\\\/www.spokojnyzajac.sk\\\/index.php\\\/produkt\\\/vrba-mount-aso-red-cat-150-cm\\\/#primaryimage\"},\"thumbnailUrl\":\"https:\\\/\\\/i0.wp.com\\\/www.spokojnyzajac.sk\\\/wp-content\\\/uploads\\\/2024\\\/03\\\/mount_aso_salix.webp?fit=500%2C500&ssl=1\",\"datePublished\":\"2024-03-07T12:19:21+00:00\",\"dateModified\":\"2026-01-21T10:07:31+00:00\",\"description\":\"O\u017eivte svoju jarn\u00fa z\u00e1hradu! V\u0155ba Mount Aso v\u00e1s o\u010dar\u00ed unik\u00e1tnymi ru\u017eov\u00fdmi ma\u010di\u010dkami u\u017e vo febru\u00e1ri. Mrazuvzdorn\u00e1 a nen\u00e1ro\u010dn\u00e1 v\u0155ba ide\u00e1lna aj do kyt\u00edc.\",\"breadcrumb\":{\"@id\":\"https:\\\/\\\/www.spokojnyzajac.sk\\\/index.php\\\/produkt\\\/vrba-mount-aso-red-cat-150-cm\\\/#breadcrumb\"},\"inLanguage\":\"sk-SK\",\"potentialAction\":[{\"@type\":\"ReadAction\",\"target\":[\"https:\\\/\\\/www.spokojnyzajac.sk\\\/index.php\\\/produkt\\\/vrba-mount-aso-red-cat-150-cm\\\/\"]}]},{\"@type\":\"ImageObject\",\"inLanguage\":\"sk-SK\",\"@id\":\"https:\\\/\\\/www.spokojnyzajac.sk\\\/index.php\\\/produkt\\\/vrba-mount-aso-red-cat-150-cm\\\/#primaryimage\",\"url\":\"https:\\\/\\\/i0.wp.com\\\/www.spokojnyzajac.sk\\\/wp-content\\\/uploads\\\/2024\\\/03\\\/mount_aso_salix.webp?fit=500%2C500&ssl=1\",\"contentUrl\":\"https:\\\/\\\/i0.wp.com\\\/www.spokojnyzajac.sk\\\/wp-content\\\/uploads\\\/2024\\\/03\\\/mount_aso_salix.webp?fit=500%2C500&ssl=1\",\"width\":500,\"height\":500},{\"@type\":\"BreadcrumbList\",\"@id\":\"https:\\\/\\\/www.spokojnyzajac.sk\\\/index.php\\\/produkt\\\/vrba-mount-aso-red-cat-150-cm\\\/#breadcrumb\",\"itemListElement\":[{\"@type\":\"ListItem\",\"position\":1,\"name\":\"Domovsk\u00e1 str\u00e1nka\",\"item\":\"https:\\\/\\\/www.spokojnyzajac.sk\\\/\"},{\"@type\":\"ListItem\",\"position\":2,\"name\":\"Produkty\",\"item\":\"https:\\\/\\\/www.spokojnyzajac.sk\\\/index.php\\\/obchod\\\/\"},{\"@type\":\"ListItem\",\"position\":3,\"name\":\"V\u0155ba japonsk\u00e1 &#8218;Mount Aso&#8216; (Salix gracilistyla)\"}]},{\"@type\":\"WebSite\",\"@id\":\"https:\\\/\\\/www.spokojnyzajac.sk\\\/#website\",\"url\":\"https:\\\/\\\/www.spokojnyzajac.sk\\\/\",\"name\":\"Z\u00e1hradn\u00edctvo\",\"description\":\"Spokojn\u00fd zajac\",\"potentialAction\":[{\"@type\":\"SearchAction\",\"target\":{\"@type\":\"EntryPoint\",\"urlTemplate\":\"https:\\\/\\\/www.spokojnyzajac.sk\\\/?s={search_term_string}\"},\"query-input\":{\"@type\":\"PropertyValueSpecification\",\"valueRequired\":true,\"valueName\":\"search_term_string\"}}],\"inLanguage\":\"sk-SK\"}]}<\/script>\n<!-- \/ Yoast SEO plugin. -->","yoast_head_json":{"title":"V\u0155ba japonsk\u00e1 'Mount Aso' (Salix gracilistyla) - Z\u00c1HRADN\u00cdCTVO","description":"O\u017eivte svoju jarn\u00fa z\u00e1hradu! V\u0155ba Mount Aso v\u00e1s o\u010dar\u00ed unik\u00e1tnymi ru\u017eov\u00fdmi ma\u010di\u010dkami u\u017e vo febru\u00e1ri. Mrazuvzdorn\u00e1 a nen\u00e1ro\u010dn\u00e1 v\u0155ba ide\u00e1lna aj do kyt\u00edc.","robots":{"index":"index","follow":"follow","max-snippet":"max-snippet:-1","max-image-preview":"max-image-preview:large","max-video-preview":"max-video-preview:-1"},"canonical":"https:\/\/www.spokojnyzajac.sk\/index.php\/produkt\/vrba-mount-aso-red-cat-150-cm\/","og_locale":"sk_SK","og_type":"article","og_title":"V\u0155ba japonsk\u00e1 'Mount Aso' (Salix gracilistyla) - Z\u00c1HRADN\u00cdCTVO","og_description":"O\u017eivte svoju jarn\u00fa z\u00e1hradu! V\u0155ba Mount Aso v\u00e1s o\u010dar\u00ed unik\u00e1tnymi ru\u017eov\u00fdmi ma\u010di\u010dkami u\u017e vo febru\u00e1ri. Mrazuvzdorn\u00e1 a nen\u00e1ro\u010dn\u00e1 v\u0155ba ide\u00e1lna aj do kyt\u00edc.","og_url":"https:\/\/www.spokojnyzajac.sk\/index.php\/produkt\/vrba-mount-aso-red-cat-150-cm\/","og_site_name":"Z\u00c1HRADN\u00cdCTVO","article_publisher":"https:\/\/www.facebook.com\/spokojnyzajac\/","article_modified_time":"2026-01-21T10:07:31+00:00","og_image":[{"width":500,"height":500,"url":"https:\/\/www.spokojnyzajac.sk\/wp-content\/uploads\/2024\/03\/mount_aso_salix.webp","type":"image\/webp"}],"twitter_card":"summary_large_image","twitter_misc":{"Predpokladan\u00fd \u010das \u010d\u00edtania":"2 min\u00faty"},"schema":{"@context":"https:\/\/schema.org","@graph":[{"@type":"WebPage","@id":"https:\/\/www.spokojnyzajac.sk\/index.php\/produkt\/vrba-mount-aso-red-cat-150-cm\/","url":"https:\/\/www.spokojnyzajac.sk\/index.php\/produkt\/vrba-mount-aso-red-cat-150-cm\/","name":"V\u0155ba japonsk\u00e1 'Mount Aso' (Salix gracilistyla) - Z\u00c1HRADN\u00cdCTVO","isPartOf":{"@id":"https:\/\/www.spokojnyzajac.sk\/#website"},"primaryImageOfPage":{"@id":"https:\/\/www.spokojnyzajac.sk\/index.php\/produkt\/vrba-mount-aso-red-cat-150-cm\/#primaryimage"},"image":{"@id":"https:\/\/www.spokojnyzajac.sk\/index.php\/produkt\/vrba-mount-aso-red-cat-150-cm\/#primaryimage"},"thumbnailUrl":"https:\/\/i0.wp.com\/www.spokojnyzajac.sk\/wp-content\/uploads\/2024\/03\/mount_aso_salix.webp?fit=500%2C500&ssl=1","datePublished":"2024-03-07T12:19:21+00:00","dateModified":"2026-01-21T10:07:31+00:00","description":"O\u017eivte svoju jarn\u00fa z\u00e1hradu! V\u0155ba Mount Aso v\u00e1s o\u010dar\u00ed unik\u00e1tnymi ru\u017eov\u00fdmi ma\u010di\u010dkami u\u017e vo febru\u00e1ri. Mrazuvzdorn\u00e1 a nen\u00e1ro\u010dn\u00e1 v\u0155ba ide\u00e1lna aj do kyt\u00edc.","breadcrumb":{"@id":"https:\/\/www.spokojnyzajac.sk\/index.php\/produkt\/vrba-mount-aso-red-cat-150-cm\/#breadcrumb"},"inLanguage":"sk-SK","potentialAction":[{"@type":"ReadAction","target":["https:\/\/www.spokojnyzajac.sk\/index.php\/produkt\/vrba-mount-aso-red-cat-150-cm\/"]}]},{"@type":"ImageObject","inLanguage":"sk-SK","@id":"https:\/\/www.spokojnyzajac.sk\/index.php\/produkt\/vrba-mount-aso-red-cat-150-cm\/#primaryimage","url":"https:\/\/i0.wp.com\/www.spokojnyzajac.sk\/wp-content\/uploads\/2024\/03\/mount_aso_salix.webp?fit=500%2C500&ssl=1","contentUrl":"https:\/\/i0.wp.com\/www.spokojnyzajac.sk\/wp-content\/uploads\/2024\/03\/mount_aso_salix.webp?fit=500%2C500&ssl=1","width":500,"height":500},{"@type":"BreadcrumbList","@id":"https:\/\/www.spokojnyzajac.sk\/index.php\/produkt\/vrba-mount-aso-red-cat-150-cm\/#breadcrumb","itemListElement":[{"@type":"ListItem","position":1,"name":"Domovsk\u00e1 str\u00e1nka","item":"https:\/\/www.spokojnyzajac.sk\/"},{"@type":"ListItem","position":2,"name":"Produkty","item":"https:\/\/www.spokojnyzajac.sk\/index.php\/obchod\/"},{"@type":"ListItem","position":3,"name":"V\u0155ba japonsk\u00e1 &#8218;Mount Aso&#8216; (Salix gracilistyla)"}]},{"@type":"WebSite","@id":"https:\/\/www.spokojnyzajac.sk\/#website","url":"https:\/\/www.spokojnyzajac.sk\/","name":"Z\u00e1hradn\u00edctvo","description":"Spokojn\u00fd zajac","potentialAction":[{"@type":"SearchAction","target":{"@type":"EntryPoint","urlTemplate":"https:\/\/www.spokojnyzajac.sk\/?s={search_term_string}"},"query-input":{"@type":"PropertyValueSpecification","valueRequired":true,"valueName":"search_term_string"}}],"inLanguage":"sk-SK"}]}},"jetpack_sharing_enabled":true,"_links":{"self":[{"href":"https:\/\/www.spokojnyzajac.sk\/index.php\/wp-json\/wp\/v2\/product\/1387","targetHints":{"allow":["GET"]}}],"collection":[{"href":"https:\/\/www.spokojnyzajac.sk\/index.php\/wp-json\/wp\/v2\/product"}],"about":[{"href":"https:\/\/www.spokojnyzajac.sk\/index.php\/wp-json\/wp\/v2\/types\/product"}],"replies":[{"embeddable":true,"href":"https:\/\/www.spokojnyzajac.sk\/index.php\/wp-json\/wp\/v2\/comments?post=1387"}],"wp:featuredmedia":[{"embeddable":true,"href":"https:\/\/www.spokojnyzajac.sk\/index.php\/wp-json\/wp\/v2\/media\/1388"}],"wp:attachment":[{"href":"https:\/\/www.spokojnyzajac.sk\/index.php\/wp-json\/wp\/v2\/media?parent=1387"}],"wp:term":[{"taxonomy":"product_brand","embeddable":true,"href":"https:\/\/www.spokojnyzajac.sk\/index.php\/wp-json\/wp\/v2\/product_brand?post=1387"},{"taxonomy":"product_cat","embeddable":true,"href":"https:\/\/www.spokojnyzajac.sk\/index.php\/wp-json\/wp\/v2\/product_cat?post=1387"},{"taxonomy":"product_tag","embeddable":true,"href":"https:\/\/www.spokojnyzajac.sk\/index.php\/wp-json\/wp\/v2\/product_tag?post=1387"}],"curies":[{"name":"wp","href":"https:\/\/api.w.org\/{rel}","templated":true}]}}