{"id":1316,"date":"2024-02-14T12:48:57","date_gmt":"2024-02-14T12:48:57","guid":{"rendered":"https:\/\/www.spokojnyzajac.sk\/?post_type=product&#038;p=1316"},"modified":"2025-08-01T10:16:47","modified_gmt":"2025-08-01T10:16:47","slug":"vrba-japonska-na-kmienku-hakuro-nishiki","status":"publish","type":"product","link":"https:\/\/www.spokojnyzajac.sk\/index.php\/produkt\/vrba-japonska-na-kmienku-hakuro-nishiki\/","title":{"rendered":"V\u0155ba japonsk\u00e1 na kmienku Hakuro Nishiki 120 cm"},"content":{"rendered":"<p>Mimoriadne atrakt\u00edvne s\u00fa listy tejto v\u0155by S\u00fa s\u00fdto zelen\u00e9, na vrchole jemno a\u017e s\u00fdto ru\u017eov\u00e9, s bielim pana\u0161ovan\u00edm. S\u00fa opadav\u00e9.<\/p>\n<p><strong>Farba kvetu\u00a0<\/strong>\u017elt\u00e1 (jah\u0148ady)<br \/>\n<strong>Doba kvetu\u00a0<\/strong>III-IV<br \/>\n<strong>V\u00fd\u0161ka rastliny\u00a0<\/strong>130-160 cm<br \/>\n<strong>N\u00e1roky na slnko\u00a0<\/strong>S, P<br \/>\n<strong>N\u00e1roky na vodu\u00a0<\/strong>stredn\u00e9<br \/>\n<strong>Hustota v\u00fdsadby\u00a0<\/strong>1 ks<br \/>\n<strong>Mrazuvzdornos\u0165\u00a0<\/strong>\u00e1no<br \/>\n<strong>Habitus rastliny\u00a0<\/strong>gu\u013eovit\u00fd<\/p>\n<p><span class=\"jCAhz ChMk0b\"><span class=\"ryNqvb\">V\u0155ba zn\u00e1\u0161a ak\u00e9ko\u013evek p\u00f4dne podmienky okrem \u010disto pieso\u010dnatej p\u00f4dy. <\/span><\/span><span class=\"jCAhz ChMk0b\"><span class=\"ryNqvb\">Na plnom slnku, kde bude potrebova\u0165 ob\u010dasn\u00fa z\u00e1lievku v hor\u00facich letn\u00fdch d\u0148och, aby jej nezasychali listy, pre ktor\u00e9 je tento kultivar popul\u00e1rny.<\/span><\/span><\/p>\n","protected":false},"excerpt":{"rendered":"<p>Rastlina v kvetin\u00e1\u010di: 130-160 cm<br \/>\nTax\u00f3n: Salix Integra Hakuro Nishiki<br \/>\nSlovensk\u00fd n\u00e1zov: v\u0155ba japonsk\u00e1<\/p>\n","protected":false},"featured_media":1318,"comment_status":"open","ping_status":"closed","template":"","meta":{"_monsterinsights_skip_tracking":false,"_monsterinsights_sitenote_active":false,"_monsterinsights_sitenote_note":"","_monsterinsights_sitenote_category":0},"product_brand":[],"product_cat":[130,40,16],"product_tag":[],"class_list":{"0":"post-1316","1":"product","2":"type-product","3":"status-publish","4":"has-post-thumbnail","6":"product_cat-listnate","7":"product_cat-okrasne-dreviny","8":"product_cat-zive-rastliny","9":"pa_stanoviste-polotien","10":"pa_stanoviste-priame-slnko","11":"pa_vzhlad-na-kmienku","13":"first","14":"outofstock","15":"taxable","16":"shipping-taxable","17":"purchasable","18":"product-type-simple"},"yoast_head":"<!-- This site is optimized with the Yoast SEO plugin v27.5 - https:\/\/yoast.com\/product\/yoast-seo-wordpress\/ -->\n<title>V\u0155ba japonsk\u00e1 na kmienku Hakuro Nishiki 120 cm - Z\u00c1HRADN\u00cdCTVO<\/title>\n<meta name=\"description\" content=\"V\u0155ba japonsk\u00e1 na kmienku\" \/>\n<meta name=\"robots\" content=\"index, follow, max-snippet:-1, max-image-preview:large, max-video-preview:-1\" \/>\n<link rel=\"canonical\" href=\"https:\/\/www.spokojnyzajac.sk\/index.php\/produkt\/vrba-japonska-na-kmienku-hakuro-nishiki\/\" \/>\n<meta property=\"og:locale\" content=\"sk_SK\" \/>\n<meta property=\"og:type\" content=\"article\" \/>\n<meta property=\"og:title\" content=\"V\u0155ba japonsk\u00e1 na kmienku Hakuro Nishiki 120 cm - Z\u00c1HRADN\u00cdCTVO\" \/>\n<meta property=\"og:description\" content=\"V\u0155ba japonsk\u00e1 na kmienku\" \/>\n<meta property=\"og:url\" content=\"https:\/\/www.spokojnyzajac.sk\/index.php\/produkt\/vrba-japonska-na-kmienku-hakuro-nishiki\/\" \/>\n<meta property=\"og:site_name\" content=\"Z\u00c1HRADN\u00cdCTVO\" \/>\n<meta property=\"article:publisher\" content=\"https:\/\/www.facebook.com\/spokojnyzajac\/\" \/>\n<meta property=\"article:modified_time\" content=\"2025-08-01T10:16:47+00:00\" \/>\n<meta property=\"og:image\" content=\"https:\/\/www.spokojnyzajac.sk\/wp-content\/uploads\/2024\/02\/salix-integra-hakuro-nishiki-03.webp\" \/>\n\t<meta property=\"og:image:width\" content=\"500\" \/>\n\t<meta property=\"og:image:height\" content=\"500\" \/>\n\t<meta property=\"og:image:type\" content=\"image\/webp\" \/>\n<meta name=\"twitter:card\" content=\"summary_large_image\" \/>\n<meta name=\"twitter:label1\" content=\"Predpokladan\u00fd \u010das \u010d\u00edtania\" \/>\n\t<meta name=\"twitter:data1\" content=\"1 min\u00fata\" \/>\n<script type=\"application\/ld+json\" class=\"yoast-schema-graph\">{\"@context\":\"https:\\\/\\\/schema.org\",\"@graph\":[{\"@type\":\"WebPage\",\"@id\":\"https:\\\/\\\/www.spokojnyzajac.sk\\\/index.php\\\/produkt\\\/vrba-japonska-na-kmienku-hakuro-nishiki\\\/\",\"url\":\"https:\\\/\\\/www.spokojnyzajac.sk\\\/index.php\\\/produkt\\\/vrba-japonska-na-kmienku-hakuro-nishiki\\\/\",\"name\":\"V\u0155ba japonsk\u00e1 na kmienku Hakuro Nishiki 120 cm - Z\u00c1HRADN\u00cdCTVO\",\"isPartOf\":{\"@id\":\"https:\\\/\\\/www.spokojnyzajac.sk\\\/#website\"},\"primaryImageOfPage\":{\"@id\":\"https:\\\/\\\/www.spokojnyzajac.sk\\\/index.php\\\/produkt\\\/vrba-japonska-na-kmienku-hakuro-nishiki\\\/#primaryimage\"},\"image\":{\"@id\":\"https:\\\/\\\/www.spokojnyzajac.sk\\\/index.php\\\/produkt\\\/vrba-japonska-na-kmienku-hakuro-nishiki\\\/#primaryimage\"},\"thumbnailUrl\":\"https:\\\/\\\/i0.wp.com\\\/www.spokojnyzajac.sk\\\/wp-content\\\/uploads\\\/2024\\\/02\\\/salix-integra-hakuro-nishiki-03.webp?fit=500%2C500&ssl=1\",\"datePublished\":\"2024-02-14T12:48:57+00:00\",\"dateModified\":\"2025-08-01T10:16:47+00:00\",\"description\":\"V\u0155ba japonsk\u00e1 na kmienku\",\"breadcrumb\":{\"@id\":\"https:\\\/\\\/www.spokojnyzajac.sk\\\/index.php\\\/produkt\\\/vrba-japonska-na-kmienku-hakuro-nishiki\\\/#breadcrumb\"},\"inLanguage\":\"sk-SK\",\"potentialAction\":[{\"@type\":\"ReadAction\",\"target\":[\"https:\\\/\\\/www.spokojnyzajac.sk\\\/index.php\\\/produkt\\\/vrba-japonska-na-kmienku-hakuro-nishiki\\\/\"]}]},{\"@type\":\"ImageObject\",\"inLanguage\":\"sk-SK\",\"@id\":\"https:\\\/\\\/www.spokojnyzajac.sk\\\/index.php\\\/produkt\\\/vrba-japonska-na-kmienku-hakuro-nishiki\\\/#primaryimage\",\"url\":\"https:\\\/\\\/i0.wp.com\\\/www.spokojnyzajac.sk\\\/wp-content\\\/uploads\\\/2024\\\/02\\\/salix-integra-hakuro-nishiki-03.webp?fit=500%2C500&ssl=1\",\"contentUrl\":\"https:\\\/\\\/i0.wp.com\\\/www.spokojnyzajac.sk\\\/wp-content\\\/uploads\\\/2024\\\/02\\\/salix-integra-hakuro-nishiki-03.webp?fit=500%2C500&ssl=1\",\"width\":500,\"height\":500},{\"@type\":\"BreadcrumbList\",\"@id\":\"https:\\\/\\\/www.spokojnyzajac.sk\\\/index.php\\\/produkt\\\/vrba-japonska-na-kmienku-hakuro-nishiki\\\/#breadcrumb\",\"itemListElement\":[{\"@type\":\"ListItem\",\"position\":1,\"name\":\"Domovsk\u00e1 str\u00e1nka\",\"item\":\"https:\\\/\\\/www.spokojnyzajac.sk\\\/\"},{\"@type\":\"ListItem\",\"position\":2,\"name\":\"Produkty\",\"item\":\"https:\\\/\\\/www.spokojnyzajac.sk\\\/index.php\\\/obchod\\\/\"},{\"@type\":\"ListItem\",\"position\":3,\"name\":\"V\u0155ba japonsk\u00e1 na kmienku Hakuro Nishiki 120 cm\"}]},{\"@type\":\"WebSite\",\"@id\":\"https:\\\/\\\/www.spokojnyzajac.sk\\\/#website\",\"url\":\"https:\\\/\\\/www.spokojnyzajac.sk\\\/\",\"name\":\"Z\u00e1hradn\u00edctvo\",\"description\":\"Spokojn\u00fd zajac\",\"potentialAction\":[{\"@type\":\"SearchAction\",\"target\":{\"@type\":\"EntryPoint\",\"urlTemplate\":\"https:\\\/\\\/www.spokojnyzajac.sk\\\/?s={search_term_string}\"},\"query-input\":{\"@type\":\"PropertyValueSpecification\",\"valueRequired\":true,\"valueName\":\"search_term_string\"}}],\"inLanguage\":\"sk-SK\"}]}<\/script>\n<!-- \/ Yoast SEO plugin. -->","yoast_head_json":{"title":"V\u0155ba japonsk\u00e1 na kmienku Hakuro Nishiki 120 cm - Z\u00c1HRADN\u00cdCTVO","description":"V\u0155ba japonsk\u00e1 na kmienku","robots":{"index":"index","follow":"follow","max-snippet":"max-snippet:-1","max-image-preview":"max-image-preview:large","max-video-preview":"max-video-preview:-1"},"canonical":"https:\/\/www.spokojnyzajac.sk\/index.php\/produkt\/vrba-japonska-na-kmienku-hakuro-nishiki\/","og_locale":"sk_SK","og_type":"article","og_title":"V\u0155ba japonsk\u00e1 na kmienku Hakuro Nishiki 120 cm - Z\u00c1HRADN\u00cdCTVO","og_description":"V\u0155ba japonsk\u00e1 na kmienku","og_url":"https:\/\/www.spokojnyzajac.sk\/index.php\/produkt\/vrba-japonska-na-kmienku-hakuro-nishiki\/","og_site_name":"Z\u00c1HRADN\u00cdCTVO","article_publisher":"https:\/\/www.facebook.com\/spokojnyzajac\/","article_modified_time":"2025-08-01T10:16:47+00:00","og_image":[{"width":500,"height":500,"url":"https:\/\/www.spokojnyzajac.sk\/wp-content\/uploads\/2024\/02\/salix-integra-hakuro-nishiki-03.webp","type":"image\/webp"}],"twitter_card":"summary_large_image","twitter_misc":{"Predpokladan\u00fd \u010das \u010d\u00edtania":"1 min\u00fata"},"schema":{"@context":"https:\/\/schema.org","@graph":[{"@type":"WebPage","@id":"https:\/\/www.spokojnyzajac.sk\/index.php\/produkt\/vrba-japonska-na-kmienku-hakuro-nishiki\/","url":"https:\/\/www.spokojnyzajac.sk\/index.php\/produkt\/vrba-japonska-na-kmienku-hakuro-nishiki\/","name":"V\u0155ba japonsk\u00e1 na kmienku Hakuro Nishiki 120 cm - Z\u00c1HRADN\u00cdCTVO","isPartOf":{"@id":"https:\/\/www.spokojnyzajac.sk\/#website"},"primaryImageOfPage":{"@id":"https:\/\/www.spokojnyzajac.sk\/index.php\/produkt\/vrba-japonska-na-kmienku-hakuro-nishiki\/#primaryimage"},"image":{"@id":"https:\/\/www.spokojnyzajac.sk\/index.php\/produkt\/vrba-japonska-na-kmienku-hakuro-nishiki\/#primaryimage"},"thumbnailUrl":"https:\/\/i0.wp.com\/www.spokojnyzajac.sk\/wp-content\/uploads\/2024\/02\/salix-integra-hakuro-nishiki-03.webp?fit=500%2C500&ssl=1","datePublished":"2024-02-14T12:48:57+00:00","dateModified":"2025-08-01T10:16:47+00:00","description":"V\u0155ba japonsk\u00e1 na kmienku","breadcrumb":{"@id":"https:\/\/www.spokojnyzajac.sk\/index.php\/produkt\/vrba-japonska-na-kmienku-hakuro-nishiki\/#breadcrumb"},"inLanguage":"sk-SK","potentialAction":[{"@type":"ReadAction","target":["https:\/\/www.spokojnyzajac.sk\/index.php\/produkt\/vrba-japonska-na-kmienku-hakuro-nishiki\/"]}]},{"@type":"ImageObject","inLanguage":"sk-SK","@id":"https:\/\/www.spokojnyzajac.sk\/index.php\/produkt\/vrba-japonska-na-kmienku-hakuro-nishiki\/#primaryimage","url":"https:\/\/i0.wp.com\/www.spokojnyzajac.sk\/wp-content\/uploads\/2024\/02\/salix-integra-hakuro-nishiki-03.webp?fit=500%2C500&ssl=1","contentUrl":"https:\/\/i0.wp.com\/www.spokojnyzajac.sk\/wp-content\/uploads\/2024\/02\/salix-integra-hakuro-nishiki-03.webp?fit=500%2C500&ssl=1","width":500,"height":500},{"@type":"BreadcrumbList","@id":"https:\/\/www.spokojnyzajac.sk\/index.php\/produkt\/vrba-japonska-na-kmienku-hakuro-nishiki\/#breadcrumb","itemListElement":[{"@type":"ListItem","position":1,"name":"Domovsk\u00e1 str\u00e1nka","item":"https:\/\/www.spokojnyzajac.sk\/"},{"@type":"ListItem","position":2,"name":"Produkty","item":"https:\/\/www.spokojnyzajac.sk\/index.php\/obchod\/"},{"@type":"ListItem","position":3,"name":"V\u0155ba japonsk\u00e1 na kmienku Hakuro Nishiki 120 cm"}]},{"@type":"WebSite","@id":"https:\/\/www.spokojnyzajac.sk\/#website","url":"https:\/\/www.spokojnyzajac.sk\/","name":"Z\u00e1hradn\u00edctvo","description":"Spokojn\u00fd zajac","potentialAction":[{"@type":"SearchAction","target":{"@type":"EntryPoint","urlTemplate":"https:\/\/www.spokojnyzajac.sk\/?s={search_term_string}"},"query-input":{"@type":"PropertyValueSpecification","valueRequired":true,"valueName":"search_term_string"}}],"inLanguage":"sk-SK"}]}},"jetpack_sharing_enabled":true,"_links":{"self":[{"href":"https:\/\/www.spokojnyzajac.sk\/index.php\/wp-json\/wp\/v2\/product\/1316","targetHints":{"allow":["GET"]}}],"collection":[{"href":"https:\/\/www.spokojnyzajac.sk\/index.php\/wp-json\/wp\/v2\/product"}],"about":[{"href":"https:\/\/www.spokojnyzajac.sk\/index.php\/wp-json\/wp\/v2\/types\/product"}],"replies":[{"embeddable":true,"href":"https:\/\/www.spokojnyzajac.sk\/index.php\/wp-json\/wp\/v2\/comments?post=1316"}],"wp:featuredmedia":[{"embeddable":true,"href":"https:\/\/www.spokojnyzajac.sk\/index.php\/wp-json\/wp\/v2\/media\/1318"}],"wp:attachment":[{"href":"https:\/\/www.spokojnyzajac.sk\/index.php\/wp-json\/wp\/v2\/media?parent=1316"}],"wp:term":[{"taxonomy":"product_brand","embeddable":true,"href":"https:\/\/www.spokojnyzajac.sk\/index.php\/wp-json\/wp\/v2\/product_brand?post=1316"},{"taxonomy":"product_cat","embeddable":true,"href":"https:\/\/www.spokojnyzajac.sk\/index.php\/wp-json\/wp\/v2\/product_cat?post=1316"},{"taxonomy":"product_tag","embeddable":true,"href":"https:\/\/www.spokojnyzajac.sk\/index.php\/wp-json\/wp\/v2\/product_tag?post=1316"}],"curies":[{"name":"wp","href":"https:\/\/api.w.org\/{rel}","templated":true}]}}