{"id":2179,"date":"2025-01-14T08:41:05","date_gmt":"2025-01-14T08:41:05","guid":{"rendered":"https:\/\/www.spokojnyzajac.sk\/?page_id=2179"},"modified":"2025-01-14T08:41:09","modified_gmt":"2025-01-14T08:41:09","slug":"teraz-ste-odhlaseni-z-odberu","status":"publish","type":"page","link":"https:\/\/www.spokojnyzajac.sk\/index.php\/teraz-ste-odhlaseni-z-odberu\/","title":{"rendered":"Teraz ste odhl\u00e1sen\u00ed z odberu."},"content":{"rendered":"\n<p>Odhl\u00e1sili ste sa z odberu n\u00e1hodou?<br>Prihl\u00e1ste sa znova vo svojich nastaveniach.<\/p>\n\n\n\n<p><a href=\"https:\/\/www.spokojnyzajac.sk\/?mailpoet_page=subscriptions&amp;mailpoet_router&amp;endpoint=subscription&amp;action=manage&amp;data=eyJwcmV2aWV3IjoxfQ\">Spravujte nastavenia<\/a><\/p>\n","protected":false},"excerpt":{"rendered":"<p>Odhl\u00e1sili ste sa z odberu n\u00e1hodou?Prihl\u00e1ste sa znova vo svojich nastaveniach. Spravujte nastavenia<\/p>\n","protected":false},"author":1,"featured_media":0,"parent":0,"menu_order":0,"comment_status":"closed","ping_status":"closed","template":"","meta":{"_monsterinsights_skip_tracking":false,"_monsterinsights_sitenote_active":false,"_monsterinsights_sitenote_note":"","_monsterinsights_sitenote_category":0,"footnotes":""},"class_list":["post-2179","page","type-page","status-publish","hentry"],"yoast_head":"<!-- This site is optimized with the Yoast SEO plugin v27.5 - https:\/\/yoast.com\/product\/yoast-seo-wordpress\/ -->\n<title>Teraz ste odhl\u00e1sen\u00ed z odberu. - Z\u00c1HRADN\u00cdCTVO<\/title>\n<meta name=\"robots\" content=\"index, follow, max-snippet:-1, max-image-preview:large, max-video-preview:-1\" \/>\n<link rel=\"canonical\" href=\"https:\/\/www.spokojnyzajac.sk\/index.php\/teraz-ste-odhlaseni-z-odberu\/\" \/>\n<meta property=\"og:locale\" content=\"sk_SK\" \/>\n<meta property=\"og:type\" content=\"article\" \/>\n<meta property=\"og:title\" content=\"Teraz ste odhl\u00e1sen\u00ed z odberu. - Z\u00c1HRADN\u00cdCTVO\" \/>\n<meta property=\"og:description\" content=\"Odhl\u00e1sili ste sa z odberu n\u00e1hodou?Prihl\u00e1ste sa znova vo svojich nastaveniach. Spravujte nastavenia\" \/>\n<meta property=\"og:url\" content=\"https:\/\/www.spokojnyzajac.sk\/index.php\/teraz-ste-odhlaseni-z-odberu\/\" \/>\n<meta property=\"og:site_name\" content=\"Z\u00c1HRADN\u00cdCTVO\" \/>\n<meta property=\"article:publisher\" content=\"https:\/\/www.facebook.com\/spokojnyzajac\/\" \/>\n<meta property=\"article:modified_time\" content=\"2025-01-14T08:41:09+00:00\" \/>\n<meta name=\"twitter:card\" content=\"summary_large_image\" \/>\n<meta name=\"twitter:label1\" content=\"Predpokladan\u00fd \u010das \u010d\u00edtania\" \/>\n\t<meta name=\"twitter:data1\" content=\"1 min\u00fata\" \/>\n<script type=\"application\/ld+json\" class=\"yoast-schema-graph\">{\"@context\":\"https:\\\/\\\/schema.org\",\"@graph\":[{\"@type\":\"WebPage\",\"@id\":\"https:\\\/\\\/www.spokojnyzajac.sk\\\/index.php\\\/teraz-ste-odhlaseni-z-odberu\\\/\",\"url\":\"https:\\\/\\\/www.spokojnyzajac.sk\\\/index.php\\\/teraz-ste-odhlaseni-z-odberu\\\/\",\"name\":\"Teraz ste odhl\u00e1sen\u00ed z odberu. - Z\u00c1HRADN\u00cdCTVO\",\"isPartOf\":{\"@id\":\"https:\\\/\\\/www.spokojnyzajac.sk\\\/#website\"},\"datePublished\":\"2025-01-14T08:41:05+00:00\",\"dateModified\":\"2025-01-14T08:41:09+00:00\",\"breadcrumb\":{\"@id\":\"https:\\\/\\\/www.spokojnyzajac.sk\\\/index.php\\\/teraz-ste-odhlaseni-z-odberu\\\/#breadcrumb\"},\"inLanguage\":\"sk-SK\",\"potentialAction\":[{\"@type\":\"ReadAction\",\"target\":[\"https:\\\/\\\/www.spokojnyzajac.sk\\\/index.php\\\/teraz-ste-odhlaseni-z-odberu\\\/\"]}]},{\"@type\":\"BreadcrumbList\",\"@id\":\"https:\\\/\\\/www.spokojnyzajac.sk\\\/index.php\\\/teraz-ste-odhlaseni-z-odberu\\\/#breadcrumb\",\"itemListElement\":[{\"@type\":\"ListItem\",\"position\":1,\"name\":\"Domovsk\u00e1 str\u00e1nka\",\"item\":\"https:\\\/\\\/www.spokojnyzajac.sk\\\/\"},{\"@type\":\"ListItem\",\"position\":2,\"name\":\"Teraz ste odhl\u00e1sen\u00ed z odberu.\"}]},{\"@type\":\"WebSite\",\"@id\":\"https:\\\/\\\/www.spokojnyzajac.sk\\\/#website\",\"url\":\"https:\\\/\\\/www.spokojnyzajac.sk\\\/\",\"name\":\"Z\u00e1hradn\u00edctvo\",\"description\":\"Spokojn\u00fd zajac\",\"potentialAction\":[{\"@type\":\"SearchAction\",\"target\":{\"@type\":\"EntryPoint\",\"urlTemplate\":\"https:\\\/\\\/www.spokojnyzajac.sk\\\/?s={search_term_string}\"},\"query-input\":{\"@type\":\"PropertyValueSpecification\",\"valueRequired\":true,\"valueName\":\"search_term_string\"}}],\"inLanguage\":\"sk-SK\"}]}<\/script>\n<!-- \/ Yoast SEO plugin. -->","yoast_head_json":{"title":"Teraz ste odhl\u00e1sen\u00ed z odberu. - Z\u00c1HRADN\u00cdCTVO","robots":{"index":"index","follow":"follow","max-snippet":"max-snippet:-1","max-image-preview":"max-image-preview:large","max-video-preview":"max-video-preview:-1"},"canonical":"https:\/\/www.spokojnyzajac.sk\/index.php\/teraz-ste-odhlaseni-z-odberu\/","og_locale":"sk_SK","og_type":"article","og_title":"Teraz ste odhl\u00e1sen\u00ed z odberu. - Z\u00c1HRADN\u00cdCTVO","og_description":"Odhl\u00e1sili ste sa z odberu n\u00e1hodou?Prihl\u00e1ste sa znova vo svojich nastaveniach. Spravujte nastavenia","og_url":"https:\/\/www.spokojnyzajac.sk\/index.php\/teraz-ste-odhlaseni-z-odberu\/","og_site_name":"Z\u00c1HRADN\u00cdCTVO","article_publisher":"https:\/\/www.facebook.com\/spokojnyzajac\/","article_modified_time":"2025-01-14T08:41:09+00:00","twitter_card":"summary_large_image","twitter_misc":{"Predpokladan\u00fd \u010das \u010d\u00edtania":"1 min\u00fata"},"schema":{"@context":"https:\/\/schema.org","@graph":[{"@type":"WebPage","@id":"https:\/\/www.spokojnyzajac.sk\/index.php\/teraz-ste-odhlaseni-z-odberu\/","url":"https:\/\/www.spokojnyzajac.sk\/index.php\/teraz-ste-odhlaseni-z-odberu\/","name":"Teraz ste odhl\u00e1sen\u00ed z odberu. - Z\u00c1HRADN\u00cdCTVO","isPartOf":{"@id":"https:\/\/www.spokojnyzajac.sk\/#website"},"datePublished":"2025-01-14T08:41:05+00:00","dateModified":"2025-01-14T08:41:09+00:00","breadcrumb":{"@id":"https:\/\/www.spokojnyzajac.sk\/index.php\/teraz-ste-odhlaseni-z-odberu\/#breadcrumb"},"inLanguage":"sk-SK","potentialAction":[{"@type":"ReadAction","target":["https:\/\/www.spokojnyzajac.sk\/index.php\/teraz-ste-odhlaseni-z-odberu\/"]}]},{"@type":"BreadcrumbList","@id":"https:\/\/www.spokojnyzajac.sk\/index.php\/teraz-ste-odhlaseni-z-odberu\/#breadcrumb","itemListElement":[{"@type":"ListItem","position":1,"name":"Domovsk\u00e1 str\u00e1nka","item":"https:\/\/www.spokojnyzajac.sk\/"},{"@type":"ListItem","position":2,"name":"Teraz ste odhl\u00e1sen\u00ed z odberu."}]},{"@type":"WebSite","@id":"https:\/\/www.spokojnyzajac.sk\/#website","url":"https:\/\/www.spokojnyzajac.sk\/","name":"Z\u00e1hradn\u00edctvo","description":"Spokojn\u00fd zajac","potentialAction":[{"@type":"SearchAction","target":{"@type":"EntryPoint","urlTemplate":"https:\/\/www.spokojnyzajac.sk\/?s={search_term_string}"},"query-input":{"@type":"PropertyValueSpecification","valueRequired":true,"valueName":"search_term_string"}}],"inLanguage":"sk-SK"}]}},"jetpack_sharing_enabled":true,"_links":{"self":[{"href":"https:\/\/www.spokojnyzajac.sk\/index.php\/wp-json\/wp\/v2\/pages\/2179","targetHints":{"allow":["GET"]}}],"collection":[{"href":"https:\/\/www.spokojnyzajac.sk\/index.php\/wp-json\/wp\/v2\/pages"}],"about":[{"href":"https:\/\/www.spokojnyzajac.sk\/index.php\/wp-json\/wp\/v2\/types\/page"}],"author":[{"embeddable":true,"href":"https:\/\/www.spokojnyzajac.sk\/index.php\/wp-json\/wp\/v2\/users\/1"}],"replies":[{"embeddable":true,"href":"https:\/\/www.spokojnyzajac.sk\/index.php\/wp-json\/wp\/v2\/comments?post=2179"}],"version-history":[{"count":1,"href":"https:\/\/www.spokojnyzajac.sk\/index.php\/wp-json\/wp\/v2\/pages\/2179\/revisions"}],"predecessor-version":[{"id":2180,"href":"https:\/\/www.spokojnyzajac.sk\/index.php\/wp-json\/wp\/v2\/pages\/2179\/revisions\/2180"}],"wp:attachment":[{"href":"https:\/\/www.spokojnyzajac.sk\/index.php\/wp-json\/wp\/v2\/media?parent=2179"}],"curies":[{"name":"wp","href":"https:\/\/api.w.org\/{rel}","templated":true}]}}